{"id":22689,"date":"2025-10-24T14:26:22","date_gmt":"2025-10-24T06:26:22","guid":{"rendered":"https:\/\/yebodaglass.com\/?post_type=product&#038;p=22689"},"modified":"2026-04-10T11:31:20","modified_gmt":"2026-04-10T03:31:20","slug":"wholesale-oval-hexagonal-honey-jam-jars-500ml-1000ml","status":"publish","type":"product","link":"https:\/\/yebodaglass.com\/es\/wholesale-oval-hexagonal-honey-jam-jars-500ml-1000ml\/","title":{"rendered":"Tarros de mermelada de miel hexagonales ovalados al por mayor de 500 ml y 1000 ml"},"content":{"rendered":"<p>Estos tarros hexagonales para mermelada de miel presentan un atractivo dise\u00f1o que consiste en una forma completamente redonda con seis bordes verticales separados. El recipiente de vidrio ultratransparente viene con una tapa de rosca met\u00e1lica dorada que crea un cierre herm\u00e9tico.<\/p>\n<h2>Caracter\u00edsticas del producto<\/h2>\n<ul>\n<li><strong>Forma hexagonal de la botella:<\/strong> El dise\u00f1o redondo en forma de tambor con facetas hexagonales no solo embellece la botella, sino que tambi\u00e9n refuerza su estructura.<\/li>\n<li><strong>Tap\u00f3n de rosca dorado:<\/strong> El tap\u00f3n de rosca de metal dorado proporciona un cierre herm\u00e9tico, conteniendo as\u00ed eficazmente la humedad y las fugas.<\/li>\n<li><strong>Dos tama\u00f1os disponibles:<\/strong> El producto viene en dos tama\u00f1os diferentes que pueden utilizarse para consumo dom\u00e9stico, fines comerciales y como material de envoltura de regalos.<\/li>\n<\/ul>\n<h2 style=\"text-align: left;\">Especificaciones clave<\/h2>\n<table class=\"aligncenter\" style=\"border-collapse: collapse; width: 328.52pt;\" border=\"0\" width=\"438\" cellspacing=\"0\" cellpadding=\"0\">\n<tbody>\n<tr style=\"height: 13.50pt;\">\n<td style=\"height: 13.50pt; width: 90.00pt;\" width=\"120\" height=\"18\">Caracter\u00edstica<\/td>\n<td style=\"width: 238.50pt;\" width=\"318\">Especificaci\u00f3n<\/td>\n<\/tr>\n<tr style=\"height: 13.50pt;\">\n<td style=\"height: 13.50pt;\" height=\"18\">Capacidad<\/td>\n<td>500 ml, 1000 ml<\/td>\n<\/tr>\n<tr style=\"height: 13.50pt;\">\n<td style=\"height: 13.50pt;\" height=\"18\">Forma<\/td>\n<td>Hexagonal<\/td>\n<\/tr>\n<tr style=\"height: 13.50pt;\">\n<td style=\"height: 13.50pt;\" height=\"18\">Dimensiones<\/td>\n<td>8,8\u00d712,5 cm, 10,6\u00d715,7 cm<\/td>\n<\/tr>\n<tr style=\"height: 13.50pt;\">\n<td style=\"height: 13.50pt;\" height=\"18\">Material<\/td>\n<td>Vidrio transparente, tapa de rosca PP dorada<\/td>\n<\/tr>\n<tr style=\"height: 13.50pt;\">\n<td style=\"height: 13.50pt;\" height=\"18\">Opciones de tapa<\/td>\n<td>Oro (colores personalizados disponibles)<\/td>\n<\/tr>\n<tr style=\"height: 13.50pt;\">\n<td style=\"height: 13.50pt;\" height=\"18\">Uso ideal<\/td>\n<td>Tarro de mermelada de miel hexagonal, tarros de miel<\/td>\n<\/tr>\n<\/tbody>\n<\/table>\n<h2>Historia de \u00e9xito<\/h2>\n<p>Uno de los fabricantes de miel de Manuka eligi\u00f3 nuestros tarros de mermelada hexagonales y los estamp\u00f3 con un dise\u00f1o de naturaleza maor\u00ed y tapas de oro rosa. Los resultados de este dise\u00f1o personalizado fueron impresionantes: el dise\u00f1o en relieve y la sensaci\u00f3n de alta calidad aumentaron el precio de su miel UMF 20+ en un 15 % y el envase distintivo tambi\u00e9n impuls\u00f3 sus ventas directas al consumidor en un 25 % en su propia p\u00e1gina web, ya que a los clientes les gust\u00f3 como regalo. Gracias a este \u00e9xito, solicitaron otros 400\u00a0000 tarros de miel el trimestre siguiente.<\/p>\n<h2>Recomendaciones para personalizar tarros de mermelada<\/h2>\n<ul>\n<li><strong>Color del vidrio:<\/strong> Aunque utilizamos principalmente vidrio transparente, tambi\u00e9n podemos ofrecer colores \u00e1mbar o verde para materiales sensibles a la luz.<\/li>\n<li><strong>Personalizaci\u00f3n de la tapa:<\/strong> Con tapas personalizadas que tienen revestimientos especialmente hechos para un sellado herm\u00e9tico, podemos garantizar el almacenamiento m\u00e1s fresco de su producto.<\/li>\n<li><strong>En relieve:<\/strong> Puede tener su logotipo o cualquier patr\u00f3n complejo grabado en relieve directamente sobre el vidrio para que pueda sentirse y crear una impresi\u00f3n lujosa y elegante.<\/li>\n<li><strong>Serigraf\u00eda:<\/strong> A un logotipo de marca de cer\u00e1mica permanente (de cualquier color) hecho de vidrio se le puede aplicar tinta directamente, lo que crea una botella brillante y duradera.<\/li>\n<\/ul>","protected":false},"excerpt":{"rendered":"<p>Elegantes tarros ovalados hexagonales para mermelada de miel con tapas doradas. Dise\u00f1o de vidrio transparente, ideal para envasar miel y mermelada. Disponibles para venta al por mayor y con etiquetado personalizado.<\/p>","protected":false},"featured_media":25722,"template":"","meta":[],"product_brand":[],"product_cat":[127,124,122],"product_tag":[],"class_list":{"0":"post-22689","1":"product","2":"type-product","3":"status-publish","4":"has-post-thumbnail","6":"product_cat-glass-honey-jars","7":"product_cat-custom-glass-jars","8":"product_cat-custom-glass-packaging","10":"first","11":"instock","12":"shipping-taxable","13":"product-type-simple"},"jetpack_sharing_enabled":true,"_links":{"self":[{"href":"https:\/\/yebodaglass.com\/es\/wp-json\/wp\/v2\/product\/22689","targetHints":{"allow":["GET"]}}],"collection":[{"href":"https:\/\/yebodaglass.com\/es\/wp-json\/wp\/v2\/product"}],"about":[{"href":"https:\/\/yebodaglass.com\/es\/wp-json\/wp\/v2\/types\/product"}],"version-history":[{"count":5,"href":"https:\/\/yebodaglass.com\/es\/wp-json\/wp\/v2\/product\/22689\/revisions"}],"predecessor-version":[{"id":25724,"href":"https:\/\/yebodaglass.com\/es\/wp-json\/wp\/v2\/product\/22689\/revisions\/25724"}],"wp:featuredmedia":[{"embeddable":true,"href":"https:\/\/yebodaglass.com\/es\/wp-json\/wp\/v2\/media\/25722"}],"wp:attachment":[{"href":"https:\/\/yebodaglass.com\/es\/wp-json\/wp\/v2\/media?parent=22689"}],"wp:term":[{"taxonomy":"product_brand","embeddable":true,"href":"https:\/\/yebodaglass.com\/es\/wp-json\/wp\/v2\/product_brand?post=22689"},{"taxonomy":"product_cat","embeddable":true,"href":"https:\/\/yebodaglass.com\/es\/wp-json\/wp\/v2\/product_cat?post=22689"},{"taxonomy":"product_tag","embeddable":true,"href":"https:\/\/yebodaglass.com\/es\/wp-json\/wp\/v2\/product_tag?post=22689"}],"curies":[{"name":"wp","href":"https:\/\/api.w.org\/{rel}","templated":true}]}}