{"id":22600,"date":"2025-10-22T16:41:59","date_gmt":"2025-10-22T08:41:59","guid":{"rendered":"https:\/\/yebodaglass.com\/?post_type=product&#038;p=22600"},"modified":"2025-11-04T11:54:05","modified_gmt":"2025-11-04T03:54:05","slug":"custom-glass-milk-bottle-with-handle-for-drinking","status":"publish","type":"product","link":"https:\/\/yebodaglass.com\/es\/custom-glass-milk-bottle-with-handle-for-drinking\/","title":{"rendered":"Botella de leche de vidrio transparente acanalado de 120 ml con asa para beber"},"content":{"rendered":"<p>\u00bfCansado de los envases de l\u00e1cteos que parecen baratos o que gotean? Fabricamos botellas de leche de vidrio vintage con asa: se acabaron los envases aburridos. Estas botellas de leche de vidrio transforman el almacenamiento en una historia. Los pedidos al por mayor incluyen botellas de vidrio personalizadas que se adaptan a la esencia de tu marca.<\/p>\n<h2>Caracter\u00edsticas del producto<\/h2>\n<p><strong>Mango Vintage Comfort<\/strong><\/p>\n<p>El agarre ergon\u00f3mico se adapta perfectamente a su mano: sus botellas de leche de vidrio vintage hacen que beber sea una experiencia placentera.<\/p>\n<p><strong>Claridad cristalina<\/strong><\/p>\n<p>El vidrio de alta transparencia muestra el color de la leche al instante: los clientes conf\u00edan en sus botellas de leche de vidrio con asa a primera vista.<\/p>\n<p><strong>Resistente y reutilizable<\/strong><\/p>\n<p>Base gruesa que evita grietas: reutilizable para batidos.<\/p>\n<h2>Especificaciones clave<\/h2>\n<table style=\"border-collapse: collapse; width: 80%; margin-left: auto; margin-right: auto;\" border=\"0\" width=\"360\" cellspacing=\"0\" cellpadding=\"0\">\n<tbody>\n<tr style=\"height: 13.50pt;\">\n<td style=\"height: 13.5pt; width: 54pt; text-align: center;\" width=\"72\" height=\"18\">Modelo<\/td>\n<td style=\"width: 54pt; text-align: center;\" width=\"72\">Capacidad (ml)<\/td>\n<td style=\"width: 54pt; text-align: center;\" width=\"72\">Tama\u00f1o (cm)<\/td>\n<td style=\"width: 54pt; text-align: center;\" width=\"72\">Forma<\/td>\n<td style=\"width: 54pt; text-align: center;\" width=\"72\">Textura<\/td>\n<\/tr>\n<tr style=\"height: 13.50pt;\">\n<td style=\"height: 13.5pt; text-align: center;\" align=\"right\" height=\"18\">64012047<\/td>\n<td style=\"text-align: center;\" align=\"right\">120<\/td>\n<td style=\"text-align: center;\">9.3&#215;6.8&#215;7.3<\/td>\n<td style=\"text-align: center;\">Taza con asa<\/td>\n<td style=\"text-align: center;\">L\u00edneas verticales<\/td>\n<\/tr>\n<\/tbody>\n<\/table>\n<h2>Caso de \u00e9xito<\/h2>\n<p>Una cafeter\u00eda boutique de Melbourne nos encarg\u00f3 la producci\u00f3n de vasos de leche de vidrio acanalado personalizados para su colecci\u00f3n exclusiva de latte y leche fr\u00eda. El producto, sencillo y de estilo vintage, incluye ranuras verticales, el logotipo impreso y una tapa de madera.<\/p>\n<p>Despu\u00e9s de menos de dos meses de funcionamiento, el caf\u00e9 experiment\u00f3 un crecimiento del 35% en las ventas junto con un aumento considerable en el n\u00famero de clientes que regresan para realizar compras repetidas.<\/p>\n<h2>Tu manual de personalizaci\u00f3n<\/h2>\n<ol>\n<li><strong>Tapas y accesorios personalizables:<\/strong>Protege tu taza con una elegante tapa de madera, bamb\u00fa o silicona que no solo protege del polvo, sino que tambi\u00e9n retiene el calor y proporciona un ambiente agradable. A\u00f1ade una pajita de acero inoxidable o una cuchara para completar tu set de bebidas.<\/li>\n<li><strong>Cuerpo de taza y marca personalizables:<\/strong>Nuestras opciones de acabado superficial son numerosas e incluyen: serigraf\u00eda, estampado en caliente, esmerilado o calcoman\u00edas. Tambi\u00e9n ofrecemos opciones personalizables de vidrio transparente o tintado para combinar a la perfecci\u00f3n con la marca y la tem\u00e1tica de la bebida.<\/li>\n<\/ol>","protected":false},"excerpt":{"rendered":"<p>Botella de leche de vidrio transparente acanalado con asa y dise\u00f1o vintage, perfecta para leche, caf\u00e9, postres y jugos. Duradera y reutilizable. Opciones personalizadas para venta al por mayor.<\/p>","protected":false},"featured_media":22604,"template":"","meta":[],"product_brand":[],"product_cat":[124,122,130],"product_tag":[],"class_list":{"0":"post-22600","1":"product","2":"type-product","3":"status-publish","4":"has-post-thumbnail","6":"product_cat-custom-glass-jars","7":"product_cat-custom-glass-packaging","8":"product_cat-glass-yogurt-jars","10":"first","11":"instock","12":"shipping-taxable","13":"product-type-simple"},"jetpack_sharing_enabled":true,"_links":{"self":[{"href":"https:\/\/yebodaglass.com\/es\/wp-json\/wp\/v2\/product\/22600","targetHints":{"allow":["GET"]}}],"collection":[{"href":"https:\/\/yebodaglass.com\/es\/wp-json\/wp\/v2\/product"}],"about":[{"href":"https:\/\/yebodaglass.com\/es\/wp-json\/wp\/v2\/types\/product"}],"version-history":[{"count":4,"href":"https:\/\/yebodaglass.com\/es\/wp-json\/wp\/v2\/product\/22600\/revisions"}],"predecessor-version":[{"id":22611,"href":"https:\/\/yebodaglass.com\/es\/wp-json\/wp\/v2\/product\/22600\/revisions\/22611"}],"wp:featuredmedia":[{"embeddable":true,"href":"https:\/\/yebodaglass.com\/es\/wp-json\/wp\/v2\/media\/22604"}],"wp:attachment":[{"href":"https:\/\/yebodaglass.com\/es\/wp-json\/wp\/v2\/media?parent=22600"}],"wp:term":[{"taxonomy":"product_brand","embeddable":true,"href":"https:\/\/yebodaglass.com\/es\/wp-json\/wp\/v2\/product_brand?post=22600"},{"taxonomy":"product_cat","embeddable":true,"href":"https:\/\/yebodaglass.com\/es\/wp-json\/wp\/v2\/product_cat?post=22600"},{"taxonomy":"product_tag","embeddable":true,"href":"https:\/\/yebodaglass.com\/es\/wp-json\/wp\/v2\/product_tag?post=22600"}],"curies":[{"name":"wp","href":"https:\/\/api.w.org\/{rel}","templated":true}]}}