{"id":22577,"date":"2025-10-22T13:09:13","date_gmt":"2025-10-22T05:09:13","guid":{"rendered":"https:\/\/yebodaglass.com\/?post_type=product&#038;p=22577"},"modified":"2025-11-04T11:54:26","modified_gmt":"2025-11-04T03:54:26","slug":"little-yogurt-bottles-banana-milk-glass-bottles-supplier","status":"publish","type":"product","link":"https:\/\/yebodaglass.com\/es\/little-yogurt-bottles-banana-milk-glass-bottles-supplier\/","title":{"rendered":"Botellas de yogur Planet Little de 100-200 ml \u2013 Vaso de postre"},"content":{"rendered":"<p>\u00bfCansado de los envases de l\u00e1cteos que parecen simples y goteantes? Creamos peque\u00f1as botellas de yogur con un encanto de esfera estrellada: se acabaron los envases aburridos. Estas botellas de vidrio con leche de pl\u00e1tano convierten el almacenamiento en una alegr\u00eda. Los pedidos al por mayor incluyen botellas de vidrio personalizadas que combinan con el estilo de tu marca.<\/p>\n<h2>Caracter\u00edsticas del producto<\/h2>\n<p><strong>Caracter\u00edsticas de dise\u00f1o<\/strong><\/p>\n<p>El dise\u00f1o fresco, redondo y con forma de planeta del objeto le da un aspecto diferente y tridimensional, por lo que puede funcionar como un excelente recipiente para postres y tambi\u00e9n como un elemento decorativo y de exhibici\u00f3n.<\/p>\n<p><strong>Calidad del material<\/strong><\/p>\n<p>Fabricado con vidrio de calidad alimentaria altamente transparente, no contiene plomo, no tiene olor y es resistente tanto al calor como al fr\u00edo, por lo que es seguro para el refrigerador, la retorta y para m\u00faltiples lavados y reutilizaciones.<\/p>\n<p><strong>Rendimiento funcional<\/strong><\/p>\n<p>La apertura del dise\u00f1o de boca ancha hace que sea f\u00e1cil de llenar y servir, garantiza un sellado herm\u00e9tico y, si tiene una variedad de tipos de tapas (papel de aluminio o pl\u00e1stico), puede usarlas para evitar fugas y mantener el producto fresco, por lo tanto, es una herramienta perfecta tanto para el hogar como para un negocio.<\/p>\n<h2>Especificaciones clave<\/h2>\n<table style=\"border-collapse: collapse; width: 80%; margin-left: auto; margin-right: auto;\" border=\"0\" width=\"288\" cellspacing=\"0\" cellpadding=\"0\">\n<tbody>\n<tr style=\"height: 13.50pt;\">\n<td style=\"height: 13.5pt; width: 54pt; text-align: center;\" width=\"72\" height=\"18\">Modelo<\/td>\n<td style=\"width: 54pt; text-align: center;\" width=\"72\">Capacidad (ml)<\/td>\n<td style=\"width: 54pt; text-align: center;\" width=\"72\">Tama\u00f1o (cm)<\/td>\n<td style=\"width: 54pt; text-align: center;\" width=\"72\">Forma<\/td>\n<\/tr>\n<tr style=\"height: 13.50pt;\">\n<td style=\"height: 13.5pt; text-align: center;\" align=\"right\" height=\"18\">64010045<\/td>\n<td style=\"text-align: center;\" align=\"right\">100<\/td>\n<td style=\"text-align: center;\">6.9&#215;6.2<\/td>\n<td class=\"et2\" style=\"text-align: center;\" rowspan=\"2\">Copa Esfera<\/td>\n<\/tr>\n<tr style=\"height: 13.50pt;\">\n<td style=\"height: 13.5pt; text-align: center;\" align=\"right\" height=\"18\">64020046<\/td>\n<td style=\"text-align: center;\" align=\"right\">200<\/td>\n<td style=\"text-align: center;\">7.9&#215;7.3<\/td>\n<\/tr>\n<\/tbody>\n<\/table>\n<h2>Caso de \u00e9xito<\/h2>\n<p>Recibimos un pedido de una f\u00e1brica de yogur boutique de Corea del Sur para producir un vaso de pud\u00edn de vidrio con forma de planeta para modernizar su l\u00ednea de postres. Su singular dise\u00f1o de fondo curvado atrajo la atenci\u00f3n de los consumidores en el estante de inmediato, d\u00e1ndole a la marca de yogur y mousse un aire l\u00fadico, lujoso y artesanal.<\/p>\n<p>Adem\u00e1s, la marca cambi\u00f3 el dise\u00f1o de la tapa de aluminio plateado por un sello herm\u00e9tico y decor\u00f3 el producto con un estampado floral que combina con su filosof\u00eda &#034;natural y fresca&#034;. El nuevo empaque no solo ha mejorado la apariencia del producto, sino tambi\u00e9n su conservaci\u00f3n durante el env\u00edo.<\/p>\n<p>El producto experiment\u00f3 un aumento del 45% en las ventas minoristas y se expandi\u00f3 a varios caf\u00e9s y tiendas de postres de lujo despu\u00e9s de tres meses de su lanzamiento.<\/p>\n<h2>Tu manual de personalizaci\u00f3n<\/h2>\n<ol>\n<li><strong>Tapas y sellos personalizados:<\/strong>Hay muchas opciones para elegir una tapa, por ejemplo, de metal, pl\u00e1stico o con precinto de seguridad en diferentes colores (como plateado, dorado y blanco). Adem\u00e1s, se puede imprimir el logotipo o un patr\u00f3n de la marca para que el producto no solo sea m\u00e1s \u00fatil, sino que tambi\u00e9n atraiga a los clientes por su reconocimiento visual.<\/li>\n<li><strong>Superficie y dise\u00f1o personalizados:<\/strong>Podemos realizar una o m\u00e1s de estas tareas: glaseado, estampado en caliente, pintura en aerosol o calcoman\u00eda para agregar el mensaje de la marca o la textura de la botella para un empaque m\u00e1s moderno y atractivo.<\/li>\n<\/ol>","protected":false},"excerpt":{"rendered":"<p>Las peque\u00f1as botellas de yogur personalizadas con forma de planeta son perfectas para leche de pl\u00e1tano, postres y natillas. Son duraderas, reutilizables e ideales para marcas de envases de alimentos.<\/p>","protected":false},"featured_media":22595,"template":"","meta":[],"product_brand":[],"product_cat":[124,122,130],"product_tag":[],"class_list":{"0":"post-22577","1":"product","2":"type-product","3":"status-publish","4":"has-post-thumbnail","6":"product_cat-custom-glass-jars","7":"product_cat-custom-glass-packaging","8":"product_cat-glass-yogurt-jars","10":"first","11":"instock","12":"shipping-taxable","13":"product-type-simple"},"jetpack_sharing_enabled":true,"_links":{"self":[{"href":"https:\/\/yebodaglass.com\/es\/wp-json\/wp\/v2\/product\/22577","targetHints":{"allow":["GET"]}}],"collection":[{"href":"https:\/\/yebodaglass.com\/es\/wp-json\/wp\/v2\/product"}],"about":[{"href":"https:\/\/yebodaglass.com\/es\/wp-json\/wp\/v2\/types\/product"}],"version-history":[{"count":5,"href":"https:\/\/yebodaglass.com\/es\/wp-json\/wp\/v2\/product\/22577\/revisions"}],"predecessor-version":[{"id":22613,"href":"https:\/\/yebodaglass.com\/es\/wp-json\/wp\/v2\/product\/22577\/revisions\/22613"}],"wp:featuredmedia":[{"embeddable":true,"href":"https:\/\/yebodaglass.com\/es\/wp-json\/wp\/v2\/media\/22595"}],"wp:attachment":[{"href":"https:\/\/yebodaglass.com\/es\/wp-json\/wp\/v2\/media?parent=22577"}],"wp:term":[{"taxonomy":"product_brand","embeddable":true,"href":"https:\/\/yebodaglass.com\/es\/wp-json\/wp\/v2\/product_brand?post=22577"},{"taxonomy":"product_cat","embeddable":true,"href":"https:\/\/yebodaglass.com\/es\/wp-json\/wp\/v2\/product_cat?post=22577"},{"taxonomy":"product_tag","embeddable":true,"href":"https:\/\/yebodaglass.com\/es\/wp-json\/wp\/v2\/product_tag?post=22577"}],"curies":[{"name":"wp","href":"https:\/\/api.w.org\/{rel}","templated":true}]}}