{"id":22567,"date":"2025-10-22T10:39:21","date_gmt":"2025-10-22T02:39:21","guid":{"rendered":"https:\/\/yebodaglass.com\/?post_type=product&#038;p=22567"},"modified":"2025-11-04T11:54:40","modified_gmt":"2025-11-04T03:54:40","slug":"round-glass-yogurt-milk-bottle-small-dessert-jars-bulk","status":"publish","type":"product","link":"https:\/\/yebodaglass.com\/es\/round-glass-yogurt-milk-bottle-small-dessert-jars-bulk\/","title":{"rendered":"Botella redonda de vidrio para yogur o leche de 100-300 ml \u2013 Tarros peque\u00f1os para postres a granel"},"content":{"rendered":"<article class=\"text-token-text-primary w-full focus:outline-none [--shadow-height:45px] has-data-writing-block:pointer-events-none has-data-writing-block:-mt-(--shadow-height) has-data-writing-block:pt-(--shadow-height) [&amp;:has([data-writing-block])&gt;*]:pointer-events-auto [content-visibility:auto] supports-[content-visibility:auto]:[contain-intrinsic-size:auto_100lvh] scroll-mt-[calc(var(--header-height)+min(200px,max(70px,20svh)))]\" dir=\"auto\" tabindex=\"-1\" data-turn-id=\"request-68f5dfe9-a6a4-8332-b080-aa3dc157db0d-1\" data-testid=\"conversation-turn-42\" data-scroll-anchor=\"true\" data-turn=\"assistant\">\u00bfCansado de los envases de l\u00e1cteos aburridos o con fugas? Creamos botellas de yogur con un encanto redondo: \u00a1se acabaron los derrames! Estas peque\u00f1as botellas de vidrio transforman el almacenamiento simple en una joya de marca. Con pedidos al por mayor, recibir\u00e1s botellas de vidrio personalizadas que se adaptan a tu visi\u00f3n.<\/p>\n<h2>Caracter\u00edsticas del producto<\/h2>\n<p><strong>Charm redondo<\/strong><\/p>\n<p>Las suaves curvas se sienten muy bien en la mano: sus peque\u00f1as botellas de leche de vidrio hacen que cada sorbo sea una alegr\u00eda.<\/p>\n<p><strong>Diversi\u00f3n al aire libre<\/strong><\/p>\n<p>F\u00e1cil llenado y recogida: no m\u00e1s derrames con el dise\u00f1o de botella de leche con forma de yogur.<\/p>\n<p><strong>Claridad cristalina<\/strong><\/p>\n<p>El vidrio de alta transparencia muestra cada espiral del producto l\u00e1cteo: los clientes conf\u00edan instant\u00e1neamente en sus peque\u00f1as botellas de vidrio para leche.<\/p>\n<h2>Especificaciones clave<\/h2>\n<table style=\"border-collapse: collapse; width: 80%; margin-right: auto; margin-left: auto;\" border=\"0\" width=\"288\" cellspacing=\"0\" cellpadding=\"0\">\n<tbody>\n<tr style=\"height: 13.50pt;\">\n<td style=\"height: 13.5pt; width: 54pt; text-align: center;\" width=\"72\" height=\"18\">Modelo<\/td>\n<td style=\"width: 54pt; text-align: center;\" width=\"72\">Capacidad (ml)<\/td>\n<td style=\"width: 54pt; text-align: center;\" width=\"72\">Tama\u00f1o (cm)<\/td>\n<td style=\"width: 54pt; text-align: center;\" width=\"72\">Forma<\/td>\n<\/tr>\n<tr style=\"height: 13.50pt;\">\n<td style=\"height: 13.5pt; text-align: center;\" align=\"right\" height=\"18\">64010042<\/td>\n<td style=\"text-align: center;\" align=\"right\">100<\/td>\n<td style=\"text-align: center;\">6.4&#215;6.5<\/td>\n<td class=\"et2\" style=\"text-align: center;\" rowspan=\"3\">Protuberancia redonda<\/td>\n<\/tr>\n<tr style=\"height: 13.50pt;\">\n<td style=\"height: 13.5pt; text-align: center;\" align=\"right\" height=\"18\">64020043<\/td>\n<td style=\"text-align: center;\" align=\"right\">200<\/td>\n<td style=\"text-align: center;\">7.3&#215;7.2<\/td>\n<\/tr>\n<tr style=\"height: 13.50pt;\">\n<td style=\"height: 13.5pt; text-align: center;\" align=\"right\" height=\"18\">64030044<\/td>\n<td style=\"text-align: center;\" align=\"right\">300<\/td>\n<td style=\"text-align: center;\">8.3&#215;8.6<\/td>\n<\/tr>\n<\/tbody>\n<\/table>\n<h2>Caso de \u00e9xito<\/h2>\n<p>Un taller de postres nos contact\u00f3 para crear una botella de yogur de vidrio de boca ancha, especialmente para sus postres. Cada botella de 200 ml tiene una boca ancha que facilita el embotellado y el uso del cuchar\u00f3n. Su forma redondeada le da un aspecto artesanal que combina a la perfecci\u00f3n con el concepto de postre premium.<\/p>\n<p>Adem\u00e1s de una tapa de aluminio sellada, la botella tambi\u00e9n incluye una tapa de cuchara para mayor frescura y comodidad. La botella de vidrio puro es perfecta para presentar postres.<\/p>\n<p>Tan solo dos meses despu\u00e9s de la introducci\u00f3n del nuevo embalaje, hubo una reducci\u00f3n del 85% en las quejas sobre problemas de sellado y el volumen de pedidos al por mayor de los distribuidores aument\u00f3 un 60%.<\/p>\n<h2>Tu manual de personalizaci\u00f3n<\/h2>\n<ol>\n<li><strong>Soluciones de tapas y etiquetas personalizadas:<\/strong>Puede seleccionar tapas de metal con rosca, tapas de madera o tapas de pl\u00e1stico a presi\u00f3n y luego colocar su logotipo mediante relieve, serigraf\u00eda o etiquetado para lograr un reconocimiento de marca visualmente atractivo.<\/li>\n<li><strong>Personalizaci\u00f3n de tonos y materiales:<\/strong>Puede personalizar el vidrio en transparente, \u00e1mbar o esmerilado para combinar con el estilo de su producto, o elegir un tinte degradado para que los postres y yogures en capas sean visualmente atractivos y llamativos en los estantes.<\/li>\n<\/ol>\n<\/article>","protected":false},"excerpt":{"rendered":"<p>Botella redonda de vidrio para yogur y leche, y botellas peque\u00f1as de vidrio para leche, ideales para yogur, pud\u00edn o mermelada. Reutilizables, duraderas y personalizables para envasar postres.<\/p>","protected":false},"featured_media":22571,"template":"","meta":[],"product_brand":[],"product_cat":[124,122,130],"product_tag":[],"class_list":{"0":"post-22567","1":"product","2":"type-product","3":"status-publish","4":"has-post-thumbnail","6":"product_cat-custom-glass-jars","7":"product_cat-custom-glass-packaging","8":"product_cat-glass-yogurt-jars","10":"first","11":"instock","12":"shipping-taxable","13":"product-type-simple"},"jetpack_sharing_enabled":true,"_links":{"self":[{"href":"https:\/\/yebodaglass.com\/es\/wp-json\/wp\/v2\/product\/22567","targetHints":{"allow":["GET"]}}],"collection":[{"href":"https:\/\/yebodaglass.com\/es\/wp-json\/wp\/v2\/product"}],"about":[{"href":"https:\/\/yebodaglass.com\/es\/wp-json\/wp\/v2\/types\/product"}],"version-history":[{"count":5,"href":"https:\/\/yebodaglass.com\/es\/wp-json\/wp\/v2\/product\/22567\/revisions"}],"predecessor-version":[{"id":22610,"href":"https:\/\/yebodaglass.com\/es\/wp-json\/wp\/v2\/product\/22567\/revisions\/22610"}],"wp:featuredmedia":[{"embeddable":true,"href":"https:\/\/yebodaglass.com\/es\/wp-json\/wp\/v2\/media\/22571"}],"wp:attachment":[{"href":"https:\/\/yebodaglass.com\/es\/wp-json\/wp\/v2\/media?parent=22567"}],"wp:term":[{"taxonomy":"product_brand","embeddable":true,"href":"https:\/\/yebodaglass.com\/es\/wp-json\/wp\/v2\/product_brand?post=22567"},{"taxonomy":"product_cat","embeddable":true,"href":"https:\/\/yebodaglass.com\/es\/wp-json\/wp\/v2\/product_cat?post=22567"},{"taxonomy":"product_tag","embeddable":true,"href":"https:\/\/yebodaglass.com\/es\/wp-json\/wp\/v2\/product_tag?post=22567"}],"curies":[{"name":"wp","href":"https:\/\/api.w.org\/{rel}","templated":true}]}}