{"id":22553,"date":"2025-10-21T17:17:58","date_gmt":"2025-10-21T09:17:58","guid":{"rendered":"https:\/\/yebodaglass.com\/?post_type=product&#038;p=22553"},"modified":"2025-11-04T11:54:58","modified_gmt":"2025-11-04T03:54:58","slug":"custom-glass-milk-bottles-bulk-pudding-container","status":"publish","type":"product","link":"https:\/\/yebodaglass.com\/es\/custom-glass-milk-bottles-bulk-pudding-container\/","title":{"rendered":"Botellas de vidrio cuadradas personalizadas para leche a granel \u2013 Envase reutilizable de 100-350 ml para postres y bebidas"},"content":{"rendered":"<p>\u00bfCansado de envases de l\u00e1cteos anodinos? Creamos botellas de leche de vidrio personalizadas con dise\u00f1o cuadrado: \u00a1adi\u00f3s a los envases aburridos! Estas botellas de leche de vidrio al por mayor transforman el simple almacenamiento en una experiencia de marca excepcional. Los pedidos al por mayor incluyen botellas de vidrio personalizadas que se adaptan a tu visi\u00f3n.<\/p>\n<h2>Caracter\u00edsticas del producto<\/h2>\n<p><strong>Caracter\u00edsticas de dise\u00f1o<\/strong><\/p>\n<p>La botella, de forma cuadrada y vertical, presenta elementos geom\u00e9tricos sencillos sin ornamentaci\u00f3n y una silueta armoniosa, lo que la convierte en un producto visualmente atractivo y moderno. Su cierre con elemento en forma de corona permite un sellado c\u00f3modo, por lo que puede utilizarse tanto en entornos comerciales como dom\u00e9sticos.<\/p>\n<p><strong>Calidad del material<\/strong><\/p>\n<p>Est\u00e1 fabricado con vidrio de alta transparencia apto para uso alimentario y libre de plomo. Es inodoro y ofrece una excelente resistencia a temperaturas extremas, por lo que resulta ideal para conservar bebidas y postres frescos y sabrosos.<\/p>\n<p><strong>Rendimiento funcional<\/strong><\/p>\n<p>Esta botella gruesa y herm\u00e9tica est\u00e1 dise\u00f1ada para m\u00faltiples usos, por lo que resulta ideal para conservar la frescura de los alimentos. Gracias a su dise\u00f1o cuadrado, se puede colocar en el estante y apilar varias botellas, lo que proporciona mayor estabilidad durante el transporte.<\/p>\n<p><strong>Opciones de personalizaci\u00f3n<\/strong><\/p>\n<p>Al modificar la capacidad, colocar un logotipo, etiquetar la botella y seleccionar una tapa (de aluminio, pl\u00e1stico o con precinto de seguridad), se puede generar f\u00e1cilmente una imagen de marca que se diferencie de las dem\u00e1s.<\/p>\n<h2>Especificaciones clave<\/h2>\n<table style=\"border-collapse: collapse; width: 80%; margin-left: auto; margin-right: auto;\" border=\"0\" width=\"288\" cellspacing=\"0\" cellpadding=\"0\">\n<tbody>\n<tr style=\"height: 13.50pt;\">\n<td style=\"height: 13.5pt; width: 54pt; text-align: center;\" width=\"72\" height=\"18\">Modelo<\/td>\n<td style=\"width: 54pt; text-align: center;\" width=\"72\">Capacidad (ml)<\/td>\n<td style=\"width: 54pt; text-align: center;\" width=\"72\">Tama\u00f1o (cm)<\/td>\n<td style=\"width: 54pt; text-align: center;\" width=\"72\">Forma<\/td>\n<\/tr>\n<tr style=\"height: 13.50pt;\">\n<td style=\"height: 13.5pt; text-align: center;\" align=\"right\" height=\"18\">64010040<\/td>\n<td style=\"text-align: center;\" align=\"right\">100<\/td>\n<td style=\"text-align: center;\">5,0\u00d75,0x9,6<\/td>\n<td class=\"et2\" style=\"text-align: center;\" rowspan=\"2\">Cuadrado<\/td>\n<\/tr>\n<tr style=\"height: 13.50pt;\">\n<td style=\"height: 13.5pt; text-align: center;\" align=\"right\" height=\"18\">64035041<\/td>\n<td style=\"text-align: center;\" align=\"right\">350<\/td>\n<td style=\"text-align: center;\">6,0\u00d76,0\u00d716,1<\/td>\n<\/tr>\n<\/tbody>\n<\/table>\n<h2>Historia de \u00e9xito<\/h2>\n<p>Para renovar su imagen, una marca de productos l\u00e1cteos decidi\u00f3 cambiar su empaque y se asoci\u00f3 con nosotros para producir una botella de leche cuadrada de vidrio personalizada. Adem\u00e1s de darle un aspecto moderno y atractivo gracias a su dise\u00f1o cuadrado, esta botella tambi\u00e9n ayuda a optimizar el espacio de almacenamiento y en los estantes, tanto en refrigeradores como en cajas de reparto. La leche luce de la m\u00e1s alta calidad gracias al vidrio de gran transparencia.<\/p>\n<p>Tras el cambio de envase, la empresa l\u00e1ctea inform\u00f3 durante el primer mes de una reducci\u00f3n del 75% en las quejas por derrames de leche y un aumento del 65% en los pedidos a granel.<\/p>\n<h2>Tu manual de personalizaci\u00f3n<\/h2>\n<ol>\n<li><strong>Configuraci\u00f3n personalizada de tapa y sello:<\/strong>Existe una gran variedad de materiales y estilos de gorras para elegir, como metal, pl\u00e1stico o gorras antirrobo. Al imprimir el logotipo o un dise\u00f1o de tu marca, la gorra puede convertirse en un elemento distintivo de la misma y, adem\u00e1s, realzar su calidad general.<\/li>\n<li><strong>Imagen e identidad de marca personalizadas:<\/strong>Ofrecemos la posibilidad de personalizar las botellas con su marca mediante serigraf\u00eda, esmerilado, etiquetado o estampado en caliente. Podemos fabricar botellas de vidrio transparente, esmerilado o tintado para que se adapten perfectamente a la imagen de su marca y a su posicionamiento en el mercado.<\/li>\n<\/ol>","protected":false},"excerpt":{"rendered":"<p>Botellas de vidrio cuadradas personalizadas para leche y venta al por mayor, ideales para envasar pudines, leche o zumos. Resistentes, reutilizables y personalizables para marcas pr\u00e9mium.<\/p>","protected":false},"featured_media":22557,"template":"","meta":[],"product_brand":[],"product_cat":[123,122,131],"product_tag":[],"class_list":{"0":"post-22553","1":"product","2":"type-product","3":"status-publish","4":"has-post-thumbnail","6":"product_cat-custom-glass-bottles","7":"product_cat-custom-glass-packaging","8":"product_cat-glass-milk-bottles","10":"first","11":"instock","12":"shipping-taxable","13":"product-type-simple"},"jetpack_sharing_enabled":true,"_links":{"self":[{"href":"https:\/\/yebodaglass.com\/es\/wp-json\/wp\/v2\/product\/22553","targetHints":{"allow":["GET"]}}],"collection":[{"href":"https:\/\/yebodaglass.com\/es\/wp-json\/wp\/v2\/product"}],"about":[{"href":"https:\/\/yebodaglass.com\/es\/wp-json\/wp\/v2\/types\/product"}],"version-history":[{"count":4,"href":"https:\/\/yebodaglass.com\/es\/wp-json\/wp\/v2\/product\/22553\/revisions"}],"predecessor-version":[{"id":22561,"href":"https:\/\/yebodaglass.com\/es\/wp-json\/wp\/v2\/product\/22553\/revisions\/22561"}],"wp:featuredmedia":[{"embeddable":true,"href":"https:\/\/yebodaglass.com\/es\/wp-json\/wp\/v2\/media\/22557"}],"wp:attachment":[{"href":"https:\/\/yebodaglass.com\/es\/wp-json\/wp\/v2\/media?parent=22553"}],"wp:term":[{"taxonomy":"product_brand","embeddable":true,"href":"https:\/\/yebodaglass.com\/es\/wp-json\/wp\/v2\/product_brand?post=22553"},{"taxonomy":"product_cat","embeddable":true,"href":"https:\/\/yebodaglass.com\/es\/wp-json\/wp\/v2\/product_cat?post=22553"},{"taxonomy":"product_tag","embeddable":true,"href":"https:\/\/yebodaglass.com\/es\/wp-json\/wp\/v2\/product_tag?post=22553"}],"curies":[{"name":"wp","href":"https:\/\/api.w.org\/{rel}","templated":true}]}}