{"id":22539,"date":"2025-10-21T11:23:10","date_gmt":"2025-10-21T03:23:10","guid":{"rendered":"https:\/\/yebodaglass.com\/?post_type=product&#038;p=22539"},"modified":"2026-04-14T10:09:05","modified_gmt":"2026-04-14T02:09:05","slug":"wholesale-clear-hexagonal-jam-jars-280ml-380ml-500ml-730ml","status":"publish","type":"product","link":"https:\/\/yebodaglass.com\/es\/wholesale-clear-hexagonal-jam-jars-280ml-380ml-500ml-730ml\/","title":{"rendered":"Tarros de mermelada hexagonales transparentes al por mayor de 280 ml, 380 ml, 500 ml y 730 ml"},"content":{"rendered":"<p>Estos tarros de mermelada hexagonales muestran su dise\u00f1o a trav\u00e9s de una forma hexagonal completa que se combina con un material de vidrio transparente y una tapa de rosca de metal negro que proporciona protecci\u00f3n contra fugas.<\/p>\n<h2>Caracter\u00edsticas del producto<\/h2>\n<ul>\n<li><strong>Tapa met\u00e1lica negra de seguridad:<\/strong> La tapa de rosca de metal negro ofrece un alto grado de fiabilidad e integridad, adem\u00e1s de aportar un aspecto moderno y limpio.<\/li>\n<li><strong>Dise\u00f1o hexagonal eficiente:<\/strong> Su dise\u00f1o hexagonal permite apilarlos muy juntos, lo que ahorra espacio y forma una robusta estructura antivuelco.<\/li>\n<li><strong>Varios tama\u00f1os disponibles:<\/strong> Al ofrecer contenedores en diferentes tama\u00f1os, uno puede elegir el m\u00e1s adecuado para satisfacer sus necesidades de almacenamiento.<\/li>\n<\/ul>\n<h2 style=\"text-align: left;\">Especificaciones clave<\/h2>\n<table class=\"aligncenter\" style=\"border-collapse: collapse; width: 327.02pt;\" border=\"0\" width=\"436\" cellspacing=\"0\" cellpadding=\"0\">\n<tbody>\n<tr style=\"height: 13.50pt;\">\n<td style=\"height: 13.50pt; width: 90.00pt;\" width=\"120\" height=\"18\">Caracter\u00edstica<\/td>\n<td style=\"width: 237.00pt;\" width=\"316\">Especificaci\u00f3n<\/td>\n<\/tr>\n<tr style=\"height: 13.50pt;\">\n<td style=\"height: 13.50pt;\" height=\"18\">Capacidad<\/td>\n<td>280 ml, 380 ml, 500 ml, 730 ml<\/td>\n<\/tr>\n<tr style=\"height: 13.50pt;\">\n<td style=\"height: 13.50pt;\" height=\"18\">Forma<\/td>\n<td>Hexagonal<\/td>\n<\/tr>\n<tr style=\"height: 13.50pt;\">\n<td style=\"height: 13.50pt;\" height=\"18\">Dimensiones<\/td>\n<td>5,8\u00d710,0 cm a 7,5\u00d712,2 cm<\/td>\n<\/tr>\n<tr style=\"height: 13.50pt;\">\n<td style=\"height: 13.50pt;\" height=\"18\">Material<\/td>\n<td>Vidrio transparente, tapa de rosca de PP negra<\/td>\n<\/tr>\n<tr style=\"height: 13.50pt;\">\n<td style=\"height: 13.50pt;\" height=\"18\">Opciones de tapa<\/td>\n<td>Negro (colores personalizados disponibles)<\/td>\n<\/tr>\n<tr style=\"height: 13.50pt;\">\n<td style=\"height: 13.50pt;\" height=\"18\">Mejor para<\/td>\n<td>Miel cruda, mezclas infusionadas, sets de regalo<\/td>\n<\/tr>\n<tr style=\"height: 13.50pt;\">\n<td style=\"height: 13.50pt;\" height=\"18\">Uso ideal<\/td>\n<td>Tarros de mermelada hexagonales, contenedores de miel<\/td>\n<\/tr>\n<\/tbody>\n<\/table>\n<h2>Historia de \u00e9xito: La l\u00ednea premium de una marca escocesa de miel artesanal<\/h2>\n<p>Nuestros tarros de mermelada hexagonales fueron el producto elegido por un artesano de miel escoc\u00e9s, quien dise\u00f1\u00f3 un patr\u00f3n de panal dorado serigrafiado a medida para su tapa. El dise\u00f1o \u00fanico de la botella hizo que su producto destacara en los estantes de las tiendas de alimentos especializados, impulsando las ventas en un 40 %. La forma geom\u00e9trica proporcion\u00f3 un 30 % m\u00e1s de \u00e1rea imprimible para la etiqueta en comparaci\u00f3n con los tarros redondos. El gran \u00e9xito de la marca deriv\u00f3 en un pedido adicional de 280 000 tarros de mermelada, necesarios para el lanzamiento de su pr\u00f3xima l\u00ednea de regalos con dise\u00f1o de panal y jarabes aromatizados.<\/p>\n<h2>Recomendaci\u00f3n para la personalizaci\u00f3n de envases de miel<\/h2>\n<ul>\n<li>Grabado personalizado en vidrio: Se pueden a\u00f1adir patrones, logotipos o elementos regionales grabados con l\u00e1ser al panel de vidrio para dotar a la empresa de una identidad de marca \u00fanica y de calidad.<\/li>\n<li>Todos los colores y acabados de la tapa: Dispone de varias opciones de colores y acabados para la tapa (oro, bronce, acero cepillado o blanco).<\/li>\n<li>Collar de cuero o cuerda: El frasco adquiere un aspecto r\u00fastico y artesanal gracias a la adici\u00f3n de una tira de cuero o cuerda que act\u00faa como decoraci\u00f3n adicional para el cuello del frasco.<\/li>\n<\/ul>","protected":false},"excerpt":{"rendered":"<p>Tarros hexagonales resistentes para mermelada, con cuerpo transparente y tapas herm\u00e9ticas. Pr\u00e1cticos envases para miel, ideales para la venta al por menor, para regalar o para almacenar miel a granel. Env\u00edo r\u00e1pido.<\/p>","protected":false},"featured_media":22649,"template":"","meta":[],"product_brand":[],"product_cat":[127,124,122],"product_tag":[],"class_list":{"0":"post-22539","1":"product","2":"type-product","3":"status-publish","4":"has-post-thumbnail","6":"product_cat-glass-honey-jars","7":"product_cat-custom-glass-jars","8":"product_cat-custom-glass-packaging","10":"first","11":"instock","12":"shipping-taxable","13":"product-type-simple"},"jetpack_sharing_enabled":true,"_links":{"self":[{"href":"https:\/\/yebodaglass.com\/es\/wp-json\/wp\/v2\/product\/22539","targetHints":{"allow":["GET"]}}],"collection":[{"href":"https:\/\/yebodaglass.com\/es\/wp-json\/wp\/v2\/product"}],"about":[{"href":"https:\/\/yebodaglass.com\/es\/wp-json\/wp\/v2\/types\/product"}],"version-history":[{"count":5,"href":"https:\/\/yebodaglass.com\/es\/wp-json\/wp\/v2\/product\/22539\/revisions"}],"predecessor-version":[{"id":25772,"href":"https:\/\/yebodaglass.com\/es\/wp-json\/wp\/v2\/product\/22539\/revisions\/25772"}],"wp:featuredmedia":[{"embeddable":true,"href":"https:\/\/yebodaglass.com\/es\/wp-json\/wp\/v2\/media\/22649"}],"wp:attachment":[{"href":"https:\/\/yebodaglass.com\/es\/wp-json\/wp\/v2\/media?parent=22539"}],"wp:term":[{"taxonomy":"product_brand","embeddable":true,"href":"https:\/\/yebodaglass.com\/es\/wp-json\/wp\/v2\/product_brand?post=22539"},{"taxonomy":"product_cat","embeddable":true,"href":"https:\/\/yebodaglass.com\/es\/wp-json\/wp\/v2\/product_cat?post=22539"},{"taxonomy":"product_tag","embeddable":true,"href":"https:\/\/yebodaglass.com\/es\/wp-json\/wp\/v2\/product_tag?post=22539"}],"curies":[{"name":"wp","href":"https:\/\/api.w.org\/{rel}","templated":true}]}}