{"id":22531,"date":"2025-10-21T11:32:49","date_gmt":"2025-10-21T03:32:49","guid":{"rendered":"https:\/\/yebodaglass.com\/?post_type=product&#038;p=22531"},"modified":"2025-11-04T11:55:47","modified_gmt":"2025-11-04T03:55:47","slug":"custom-heart-glass-yogurt-bottles-for-romantic-dessert-bulk","status":"publish","type":"product","link":"https:\/\/yebodaglass.com\/es\/custom-heart-glass-yogurt-bottles-for-romantic-dessert-bulk\/","title":{"rendered":"Botellas de yogur de vidrio con doble forma de coraz\u00f3n de 100 ml, 150 ml y 250 ml para postre"},"content":{"rendered":"<div class=\"text-base my-auto mx-auto pb-10 [--thread-content-margin:--spacing(4)] thread-sm:[--thread-content-margin:--spacing(6)] thread-lg:[--thread-content-margin:--spacing(16)] px-(--thread-content-margin)\">\n<div class=\"[--thread-content-max-width:40rem] thread-lg:[--thread-content-max-width:48rem] mx-auto max-w-(--thread-content-max-width) flex-1 group\/turn-messages focus-visible:outline-hidden relative flex w-full min-w-0 flex-col agent-turn\" tabindex=\"-1\">\n<div class=\"flex max-w-full flex-col grow\">\n<div class=\"min-h-8 text-message relative flex w-full flex-col items-end gap-2 text-start break-words whitespace-normal [.text-message+&amp;]:mt-1\" dir=\"auto\" data-message-author-role=\"assistant\" data-message-id=\"8d18012a-fb48-4b95-868b-4e577d237289\" data-message-model-slug=\"gpt-5\">\n<div class=\"flex w-full flex-col gap-1 empty:hidden first:pt-[1px]\">\n<div class=\"markdown prose dark:prose-invert w-full break-words light markdown-new-styling\">\n<p>\u00bfCansado de los envases de l\u00e1cteos que pasan desapercibidos? Creamos botellas de yogur de vidrio con forma de coraz\u00f3n: se acabaron los envases aburridos. Estas botellas de yogur de vidrio transforman un simple almacenamiento en una historia rom\u00e1ntica. Los pedidos al por mayor incluyen botellas de yogur de vidrio personalizadas que combinan con el coraz\u00f3n de tu marca.<\/p>\n<h2>Caracter\u00edsticas del producto<\/h2>\n<p><strong>Charm en forma de coraz\u00f3n<\/strong><\/p>\n<p>Dise\u00f1o de doble coraz\u00f3n en relieve: sus botellas de yogur de vidrio le cautivar\u00e1n a primera vista.<\/p>\n<p><strong>Sello seguro<\/strong><\/p>\n<p>Cuello ligeramente ensanchado: conserva la frescura y evita fugas durante el transporte.<\/p>\n<p><strong>Claro<\/strong><\/p>\n<p>El vidrio altamente transparente revela instant\u00e1neamente la calidad, gan\u00e1ndose la confianza del cliente.<\/p>\n<p><strong>Magia de amor personalizada<\/strong><\/p>\n<p>Imprima su logotipo en las botellas de vidrio de yogur: har\u00e1 que su producto sea m\u00e1s memorable.<\/p>\n<h2>Especificaciones clave<\/h2>\n<table style=\"border-collapse: collapse; width: 80%; margin-left: auto; margin-right: auto;\" border=\"0\" width=\"288\" cellspacing=\"0\" cellpadding=\"0\">\n<tbody>\n<tr style=\"height: 13.50pt;\">\n<td style=\"height: 13.5pt; width: 54pt; text-align: center;\" width=\"72\" height=\"18\">Modelo<\/td>\n<td style=\"width: 54pt; text-align: center;\" width=\"72\">Capacidad (ml)<\/td>\n<td style=\"width: 54pt; text-align: center;\" width=\"72\">Tama\u00f1o (cm)<\/td>\n<td style=\"width: 54pt; text-align: center;\" width=\"72\">Vantaggi di marketing<\/td>\n<\/tr>\n<tr style=\"height: 13.50pt;\">\n<td style=\"height: 13.5pt; text-align: center;\" align=\"right\" height=\"18\">64010035<\/td>\n<td style=\"text-align: center;\" align=\"right\">100<\/td>\n<td style=\"text-align: center;\">6.2&#215;6.7<\/td>\n<td class=\"et2\" style=\"text-align: center;\" rowspan=\"3\">Doble coraz\u00f3n<\/td>\n<\/tr>\n<tr style=\"height: 13.50pt;\">\n<td style=\"height: 13.5pt; text-align: center;\" align=\"right\" height=\"18\">64015036<\/td>\n<td style=\"text-align: center;\" align=\"right\">150<\/td>\n<td style=\"text-align: center;\">6.3&#215;7.9<\/td>\n<\/tr>\n<tr style=\"height: 13.50pt;\">\n<td style=\"height: 13.5pt; text-align: center;\" align=\"right\" height=\"18\">64025037<\/td>\n<td style=\"text-align: center;\" align=\"right\">250<\/td>\n<td style=\"text-align: center;\">7.0&#215;9.6<\/td>\n<\/tr>\n<\/tbody>\n<\/table>\n<h2>Caso de \u00e9xito<\/h2>\n<p>Una marca europea de yogur nos contact\u00f3 para crear botellas de yogur de vidrio personalizadas de 200 ml. Las botellas con un coraz\u00f3n en relieve y un tap\u00f3n de aluminio no solo crean un aspecto encantador y artesanal, sino que tambi\u00e9n resultan muy atractivas para los consumidores de las neveras.<\/p>\n<p>Tambi\u00e9n proporcionamos un acabado mate a las tapas para que combinen con los sabores: rosa para la fresa, azul claro para el ar\u00e1ndano y beige para la vainilla. Adem\u00e1s de ser un vidrio grueso y apto para uso alimentario, tambi\u00e9n contribuye a la frescura del producto, y las botellas tienen mayor peso, reforzando as\u00ed la imagen de marca de &#034;elaboraci\u00f3n artesanal&#034;.<\/p>\n<p>As\u00ed, tras el cambio de packaging, las quejas de los clientes se han reducido en un 60% y los pedidos al por mayor han aumentado en un 50%.<\/p>\n<h2>Tu manual de personalizaci\u00f3n<\/h2>\n<ol>\n<li><strong>Grabado personalizado:<\/strong>Agregue nombres personalizados, fechas o mensajes cortos en el frasco para bodas o colecciones de regalos.<\/li>\n<li><strong>Opciones de tapa personalizada:<\/strong>Elija entre tapas de corcho, bamb\u00fa o metal de colores para combinar con diferentes temas o estilos de marca.<\/li>\n<\/ol>\n<\/div>\n<\/div>\n<\/div>\n<\/div>\n<\/div>\n<\/div>","protected":false},"excerpt":{"rendered":"<p>Encantadoras botellas de yogur de vidrio con forma de coraz\u00f3n, ideales para postres, mermeladas o velas. Rom\u00e1nticos frascos de vidrio, perfectos para regalos o ocasiones especiales.<\/p>","protected":false},"featured_media":22536,"template":"","meta":[],"product_brand":[],"product_cat":[124,122,130],"product_tag":[],"class_list":{"0":"post-22531","1":"product","2":"type-product","3":"status-publish","4":"has-post-thumbnail","6":"product_cat-custom-glass-jars","7":"product_cat-custom-glass-packaging","8":"product_cat-glass-yogurt-jars","10":"first","11":"instock","12":"shipping-taxable","13":"product-type-simple"},"jetpack_sharing_enabled":true,"_links":{"self":[{"href":"https:\/\/yebodaglass.com\/es\/wp-json\/wp\/v2\/product\/22531","targetHints":{"allow":["GET"]}}],"collection":[{"href":"https:\/\/yebodaglass.com\/es\/wp-json\/wp\/v2\/product"}],"about":[{"href":"https:\/\/yebodaglass.com\/es\/wp-json\/wp\/v2\/types\/product"}],"version-history":[{"count":6,"href":"https:\/\/yebodaglass.com\/es\/wp-json\/wp\/v2\/product\/22531\/revisions"}],"predecessor-version":[{"id":22563,"href":"https:\/\/yebodaglass.com\/es\/wp-json\/wp\/v2\/product\/22531\/revisions\/22563"}],"wp:featuredmedia":[{"embeddable":true,"href":"https:\/\/yebodaglass.com\/es\/wp-json\/wp\/v2\/media\/22536"}],"wp:attachment":[{"href":"https:\/\/yebodaglass.com\/es\/wp-json\/wp\/v2\/media?parent=22531"}],"wp:term":[{"taxonomy":"product_brand","embeddable":true,"href":"https:\/\/yebodaglass.com\/es\/wp-json\/wp\/v2\/product_brand?post=22531"},{"taxonomy":"product_cat","embeddable":true,"href":"https:\/\/yebodaglass.com\/es\/wp-json\/wp\/v2\/product_cat?post=22531"},{"taxonomy":"product_tag","embeddable":true,"href":"https:\/\/yebodaglass.com\/es\/wp-json\/wp\/v2\/product_tag?post=22531"}],"curies":[{"name":"wp","href":"https:\/\/api.w.org\/{rel}","templated":true}]}}