{"id":22511,"date":"2025-10-21T10:29:18","date_gmt":"2025-10-21T02:29:18","guid":{"rendered":"https:\/\/yebodaglass.com\/?post_type=product&#038;p=22511"},"modified":"2025-11-28T15:58:15","modified_gmt":"2025-11-28T07:58:15","slug":"mini-transparent-glass-yogurt-bottles-wholesale-dessert-container","status":"publish","type":"product","link":"https:\/\/yebodaglass.com\/es\/mini-transparent-glass-yogurt-bottles-wholesale-dessert-container\/","title":{"rendered":"Mini Transparent Glass Yogurt Bottles Wholesale \u2013 Dessert Container 100 \u2013 200ml"},"content":{"rendered":"<div class=\"text-base my-auto mx-auto pb-10 [--thread-content-margin:--spacing(4)] thread-sm:[--thread-content-margin:--spacing(6)] thread-lg:[--thread-content-margin:--spacing(16)] px-(--thread-content-margin)\">\n<div class=\"[--thread-content-max-width:40rem] thread-lg:[--thread-content-max-width:48rem] mx-auto max-w-(--thread-content-max-width) flex-1 group\/turn-messages focus-visible:outline-hidden relative flex w-full min-w-0 flex-col agent-turn\" tabindex=\"-1\">\n<div class=\"flex max-w-full flex-col grow\">\n<div class=\"min-h-8 text-message relative flex w-full flex-col items-end gap-2 text-start break-words whitespace-normal [.text-message+&amp;]:mt-1\" dir=\"auto\" data-message-author-role=\"assistant\" data-message-id=\"26beda35-2f10-4dda-a7c4-c139e3bf47ff\" data-message-model-slug=\"gpt-5\">\n<div class=\"flex w-full flex-col gap-1 empty:hidden first:pt-[1px]\">\n<div class=\"markdown prose dark:prose-invert w-full break-words light markdown-new-styling\">\n<p>\u00bfCansado de envases de l\u00e1cteos que se derraman o impiden que la leche se conserve fresca? Creamos botellas de vidrio para leche con tapa, ideales para disfrutar de postres con la m\u00e1xima comodidad: \u00a1se acabaron las cucharadas que se derraman! Estas botellas de vidrio para almacenar leche transforman el dulce empaque en confianza. Los pedidos al por mayor incluyen botellas de vidrio personalizadas que se adaptan a la imagen de tu marca.<\/p>\n<h2>Caracter\u00edsticas del producto<\/h2>\n<p><strong>Dise\u00f1o elegante con volantes<\/strong><\/p>\n<p>Stanco di bottiglie di latte che si rovesciano o hanno un sapore stantio? Realizziamo contenitori in vetro per bottiglie di latte con sistema antifurto: niente pi\u00f9 sprechi di latte. Queste bottiglie di vetro per latte alla fragola trasformano l&#039;imbottigliamento delle bevande in un&#039;esperienza di fiducia. Per ordini all&#039;ingrosso, puoi ottenere bottiglie di vetro personalizzate in linea con l&#039;atmosfera del tuo brand.<\/p>\n<p><strong>Design del collo antimanomissione<\/strong><\/p>\n<p>Mantiene il prodotto sicuro e fresco dal momento in cui viene sigillato con un sigillo monouso ben chiuso.<\/p>\n<p><strong>Solido e riciclabile<\/strong><\/p>\n<p>Realizzato in vetro spesso e di alta qualit\u00e0, per durare a lungo e risultare facile da maneggiare.<\/p>\n<p><strong>Ampia variet\u00e0 di usi<\/strong><\/p>\n<p>Perfetto per latte, frullati, caff\u00e8 freddo e bevande fresche.<\/p>\n<h2>Especificaciones clave<\/h2>\n<table style=\"border-collapse: collapse; width: 80%; margin-left: auto; margin-right: auto;\" border=\"0\" width=\"288\" cellspacing=\"0\" cellpadding=\"0\">\n<tbody>\n<tr style=\"height: 13.50pt;\">\n<td style=\"height: 13.5pt; width: 54pt; text-align: center;\" width=\"72\" height=\"18\">Modelo<\/td>\n<td style=\"width: 54pt; text-align: center;\" width=\"72\">Capacidad (ml)<\/td>\n<td style=\"width: 54pt; text-align: center;\" width=\"72\">Tama\u00f1o (cm)<\/td>\n<td style=\"width: 54pt; text-align: center;\" width=\"72\">Vantaggi di marketing<\/td>\n<\/tr>\n<tr style=\"height: 13.50pt;\">\n<td style=\"height: 13.5pt; text-align: center;\" align=\"right\" height=\"18\">64010031<\/td>\n<td style=\"text-align: center;\" align=\"right\">100<\/td>\n<td style=\"text-align: center;\">6.8&#215;6.7<\/td>\n<td class=\"et2\" style=\"text-align: center;\" rowspan=\"4\">Facilita l&#039;uso di coperchi personalizzati, la stampa di loghi di marchi ed etichette per la notoriet\u00e0 del marchio.<\/td>\n<\/tr>\n<tr style=\"height: 13.50pt;\">\n<td style=\"height: 13.5pt; text-align: center;\" align=\"right\" height=\"18\">64013032<\/td>\n<td style=\"text-align: center;\" align=\"right\">130<\/td>\n<td style=\"text-align: center;\">6.6&#215;7.4<\/td>\n<\/tr>\n<tr style=\"height: 13.50pt;\">\n<td style=\"height: 13.5pt; text-align: center;\" align=\"right\" height=\"18\">64015033<\/td>\n<td style=\"text-align: center;\" align=\"right\">150<\/td>\n<td style=\"text-align: center;\">6.4&#215;7.7<\/td>\n<\/tr>\n<tr style=\"height: 13.50pt;\">\n<td style=\"height: 13.5pt; text-align: center;\" align=\"right\" height=\"18\">64020034<\/td>\n<td style=\"text-align: center;\" align=\"right\">200<\/td>\n<td style=\"text-align: center;\">7.2&#215;7.5<\/td>\n<\/tr>\n<\/tbody>\n<\/table>\n<h2>Caso de \u00e9xito<\/h2>\n<p>Una f\u00e1brica europea de postres buscaba un envase de alta gama para su nueva l\u00ednea de panna cotta. Eligieron nuestras botellas de yogur de vidrio personalizadas de 130 ml con tapas herm\u00e9ticas de aluminio. Este dise\u00f1o buscaba realzar la textura suave del postre y garantizar su frescura durante el env\u00edo. Se a\u00f1adieron nervaduras verticales de vidrio a la botella para lograr un aspecto refinado y artesanal, y un relieve personalizado en el hombro realzaba con elegancia el logotipo de la marca.<\/p>\n<p>\u00bfEl resultado? Los pedidos al por mayor aumentaron un 50% y la l\u00ednea de panna cotta se convirti\u00f3 r\u00e1pidamente en un \u00e9xito de ventas en el primer mes de su lanzamiento.<\/p>\n<h2>Tu manual de personalizaci\u00f3n<\/h2>\n<ol>\n<li><strong>Bandas de \u201cPaleta de Postres\u201d: <\/strong>A\u00f1ade franjas pastel a la botella de vidrio para pud\u00edn (p. ej., \"Verde Menta\"). Dile a los clientes: \"Postre fresco, alegr\u00eda fresca\".<\/li>\n<li><strong>Fasce stagionali di fragole: <\/strong>Aggiungi delle fascette rosa alla bottiglia di vetro del latte alla fragola (ad esempio, &#034;Fragola estiva&#034;). Di&#039; ai clienti: &#034;Latte fresco, gioia fresca&#034;.<\/li>\n<\/ol>\n<\/div>\n<\/div>\n<\/div>\n<\/div>\n<\/div>\n<\/div>","protected":false},"excerpt":{"rendered":"<p>Botellas de vidrio transparente para yogur al por mayor, ideales para postres, yogur o velas. Frascos de vidrio duraderos y reutilizables, perfectos para envases de vidrio.<\/p>","protected":false},"featured_media":22518,"template":"","meta":[],"product_brand":[],"product_cat":[124,122,130],"product_tag":[],"class_list":{"0":"post-22511","1":"product","2":"type-product","3":"status-publish","4":"has-post-thumbnail","6":"product_cat-custom-glass-jars","7":"product_cat-custom-glass-packaging","8":"product_cat-glass-yogurt-jars","10":"first","11":"instock","12":"shipping-taxable","13":"product-type-simple"},"jetpack_sharing_enabled":true,"_links":{"self":[{"href":"https:\/\/yebodaglass.com\/es\/wp-json\/wp\/v2\/product\/22511","targetHints":{"allow":["GET"]}}],"collection":[{"href":"https:\/\/yebodaglass.com\/es\/wp-json\/wp\/v2\/product"}],"about":[{"href":"https:\/\/yebodaglass.com\/es\/wp-json\/wp\/v2\/types\/product"}],"version-history":[{"count":5,"href":"https:\/\/yebodaglass.com\/es\/wp-json\/wp\/v2\/product\/22511\/revisions"}],"predecessor-version":[{"id":24186,"href":"https:\/\/yebodaglass.com\/es\/wp-json\/wp\/v2\/product\/22511\/revisions\/24186"}],"wp:featuredmedia":[{"embeddable":true,"href":"https:\/\/yebodaglass.com\/es\/wp-json\/wp\/v2\/media\/22518"}],"wp:attachment":[{"href":"https:\/\/yebodaglass.com\/es\/wp-json\/wp\/v2\/media?parent=22511"}],"wp:term":[{"taxonomy":"product_brand","embeddable":true,"href":"https:\/\/yebodaglass.com\/es\/wp-json\/wp\/v2\/product_brand?post=22511"},{"taxonomy":"product_cat","embeddable":true,"href":"https:\/\/yebodaglass.com\/es\/wp-json\/wp\/v2\/product_cat?post=22511"},{"taxonomy":"product_tag","embeddable":true,"href":"https:\/\/yebodaglass.com\/es\/wp-json\/wp\/v2\/product_tag?post=22511"}],"curies":[{"name":"wp","href":"https:\/\/api.w.org\/{rel}","templated":true}]}}