{"id":22500,"date":"2025-10-20T17:37:27","date_gmt":"2025-10-20T09:37:27","guid":{"rendered":"https:\/\/yebodaglass.com\/?post_type=product&#038;p=22500"},"modified":"2025-11-28T15:58:10","modified_gmt":"2025-11-28T07:58:10","slug":"pudding-glass-bottles-with-plastic-lids-bulk-custom-cute-yogurt-jars","status":"publish","type":"product","link":"https:\/\/yebodaglass.com\/es\/pudding-glass-bottles-with-plastic-lids-bulk-custom-cute-yogurt-jars\/","title":{"rendered":"Botellas redondas de vidrio para pud\u00edn \u2013 Tarros de yogur de 100 a 200 ml con tapa de pl\u00e1stico"},"content":{"rendered":"<p>\u00bfCansado de los envases de l\u00e1cteos que se derraman o esconden la frescura? Creamos botellas de vidrio para leche con tapa para que disfrutes de la magia de los envases de pud\u00edn: se acabaron las palas desordenadas. Las botellas de vidrio para pud\u00edn convierten un empaque dulce en confianza. Los pedidos al por mayor incluyen botellas de vidrio para pud\u00edn personalizadas que se adaptan al estilo de tu marca.<\/p>\n<h2>Caracter\u00edsticas del producto<\/h2>\n<p><strong>Maravilla de boca ancha<\/strong><\/p>\n<p>Preparaci\u00f3n f\u00e1cil para postres: su botella de vidrio para pud\u00edn hace que servirlo sea muy sencillo.<\/p>\n<p><strong>Claridad cristalina<\/strong><\/p>\n<p>El vidrio de alta transparencia muestra el color y la textura al instante: los clientes conf\u00edan en su botella de leche de vidrio con tapa a primera vista.<\/p>\n<p><strong>Dulce magia personalizada<\/strong><\/p>\n<p>A\u00f1ade tu logotipo a la botella de vidrio para pud\u00edn con tapa.<\/p>\n<h2>Especificaciones clave<\/h2>\n<table style=\"border-collapse: collapse; width: 80%; margin-left: auto; margin-right: auto;\" border=\"0\" width=\"360\" cellspacing=\"0\" cellpadding=\"0\">\n<tbody>\n<tr style=\"height: 13.50pt;\">\n<td style=\"height: 13.5pt; width: 54pt; text-align: center;\" width=\"72\" height=\"18\">Modelo<\/td>\n<td style=\"width: 54pt; text-align: center;\" width=\"72\">Capacidad (ml)<\/td>\n<td style=\"width: 54pt; text-align: center;\" width=\"72\">Tama\u00f1o (cm)<\/td>\n<td style=\"width: 54pt; text-align: center;\" width=\"72\">Tipo de cuello<\/td>\n<td style=\"width: 54pt; text-align: center;\" width=\"72\">Forma<\/td>\n<\/tr>\n<tr style=\"height: 13.50pt;\">\n<td style=\"height: 13.5pt; text-align: center;\" align=\"right\" height=\"18\">64015026<\/td>\n<td style=\"text-align: center;\" align=\"right\">150<\/td>\n<td style=\"text-align: center;\">6.5&#215;7.0<\/td>\n<td class=\"et2\" style=\"text-align: center;\" rowspan=\"2\">Boca ancha<\/td>\n<td class=\"et2\" style=\"text-align: center;\" rowspan=\"5\">Redondo<\/td>\n<\/tr>\n<tr style=\"height: 13.50pt;\">\n<td style=\"height: 13.5pt; text-align: center;\" align=\"right\" height=\"18\">64020027<\/td>\n<td style=\"text-align: center;\" align=\"right\">200<\/td>\n<td style=\"text-align: center;\">7.1&#215;7.7<\/td>\n<\/tr>\n<tr style=\"height: 13.50pt;\">\n<td style=\"height: 13.5pt; text-align: center;\" align=\"right\" height=\"18\">64010028<\/td>\n<td style=\"text-align: center;\" align=\"right\">100<\/td>\n<td style=\"text-align: center;\">5.5&#215;7.5<\/td>\n<td class=\"et2\" style=\"text-align: center;\" rowspan=\"3\">Cuello de orejeta<\/td>\n<\/tr>\n<tr style=\"height: 13.50pt;\">\n<td style=\"height: 13.5pt; text-align: center;\" align=\"right\" height=\"18\">64015029<\/td>\n<td style=\"text-align: center;\" align=\"right\">150<\/td>\n<td style=\"text-align: center;\">6.5&#215;8.3<\/td>\n<\/tr>\n<tr style=\"height: 13.50pt;\">\n<td style=\"height: 13.5pt; text-align: center;\" align=\"right\" height=\"18\">64020030<\/td>\n<td style=\"text-align: center;\" align=\"right\">200<\/td>\n<td style=\"text-align: center;\">6.8&#215;8.5<\/td>\n<\/tr>\n<\/tbody>\n<\/table>\n<h2>Caso de \u00e9xito<\/h2>\n<p>Una popular tienda surcoreana de pudines artesanales nos contact\u00f3 para ofrecer una soluci\u00f3n de envasado elegante y funcional en vidrio. La botella de leche de vidrio personalizada, de 150 ml de capacidad, tiene una boca ancha y una tapa sellada para realzar la textura suave y delicada del pudin. La boca ancha facilita la extracci\u00f3n, mientras que el tap\u00f3n de rosca recubierto de silicona garantiza un transporte herm\u00e9tico. Para realzar su imagen artesanal, la marca tambi\u00e9n utiliz\u00f3 una sencilla etiqueta de papel kraft y un lazo para el embalaje.<\/p>\n<p>Cuando se cambi\u00f3 el embalaje, las quejas por derrames hab\u00edan disminuido en un 80% y los pedidos al por mayor hab\u00edan aumentado en un 50% en un par de semanas.<\/p>\n<h2>Tu manual de personalizaci\u00f3n<\/h2>\n<ol>\n<li><strong>Bandas de \u201cPaleta de Postres\u201d: <\/strong>A\u00f1ade franjas pastel a la botella de vidrio para pud\u00edn (p. ej., \"Verde Menta\"). Dile a los clientes: \"Postre fresco, alegr\u00eda fresca\".<\/li>\n<li><strong>Sets \u201cMini Leche\u201d: <\/strong>Cree paquetes de pinta y cuarto de gal\u00f3n con dos de 100 ml + uno de 200 ml, perfectos para las necesidades de botellas de leche de vidrio de pinta.<\/li>\n<\/ol>","protected":false},"excerpt":{"rendered":"<p>Bonitas botellas redondas de vidrio para pud\u00edn con tapa de pl\u00e1stico, perfectas para postres, yogur y natillas. Resistentes, transparentes e ideales para envasar y almacenar.<\/p>","protected":false},"featured_media":22503,"template":"","meta":[],"product_brand":[],"product_cat":[124,122,130],"product_tag":[],"class_list":{"0":"post-22500","1":"product","2":"type-product","3":"status-publish","4":"has-post-thumbnail","6":"product_cat-custom-glass-jars","7":"product_cat-custom-glass-packaging","8":"product_cat-glass-yogurt-jars","10":"first","11":"instock","12":"shipping-taxable","13":"product-type-simple"},"jetpack_sharing_enabled":true,"_links":{"self":[{"href":"https:\/\/yebodaglass.com\/es\/wp-json\/wp\/v2\/product\/22500","targetHints":{"allow":["GET"]}}],"collection":[{"href":"https:\/\/yebodaglass.com\/es\/wp-json\/wp\/v2\/product"}],"about":[{"href":"https:\/\/yebodaglass.com\/es\/wp-json\/wp\/v2\/types\/product"}],"version-history":[{"count":6,"href":"https:\/\/yebodaglass.com\/es\/wp-json\/wp\/v2\/product\/22500\/revisions"}],"predecessor-version":[{"id":24185,"href":"https:\/\/yebodaglass.com\/es\/wp-json\/wp\/v2\/product\/22500\/revisions\/24185"}],"wp:featuredmedia":[{"embeddable":true,"href":"https:\/\/yebodaglass.com\/es\/wp-json\/wp\/v2\/media\/22503"}],"wp:attachment":[{"href":"https:\/\/yebodaglass.com\/es\/wp-json\/wp\/v2\/media?parent=22500"}],"wp:term":[{"taxonomy":"product_brand","embeddable":true,"href":"https:\/\/yebodaglass.com\/es\/wp-json\/wp\/v2\/product_brand?post=22500"},{"taxonomy":"product_cat","embeddable":true,"href":"https:\/\/yebodaglass.com\/es\/wp-json\/wp\/v2\/product_cat?post=22500"},{"taxonomy":"product_tag","embeddable":true,"href":"https:\/\/yebodaglass.com\/es\/wp-json\/wp\/v2\/product_tag?post=22500"}],"curies":[{"name":"wp","href":"https:\/\/api.w.org\/{rel}","templated":true}]}}