{"id":22488,"date":"2025-10-20T17:04:07","date_gmt":"2025-10-20T09:04:07","guid":{"rendered":"https:\/\/yebodaglass.com\/?post_type=product&#038;p=22488"},"modified":"2025-11-04T11:56:48","modified_gmt":"2025-11-04T03:56:48","slug":"round-glass-pudding-bottles-bulk-custom-yogurt-jars","status":"publish","type":"product","link":"https:\/\/yebodaglass.com\/es\/round-glass-pudding-bottles-bulk-custom-yogurt-jars\/","title":{"rendered":"Botella redonda de vidrio para pud\u00edn \u2013 Tarros de yogur de 50-200 ml con tapas met\u00e1licas"},"content":{"rendered":"<p>\u00bfCansado de los envases de l\u00e1cteos que se derraman o pierden frescura? Fabricamos botellas de vidrio para leche con tapas para un postre perfecto: se acabaron los postres blandos. Estas botellas de vidrio para almacenar leche convierten los envases dulces en confianza. Los pedidos al por mayor incluyen botellas de vidrio personalizadas que combinan con el estilo de tu marca.<\/p>\n<h2>Caracter\u00edsticas del producto<\/h2>\n<p><strong>Dise\u00f1o elegante y funcional<\/strong><\/p>\n<p>Un dise\u00f1o de rosca de boca ancha de la botella delgada hace que servir y llenar sea pr\u00e1ctico y el aspecto de las capas y colores del postre se resalta visualmente sin ning\u00fan esfuerzo adicional, siendo la apariencia simple y encantadora.<\/p>\n<p><strong>Material de primera calidad de grado alimenticio<\/strong><\/p>\n<p>Con gran claridad y transparencia, el vidrio es un producto apto para uso alimentario, sin plomo, resistente al calor y sin olor, lo que lo hace bueno tanto para postres fr\u00edos como al vapor.<\/p>\n<p><strong>Funcionalidad pr\u00e1ctica y reutilizaci\u00f3n<\/strong><\/p>\n<p>El producto es herm\u00e9tico y mantiene el postre fresco. Su amplia abertura facilita la limpieza y reutilizaci\u00f3n del envase, por lo que un envase puede utilizarse tanto para postres caseros como comerciales.<\/p>\n<p><strong>Opciones de personalizaci\u00f3n vers\u00e1tiles<\/strong><\/p>\n<p>Las necesidades de marca y aplicaci\u00f3n se pueden satisfacer mediante capacidad, impresi\u00f3n de logotipos, etiquetado y personalizaci\u00f3n del estilo de la tapa (met\u00e1lica, pl\u00e1stica o a prueba de manipulaciones).<\/p>\n<h2>Especificaciones clave<\/h2>\n<table style=\"border-collapse: collapse; width: 80%; margin-right: auto; margin-left: auto;\" border=\"0\" width=\"360\" cellspacing=\"0\" cellpadding=\"0\">\n<tbody>\n<tr style=\"height: 13.50pt;\">\n<td style=\"height: 13.5pt; width: 54pt; text-align: center;\" width=\"72\" height=\"18\">Modelo<\/td>\n<td style=\"width: 54pt; text-align: center;\" width=\"72\">Capacidad (ml)<\/td>\n<td style=\"width: 54pt; text-align: center;\" width=\"72\">Tama\u00f1o (cm)<\/td>\n<td style=\"width: 54pt; text-align: center;\" width=\"72\">Tipo de cuello<\/td>\n<td style=\"width: 54pt; text-align: center;\" width=\"72\">Forma<\/td>\n<\/tr>\n<tr style=\"height: 13.50pt;\">\n<td style=\"height: 13.5pt; text-align: center;\" align=\"right\" height=\"18\">64005021<\/td>\n<td style=\"text-align: center;\" align=\"right\">50<\/td>\n<td style=\"text-align: center;\">4.8&#215;5.8<\/td>\n<td class=\"et2\" style=\"text-align: center;\" rowspan=\"5\">Roscado<\/td>\n<td class=\"et2\" style=\"text-align: center;\" rowspan=\"5\">Redondo<\/td>\n<\/tr>\n<tr style=\"height: 13.50pt;\">\n<td style=\"height: 13.5pt; text-align: center;\" align=\"right\" height=\"18\">64007522<\/td>\n<td style=\"text-align: center;\" align=\"right\">75<\/td>\n<td style=\"text-align: center;\">5.1&#215;7.1<\/td>\n<\/tr>\n<tr style=\"height: 13.50pt;\">\n<td style=\"height: 13.5pt; text-align: center;\" align=\"right\" height=\"18\">64010023<\/td>\n<td style=\"text-align: center;\" align=\"right\">100<\/td>\n<td style=\"text-align: center;\">5.5&#215;7.3<\/td>\n<\/tr>\n<tr style=\"height: 13.50pt;\">\n<td style=\"height: 13.5pt; text-align: center;\" align=\"right\" height=\"18\">64015024<\/td>\n<td style=\"text-align: center;\" align=\"right\">150<\/td>\n<td style=\"text-align: center;\">6.5&#215;7.8<\/td>\n<\/tr>\n<tr style=\"height: 13.50pt;\">\n<td style=\"height: 13.5pt; text-align: center;\" align=\"right\" height=\"18\">64020025<\/td>\n<td style=\"text-align: center;\" align=\"right\">200<\/td>\n<td style=\"text-align: center;\">7.0&#215;9.0<\/td>\n<\/tr>\n<\/tbody>\n<\/table>\n<h2>Caso de \u00e9xito<\/h2>\n<p>Una marca japonesa de postres boutique nos contact\u00f3 para que cre\u00e1ramos un frasco de vidrio para pud\u00edn de 75 ml a medida. El vidrio es transparente y de calidad alimentaria, por lo que estos frascos son el soporte ideal para exhibir la textura aterciopelada y el hermoso color natural del pud\u00edn. Los frascos tienen una forma redondeada y refinada, y una base robusta, lo que les da un aspecto premium y resistente. Una tapa de aluminio dorado y un sello herm\u00e9tico de silicona los cierran y evitan fugas. Se a\u00f1adieron un logotipo serigrafiado y una etiqueta esmerilada para reflejar el estilo elegante de la marca.<\/p>\n<p>Al final del primer mes, las ventas hab\u00edan aumentado un 55% luego del lanzamiento y los clientes elogiaron los frascos tanto visualmente como por ser una forma conveniente de almacenamiento.<\/p>\n<h2>Tu manual de personalizaci\u00f3n<\/h2>\n<ol>\n<li><strong>Tapas de botellas personalizadas:<\/strong> Seleccione los diferentes materiales y colores, como metal, pl\u00e1stico y tapas antirrobo. Para una mejor identificaci\u00f3n, incluya el logotipo de su marca o una imagen impresa.<\/li>\n<li><strong>Productos personalizados:<\/strong> Hay numerosos tratamientos de superficie disponibles, como esmerilado, serigraf\u00eda, estampado en caliente y etiquetado, que hacen que la botella sea m\u00e1s decorativa y est\u00e9 m\u00e1s orientada a la marca.<\/li>\n<\/ol>","protected":false},"excerpt":{"rendered":"<p>Botellas redondas de vidrio para pud\u00edn y leche con tapa, ideales para postres, yogur o mermelada. Duraderas, reutilizables y personalizables para diferentes marcas de envases de alimentos.<\/p>","protected":false},"featured_media":22492,"template":"","meta":[],"product_brand":[],"product_cat":[124,122,130],"product_tag":[],"class_list":{"0":"post-22488","1":"product","2":"type-product","3":"status-publish","4":"has-post-thumbnail","6":"product_cat-custom-glass-jars","7":"product_cat-custom-glass-packaging","8":"product_cat-glass-yogurt-jars","10":"first","11":"instock","12":"shipping-taxable","13":"product-type-simple"},"jetpack_sharing_enabled":true,"_links":{"self":[{"href":"https:\/\/yebodaglass.com\/es\/wp-json\/wp\/v2\/product\/22488","targetHints":{"allow":["GET"]}}],"collection":[{"href":"https:\/\/yebodaglass.com\/es\/wp-json\/wp\/v2\/product"}],"about":[{"href":"https:\/\/yebodaglass.com\/es\/wp-json\/wp\/v2\/types\/product"}],"version-history":[{"count":5,"href":"https:\/\/yebodaglass.com\/es\/wp-json\/wp\/v2\/product\/22488\/revisions"}],"predecessor-version":[{"id":22507,"href":"https:\/\/yebodaglass.com\/es\/wp-json\/wp\/v2\/product\/22488\/revisions\/22507"}],"wp:featuredmedia":[{"embeddable":true,"href":"https:\/\/yebodaglass.com\/es\/wp-json\/wp\/v2\/media\/22492"}],"wp:attachment":[{"href":"https:\/\/yebodaglass.com\/es\/wp-json\/wp\/v2\/media?parent=22488"}],"wp:term":[{"taxonomy":"product_brand","embeddable":true,"href":"https:\/\/yebodaglass.com\/es\/wp-json\/wp\/v2\/product_brand?post=22488"},{"taxonomy":"product_cat","embeddable":true,"href":"https:\/\/yebodaglass.com\/es\/wp-json\/wp\/v2\/product_cat?post=22488"},{"taxonomy":"product_tag","embeddable":true,"href":"https:\/\/yebodaglass.com\/es\/wp-json\/wp\/v2\/product_tag?post=22488"}],"curies":[{"name":"wp","href":"https:\/\/api.w.org\/{rel}","templated":true}]}}