{"id":22482,"date":"2025-10-20T15:55:45","date_gmt":"2025-10-20T07:55:45","guid":{"rendered":"https:\/\/yebodaglass.com\/?post_type=product&#038;p=22482"},"modified":"2025-11-11T13:52:06","modified_gmt":"2025-11-11T05:52:06","slug":"wholesale-square-glass-milk-bottles-custom-beverage-container","status":"publish","type":"product","link":"https:\/\/yebodaglass.com\/es\/wholesale-square-glass-milk-bottles-custom-beverage-container\/","title":{"rendered":"Botellas de leche cuadradas de vidrio al por mayor con tapas de pl\u00e1stico, de 300 a 500 ml."},"content":{"rendered":"<p>\u00bfCansado de las botellas de leche que ocupan espacio en las estanter\u00edas? Fabricamos botellas de leche cuadradas de vidrio con una geometr\u00eda que ahorra espacio: \u00a1se acabaron las esquinas inc\u00f3modas! Estas botellas de vidrio para almacenar leche convierten el embotellado de bebidas en una apuesta segura para la venta minorista. Con pedidos al por mayor, recibir\u00e1s botellas de vidrio personalizadas que se adaptan a la est\u00e9tica fresca de tu marca.<\/p>\n<h2>Caracter\u00edsticas del producto<\/h2>\n<p><strong>Dise\u00f1o<\/strong><\/p>\n<p>El contenedor cuadrado, con cuello roscado, ofrece una soluci\u00f3n de dise\u00f1o minimalista y estable, ya que se apila y transporta f\u00e1cilmente. El cuello roscado permite el uso de diferentes tipos de tapas.<\/p>\n<ul>\n<li><strong>Material: <\/strong>Est\u00e1 hecho de vidrio grueso y altamente transparente, es resistente al calor, inodoro, sin plomo y no t\u00f3xico, por lo que es seguro incluso para bebidas como leche y jugo.<\/li>\n<li><strong>Funcionalidad:\u00a0<\/strong>Es un recipiente reutilizable, herm\u00e9tico y que mantiene la frescura. Su boca ancha se limpia f\u00e1cilmente, por lo que puede usarse tanto en el hogar como en el \u00e1mbito comercial.<\/li>\n<li><strong>Personalizaci\u00f3n:\u00a0<\/strong>Su marca puede beneficiarse de las opciones de embalaje al poder personalizar la capacidad, la impresi\u00f3n del logotipo, el color de la tapa y el material (aluminio, pl\u00e1stico o a prueba de manipulaciones).<\/li>\n<\/ul>\n<h2>Especificaciones clave<\/h2>\n<table style=\"border-collapse: collapse; width: 80%; margin-left: auto; margin-right: auto;\" border=\"0\" width=\"288\" cellspacing=\"0\" cellpadding=\"0\">\n<tbody>\n<tr style=\"height: 13.50pt;\">\n<td style=\"height: 13.5pt; width: 54pt; text-align: center;\" width=\"72\" height=\"18\">Modelo<\/td>\n<td style=\"width: 54pt; text-align: center;\" width=\"72\">Capacidad (ml)<\/td>\n<td style=\"width: 54pt; text-align: center;\" width=\"72\">Tama\u00f1o (cm)<\/td>\n<td style=\"width: 54pt; text-align: center;\" width=\"72\">Forma<\/td>\n<\/tr>\n<tr style=\"height: 13.50pt;\">\n<td style=\"height: 13.5pt; text-align: center;\" align=\"right\" height=\"18\">64030019<\/td>\n<td style=\"text-align: center;\" align=\"right\">300<\/td>\n<td style=\"text-align: center;\">7.6&#215;12.3<\/td>\n<td class=\"et2\" style=\"text-align: center;\" rowspan=\"2\">Cuadrado<\/td>\n<\/tr>\n<tr style=\"height: 13.50pt;\">\n<td style=\"height: 13.5pt; text-align: center;\" align=\"right\" height=\"18\">64050020<\/td>\n<td style=\"text-align: center;\" align=\"right\">500<\/td>\n<td style=\"text-align: center;\">8.6&#215;13.6<\/td>\n<\/tr>\n<\/tbody>\n<\/table>\n<h2>Caso de \u00e9xito<\/h2>\n<p>Un productor neozeland\u00e9s de leche org\u00e1nica buscaba una soluci\u00f3n de envasado que ahorrara espacio para sus botellas redondas, que ten\u00edan un aspecto tradicional pero ocupaban mucho espacio en los estantes de las tiendas y durante los env\u00edos. Quer\u00edan una botella cuadrada de vidrio a medida que no comprometiera la imagen de su marca. El resultado fue un dise\u00f1o sencillo y elegante, apilable y compacto. El dise\u00f1o cuadrado no solo les ha permitido aumentar el espacio en los estantes en un 25 %, sino que tambi\u00e9n han optado por un tap\u00f3n de rosca met\u00e1lico plateado con un sello de silicona de grado alimenticio para mantener la leche fresca desde la granja hasta la tienda. Cada botella lleva el logotipo de la empresa impreso en un lateral. \u00a1En tan solo dos semanas, el volumen de pedidos al por mayor se ha duplicado!<\/p>\n<h2>Tu manual de personalizaci\u00f3n<\/h2>\n<ol>\n<li><strong>Tapas de botellas personalizadas:<\/strong>Puede elegir entre tapas de aluminio, a prueba de manipulaciones o de pl\u00e1stico en una variedad de colores (como plata, blanco y dorado) y opciones de impresi\u00f3n de logotipos para mejorar el reconocimiento de la marca.<\/li>\n<li><strong>Acabados de superficie personalizados:<\/strong>Admitimos una variedad de opciones decorativas, que incluyen serigraf\u00eda, estampado en caliente, glaseado y etiquetado, para crear efectos visuales \u00fanicos y mejorar el atractivo y el reconocimiento premium de su producto.<\/li>\n<\/ol>","protected":false},"excerpt":{"rendered":"<p>Botellas de leche cuadradas de vidrio resistentes para envasado y almacenamiento, ideales para l\u00e1cteos y bebidas. Reutilizables, personalizables y perfectas para marcas ecol\u00f3gicas.<\/p>","protected":false},"featured_media":22484,"template":"","meta":[],"product_brand":[],"product_cat":[123,122,131],"product_tag":[],"class_list":{"0":"post-22482","1":"product","2":"type-product","3":"status-publish","4":"has-post-thumbnail","6":"product_cat-custom-glass-bottles","7":"product_cat-custom-glass-packaging","8":"product_cat-glass-milk-bottles","10":"first","11":"instock","12":"shipping-taxable","13":"product-type-simple"},"jetpack_sharing_enabled":true,"_links":{"self":[{"href":"https:\/\/yebodaglass.com\/es\/wp-json\/wp\/v2\/product\/22482","targetHints":{"allow":["GET"]}}],"collection":[{"href":"https:\/\/yebodaglass.com\/es\/wp-json\/wp\/v2\/product"}],"about":[{"href":"https:\/\/yebodaglass.com\/es\/wp-json\/wp\/v2\/types\/product"}],"version-history":[{"count":3,"href":"https:\/\/yebodaglass.com\/es\/wp-json\/wp\/v2\/product\/22482\/revisions"}],"predecessor-version":[{"id":23591,"href":"https:\/\/yebodaglass.com\/es\/wp-json\/wp\/v2\/product\/22482\/revisions\/23591"}],"wp:featuredmedia":[{"embeddable":true,"href":"https:\/\/yebodaglass.com\/es\/wp-json\/wp\/v2\/media\/22484"}],"wp:attachment":[{"href":"https:\/\/yebodaglass.com\/es\/wp-json\/wp\/v2\/media?parent=22482"}],"wp:term":[{"taxonomy":"product_brand","embeddable":true,"href":"https:\/\/yebodaglass.com\/es\/wp-json\/wp\/v2\/product_brand?post=22482"},{"taxonomy":"product_cat","embeddable":true,"href":"https:\/\/yebodaglass.com\/es\/wp-json\/wp\/v2\/product_cat?post=22482"},{"taxonomy":"product_tag","embeddable":true,"href":"https:\/\/yebodaglass.com\/es\/wp-json\/wp\/v2\/product_tag?post=22482"}],"curies":[{"name":"wp","href":"https:\/\/api.w.org\/{rel}","templated":true}]}}