{"id":22431,"date":"2025-10-16T17:32:53","date_gmt":"2025-10-16T09:32:53","guid":{"rendered":"https:\/\/yebodaglass.com\/?post_type=product&#038;p=22431"},"modified":"2026-04-10T14:44:12","modified_gmt":"2026-04-10T06:44:12","slug":"glass-milk-bottles-with-lids-dairy-glass-bottle-supplier","status":"publish","type":"product","link":"https:\/\/yebodaglass.com\/es\/glass-milk-bottles-with-lids-dairy-glass-bottle-supplier\/","title":{"rendered":"Botellas de leche de vidrio al por mayor con tapas a prueba de manipulaciones de 100 a 930 ml."},"content":{"rendered":"<p>\u00bfCansado de las botellas de leche que se derraman o tienen un sabor rancio? Fabricamos botellas de leche de vidrio con rosca antirrobo: \u00a1adi\u00f3s al desperdicio de leche! Estas botellas de vidrio para l\u00e1cteos convierten el envasado de bebidas en una experiencia confiable. Los pedidos al por mayor incluyen botellas de vidrio personalizadas que reflejan la imagen de tu marca.<\/p>\n<h2>Caracter\u00edsticas del producto<\/h2>\n<ol>\n<li><strong>Dise\u00f1o del cuello a prueba de manipulaciones:\u00a0<\/strong>Mantiene el producto seguro y fresco desde el momento en que se sella con un precinto herm\u00e9tico de un solo uso.<\/li>\n<li><strong>S\u00f3lido y reciclable:\u00a0<\/strong>Fabricado con vidrio grueso de alta calidad para que sea duradero y f\u00e1cil de manejar.<\/li>\n<li><strong>Gran variedad de usos:\u00a0<\/strong>Perfecto para leche, batidos, caf\u00e9, zumos, agua y otras bebidas.<\/li>\n<li><strong>Ventajas de marketing:\u00a0<\/strong>Facilita el uso de tapas personalizadas, la impresi\u00f3n de logotipos de marca y el etiquetado para el reconocimiento de marca.<\/li>\n<\/ol>\n<h2>Especificaciones clave<\/h2>\n<table style=\"border-collapse: collapse; width: 80%; margin-left: auto; margin-right: auto;\" border=\"0\" width=\"288\" cellspacing=\"0\" cellpadding=\"0\">\n<tbody>\n<tr style=\"height: 13.50pt;\">\n<td style=\"height: 13.5pt; width: 54pt; text-align: center;\" width=\"72\" height=\"18\">Modelo<\/td>\n<td style=\"width: 54pt; text-align: center;\" width=\"72\">Capacidad (ml)<\/td>\n<td style=\"width: 54pt; text-align: center;\" width=\"72\">Tama\u00f1o (cm)<\/td>\n<td style=\"width: 54pt; text-align: center;\" width=\"72\">Tipo de cuello<\/td>\n<\/tr>\n<tr style=\"height: 13.50pt;\">\n<td style=\"height: 13.5pt; text-align: center;\" align=\"right\" height=\"18\">64010012<\/td>\n<td style=\"text-align: center;\" align=\"right\">100<\/td>\n<td style=\"text-align: center;\">4.5&#215;4.5&#215;10.5<\/td>\n<td class=\"et2\" style=\"text-align: center;\" rowspan=\"7\">Tapa de rosca de pl\u00e1stico a prueba de manipulaciones<\/td>\n<\/tr>\n<tr style=\"height: 13.50pt;\">\n<td style=\"height: 13.5pt; text-align: center;\" align=\"right\" height=\"18\">64024013<\/td>\n<td style=\"text-align: center;\" align=\"right\">240<\/td>\n<td style=\"text-align: center;\">5,4 x 5 x 14,4<\/td>\n<\/tr>\n<tr style=\"height: 13.50pt;\">\n<td style=\"height: 13.5pt; text-align: center;\" align=\"right\" height=\"18\">64030014<\/td>\n<td style=\"text-align: center;\" align=\"right\">300<\/td>\n<td style=\"text-align: center;\">5.9&#215;5.9&#215;15.9<\/td>\n<\/tr>\n<tr style=\"height: 13.50pt;\">\n<td style=\"height: 13.5pt; text-align: center;\" align=\"right\" height=\"18\">64036015<\/td>\n<td style=\"text-align: center;\" align=\"right\">360<\/td>\n<td style=\"text-align: center;\">6.1&#215;5.7&#215;16.6<\/td>\n<\/tr>\n<tr style=\"height: 13.50pt;\">\n<td style=\"height: 13.5pt; text-align: center;\" align=\"right\" height=\"18\">64040016<\/td>\n<td style=\"text-align: center;\" align=\"right\">400<\/td>\n<td style=\"text-align: center;\">6.5&#215;6.2&#215;17.1<\/td>\n<\/tr>\n<tr style=\"height: 13.50pt;\">\n<td style=\"height: 13.5pt; text-align: center;\" align=\"right\" height=\"18\">64050017<\/td>\n<td style=\"text-align: center;\" align=\"right\">500<\/td>\n<td style=\"text-align: center;\">6.8&#215;6.8&#215;18.6<\/td>\n<\/tr>\n<tr style=\"height: 13.50pt;\">\n<td style=\"height: 13.5pt; text-align: center;\" align=\"right\" height=\"18\">64093018<\/td>\n<td style=\"text-align: center;\" align=\"right\">930<\/td>\n<td style=\"text-align: center;\">8.3&#215;8.3&#215;21.9<\/td>\n<\/tr>\n<\/tbody>\n<\/table>\n<h2>Caso de \u00e9xito<\/h2>\n<p>Una marca l\u00e1ctea australiana de r\u00e1pido crecimiento se puso en contacto con nosotros para el lanzamiento de su nueva l\u00ednea de leche de fresa. Uno de sus principales objetivos era crear un envase de vidrio premium a prueba de fugas que no solo conservara la frescura, sino que tambi\u00e9n hiciera que el producto resultara visualmente atractivo en el lineal. Eligieron la botella de leche de vidrio de 500 ml y personalizaron la superficie con calcoman\u00edas para mostrar su logotipo y las especificaciones del producto, lo que ayud\u00f3 a resaltar el color rosa natural de la leche de fresa. La botella contaba con roscas a prueba de manipulaciones y un cuello dise\u00f1ado con precisi\u00f3n para un cierre herm\u00e9tico, mientras que la tapa estaba colocada para garantizar la seguridad contra la manipulaci\u00f3n.<\/p>\n<p>Durante el primer trimestre, el n\u00famero de reclamaciones por fugas disminuy\u00f3 un 95% y el volumen de pedidos al por mayor aument\u00f3 un 50%.<\/p>\n<h2>Tu manual de personalizaci\u00f3n<\/h2>\n<ul>\n<li><strong>Bandas de temporada de fresa: <\/strong>A\u00f1ade bandas rosas a las botellas de vidrio de leche con sabor a fresa (por ejemplo, \u201cFresa de verano\u201d). Di a tus clientes: \u201cLeche fresca, alegr\u00eda fresca\u201d.<\/li>\n<li><strong>Juegos de \u201ctama\u00f1o familiar\u201d: <\/strong>Crea el \u201cPaquete de un cuarto de gal\u00f3n y medio gal\u00f3n\u201d con dos botellas de leche de 500 ml + una de 930 ml, perfecto para necesidades de medio litro y un cuarto de gal\u00f3n.<\/li>\n<\/ul>\n<p>&nbsp;<\/p>","protected":false},"excerpt":{"rendered":"<p>Botellas de vidrio resistentes con tapa a prueba de manipulaciones para envasar productos l\u00e1cteos, zumos, t\u00e9, caf\u00e9 y otras bebidas. Se aceptan pedidos personalizados y al por mayor.<\/p>","protected":false},"featured_media":22437,"template":"","meta":[],"product_brand":[],"product_cat":[131,123,122],"product_tag":[],"class_list":{"0":"post-22431","1":"product","2":"type-product","3":"status-publish","4":"has-post-thumbnail","6":"product_cat-glass-milk-bottles","7":"product_cat-custom-glass-bottles","8":"product_cat-custom-glass-packaging","10":"first","11":"instock","12":"shipping-taxable","13":"product-type-simple"},"jetpack_sharing_enabled":true,"_links":{"self":[{"href":"https:\/\/yebodaglass.com\/es\/wp-json\/wp\/v2\/product\/22431","targetHints":{"allow":["GET"]}}],"collection":[{"href":"https:\/\/yebodaglass.com\/es\/wp-json\/wp\/v2\/product"}],"about":[{"href":"https:\/\/yebodaglass.com\/es\/wp-json\/wp\/v2\/types\/product"}],"version-history":[{"count":5,"href":"https:\/\/yebodaglass.com\/es\/wp-json\/wp\/v2\/product\/22431\/revisions"}],"predecessor-version":[{"id":25737,"href":"https:\/\/yebodaglass.com\/es\/wp-json\/wp\/v2\/product\/22431\/revisions\/25737"}],"wp:featuredmedia":[{"embeddable":true,"href":"https:\/\/yebodaglass.com\/es\/wp-json\/wp\/v2\/media\/22437"}],"wp:attachment":[{"href":"https:\/\/yebodaglass.com\/es\/wp-json\/wp\/v2\/media?parent=22431"}],"wp:term":[{"taxonomy":"product_brand","embeddable":true,"href":"https:\/\/yebodaglass.com\/es\/wp-json\/wp\/v2\/product_brand?post=22431"},{"taxonomy":"product_cat","embeddable":true,"href":"https:\/\/yebodaglass.com\/es\/wp-json\/wp\/v2\/product_cat?post=22431"},{"taxonomy":"product_tag","embeddable":true,"href":"https:\/\/yebodaglass.com\/es\/wp-json\/wp\/v2\/product_tag?post=22431"}],"curies":[{"name":"wp","href":"https:\/\/api.w.org\/{rel}","templated":true}]}}