{"id":22423,"date":"2025-10-16T16:12:47","date_gmt":"2025-10-16T08:12:47","guid":{"rendered":"https:\/\/yebodaglass.com\/?post_type=product&#038;p=22423"},"modified":"2026-04-10T18:34:30","modified_gmt":"2026-04-10T10:34:30","slug":"310oz-glass-milk-bottles-wholesale-twist-off-ct-finish-storage-bottles","status":"publish","type":"product","link":"https:\/\/yebodaglass.com\/es\/310oz-glass-milk-bottles-wholesale-twist-off-ct-finish-storage-bottles\/","title":{"rendered":"Botellas de leche de vidrio de 310 oz al por mayor | Botellas de almacenamiento con tapa de rosca y acabado CT"},"content":{"rendered":"<p>Nuestras botellas de leche de vidrio de 310 ml al por mayor tienen un dise\u00f1o atractivo y son muy resistentes. Est\u00e1n fabricadas con vidrio puro y libre de impurezas. Son f\u00e1ciles de sujetar y lucen muy bien en cualquier estante. Adem\u00e1s, son transparentes, lo que permite apreciar la frescura de la leche o el jugo. Esto las hace ideales para empresas que desean vender bebidas de calidad.<\/p>\n<h2>Especificaciones clave<\/h2>\n<table style=\"border-collapse: collapse; width: 80%; margin-left: auto; margin-right: auto;\" border=\"0\" width=\"288\" cellspacing=\"0\" cellpadding=\"0\">\n<tbody>\n<tr style=\"height: 13.50pt;\">\n<td style=\"height: 13.5pt; width: 54pt; text-align: center;\" width=\"72\" height=\"18\">Modelo<\/td>\n<td style=\"width: 54pt; text-align: center;\" width=\"72\">Capacidad<\/td>\n<td style=\"width: 54pt; text-align: center;\" width=\"72\">Tama\u00f1o<\/td>\n<td style=\"width: 54pt; text-align: center;\" width=\"72\">Tipo de cuello<\/td>\n<\/tr>\n<tr style=\"height: 13.50pt;\">\n<td style=\"height: 13.5pt; text-align: center;\" align=\"right\" height=\"18\">64031010<\/td>\n<td class=\"et2\" style=\"text-align: center;\" rowspan=\"2\">310 ml<\/td>\n<td style=\"text-align: center;\">6,1*6,1*15,2 mm<\/td>\n<td style=\"text-align: center;\">Tapa de rosca<\/td>\n<\/tr>\n<tr style=\"height: 13.50pt;\">\n<td style=\"height: 13.5pt; text-align: center;\" align=\"right\" height=\"18\">64031011<\/td>\n<td style=\"text-align: center;\">6,1*6,1*15,4 mm<\/td>\n<td style=\"text-align: center;\">Hilo continuo superior<\/td>\n<\/tr>\n<\/tbody>\n<\/table>\n<h2>Estas botellas se pueden usar de varias maneras. Tenemos dos tipos de tapas para ellas:<\/h2>\n<ol>\n<li><strong>La tapa Twist-Off<\/strong>Es ideal para rellenar botellas de leche de vidrio. Se cierra r\u00e1pidamente, lo cual es pr\u00e1ctico para m\u00e1quinas que colocan las tapas en las botellas. Este tipo de tapa se usa con frecuencia para bebidas, ya que las mantiene frescas y seguras.<\/li>\n<li><strong>La parte superior de hilo continuo<\/strong>Es ideal para cuando se desea usar la botella m\u00e1s de una vez. Se puede usar con diferentes tipos de tapas y es f\u00e1cil de abrir y cerrar. Este tipo de tapa se usa com\u00fanmente para bebidas y es ideal para quienes desean usar la botella en casa.<\/li>\n<\/ol>\n<h2>Estudio de caso<\/h2>\n<p>Colaboramos con una empresa que fabrica crema org\u00e1nica para darle un toque especial a sus envases de l\u00e1cteos. Utilizamos un proceso para estampar su logotipo en la botella y el resultado fue excelente. El logotipo es:<\/p>\n<ol>\n<li>Muy dif\u00edcil de rayar. La botella se puede lavar en el lavavajillas.<\/li>\n<li>Es agradable al tacto. Parece que forma parte de la botella, no solo una pegatina.<\/li>\n<li>Se puede usar varias veces, lo cual es bueno para las empresas que quieren ahorrar dinero en embalaje.<\/li>\n<\/ol>\n<p>Tambi\u00e9n podemos fabricar botellas de leche de vidrio al por mayor como esta para su negocio. Puede elegir el tipo de tapa que desee. Podemos estampar su logotipo en la botella mediante nuestro proceso.<\/p>","protected":false},"excerpt":{"rendered":"<p>High-quality 310ml glass milk storage bottles for wholesale. Available in Twist-off and Continuous Thread finishes. Custom decal branding for beverage brands.<\/p>","protected":false},"featured_media":22426,"template":"","meta":[],"product_brand":[],"product_cat":[131,123,122],"product_tag":[],"class_list":{"0":"post-22423","1":"product","2":"type-product","3":"status-publish","4":"has-post-thumbnail","6":"product_cat-glass-milk-bottles","7":"product_cat-custom-glass-bottles","8":"product_cat-custom-glass-packaging","10":"first","11":"instock","12":"shipping-taxable","13":"product-type-simple"},"jetpack_sharing_enabled":true,"_links":{"self":[{"href":"https:\/\/yebodaglass.com\/es\/wp-json\/wp\/v2\/product\/22423","targetHints":{"allow":["GET"]}}],"collection":[{"href":"https:\/\/yebodaglass.com\/es\/wp-json\/wp\/v2\/product"}],"about":[{"href":"https:\/\/yebodaglass.com\/es\/wp-json\/wp\/v2\/types\/product"}],"version-history":[{"count":5,"href":"https:\/\/yebodaglass.com\/es\/wp-json\/wp\/v2\/product\/22423\/revisions"}],"predecessor-version":[{"id":25751,"href":"https:\/\/yebodaglass.com\/es\/wp-json\/wp\/v2\/product\/22423\/revisions\/25751"}],"wp:featuredmedia":[{"embeddable":true,"href":"https:\/\/yebodaglass.com\/es\/wp-json\/wp\/v2\/media\/22426"}],"wp:attachment":[{"href":"https:\/\/yebodaglass.com\/es\/wp-json\/wp\/v2\/media?parent=22423"}],"wp:term":[{"taxonomy":"product_brand","embeddable":true,"href":"https:\/\/yebodaglass.com\/es\/wp-json\/wp\/v2\/product_brand?post=22423"},{"taxonomy":"product_cat","embeddable":true,"href":"https:\/\/yebodaglass.com\/es\/wp-json\/wp\/v2\/product_cat?post=22423"},{"taxonomy":"product_tag","embeddable":true,"href":"https:\/\/yebodaglass.com\/es\/wp-json\/wp\/v2\/product_tag?post=22423"}],"curies":[{"name":"wp","href":"https:\/\/api.w.org\/{rel}","templated":true}]}}