{"id":22414,"date":"2025-10-16T17:52:23","date_gmt":"2025-10-16T09:52:23","guid":{"rendered":"https:\/\/yebodaglass.com\/?post_type=product&#038;p=22414"},"modified":"2026-04-13T09:49:20","modified_gmt":"2026-04-13T01:49:20","slug":"glass-milk-bottle-with-crimp-neck-for-dairy-drinks-bulk","status":"publish","type":"product","link":"https:\/\/yebodaglass.com\/es\/glass-milk-bottle-with-crimp-neck-for-dairy-drinks-bulk\/","title":{"rendered":"Botella de leche de vidrio de 200-1000 ml con cuello engarzado para bebidas l\u00e1cteas (venta al por mayor)"},"content":{"rendered":"<p>La botella de leche de vidrio presenta un dise\u00f1o cl\u00e1sico que ofrece una apariencia clara y pura, ideal para productos l\u00e1cteos, jugos y cualquier otro tipo de bebida. Las botellas de leche de vidrio est\u00e1n disponibles en varios tama\u00f1os e incluyen tapas seguras para proteger el producto durante su exhibici\u00f3n en tiendas y para que los clientes puedan llev\u00e1rsela a casa y personalizarla con su marca.<\/p>\n<h2>Caracter\u00edsticas del producto<\/h2>\n<ul>\n<li><strong>Cierre de engaste resistente: <\/strong>El dise\u00f1o del cuello engarzado bloquea el aire: su botella de leche de vidrio mantiene la leche fresca por m\u00e1s tiempo.<\/li>\n<li><strong>Claro: <\/strong>La gran claridad del vidrio muestra claramente la frescura de la leche: su botella de vidrio para leche genera instant\u00e1neamente confianza en su marca.<\/li>\n<li><strong>Duradero y reutilizable: <\/strong>La pared gruesa resiste el impacto de los carritos de compra: los clientes pueden reutilizarla para batidos y m\u00e1s.<\/li>\n<li><strong>Tama\u00f1os flexibles: <\/strong>Disponible en tama\u00f1os de 200 ml a 1000 ml, puede satisfacer sus necesidades de pinta, cuarto de gal\u00f3n o gal\u00f3n.<\/li>\n<\/ul>\n<h2>Especificaciones clave<\/h2>\n<table style=\"border-collapse: collapse; width: 80%; margin-left: auto; margin-right: auto;\" border=\"0\" width=\"288\" cellspacing=\"0\" cellpadding=\"0\">\n<tbody>\n<tr style=\"height: 13.50pt;\">\n<td style=\"height: 13.5pt; width: 54pt; text-align: center;\" width=\"72\" height=\"18\">Modelo<\/td>\n<td style=\"width: 54pt; text-align: center;\" width=\"72\">Capacidad (ml)<\/td>\n<td style=\"width: 54pt; text-align: center;\" width=\"72\">Tama\u00f1o (cm)<\/td>\n<td style=\"width: 54pt; text-align: center;\" width=\"72\">Tipo de cuello<\/td>\n<\/tr>\n<tr style=\"height: 13.50pt;\">\n<td style=\"height: 13.5pt; text-align: center;\" align=\"right\" height=\"18\">64020006<\/td>\n<td style=\"text-align: center;\" align=\"right\">200<\/td>\n<td style=\"text-align: center;\">6.0&#215;12.0<\/td>\n<td class=\"et2\" style=\"text-align: center;\" rowspan=\"4\">Cuello engarzado<\/td>\n<\/tr>\n<tr style=\"height: 13.50pt;\">\n<td style=\"height: 13.5pt; text-align: center;\" align=\"right\" height=\"18\">62025007<\/td>\n<td style=\"text-align: center;\" align=\"right\">250<\/td>\n<td style=\"text-align: center;\">5.9&#215;14.05<\/td>\n<\/tr>\n<tr style=\"height: 13.50pt;\">\n<td style=\"height: 13.5pt; text-align: center;\" align=\"right\" height=\"18\">62050008<\/td>\n<td style=\"text-align: center;\" align=\"right\">500<\/td>\n<td style=\"text-align: center;\">7.32&#215;20.8<\/td>\n<\/tr>\n<tr style=\"height: 13.50pt;\">\n<td style=\"height: 13.5pt; text-align: center;\" align=\"right\" height=\"18\">64100009<\/td>\n<td style=\"text-align: center;\" align=\"right\">1000<\/td>\n<td style=\"text-align: center;\">8.5&#215;25.7<\/td>\n<\/tr>\n<\/tbody>\n<\/table>\n<h2>Caso de \u00e9xito<\/h2>\n<p>Una granja org\u00e1nica de Nueva Zelanda colabor\u00f3 \u200b\u200bcon nosotros para modernizar el empaque de su l\u00ednea premium de leche org\u00e1nica. Fabricaron botellas de vidrio con cuello engarzado para asegurar un sellado suave de la tapa y agilizar el montaje de la l\u00ednea de llenado. Cada botella est\u00e1 hecha de vidrio grueso y altamente transparente, lo que le da una sensaci\u00f3n de solidez y un acabado cristalino que permite apreciar el sabor naturalmente suave de la leche.<\/p>\n<p>Como una gran combinaci\u00f3n con el dise\u00f1o, el logotipo de la marca y el emblema de la granja est\u00e1n impresos en relieve en la tapa de la botella, creando as\u00ed una sensaci\u00f3n aut\u00e9ntica y artesanal que resulta atractiva para los consumidores ecol\u00f3gicos.<\/p>\n<p>El nuevo envase fue un \u00e9xito entre los consumidores locales en muy poco tiempo y el lote completo se agot\u00f3 en solo 48 horas.<\/p>\n<h2>Tu manual de personalizaci\u00f3n<\/h2>\n<ol>\n<li><strong>Opciones de tapa:<\/strong> Elija tapas giratorias de metal, de corcho o de bamb\u00fa seg\u00fan el estilo de su marca.<\/li>\n<li><strong>Modificaci\u00f3n de color:<\/strong> Hay cuatro colores diferentes disponibles: transparente, esmerilado, \u00e1mbar y te\u00f1ido.<\/li>\n<li><strong>Herrada:<\/strong> Imprima el logotipo de su marca mediante serigraf\u00eda, calcoman\u00eda o relieve.<\/li>\n<\/ol>","protected":false},"excerpt":{"rendered":"<p>Botellas de leche de vidrio transparente y duraderas, ideales para envasar leche, jugo y caf\u00e9. Perfectas para cafeter\u00edas, lecher\u00edas y uso dom\u00e9stico. Logotipos y tapas personalizados disponibles.<\/p>","protected":false},"featured_media":22419,"template":"","meta":[],"product_brand":[],"product_cat":[123,122,131],"product_tag":[],"class_list":{"0":"post-22414","1":"product","2":"type-product","3":"status-publish","4":"has-post-thumbnail","6":"product_cat-custom-glass-bottles","7":"product_cat-custom-glass-packaging","8":"product_cat-glass-milk-bottles","10":"first","11":"instock","12":"shipping-taxable","13":"product-type-simple"},"jetpack_sharing_enabled":true,"_links":{"self":[{"href":"https:\/\/yebodaglass.com\/es\/wp-json\/wp\/v2\/product\/22414","targetHints":{"allow":["GET"]}}],"collection":[{"href":"https:\/\/yebodaglass.com\/es\/wp-json\/wp\/v2\/product"}],"about":[{"href":"https:\/\/yebodaglass.com\/es\/wp-json\/wp\/v2\/types\/product"}],"version-history":[{"count":5,"href":"https:\/\/yebodaglass.com\/es\/wp-json\/wp\/v2\/product\/22414\/revisions"}],"predecessor-version":[{"id":25756,"href":"https:\/\/yebodaglass.com\/es\/wp-json\/wp\/v2\/product\/22414\/revisions\/25756"}],"wp:featuredmedia":[{"embeddable":true,"href":"https:\/\/yebodaglass.com\/es\/wp-json\/wp\/v2\/media\/22419"}],"wp:attachment":[{"href":"https:\/\/yebodaglass.com\/es\/wp-json\/wp\/v2\/media?parent=22414"}],"wp:term":[{"taxonomy":"product_brand","embeddable":true,"href":"https:\/\/yebodaglass.com\/es\/wp-json\/wp\/v2\/product_brand?post=22414"},{"taxonomy":"product_cat","embeddable":true,"href":"https:\/\/yebodaglass.com\/es\/wp-json\/wp\/v2\/product_cat?post=22414"},{"taxonomy":"product_tag","embeddable":true,"href":"https:\/\/yebodaglass.com\/es\/wp-json\/wp\/v2\/product_tag?post=22414"}],"curies":[{"name":"wp","href":"https:\/\/api.w.org\/{rel}","templated":true}]}}