{"id":22391,"date":"2025-10-16T10:42:19","date_gmt":"2025-10-16T02:42:19","guid":{"rendered":"https:\/\/yebodaglass.com\/?post_type=product&#038;p=22391"},"modified":"2025-11-04T11:58:15","modified_gmt":"2025-11-04T03:58:15","slug":"glass-milk-bottles-for-milk-juice-smoothies","status":"publish","type":"product","link":"https:\/\/yebodaglass.com\/es\/glass-milk-bottles-for-milk-juice-smoothies\/","title":{"rendered":"Botellas de vidrio transparente de 200 a 1000 ml para leche, zumo y batidos."},"content":{"rendered":"<p>\u00bfCansado de botellas de leche que gotean o se rompen? Fabricamos botellas de vidrio para leche con paredes gruesas: \u00a1se acabaron los envases de cart\u00f3n blandos! Estas botellas de vidrio transforman el almacenamiento de bebidas en momentos especiales. Los pedidos al por mayor incluyen botellas de vidrio personalizadas que reflejan la promesa de frescura de tu marca.<\/p>\n<h2>Caracter\u00edsticas del producto<\/h2>\n<p><strong>Su dise\u00f1o sellado facilita una limpieza sin derrames.<\/strong><\/p>\n<p>El cuello roscado sella eficazmente la entrada de aire, eliminando las quejas por malos olores.<\/p>\n<p><strong>Vidrio grueso para cero residuos<\/strong><\/p>\n<p>Su dise\u00f1o de paredes gruesas lo hace resistente incluso a los golpes del carrito de la compra. Los clientes pueden reutilizarlo como vaso para batidos, ahorrando as\u00ed en costes de reemplazo.<\/p>\n<p><strong>Disponemos de varios tama\u00f1os.<\/strong><\/p>\n<p>Ofrecemos tama\u00f1os peque\u00f1os de 200 ml a 310 ml, perfectos para una sola raci\u00f3n de leche, y tama\u00f1os grandes de 500 ml a 1000 ml, perfectos para familias.<\/p>\n<p><strong>Tu marca va m\u00e1s all\u00e1 de una botella.<\/strong><\/p>\n<p>A\u00f1ade tu logotipo a tu botella de leche de vidrio y los clientes te encontrar\u00e1n al instante en el estante.<\/p>\n<h2>Especificaciones clave<\/h2>\n<table style=\"border-collapse: collapse; width: 80%; margin-left: auto; margin-right: auto;\" border=\"0\" width=\"360\" cellspacing=\"0\" cellpadding=\"0\">\n<tbody>\n<tr style=\"height: 13.50pt;\">\n<td style=\"height: 13.5pt; width: 54pt; text-align: center;\" width=\"72\" height=\"18\">Modelo<\/td>\n<td style=\"width: 54pt; text-align: center;\" width=\"72\">Capacidad (ml)<\/td>\n<td style=\"width: 54pt; text-align: center;\" width=\"72\">Tama\u00f1o (cm)<\/td>\n<td style=\"width: 54pt; text-align: center;\" width=\"72\">Opciones de color<\/td>\n<td style=\"width: 54pt; text-align: center;\" width=\"72\">Tipo de cuello<\/td>\n<\/tr>\n<tr style=\"height: 13.50pt;\">\n<td style=\"height: 13.5pt; text-align: center;\" align=\"right\" height=\"18\">64020001<\/td>\n<td style=\"text-align: center;\" align=\"right\">200<\/td>\n<td style=\"text-align: center;\">5.8&#215;12.0<\/td>\n<td class=\"et2\" style=\"text-align: center;\" rowspan=\"5\">Borrar (Personalizado)<\/td>\n<td class=\"et2\" style=\"text-align: center;\" rowspan=\"5\">Roscado<\/td>\n<\/tr>\n<tr style=\"height: 13.50pt;\">\n<td style=\"height: 13.5pt; text-align: center;\" align=\"right\" height=\"18\">64025002<\/td>\n<td style=\"text-align: center;\" align=\"right\">250<\/td>\n<td style=\"text-align: center;\">5.9&#215;13.7<\/td>\n<\/tr>\n<tr style=\"height: 13.50pt;\">\n<td style=\"height: 13.5pt; text-align: center;\" align=\"right\" height=\"18\">64031003<\/td>\n<td style=\"text-align: center;\" align=\"right\">310<\/td>\n<td style=\"text-align: center;\">6.4&#215;15.3<\/td>\n<\/tr>\n<tr style=\"height: 13.50pt;\">\n<td style=\"height: 13.5pt; text-align: center;\" align=\"right\" height=\"18\">64050004<\/td>\n<td style=\"text-align: center;\" align=\"right\">500<\/td>\n<td style=\"text-align: center;\">7.5&#215;20.85<\/td>\n<\/tr>\n<tr style=\"height: 13.50pt;\">\n<td style=\"height: 13.5pt; text-align: center;\" align=\"right\" height=\"18\">64100005<\/td>\n<td style=\"text-align: center;\" align=\"right\">1000<\/td>\n<td style=\"text-align: center;\">8.5&#215;26.0<\/td>\n<\/tr>\n<\/tbody>\n<\/table>\n<h2>Caso de \u00e9xito<\/h2>\n<p>Una granja org\u00e1nica nos solicit\u00f3 el redise\u00f1o de su nueva l\u00ednea de leche org\u00e1nica premium. Nos encargaron botellas de vidrio personalizadas, fabricadas con vidrio de cal sodada extra grueso y de alta definici\u00f3n, para que el color natural de la leche se aprecie con claridad. Cada botella est\u00e1 decorada con el logotipo de la granja y un cuello liso que facilita el vertido. Para completar la presentaci\u00f3n, la marca tambi\u00e9n opt\u00f3 por una tapa met\u00e1lica plateada de rosca y, opcionalmente, un sello de silicona inviolable para garantizar la frescura y evitar fugas durante el transporte.<\/p>\n<p>El singular envase logr\u00f3 duplicar las ventas en los 30 d\u00edas posteriores al lanzamiento, lo que llev\u00f3 a la granja a decidir seguir utilizando nuestras botellas de leche de vidrio personalizadas para toda su l\u00ednea de productos org\u00e1nicos y tambi\u00e9n a incursionar en otras categor\u00edas de bebidas l\u00e1cteas.<\/p>\n<h2>Tu manual de personalizaci\u00f3n<\/h2>\n<ol>\n<li><strong>Dise\u00f1o de la botella:<\/strong> Tanto los dise\u00f1os en relieve como los pintados son las opciones para lograr una apariencia y textura m\u00e1s lujosas.<\/li>\n<li><strong>Tapa:<\/strong> Decide el material de la tapa para tu producto, por ejemplo pl\u00e1stico, madera, metal y muchos m\u00e1s; tambi\u00e9n puedes personalizar el color de la tapa.<\/li>\n<li><strong>Impresi\u00f3n de logotipos:<\/strong> Haz que tu logotipo destaque imprimi\u00e9ndolo en el tap\u00f3n o en la botella.<\/li>\n<\/ol>","protected":false},"excerpt":{"rendered":"<p>Botellas de vidrio transparente y resistente para leche, con un dise\u00f1o cl\u00e1sico, perfectas para servir leche, zumo o batidos. Ideales para el hogar o la cafeter\u00eda.<\/p>","protected":false},"featured_media":22410,"template":"","meta":[],"product_brand":[],"product_cat":[123,122,131],"product_tag":[],"class_list":{"0":"post-22391","1":"product","2":"type-product","3":"status-publish","4":"has-post-thumbnail","6":"product_cat-custom-glass-bottles","7":"product_cat-custom-glass-packaging","8":"product_cat-glass-milk-bottles","10":"first","11":"instock","12":"shipping-taxable","13":"product-type-simple"},"jetpack_sharing_enabled":true,"_links":{"self":[{"href":"https:\/\/yebodaglass.com\/es\/wp-json\/wp\/v2\/product\/22391","targetHints":{"allow":["GET"]}}],"collection":[{"href":"https:\/\/yebodaglass.com\/es\/wp-json\/wp\/v2\/product"}],"about":[{"href":"https:\/\/yebodaglass.com\/es\/wp-json\/wp\/v2\/types\/product"}],"version-history":[{"count":3,"href":"https:\/\/yebodaglass.com\/es\/wp-json\/wp\/v2\/product\/22391\/revisions"}],"predecessor-version":[{"id":22441,"href":"https:\/\/yebodaglass.com\/es\/wp-json\/wp\/v2\/product\/22391\/revisions\/22441"}],"wp:featuredmedia":[{"embeddable":true,"href":"https:\/\/yebodaglass.com\/es\/wp-json\/wp\/v2\/media\/22410"}],"wp:attachment":[{"href":"https:\/\/yebodaglass.com\/es\/wp-json\/wp\/v2\/media?parent=22391"}],"wp:term":[{"taxonomy":"product_brand","embeddable":true,"href":"https:\/\/yebodaglass.com\/es\/wp-json\/wp\/v2\/product_brand?post=22391"},{"taxonomy":"product_cat","embeddable":true,"href":"https:\/\/yebodaglass.com\/es\/wp-json\/wp\/v2\/product_cat?post=22391"},{"taxonomy":"product_tag","embeddable":true,"href":"https:\/\/yebodaglass.com\/es\/wp-json\/wp\/v2\/product_tag?post=22391"}],"curies":[{"name":"wp","href":"https:\/\/api.w.org\/{rel}","templated":true}]}}