{"id":22336,"date":"2025-10-13T15:53:39","date_gmt":"2025-10-13T07:53:39","guid":{"rendered":"https:\/\/yebodaglass.com\/?post_type=product&#038;p=22336"},"modified":"2026-03-24T11:54:50","modified_gmt":"2026-03-24T03:54:50","slug":"bulk-clear-cooking-oil-bottle-for-kitchen-with-pouring-lid","status":"publish","type":"product","link":"https:\/\/yebodaglass.com\/es\/bulk-clear-cooking-oil-bottle-for-kitchen-with-pouring-lid\/","title":{"rendered":"Botella de aceite de cocina transparente a granel de 200 ml con tapa vertedora"},"content":{"rendered":"<p>Esta botella de aceite de cocina tiene una distintiva forma de reloj de arena y un elegante dise\u00f1o c\u00f3nico, lo que facilita su agarre y vertido. Est\u00e1 fabricada en vidrio transparente y cuenta con un pico vertedor de acero inoxidable que se abre con solo presionar un bot\u00f3n y se cierra autom\u00e1ticamente para evitar goteos.<\/p>\n<h2>Caracter\u00edsticas del producto<\/h2>\n<ul>\n<li><strong>Vertido a prueba de goteo en todo momento:<\/strong> La tapa precisa regula el flujo, por lo que se elimina por completo la situaci\u00f3n de botellas pegajosas y desperdicio de aceite.<\/li>\n<li><strong>Material de vidrio transparente:<\/strong>La botella de aceite o vinagre vac\u00eda se puede ver r\u00e1pidamente a trav\u00e9s de su cuerpo de vidrio, de modo que el suministro no se interrumpir\u00e1 durante la cocci\u00f3n.<\/li>\n<li><strong>Dise\u00f1o delgado:<\/strong> Por su forma delgada es muy f\u00e1cil colocarlo en la cocina y as\u00ed tienes m\u00e1s espacio de almacenaje.<\/li>\n<\/ul>\n<h2>Especificaciones clave<\/h2>\n<table style=\"border-collapse: collapse; margin-left: auto; margin-right: auto; width: 614.27pt;\" border=\"0\" width=\"819\" cellspacing=\"0\" cellpadding=\"0\">\n<tbody>\n<tr style=\"height: 13.50pt;\">\n<td style=\"height: 13.50pt; width: 99.75pt;\" width=\"133\" height=\"18\">Caracter\u00edstica<\/td>\n<td style=\"width: 514.50pt;\" width=\"686\">Especificaci\u00f3n<\/td>\n<\/tr>\n<tr style=\"height: 13.50pt;\">\n<td style=\"height: 13.50pt;\" height=\"18\">Capacidad<\/td>\n<td>200 ml<\/td>\n<\/tr>\n<tr style=\"height: 13.50pt;\">\n<td style=\"height: 13.50pt;\" height=\"18\">Dimensiones<\/td>\n<td>6,5 \u00d7 19,0 cm (di\u00e1metro \u00d7 altura)<\/td>\n<\/tr>\n<tr style=\"height: 13.50pt;\">\n<td style=\"height: 13.50pt;\" height=\"18\">Forma<\/td>\n<td>Vidrio redondo c\u00f3nico<\/td>\n<\/tr>\n<tr style=\"height: 13.50pt;\">\n<td style=\"height: 13.50pt;\" height=\"18\">Opciones de tapa<\/td>\n<td>Pico abatible negro\/plateado, tapa s\u00f3lida<\/td>\n<\/tr>\n<tr style=\"height: 13.50pt;\">\n<td style=\"height: 13.50pt;\" height=\"18\">Mejor para<\/td>\n<td>Aceite de oliva, vinagre, aceites de cocina, marinadas<\/td>\n<\/tr>\n<tr style=\"height: 13.50pt;\">\n<td style=\"height: 13.50pt;\" height=\"18\">Uso ideal<\/td>\n<td>Botella de aceite de cocina para cocina, botellas de aceite y vinagre, envases de vidrio al por mayor<\/td>\n<\/tr>\n<\/tbody>\n<\/table>\n<h2>Historia de \u00e9xito<\/h2>\n<p>Una de las cadenas de tiendas de alimentaci\u00f3n de lujo europeas eligi\u00f3 nuestra botella dispensadora de aceite y encarg\u00f3 una con un acabado arenado a medida y un pico chapado en cobre. Esta botella, la tradicional, se convirti\u00f3 en su logotipo. Su elegante dise\u00f1o y su resistencia al goteo les permitieron vender su aceite aromatizado un 40 % m\u00e1s que el original, y el mejor cierre redujo los derrames y el desperdicio en tienda en un 25 %. Gracias a este \u00e9xito, encargaron 650\u00a0000 botellas m\u00e1s de su nuevo vinagre artesanal y estuches de regalo navide\u00f1os.<\/p>\n<h2>Ideas para personalizar dispensadores de aceite<\/h2>\n<ul>\n<li><strong>Serigraf\u00eda:<\/strong> Puede tener su logotipo o dise\u00f1o impreso directamente en la botella de vidrio para una f\u00e1cil identificaci\u00f3n de su marca y fines de marca permanente.<\/li>\n<li><strong>Tinte de color:<\/strong> Elija que el producto sea envasado en un simple vidrio \u00e1mbar o verde que es bastante popular hoy en d\u00eda porque no solo protege de los rayos UV sino que tambi\u00e9n hace que el producto sea visualmente m\u00e1s atractivo.<\/li>\n<li><strong>Color de la tapa:<\/strong> El color de la tapa de rosca puede ser el que desees, ya sea negro, dorado o plateado, depende totalmente de ti y del resto de colores de la paleta de tu marca.<\/li>\n<li><strong>Etiquetado de transferencia de calor:<\/strong> Haga que sus im\u00e1genes a todo color y de alta resoluci\u00f3n se integren en uno de los tipos de etiquetas m\u00e1s duraderos y resistentes a la humedad en la cocina: las de transferencia de calor.<\/li>\n<\/ul>","protected":false},"excerpt":{"rendered":"<p>Botella de vidrio transparente para aceite de cocina. Dise\u00f1o elegante y alargado con vertedor negro y plateado. Ideal para publicidad de cocina, restaurantes o pedidos al por mayor.<\/p>","protected":false},"featured_media":22341,"template":"","meta":[],"product_brand":[],"product_cat":[126,123,122],"product_tag":[],"class_list":{"0":"post-22336","1":"product","2":"type-product","3":"status-publish","4":"has-post-thumbnail","6":"product_cat-olive-oil-bottles","7":"product_cat-custom-glass-bottles","8":"product_cat-custom-glass-packaging","10":"first","11":"instock","12":"shipping-taxable","13":"product-type-simple"},"jetpack_sharing_enabled":true,"_links":{"self":[{"href":"https:\/\/yebodaglass.com\/es\/wp-json\/wp\/v2\/product\/22336","targetHints":{"allow":["GET"]}}],"collection":[{"href":"https:\/\/yebodaglass.com\/es\/wp-json\/wp\/v2\/product"}],"about":[{"href":"https:\/\/yebodaglass.com\/es\/wp-json\/wp\/v2\/types\/product"}],"version-history":[{"count":5,"href":"https:\/\/yebodaglass.com\/es\/wp-json\/wp\/v2\/product\/22336\/revisions"}],"predecessor-version":[{"id":25580,"href":"https:\/\/yebodaglass.com\/es\/wp-json\/wp\/v2\/product\/22336\/revisions\/25580"}],"wp:featuredmedia":[{"embeddable":true,"href":"https:\/\/yebodaglass.com\/es\/wp-json\/wp\/v2\/media\/22341"}],"wp:attachment":[{"href":"https:\/\/yebodaglass.com\/es\/wp-json\/wp\/v2\/media?parent=22336"}],"wp:term":[{"taxonomy":"product_brand","embeddable":true,"href":"https:\/\/yebodaglass.com\/es\/wp-json\/wp\/v2\/product_brand?post=22336"},{"taxonomy":"product_cat","embeddable":true,"href":"https:\/\/yebodaglass.com\/es\/wp-json\/wp\/v2\/product_cat?post=22336"},{"taxonomy":"product_tag","embeddable":true,"href":"https:\/\/yebodaglass.com\/es\/wp-json\/wp\/v2\/product_tag?post=22336"}],"curies":[{"name":"wp","href":"https:\/\/api.w.org\/{rel}","templated":true}]}}