{"id":22277,"date":"2025-10-11T16:41:58","date_gmt":"2025-10-11T08:41:58","guid":{"rendered":"https:\/\/yebodaglass.com\/?post_type=product&#038;p=22277"},"modified":"2025-10-11T17:35:40","modified_gmt":"2025-10-11T09:35:40","slug":"wholesale-glass-olive-oil-spray-bottle-with-metal-press-pump","status":"publish","type":"product","link":"https:\/\/yebodaglass.com\/es\/wholesale-glass-olive-oil-spray-bottle-with-metal-press-pump\/","title":{"rendered":"Botella de vidrio pulverizadora de 100 ml para aceite de oliva con bomba de presi\u00f3n met\u00e1lica (venta al por mayor)."},"content":{"rendered":"<p>Esta botella de vidrio con pulverizador para aceite de oliva de 100 ml presenta una elegante forma cil\u00edndrica con cuerpo de vidrio transparente y mecanismo de pulverizaci\u00f3n de aceite de metal plateado. Combina a la perfecci\u00f3n la est\u00e9tica moderna con la practicidad culinaria.<\/p>\n<h2>Caracter\u00edsticas del producto<\/h2>\n<ul>\n<li><strong>Dise\u00f1o cil\u00edndrico delgado:<\/strong> El delgado cuerpo cil\u00edndrico no solo es f\u00e1cil de agarrar, sino que tambi\u00e9n es ideal para ahorrar espacio en la cocina, ya que se puede guardar en cualquier lugar.<\/li>\n<li><strong>Mecanismo de pulverizaci\u00f3n met\u00e1lica:<\/strong> El mecanismo de pulverizaci\u00f3n superior en metal plateado no solo realza la est\u00e9tica, sino que tambi\u00e9n es la raz\u00f3n principal de una distribuci\u00f3n uniforme del spray.<\/li>\n<li><strong>Vidrio transparente:<\/strong> El cristal transparente permite ver perfectamente el aceite restante en la botella.<\/li>\n<\/ul>\n<h2>Especificaciones clave<\/h2>\n<table style=\"border-collapse: collapse; margin-left: auto; margin-right: auto; width: 510.77pt;\" border=\"0\" width=\"681\" cellspacing=\"0\" cellpadding=\"0\">\n<tbody>\n<tr style=\"height: 13.50pt;\">\n<td style=\"height: 13.50pt; width: 99.75pt;\" width=\"133\" height=\"18\">Caracter\u00edstica<\/td>\n<td style=\"width: 411.00pt;\" width=\"548\">Especificaci\u00f3n<\/td>\n<\/tr>\n<tr style=\"height: 13.50pt;\">\n<td style=\"height: 13.50pt;\" height=\"18\">Capacidad<\/td>\n<td>100 ml<\/td>\n<\/tr>\n<tr style=\"height: 13.50pt;\">\n<td style=\"height: 13.50pt;\" height=\"18\">Dimensiones<\/td>\n<td>4,0 \u00d7 18,5 cm (di\u00e1metro \u00d7 altura)<\/td>\n<\/tr>\n<tr style=\"height: 13.50pt;\">\n<td style=\"height: 13.50pt;\" height=\"18\">Material<\/td>\n<td>Cuerpo de vidrio transparente, bomba de acero inoxidable.<\/td>\n<\/tr>\n<tr style=\"height: 13.50pt;\">\n<td style=\"height: 13.50pt;\" height=\"18\">Forma<\/td>\n<td>Cilindro recto<\/td>\n<\/tr>\n<tr style=\"height: 13.50pt;\">\n<td style=\"height: 13.50pt;\" height=\"18\">Opciones de tapa<\/td>\n<td>Botella pulverizadora de aceite de oliva de niebla fina con bomba y tapa s\u00f3lida<\/td>\n<\/tr>\n<tr style=\"height: 13.50pt;\">\n<td style=\"height: 13.50pt;\" height=\"18\">Mejor para<\/td>\n<td>Aceite, vinagre, aerosoles para cocinar<\/td>\n<\/tr>\n<tr style=\"height: 13.50pt;\">\n<td style=\"height: 13.50pt;\" height=\"18\">Uso ideal<\/td>\n<td>Botella de spray para aceite de oliva, aceiteras y vinagreras, almacenamiento de cocina<\/td>\n<\/tr>\n<\/tbody>\n<\/table>\n<h2>Caso de \u00e9xito: Eficiencia y mejora de la marca<\/h2>\n<p>Una cadena regional de aceite de oliva resolvi\u00f3 dos problemas de forma sencilla y eficiente: el vertido excesivo y la rotura de las botellas de pl\u00e1stico con pulverizador, recurriendo a nuestras botellas con pulverizador. La boquilla de la botella con pulverizador mejorada reduce dr\u00e1sticamente el consumo de aceite en un 30 %, lo que a su vez minimiza considerablemente el desperdicio; y, al mismo tiempo, la botella con pulverizador es la soluci\u00f3n al problema de las roturas. Este cambio no solo agiliza el trabajo en la cocina, sino que su sofisticado dise\u00f1o tambi\u00e9n ha generado comentarios muy positivos de los clientes, quienes afirman que la marca transmite un toque premium. La cadena de aceite de cocina realiza pedidos de estas botellas de vidrio con pulverizador cuatro veces al a\u00f1o e incluso ha empezado a recomendarlas a su proveedor de aceite de oliva. \u00a1Este peque\u00f1o cambio ha marcado una gran diferencia en sus resultados!<\/p>\n<h2>Sugerencias de personalizaci\u00f3n<\/h2>\n<ul>\n<li>Logotipos de marca grabados: cree un logotipo o dise\u00f1o de marca sutil grabado en el vidrio transparente, ideal para clientes mayoristas que desean que su marca sea m\u00e1s visible en las herramientas de cocina.<\/li>\n<li>Acabado de vidrio mate: cubra el vidrio con un acabado mate para que sea menos propenso a las huellas dactilares y la botella mantendr\u00e1 su limpieza incluso si se usa con frecuencia en una cocina concurrida.<\/li>\n<li>Marcas de medici\u00f3n grabadas: coloque algunas peque\u00f1as l\u00edneas grabadas, por ejemplo, 50 ml, 100 ml en el vidrio para indicar que los usuarios pueden rastrear el uso de aceite y el proceso de recarga.<\/li>\n<\/ul>","protected":false},"excerpt":{"rendered":"<p>Botella pulverizadora de aceite de oliva de vidrio transparente con dosificador plateado. Dise\u00f1o moderno, entrega r\u00e1pida, muestras gratuitas y servicios personalizados disponibles.<\/p>","protected":false},"featured_media":22279,"template":"","meta":[],"product_brand":[],"product_cat":[122,123,126],"product_tag":[],"class_list":{"0":"post-22277","1":"product","2":"type-product","3":"status-publish","4":"has-post-thumbnail","6":"product_cat-custom-glass-packaging","7":"product_cat-custom-glass-bottles","8":"product_cat-olive-oil-bottles","10":"first","11":"instock","12":"shipping-taxable","13":"product-type-simple"},"jetpack_sharing_enabled":true,"_links":{"self":[{"href":"https:\/\/yebodaglass.com\/es\/wp-json\/wp\/v2\/product\/22277","targetHints":{"allow":["GET"]}}],"collection":[{"href":"https:\/\/yebodaglass.com\/es\/wp-json\/wp\/v2\/product"}],"about":[{"href":"https:\/\/yebodaglass.com\/es\/wp-json\/wp\/v2\/types\/product"}],"version-history":[{"count":4,"href":"https:\/\/yebodaglass.com\/es\/wp-json\/wp\/v2\/product\/22277\/revisions"}],"predecessor-version":[{"id":22286,"href":"https:\/\/yebodaglass.com\/es\/wp-json\/wp\/v2\/product\/22277\/revisions\/22286"}],"wp:featuredmedia":[{"embeddable":true,"href":"https:\/\/yebodaglass.com\/es\/wp-json\/wp\/v2\/media\/22279"}],"wp:attachment":[{"href":"https:\/\/yebodaglass.com\/es\/wp-json\/wp\/v2\/media?parent=22277"}],"wp:term":[{"taxonomy":"product_brand","embeddable":true,"href":"https:\/\/yebodaglass.com\/es\/wp-json\/wp\/v2\/product_brand?post=22277"},{"taxonomy":"product_cat","embeddable":true,"href":"https:\/\/yebodaglass.com\/es\/wp-json\/wp\/v2\/product_cat?post=22277"},{"taxonomy":"product_tag","embeddable":true,"href":"https:\/\/yebodaglass.com\/es\/wp-json\/wp\/v2\/product_tag?post=22277"}],"curies":[{"name":"wp","href":"https:\/\/api.w.org\/{rel}","templated":true}]}}