{"id":22245,"date":"2025-10-15T09:36:05","date_gmt":"2025-10-15T01:36:05","guid":{"rendered":"https:\/\/yebodaglass.com\/?post_type=product&#038;p=22245"},"modified":"2026-03-19T18:12:33","modified_gmt":"2026-03-19T10:12:33","slug":"clear-mason-glass-jars-with-handles-bulk","status":"publish","type":"product","link":"https:\/\/yebodaglass.com\/es\/producto\/clear-mason-glass-jars-with-handles-bulk\/","title":{"rendered":"Tarros de cristal Mason transparentes con asas, de 40 ml a 600 ml (venta al por mayor)"},"content":{"rendered":"<p>Estos tarros de cristal Mason con asa est\u00e1n fabricados con un cuerpo cil\u00edndrico transparente y un asa lateral redondeada y lisa para facilitar el agarre incluso cuando el tarro est\u00e1 lleno. La botella tiene un cuello roscado est\u00e1ndar, con la opci\u00f3n de a\u00f1adir un tap\u00f3n met\u00e1lico dorado o plateado.<\/p>\n<h2>Caracter\u00edsticas del producto<\/h2>\n<ul>\n<li><strong>Dise\u00f1o del asa lateral:<\/strong> El frasco tiene un asa de vidrio transparente dise\u00f1ada de tal manera que resulta c\u00f3moda y resistente al calor, lo que facilita su manejo y transporte, aumentando as\u00ed su utilidad.<\/li>\n<li><strong>Varias opciones de tama\u00f1o:<\/strong> Est\u00e1 disponible en varios tama\u00f1os, incluyendo mini, peque\u00f1o, mediano y grande, seg\u00fan la necesidad de satisfacer requerimientos espec\u00edficos, como porciones peque\u00f1as, bebidas individuales o para toda la familia.<\/li>\n<li><strong>Vidrio de alta transparencia:<\/strong> El alto nivel de claridad del vidrio de alta transparencia apto para uso alimentario es una combinaci\u00f3n de est\u00e9tica y practicidad, ya que permite ver el contenido con claridad.<\/li>\n<\/ul>\n<h2>Especificaciones clave<\/h2>\n<table style=\"border-collapse: collapse; width: 80%; margin-left: auto; margin-right: auto;\" border=\"0\" width=\"288\" cellspacing=\"0\" cellpadding=\"0\">\n<tbody>\n<tr style=\"height: 13.50pt;\">\n<td style=\"height: 13.5pt; width: 54pt; text-align: center;\" width=\"72\" height=\"18\">Modelo<\/td>\n<td style=\"width: 54pt; text-align: center;\" width=\"72\">Capacidad (ml)<\/td>\n<td style=\"width: 54pt; text-align: center;\" width=\"72\">Tama\u00f1o (cm)<\/td>\n<td style=\"width: 54pt; text-align: center;\" width=\"72\">Opciones de color<\/td>\n<\/tr>\n<tr style=\"height: 13.50pt;\">\n<td style=\"height: 13.5pt; text-align: center;\" align=\"right\" height=\"18\">63004054<\/td>\n<td style=\"text-align: center;\" align=\"right\">40<\/td>\n<td style=\"text-align: center;\">4.9&#215;3.6&#215;6.1<\/td>\n<td class=\"et2\" style=\"text-align: center;\" rowspan=\"7\">Borrar (Personalizado)<\/td>\n<\/tr>\n<tr style=\"height: 13.50pt;\">\n<td style=\"height: 13.5pt; text-align: center;\" align=\"right\" height=\"18\">63013055<\/td>\n<td style=\"text-align: center;\" align=\"right\">130<\/td>\n<td style=\"text-align: center;\">7.4&#215;5.4&#215;8.4<\/td>\n<\/tr>\n<tr style=\"height: 13.50pt;\">\n<td style=\"height: 13.5pt; text-align: center;\" align=\"right\" height=\"18\">63020056<\/td>\n<td style=\"text-align: center;\" align=\"right\">200<\/td>\n<td style=\"text-align: center;\">8,4\u00d76,0x10,3<\/td>\n<\/tr>\n<tr style=\"height: 13.50pt;\">\n<td style=\"height: 13.5pt; text-align: center;\" align=\"right\" height=\"18\">63030057<\/td>\n<td style=\"text-align: center;\" align=\"right\">300<\/td>\n<td style=\"text-align: center;\">\u2014<\/td>\n<\/tr>\n<tr style=\"height: 13.50pt;\">\n<td style=\"height: 13.5pt; text-align: center;\" align=\"right\" height=\"18\">63040058<\/td>\n<td style=\"text-align: center;\" align=\"right\">400<\/td>\n<td style=\"text-align: center;\">\u2014<\/td>\n<\/tr>\n<tr style=\"height: 13.50pt;\">\n<td style=\"height: 13.5pt; text-align: center;\" align=\"right\" height=\"18\">63048059<\/td>\n<td style=\"text-align: center;\" align=\"right\">480<\/td>\n<td style=\"text-align: center;\">10.7&#215;7.8&#215;13.2<\/td>\n<\/tr>\n<tr style=\"height: 13.50pt;\">\n<td style=\"height: 13.5pt; text-align: center;\" align=\"right\" height=\"18\">63060060<\/td>\n<td style=\"text-align: center;\" align=\"right\">600<\/td>\n<td style=\"text-align: center;\">12.4&#215;8.8&#215;14.5<\/td>\n<\/tr>\n<\/tbody>\n<\/table>\n<h2>Historia de \u00e9xito<\/h2>\n<p>Una de las cadenas de bares de zumos del sur de California eligi\u00f3 nuestro tarro de cristal de 473 ml con asa y lo clasific\u00f3 con l\u00e1ser. Estos tarros de dise\u00f1o personalizado fueron un \u00e9xito rotundo: no solo permitieron a los empleados mantener la misma receta, lo que les ahorr\u00f3 un 10 % en el coste de los ingredientes, sino que adem\u00e1s las asas facilitaron su transporte y, como resultado, redujeron los derrames en un 25 %. La cadena tuvo un gran \u00e9xito y encarg\u00f3 250\u00a0000 tarros para utilizarlos como envases principales de sus productos de venta al p\u00fablico y de su nuevo servicio de suscripci\u00f3n.<\/p>\n<h2>Tarros de cristal Mason con asa personalizable<\/h2>\n<ul>\n<li>Material y estilo del asa: Las asas pueden ser de vidrio del mismo color que el frasco, de esmalte de color o estar recubiertas de un material como yute o cuero.<\/li>\n<li>Funciones de las tapas: las tapas para bebidas vienen en una variedad de estilos que incluyen tapas con pajita abatible, tapas con agujeros en las pajitas o revestimientos para vasos mezcladores, e incluso para ensaladas.<\/li>\n<li>Personalizaci\u00f3n de tama\u00f1os: Se pueden proporcionar tama\u00f1os personalizados para satisfacer necesidades especiales del mercado (por ejemplo, frascos de caf\u00e9 de 12 onzas, frascos de limonada de 32 onzas).<\/li>\n<\/ul>","protected":false},"excerpt":{"rendered":"<p>Elegante tarro de cristal con asa, de vidrio transparente y tapa met\u00e1lica. Tarros de cristal Mason con asa, perfectos para bebidas, postres y almacenamiento. Muestras gratis.<\/p>","protected":false},"featured_media":25529,"template":"","meta":[],"product_brand":[],"product_cat":[124,122,125],"product_tag":[],"class_list":{"0":"post-22245","1":"product","2":"type-product","3":"status-publish","4":"has-post-thumbnail","6":"product_cat-custom-glass-jars","7":"product_cat-custom-glass-packaging","8":"product_cat-mason-glass-jars","10":"first","11":"instock","12":"shipping-taxable","13":"product-type-simple"},"jetpack_sharing_enabled":true,"_links":{"self":[{"href":"https:\/\/yebodaglass.com\/es\/wp-json\/wp\/v2\/product\/22245","targetHints":{"allow":["GET"]}}],"collection":[{"href":"https:\/\/yebodaglass.com\/es\/wp-json\/wp\/v2\/product"}],"about":[{"href":"https:\/\/yebodaglass.com\/es\/wp-json\/wp\/v2\/types\/product"}],"version-history":[{"count":5,"href":"https:\/\/yebodaglass.com\/es\/wp-json\/wp\/v2\/product\/22245\/revisions"}],"predecessor-version":[{"id":25532,"href":"https:\/\/yebodaglass.com\/es\/wp-json\/wp\/v2\/product\/22245\/revisions\/25532"}],"wp:featuredmedia":[{"embeddable":true,"href":"https:\/\/yebodaglass.com\/es\/wp-json\/wp\/v2\/media\/25529"}],"wp:attachment":[{"href":"https:\/\/yebodaglass.com\/es\/wp-json\/wp\/v2\/media?parent=22245"}],"wp:term":[{"taxonomy":"product_brand","embeddable":true,"href":"https:\/\/yebodaglass.com\/es\/wp-json\/wp\/v2\/product_brand?post=22245"},{"taxonomy":"product_cat","embeddable":true,"href":"https:\/\/yebodaglass.com\/es\/wp-json\/wp\/v2\/product_cat?post=22245"},{"taxonomy":"product_tag","embeddable":true,"href":"https:\/\/yebodaglass.com\/es\/wp-json\/wp\/v2\/product_tag?post=22245"}],"curies":[{"name":"wp","href":"https:\/\/api.w.org\/{rel}","templated":true}]}}