{"id":22238,"date":"2025-10-11T13:14:08","date_gmt":"2025-10-11T05:14:08","guid":{"rendered":"https:\/\/yebodaglass.com\/?post_type=product&#038;p=22238"},"modified":"2026-03-26T14:45:20","modified_gmt":"2026-03-26T06:45:20","slug":"rectangular-amber-glass-olive-oil-bottles-for-cooking-bulk","status":"publish","type":"product","link":"https:\/\/yebodaglass.com\/es\/producto\/rectangular-amber-glass-olive-oil-bottles-for-cooking-bulk\/","title":{"rendered":"Botellas rectangulares de vidrio \u00e1mbar de 250 ml, 500 ml y 750 ml para aceite de oliva para cocinar a granel."},"content":{"rendered":"<p>Se trata de botellas de aceite de oliva de vidrio \u00e1mbar, de forma estilizada y rectangular, que protegen eficazmente el aceite de oliva de buena calidad de la luz. Est\u00e1n disponibles en varios tama\u00f1os y cuentan con un tap\u00f3n de rosca negro, seguro y fiable.<\/p>\n<h2>Caracter\u00edsticas del producto<\/h2>\n<ul>\n<li><strong>Botella de vidrio \u00e1mbar resistente a la luz:<\/strong> El vidrio \u00e1mbar es extremadamente transparente y, gracias a su transparencia, elimina eficazmente los rayos UV, lo que aumenta la vida \u00fatil del aceite.<\/li>\n<li><strong>Forma de botella cuadrada redondeada:<\/strong> La forma cuadrada redondeada de las botellas facilita su agarre; no son resbaladizas, lo que hace que sean f\u00e1ciles de apilar.<\/li>\n<li><strong>Tap\u00f3n de rosca negro para sellado:<\/strong> El tap\u00f3n de rosca negro ofrece un sellado muy eficaz, evitando as\u00ed fugas y evaporaci\u00f3n de aceite.<\/li>\n<\/ul>\n<h2>Especificaciones clave<\/h2>\n<table style=\"border-collapse: collapse; margin-left: auto; margin-right: auto; width: 642.77pt;\" border=\"0\" width=\"857\" cellspacing=\"0\" cellpadding=\"0\">\n<tbody>\n<tr style=\"height: 13.50pt;\">\n<td style=\"height: 13.50pt; width: 99.75pt;\" width=\"133\" height=\"18\">Caracter\u00edstica<\/td>\n<td style=\"width: 543.00pt;\" width=\"724\">Especificaci\u00f3n<\/td>\n<\/tr>\n<tr style=\"height: 13.50pt;\">\n<td style=\"height: 13.50pt;\" height=\"18\">Dimensiones<\/td>\n<td>4,7\u00d74,7\u00d721 cm (250 ml), 5,8\u00d75,8\u00d726,4 cm (500 ml), 6,5\u00d76,5\u00d730,2 cm (750 ml)<\/td>\n<\/tr>\n<tr style=\"height: 13.50pt;\">\n<td style=\"height: 13.50pt;\" height=\"18\">Tama\u00f1o del cuello<\/td>\n<td>rosca de tornillo de 19 mm x 30 mm<\/td>\n<\/tr>\n<tr style=\"height: 13.50pt;\">\n<td style=\"height: 13.50pt;\" height=\"18\">Material<\/td>\n<td>vidrio \u00e1mbar con protecci\u00f3n UV<\/td>\n<\/tr>\n<tr style=\"height: 13.50pt;\">\n<td style=\"height: 13.50pt;\" height=\"18\">Forma<\/td>\n<td>Rectangular (vidrio cuadrado)<\/td>\n<\/tr>\n<tr style=\"height: 13.50pt;\">\n<td style=\"height: 13.50pt;\" height=\"18\">Mejor para<\/td>\n<td>Aceite de oliva, vinagre, aceites de cocina, marinadas<\/td>\n<\/tr>\n<tr style=\"height: 13.50pt;\">\n<td style=\"height: 13.50pt;\" height=\"18\">Uso ideal<\/td>\n<td>Botellas de aceite para cocinar, aceiteras y vinagreras, embotellado al por mayor, almacenamiento de cocina<\/td>\n<\/tr>\n<\/tbody>\n<\/table>\n<h2>Caso de \u00e9xito: Una marca de lujo de un importador italiano de aceite de oliva.<\/h2>\n<p>Un importador italiano de aceite de oliva en la costa oeste de Estados Unidos seleccion\u00f3 nuestras botellas de vidrio \u00e1mbar de 500 ml para aceite de oliva. El dise\u00f1o de las etiquetas serigrafiadas de estilo vintage y los revestimientos antigoteo fueron personalizados. La protecci\u00f3n UV fue fundamental, ya que prolong\u00f3 la vida \u00fatil del aceite de oliva en 6 meses e impuls\u00f3 las ventas en un 65 %. El importador qued\u00f3 tan satisfecho que encarg\u00f3 otras 500 000 botellas de su nueva l\u00ednea de aceite de oliva con sabor a trufa y chile.<\/p>\n<h2>Recomendaciones de personalizaci\u00f3n<\/h2>\n<ul>\n<li><strong>Logotipos grabados:<\/strong> La mejor manera de realzar la elegancia de la marca es grabando el logotipo en el cristal cuadrado. Esto resulta ideal para clientes mayoristas que desean potenciar el reconocimiento de su marca.<\/li>\n<li><strong>Tintas de vidrio de colores:<\/strong> Si quieres tener unas botellas de aceite \u00e1mbar originales para cocinar, la mejor opci\u00f3n es cambiar el color verde actual a un tono m\u00e1s oscuro o m\u00e1s claro que se adapte a los colores de tu marca.<\/li>\n<li><strong>Calificaciones de graduaci\u00f3n:<\/strong> Para facilitar a los usuarios el vertido de la cantidad exacta de l\u00edquido, se pueden grabar las marcas de volumen en el vaso de aceite de cocina, por ejemplo, lo que lo har\u00e1 ideal para la cocina.<\/li>\n<li><strong>Acabado mate:<\/strong> La superficie de vidrio tiene un acabado mate resistente a las huellas dactilares y la botella conserva su car\u00e1cter suave y elegante; esta caracter\u00edstica est\u00e1 pensada principalmente para el mercado de aceites de oliva de alta gama.<\/li>\n<\/ul>","protected":false},"excerpt":{"rendered":"<p>Botellas de aceite de oliva rectangulares de vidrio \u00e1mbar de primera calidad con tapones negros. Botellas de aceite duraderas y elegantes para cocinar. Venta directa de f\u00e1brica, entrega r\u00e1pida.<\/p>","protected":false},"featured_media":25637,"template":"","meta":[],"product_brand":[],"product_cat":[126,123,122],"product_tag":[],"class_list":{"0":"post-22238","1":"product","2":"type-product","3":"status-publish","4":"has-post-thumbnail","6":"product_cat-olive-oil-bottles","7":"product_cat-custom-glass-bottles","8":"product_cat-custom-glass-packaging","10":"first","11":"instock","12":"shipping-taxable","13":"product-type-simple"},"jetpack_sharing_enabled":true,"_links":{"self":[{"href":"https:\/\/yebodaglass.com\/es\/wp-json\/wp\/v2\/product\/22238","targetHints":{"allow":["GET"]}}],"collection":[{"href":"https:\/\/yebodaglass.com\/es\/wp-json\/wp\/v2\/product"}],"about":[{"href":"https:\/\/yebodaglass.com\/es\/wp-json\/wp\/v2\/types\/product"}],"version-history":[{"count":5,"href":"https:\/\/yebodaglass.com\/es\/wp-json\/wp\/v2\/product\/22238\/revisions"}],"predecessor-version":[{"id":25573,"href":"https:\/\/yebodaglass.com\/es\/wp-json\/wp\/v2\/product\/22238\/revisions\/25573"}],"wp:featuredmedia":[{"embeddable":true,"href":"https:\/\/yebodaglass.com\/es\/wp-json\/wp\/v2\/media\/25637"}],"wp:attachment":[{"href":"https:\/\/yebodaglass.com\/es\/wp-json\/wp\/v2\/media?parent=22238"}],"wp:term":[{"taxonomy":"product_brand","embeddable":true,"href":"https:\/\/yebodaglass.com\/es\/wp-json\/wp\/v2\/product_brand?post=22238"},{"taxonomy":"product_cat","embeddable":true,"href":"https:\/\/yebodaglass.com\/es\/wp-json\/wp\/v2\/product_cat?post=22238"},{"taxonomy":"product_tag","embeddable":true,"href":"https:\/\/yebodaglass.com\/es\/wp-json\/wp\/v2\/product_tag?post=22238"}],"curies":[{"name":"wp","href":"https:\/\/api.w.org\/{rel}","templated":true}]}}