{"id":22237,"date":"2025-10-11T13:14:04","date_gmt":"2025-10-11T05:14:04","guid":{"rendered":"https:\/\/yebodaglass.com\/?post_type=product&#038;p=22237"},"modified":"2025-10-11T16:34:58","modified_gmt":"2025-10-11T08:34:58","slug":"bulk-stainless-steel-oil-glass-container-with-glass-base","status":"publish","type":"product","link":"https:\/\/yebodaglass.com\/es\/bulk-stainless-steel-oil-glass-container-with-glass-base\/","title":{"rendered":"Recipiente de vidrio de acero inoxidable para aceite a granel con base de vidrio \u2013 200 ml, 300 ml, 500 ml"},"content":{"rendered":"<p>Estos recipientes de vidrio para aceite incluyen un pico vertedor y est\u00e1n hechos de vidrio transparente con detalles met\u00e1licos plateados. Est\u00e1n disponibles en varios tama\u00f1os.<\/p>\n<h2>Caracter\u00edsticas del producto<\/h2>\n<ul>\n<li><strong>Dise\u00f1o contempor\u00e1neo y minimalista:<\/strong> La fusi\u00f3n del vidrio y el metal, con su sencillez, armoniza bien con cualquier estilo de cocina, haciendo as\u00ed del art\u00edculo una mezcla perfecta de belleza y utilidad.<\/li>\n<li><strong>Pico vertedor dedicado:<\/strong> Est\u00e1n disponibles en varios estilos de picos vertedores de metal, que no solo controlan el flujo de vertido con precisi\u00f3n, sino que tambi\u00e9n reducen los derrames y aumentan la facilidad de uso al m\u00e1ximo.<\/li>\n<li><strong>Combinaci\u00f3n de vidrio y metal:<\/strong> Se utiliza vidrio transparente para la mitad inferior de la botella para que se pueda ver f\u00e1cilmente el nivel de aceite restante, mientras que la mitad superior es de metal, lo que transmite una sensaci\u00f3n de calidad y durabilidad.<\/li>\n<\/ul>\n<h2>Especificaciones clave<\/h2>\n<table style=\"border-collapse: collapse; margin-left: auto; margin-right: auto; width: 642.77pt;\" border=\"0\" width=\"857\" cellspacing=\"0\" cellpadding=\"0\">\n<tbody>\n<tr style=\"height: 13.50pt;\">\n<td style=\"height: 13.50pt; width: 99.75pt;\" width=\"133\" height=\"18\">Caracter\u00edstica<\/td>\n<td style=\"width: 543.00pt;\" width=\"724\">Especificaci\u00f3n<\/td>\n<\/tr>\n<tr style=\"height: 13.50pt;\">\n<td style=\"height: 13.50pt;\" height=\"18\">Dimensiones<\/td>\n<td>3,0 \u00d7 6,5 \u00d7 15,0 cm (200 ml), 3,0 \u00d7 6,5 \u00d7 21,0 cm (300 ml), 3,0 \u00d7 7,4 \u00d7 24,7 cm (500 ml)<\/td>\n<\/tr>\n<tr style=\"height: 13.50pt;\">\n<td style=\"height: 13.50pt;\" height=\"18\">Material<\/td>\n<td>Cuerpo de vidrio transparente, pico de acero inoxidable.<\/td>\n<\/tr>\n<tr style=\"height: 13.50pt;\">\n<td style=\"height: 13.50pt;\" height=\"18\">Opciones de tapa<\/td>\n<td>Pico abatible de acero inoxidable, tapa s\u00f3lida<\/td>\n<\/tr>\n<tr style=\"height: 13.50pt;\">\n<td style=\"height: 13.50pt;\" height=\"18\">Mejor para<\/td>\n<td>Aceite de oliva, vinagre, aderezos, sets de aceite y vinagre<\/td>\n<\/tr>\n<tr style=\"height: 13.50pt;\">\n<td style=\"height: 13.50pt;\" height=\"18\">Uso ideal<\/td>\n<td>Botella de aceite de acero inoxidable, almacenamiento de cocina, contenedor de vidrio para aceite al por mayor<\/td>\n<\/tr>\n<\/tbody>\n<\/table>\n<h2>Historia de \u00e9xito: Una elecci\u00f3n transformadora para la industria de la restauraci\u00f3n<\/h2>\n<p>La empresa mediana de catering estaba decepcionada con el uso continuo de aceiteras fr\u00e1giles y con fugas. Tras el cambio a nuestras aceiteras de vidrio a granel, todo cambi\u00f3. En primer lugar, las botellas de acero inoxidable eran resistentes, ya que se redujo la cantidad de roturas en un 40 %. En segundo lugar, el vertedor preciso permite a los chefs a\u00f1adir aceite o vinagre f\u00e1cilmente, lo que supone un ahorro de tiempo considerable en el proceso de limpieza. Los consumidores principales quedaron encantados con el aspecto moderno de la botella, lo que provoc\u00f3 un aumento del 25 % en las compras repetidas. De hecho, \u00a1algunos tambi\u00e9n nos comentan que quieren m\u00e1s botellas para sus hogares! Actualmente, nuestro equipo de catering realiza un pedido al por mayor cada trimestre.<\/p>\n<h2>Ideas de personalizaci\u00f3n<\/h2>\n<p>\u00bfQuieres que tu aceitera de vidrio luzca \u00fanica? \u00a1Prueba estas transformaciones!<\/p>\n<ul>\n<li>Tintes de vidrio de colores: Ti\u00f1e el vidrio transparente de un verde suave o azul (en lugar de transparente) para que coincida con los colores de la marca de las botellas de aceite de oliva.<\/li>\n<li>Logotipos esmerilados: cree un \u00e1rea esmerilada en el vidrio para los logotipos de sus clientes: esto luce premium y no se despega como las pegatinas.<\/li>\n<li>L\u00edneas de llenado grabadas con l\u00e1ser: Marcadores de ml grabados en el vidrio. Facilitan el embotellado y ofrecen a los usuarios un control preciso.<\/li>\n<\/ul>\n<p>\u00bfListo para ampliar tu selecci\u00f3n de botellas de aceite? Cont\u00e1ctanos hoy mismo para hablar sobre tus pedidos al por mayor o necesidades de personalizaci\u00f3n. \u00a1Estamos aqu\u00ed para ayudarte a lograrlo!<\/p>","protected":false},"excerpt":{"rendered":"<p>Aceitera moderna de vidrio con tapa y pico vertedor de acero inoxidable. Resistente, personalizable e ideal para la imagen de marca de tu cocina. Descuentos disponibles por volumen.<\/p>","protected":false},"featured_media":22262,"template":"","meta":[],"product_brand":[],"product_cat":[122,123,126],"product_tag":[],"class_list":{"0":"post-22237","1":"product","2":"type-product","3":"status-publish","4":"has-post-thumbnail","6":"product_cat-custom-glass-packaging","7":"product_cat-custom-glass-bottles","8":"product_cat-olive-oil-bottles","10":"first","11":"instock","12":"shipping-taxable","13":"product-type-simple"},"jetpack_sharing_enabled":true,"_links":{"self":[{"href":"https:\/\/yebodaglass.com\/es\/wp-json\/wp\/v2\/product\/22237","targetHints":{"allow":["GET"]}}],"collection":[{"href":"https:\/\/yebodaglass.com\/es\/wp-json\/wp\/v2\/product"}],"about":[{"href":"https:\/\/yebodaglass.com\/es\/wp-json\/wp\/v2\/types\/product"}],"version-history":[{"count":5,"href":"https:\/\/yebodaglass.com\/es\/wp-json\/wp\/v2\/product\/22237\/revisions"}],"predecessor-version":[{"id":22270,"href":"https:\/\/yebodaglass.com\/es\/wp-json\/wp\/v2\/product\/22237\/revisions\/22270"}],"wp:featuredmedia":[{"embeddable":true,"href":"https:\/\/yebodaglass.com\/es\/wp-json\/wp\/v2\/media\/22262"}],"wp:attachment":[{"href":"https:\/\/yebodaglass.com\/es\/wp-json\/wp\/v2\/media?parent=22237"}],"wp:term":[{"taxonomy":"product_brand","embeddable":true,"href":"https:\/\/yebodaglass.com\/es\/wp-json\/wp\/v2\/product_brand?post=22237"},{"taxonomy":"product_cat","embeddable":true,"href":"https:\/\/yebodaglass.com\/es\/wp-json\/wp\/v2\/product_cat?post=22237"},{"taxonomy":"product_tag","embeddable":true,"href":"https:\/\/yebodaglass.com\/es\/wp-json\/wp\/v2\/product_tag?post=22237"}],"curies":[{"name":"wp","href":"https:\/\/api.w.org\/{rel}","templated":true}]}}