{"id":22236,"date":"2025-10-11T17:47:19","date_gmt":"2025-10-11T09:47:19","guid":{"rendered":"https:\/\/yebodaglass.com\/?post_type=product&#038;p=22236"},"modified":"2026-03-19T15:32:24","modified_gmt":"2026-03-19T07:32:24","slug":"cylindrical-clear-small-glass-mason-jars-bulk","status":"publish","type":"product","link":"https:\/\/yebodaglass.com\/es\/producto\/cylindrical-clear-small-glass-mason-jars-bulk\/","title":{"rendered":"Tarros de cristal peque\u00f1os cil\u00edndricos transparentes tipo Mason de 100 ml a 480 ml (venta al por mayor)"},"content":{"rendered":"<p>Se trata de peque\u00f1os tarros de cristal tipo Mason, lisos y de lados rectos, fabricados en vidrio transparente. Su boca ancha y rosca uniforme facilitan el llenado y el cierre. Estos tarros pueden utilizarse con tapas de rosca met\u00e1licas plateadas, doradas o negras.<\/p>\n<h2>Caracter\u00edsticas del producto<\/h2>\n<ul>\n<li><strong>Dise\u00f1o de boca ancha con rosca:<\/strong> Su boca ancha facilita el llenado, el vaciado y la limpieza, y permite utilizar utensilios como cucharas para miel.<\/li>\n<li><strong>Tapas met\u00e1licas multicolor:<\/strong> Los diferentes productos se distinguen f\u00e1cilmente gracias a la variedad de acabados de las tapas met\u00e1licas (plata, oro, negro), lo que produce una imagen de alta gama.<\/li>\n<li><strong>Cristal de pantalla Crystal Clean:<\/strong> El cristal es tan transparente que se puede ver el contenido, como la miel dorada y las especias de colores, y maravillarse con su belleza.<\/li>\n<\/ul>\n<h2><strong data-spm-anchor-id=\"5176.28103460.0.i18.29ab2e31DydezZ\">Especificaciones clave <\/strong><\/h2>\n<table style=\"border-collapse: collapse; width: 80%; margin-left: auto; margin-right: auto;\" border=\"0\" width=\"288\" cellspacing=\"0\" cellpadding=\"0\">\n<tbody>\n<tr style=\"height: 13.50pt;\">\n<td style=\"height: 13.5pt; width: 54pt; text-align: center;\" width=\"72\" height=\"18\">Modelo<\/td>\n<td style=\"width: 54pt; text-align: center;\" width=\"72\">Capacidad (ml)<\/td>\n<td style=\"width: 54pt; text-align: center;\" width=\"72\">Tama\u00f1o (cm)<\/td>\n<td style=\"width: 54pt; text-align: center;\" width=\"72\">Opciones de color<\/td>\n<\/tr>\n<tr style=\"height: 13.50pt;\">\n<td style=\"height: 13.5pt; text-align: center;\" align=\"right\" height=\"18\">63010050<\/td>\n<td style=\"text-align: center;\" align=\"right\">100<\/td>\n<td style=\"text-align: center;\">7.4&#215;4.2<\/td>\n<td class=\"et2\" style=\"text-align: center;\" rowspan=\"4\">Borrar (Personalizado)<\/td>\n<\/tr>\n<tr style=\"height: 13.50pt;\">\n<td style=\"height: 13.5pt; text-align: center;\" align=\"right\" height=\"18\">63028051<\/td>\n<td style=\"text-align: center;\" align=\"right\">280<\/td>\n<td style=\"text-align: center;\">7.4&#215;9.5<\/td>\n<\/tr>\n<tr style=\"height: 13.50pt;\">\n<td style=\"height: 13.5pt; text-align: center;\" align=\"right\" height=\"18\">63035052<\/td>\n<td style=\"text-align: center;\" align=\"right\">350<\/td>\n<td style=\"text-align: center;\">7.4&#215;12.0<\/td>\n<\/tr>\n<tr style=\"height: 13.50pt;\">\n<td style=\"height: 13.5pt; text-align: center;\" align=\"right\" height=\"18\">63048053<\/td>\n<td style=\"text-align: center;\" align=\"right\">480<\/td>\n<td style=\"text-align: center;\">7.4&#215;15.0<\/td>\n<\/tr>\n<\/tbody>\n<\/table>\n<h2>Caso de \u00e9xito: Ampliaci\u00f3n de la l\u00ednea de regalos de una granja ap\u00edcola de Vermont<\/h2>\n<p>Nuestro peque\u00f1o tarro de miel fue seleccionado por una granja ap\u00edcola familiar ubicada en Vermont, y el cuerpo de vidrio \u00e1mbar fue personalizado. Estos tarros a medida fueron un \u00e9xito rotundo: el vidrio \u00e1mbar proporcion\u00f3 la protecci\u00f3n UV justa para aumentar la percepci\u00f3n de calidad del producto en un 30%, y el vidrio en s\u00ed era cristalino, lo que increment\u00f3 las ventas de sus productos de regalo de alta gama en un 50%. Este fue el \u00e9xito del apicultor, quien realiz\u00f3 otro pedido de 550.000 tarros para envasar la miel de temporada y venderla en las boutiques de Nueva Inglaterra.<\/p>\n<h2>Personalizaci\u00f3n de peque\u00f1os tarros de cristal Mason<\/h2>\n<ul>\n<li>Colores de los frascos de vidrio: Se presentan en frascos de vidrio liso (transparente tradicional), frascos de vidrio \u00e1mbar y frascos de vidrio azul (apropiados para productos sensibles a la luz).<\/li>\n<li>Opciones de material para la tapa: La tapa puede ser de color cobre, oro rosa o mate.<\/li>\n<li>Personalizaci\u00f3n de tama\u00f1o: Los frascos se pueden personalizar en tres o cuatro tama\u00f1os para utilizarlos como juegos de regalo completos o juegos de almacenamiento.<\/li>\n<\/ul>","protected":false},"excerpt":{"rendered":"<p>Tarros de cristal peque\u00f1os y transparentes con boca ancha para facilitar el llenado. Tarro para miel ideal para almacenar alimentos en la cocina y para la venta al por menor. Suministro directo de f\u00e1brica.<\/p>","protected":false},"featured_media":25525,"template":"","meta":[],"product_brand":[],"product_cat":[122,124,125],"product_tag":[],"class_list":{"0":"post-22236","1":"product","2":"type-product","3":"status-publish","4":"has-post-thumbnail","6":"product_cat-custom-glass-packaging","7":"product_cat-custom-glass-jars","8":"product_cat-mason-glass-jars","10":"first","11":"instock","12":"shipping-taxable","13":"product-type-simple"},"jetpack_sharing_enabled":true,"_links":{"self":[{"href":"https:\/\/yebodaglass.com\/es\/wp-json\/wp\/v2\/product\/22236","targetHints":{"allow":["GET"]}}],"collection":[{"href":"https:\/\/yebodaglass.com\/es\/wp-json\/wp\/v2\/product"}],"about":[{"href":"https:\/\/yebodaglass.com\/es\/wp-json\/wp\/v2\/types\/product"}],"version-history":[{"count":5,"href":"https:\/\/yebodaglass.com\/es\/wp-json\/wp\/v2\/product\/22236\/revisions"}],"predecessor-version":[{"id":25526,"href":"https:\/\/yebodaglass.com\/es\/wp-json\/wp\/v2\/product\/22236\/revisions\/25526"}],"wp:featuredmedia":[{"embeddable":true,"href":"https:\/\/yebodaglass.com\/es\/wp-json\/wp\/v2\/media\/25525"}],"wp:attachment":[{"href":"https:\/\/yebodaglass.com\/es\/wp-json\/wp\/v2\/media?parent=22236"}],"wp:term":[{"taxonomy":"product_brand","embeddable":true,"href":"https:\/\/yebodaglass.com\/es\/wp-json\/wp\/v2\/product_brand?post=22236"},{"taxonomy":"product_cat","embeddable":true,"href":"https:\/\/yebodaglass.com\/es\/wp-json\/wp\/v2\/product_cat?post=22236"},{"taxonomy":"product_tag","embeddable":true,"href":"https:\/\/yebodaglass.com\/es\/wp-json\/wp\/v2\/product_tag?post=22236"}],"curies":[{"name":"wp","href":"https:\/\/api.w.org\/{rel}","templated":true}]}}