{"id":22178,"date":"2025-10-10T17:32:34","date_gmt":"2025-10-10T09:32:34","guid":{"rendered":"https:\/\/yebodaglass.com\/?post_type=product&#038;p=22178"},"modified":"2026-03-19T14:42:13","modified_gmt":"2026-03-19T06:42:13","slug":"clear-wide-mouth-mason-jar-with-lid-bulk","status":"publish","type":"product","link":"https:\/\/yebodaglass.com\/es\/producto\/clear-wide-mouth-mason-jar-with-lid-bulk\/","title":{"rendered":"Tarro de cristal transparente de boca ancha con tapa, de 220 ml a 480 ml (venta al por mayor)"},"content":{"rendered":"<p>Este tarro de cristal de boca ancha con tapa, de elegante cuerpo de vidrio transparente y lados planos, se combina con llamativas tapas met\u00e1licas en rojo, negro, cobre y oro. El contenido se puede apreciar claramente a trav\u00e9s del cuerpo transparente.<\/p>\n<h2>Caracter\u00edsticas del producto<\/h2>\n<ul>\n<li><strong>Tarro de cristal cl\u00e1sico de lados rectos:<\/strong> Se trata de una forma cil\u00edndrica b\u00e1sica, duradera y resistente, f\u00e1cil de limpiar y que permite ver claramente el producto en su interior.<\/li>\n<li><strong>Tapas met\u00e1licas de colores intercambiables:<\/strong> Las tapas de rosca se venden en rojo, negro, cobre u oro para garantizar un ajuste perfecto y una personalizaci\u00f3n \u00fanica.<\/li>\n<li><strong>Cristal de pantalla transparente:<\/strong> Este vidrio de alta transparencia hace que estos frascos sean ideales para la venta al por menor, ya que la calidad del producto y el color se aprecian perfectamente a trav\u00e9s del cristal.<\/li>\n<\/ul>\n<h2><strong data-spm-anchor-id=\"5176.28103460.0.i28.29ab2e31SnOOuR\">Especificaciones clave<\/strong><\/h2>\n<table style=\"border-collapse: collapse; width: 80%; margin-left: auto; margin-right: auto;\" border=\"0\" width=\"360\" cellspacing=\"0\" cellpadding=\"0\">\n<tbody>\n<tr style=\"height: 13.50pt;\">\n<td style=\"height: 13.5pt; width: 54pt; text-align: center;\" width=\"72\" height=\"18\">Modelo<\/td>\n<td style=\"width: 54pt; text-align: center;\" width=\"72\">Capacidad (ml)<\/td>\n<td style=\"width: 54pt; text-align: center;\" width=\"72\">Tama\u00f1o (cm)<\/td>\n<td style=\"width: 54pt; text-align: center;\" width=\"72\">Opciones de color<\/td>\n<td style=\"width: 54pt; text-align: center;\" width=\"72\">Forma<\/td>\n<\/tr>\n<tr style=\"height: 13.50pt;\">\n<td style=\"height: 13.5pt; text-align: center;\" align=\"right\" height=\"18\">63022046<\/td>\n<td style=\"text-align: center;\" align=\"right\">220<\/td>\n<td style=\"text-align: center;\">9.3&#215;5.2<\/td>\n<td class=\"et2\" style=\"text-align: center;\" rowspan=\"4\">Borrar (Personalizado)<\/td>\n<td class=\"et2\" style=\"text-align: center;\" rowspan=\"4\">botella redonda, corta y ancha<\/td>\n<\/tr>\n<tr style=\"height: 13.50pt;\">\n<td style=\"height: 13.5pt; text-align: center;\" align=\"right\" height=\"18\">63028047<\/td>\n<td style=\"text-align: center;\" align=\"right\">280<\/td>\n<td style=\"text-align: center;\">9.3&#215;6.6<\/td>\n<\/tr>\n<tr style=\"height: 13.50pt;\">\n<td style=\"height: 13.5pt; text-align: center;\" align=\"right\" height=\"18\">63037048<\/td>\n<td style=\"text-align: center;\" align=\"right\">370<\/td>\n<td style=\"text-align: center;\">9.3&#215;8.0<\/td>\n<\/tr>\n<tr style=\"height: 13.50pt;\">\n<td style=\"height: 13.5pt; text-align: center;\" align=\"right\" height=\"18\">63048049<\/td>\n<td style=\"text-align: center;\" align=\"right\">480<\/td>\n<td style=\"text-align: center;\">9.3&#215;9.6<\/td>\n<\/tr>\n<\/tbody>\n<\/table>\n<h2>Caso de \u00e9xito<\/h2>\n<p>Nuestros frascos de vidrio de 8 onzas con tapa fueron elegidos por una empresa de salsas picantes de Texas, que luego dise\u00f1\u00f3 un estampado serigrafiado de estilo cl\u00e1sico para el cuerpo del frasco, con una tapa negra mate. Este dise\u00f1o de alta gama fue un \u00e9xito rotundo: se introdujeron en 500 nuevas tiendas de comestibles especializadas con su elegante presentaci\u00f3n y el distintivo dise\u00f1o del frasco gener\u00f3 un 300 % m\u00e1s de contenido en redes sociales. Tras este \u00e9xito, realizaron otro pedido de 200 000 frascos de su nueva l\u00ednea de pepinillos picantes y mezclas para bebidas.<\/p>\n<h2>Recomendaciones para personalizar los tarros de cristal Mason con tapa.<\/h2>\n<ul>\n<li>Impresi\u00f3n directa sobre vidrio: Imprima gr\u00e1ficos permanentes a todo color, logotipos o informaci\u00f3n nutricional sobre el vidrio para darle una apariencia premium sin etiquetas.<\/li>\n<li>Marcas en relieve: Se obtienen marcas de graduaci\u00f3n en relieve (tazas, onzas, mililitros) que se a\u00f1aden al lateral del frasco para que puedan utilizarse f\u00e1cilmente de nuevo en la cocina.<\/li>\n<li>Accesorios especiales para la tapa: Ofrecemos tapas que pueden transformar el frasco en un agitador, un pico vertedor, una tapa para beber o una v\u00e1lvula de fermentaci\u00f3n.<\/li>\n<\/ul>","protected":false},"excerpt":{"rendered":"<p>Tarro de cristal de boca ancha de primera calidad con tapa y cierre herm\u00e9tico. Tarros de cristal con tapa, ideales para almacenamiento a granel y envasado al por menor. Disponibles en stock.<\/p>","protected":false},"featured_media":25520,"template":"","meta":[],"product_brand":[],"product_cat":[122,124,125],"product_tag":[],"class_list":{"0":"post-22178","1":"product","2":"type-product","3":"status-publish","4":"has-post-thumbnail","6":"product_cat-custom-glass-packaging","7":"product_cat-custom-glass-jars","8":"product_cat-mason-glass-jars","10":"first","11":"instock","12":"shipping-taxable","13":"product-type-simple"},"jetpack_sharing_enabled":true,"_links":{"self":[{"href":"https:\/\/yebodaglass.com\/es\/wp-json\/wp\/v2\/product\/22178","targetHints":{"allow":["GET"]}}],"collection":[{"href":"https:\/\/yebodaglass.com\/es\/wp-json\/wp\/v2\/product"}],"about":[{"href":"https:\/\/yebodaglass.com\/es\/wp-json\/wp\/v2\/types\/product"}],"version-history":[{"count":5,"href":"https:\/\/yebodaglass.com\/es\/wp-json\/wp\/v2\/product\/22178\/revisions"}],"predecessor-version":[{"id":25523,"href":"https:\/\/yebodaglass.com\/es\/wp-json\/wp\/v2\/product\/22178\/revisions\/25523"}],"wp:featuredmedia":[{"embeddable":true,"href":"https:\/\/yebodaglass.com\/es\/wp-json\/wp\/v2\/media\/25520"}],"wp:attachment":[{"href":"https:\/\/yebodaglass.com\/es\/wp-json\/wp\/v2\/media?parent=22178"}],"wp:term":[{"taxonomy":"product_brand","embeddable":true,"href":"https:\/\/yebodaglass.com\/es\/wp-json\/wp\/v2\/product_brand?post=22178"},{"taxonomy":"product_cat","embeddable":true,"href":"https:\/\/yebodaglass.com\/es\/wp-json\/wp\/v2\/product_cat?post=22178"},{"taxonomy":"product_tag","embeddable":true,"href":"https:\/\/yebodaglass.com\/es\/wp-json\/wp\/v2\/product_tag?post=22178"}],"curies":[{"name":"wp","href":"https:\/\/api.w.org\/{rel}","templated":true}]}}