{"id":22169,"date":"2025-10-10T16:03:40","date_gmt":"2025-10-10T08:03:40","guid":{"rendered":"https:\/\/yebodaglass.com\/?post_type=product&#038;p=22169"},"modified":"2026-03-24T11:32:52","modified_gmt":"2026-03-24T03:32:52","slug":"bulk-cooking-vinegar-oil-dispensers-with-measuring-spout","status":"publish","type":"product","link":"https:\/\/yebodaglass.com\/es\/bulk-cooking-vinegar-oil-dispensers-with-measuring-spout\/","title":{"rendered":"Dispensadores de aceite y vinagre de cocina a granel de 300 ml y 500 ml con boquilla medidora"},"content":{"rendered":"<p>Estos dispensadores de aceite de vinagre tienen una botella cil\u00edndrica de vidrio transparente en la parte superior, con graduaciones plateadas y una ventana graduada para verter el aceite de cocina.<\/p>\n<h2>Caracter\u00edsticas del producto<\/h2>\n<ul>\n<li><strong>Dispositivo de medici\u00f3n graduado:<\/strong> La parte superior con marcas graduadas permite un control exacto del flujo, permitiendo as\u00ed al usuario dispensar el aceite en la cantidad requerida.<\/li>\n<li><strong>Tapa abatible:<\/strong> Un dise\u00f1o de apertura inclinada \u00fanico le permite tener un mejor acceso al contenido y hacer que verter sea una tarea m\u00e1s pr\u00e1ctica.<\/li>\n<li><strong>Vidrio transparente:<\/strong> Un vaso bonito y sencillo permite al usuario controlar visualmente la cantidad de aceite que queda en la botella y cu\u00e1ndo es necesario rellenarla.<\/li>\n<\/ul>\n<h2>Especificaciones clave<\/h2>\n<table style=\"border-collapse: collapse; margin-left: auto; margin-right: auto; width: 448.52pt;\" border=\"0\" width=\"598\" cellspacing=\"0\" cellpadding=\"0\">\n<tbody>\n<tr style=\"height: 13.50pt;\">\n<td style=\"height: 13.50pt; width: 92.25pt;\" width=\"123\" height=\"18\">Caracter\u00edstica<\/td>\n<td style=\"width: 356.25pt;\" width=\"475\">Especificaci\u00f3n<\/td>\n<\/tr>\n<tr style=\"height: 13.50pt;\">\n<td style=\"height: 13.50pt;\" height=\"18\">Dimensiones<\/td>\n<td>7,5\u00d722 cm (300 ml), 7,5\u00d728 cm (500 ml)<\/td>\n<\/tr>\n<tr style=\"height: 13.50pt;\">\n<td style=\"height: 13.50pt;\" height=\"18\">Material<\/td>\n<td>Vidrio transparente de alta claridad<\/td>\n<\/tr>\n<tr style=\"height: 13.50pt;\">\n<td style=\"height: 13.50pt;\" height=\"18\">Forma<\/td>\n<td>Cil\u00edndrico<\/td>\n<\/tr>\n<tr style=\"height: 13.50pt;\">\n<td style=\"height: 13.50pt;\" height=\"18\">Tipo de tapa<\/td>\n<td>Dispensador integrado con escala de medici\u00f3n (ml)<\/td>\n<\/tr>\n<tr style=\"height: 13.50pt;\">\n<td style=\"height: 13.50pt;\" height=\"18\">Mejor para<\/td>\n<td>Aceite de oliva, vinagre, aderezos, adobos<\/td>\n<\/tr>\n<tr style=\"height: 13.50pt;\">\n<td style=\"height: 13.50pt;\" height=\"18\">Uso ideal<\/td>\n<td>Aceiteras y vinagreras, utensilios de cocina, embalajes al por mayor<\/td>\n<\/tr>\n<\/tbody>\n<\/table>\n<h2>Caso de \u00e9xito: Recetas de precisi\u00f3n de una empresa de reparto de comida.<\/h2>\n<p>Una de las principales empresas de reparto de comida a domicilio eligi\u00f3 nuestro dispensador de aceite de cocina, modific\u00e1ndolo con un logotipo serigrafiado y dosificadores de 1 cucharada. El sistema de dosificaci\u00f3n permiti\u00f3 medir las recetas con mayor precisi\u00f3n, lo que redujo en un 25 % el n\u00famero de errores al seguir las recetas debido a la medici\u00f3n incorrecta del aceite. Adem\u00e1s, el material de vidrio utilizado result\u00f3 duradero, con una tasa de rotura inferior al 1 % durante el transporte. Gracias a su notable eficiencia, la empresa solicit\u00f3 otro lote de 500 000 dispensadores para sus paquetes de reparto de comida premium, as\u00ed como para su venta como producto independiente.<\/p>\n<h2>Consejos para personalizar su dispensador de aceite de vinagre<\/h2>\n<ul>\n<li>Opciones de vidrio tintado: proteja su aceite cambiando el vidrio transparente por vidrio \u00e1mbar o verde para mayor sensibilidad a la luz.<\/li>\n<li>Marcas de medici\u00f3n grabadas con l\u00e1ser: grabe las l\u00edneas en el dispensador para crear una escala permanente y elegante.<\/li>\n<li>Zona de agarre texturizada: agregue ranuras verticales cerca de la base para un mejor manejo, especialmente con manos aceitosas.<\/li>\n<li>Tratamiento labial antigoteo: aplique un microbisel al pico vertedor para eliminar el goteo de la \u00faltima gota.<\/li>\n<\/ul>\n<p>Hagamos que tu pr\u00f3xima botella de vidrio sea m\u00e1s que un simple recipiente. Convirt\u00e1mosla en una artesan\u00eda de dise\u00f1o inteligente.<\/p>","protected":false},"excerpt":{"rendered":"<p>Modernas botellas dispensadoras de aceite y vinagre con tapa medidora y tapa basculante. Perfectas para usar en la cocina. Muestras gratis. Pida al por mayor para obtener las mejores ofertas.<\/p>","protected":false},"featured_media":22172,"template":"","meta":[],"product_brand":[],"product_cat":[126,123,122],"product_tag":[],"class_list":{"0":"post-22169","1":"product","2":"type-product","3":"status-publish","4":"has-post-thumbnail","6":"product_cat-olive-oil-bottles","7":"product_cat-custom-glass-bottles","8":"product_cat-custom-glass-packaging","10":"first","11":"instock","12":"shipping-taxable","13":"product-type-simple"},"jetpack_sharing_enabled":true,"_links":{"self":[{"href":"https:\/\/yebodaglass.com\/es\/wp-json\/wp\/v2\/product\/22169","targetHints":{"allow":["GET"]}}],"collection":[{"href":"https:\/\/yebodaglass.com\/es\/wp-json\/wp\/v2\/product"}],"about":[{"href":"https:\/\/yebodaglass.com\/es\/wp-json\/wp\/v2\/types\/product"}],"version-history":[{"count":4,"href":"https:\/\/yebodaglass.com\/es\/wp-json\/wp\/v2\/product\/22169\/revisions"}],"predecessor-version":[{"id":25578,"href":"https:\/\/yebodaglass.com\/es\/wp-json\/wp\/v2\/product\/22169\/revisions\/25578"}],"wp:featuredmedia":[{"embeddable":true,"href":"https:\/\/yebodaglass.com\/es\/wp-json\/wp\/v2\/media\/22172"}],"wp:attachment":[{"href":"https:\/\/yebodaglass.com\/es\/wp-json\/wp\/v2\/media?parent=22169"}],"wp:term":[{"taxonomy":"product_brand","embeddable":true,"href":"https:\/\/yebodaglass.com\/es\/wp-json\/wp\/v2\/product_brand?post=22169"},{"taxonomy":"product_cat","embeddable":true,"href":"https:\/\/yebodaglass.com\/es\/wp-json\/wp\/v2\/product_cat?post=22169"},{"taxonomy":"product_tag","embeddable":true,"href":"https:\/\/yebodaglass.com\/es\/wp-json\/wp\/v2\/product_tag?post=22169"}],"curies":[{"name":"wp","href":"https:\/\/api.w.org\/{rel}","templated":true}]}}