{"id":22150,"date":"2025-10-10T17:26:27","date_gmt":"2025-10-10T09:26:27","guid":{"rendered":"https:\/\/yebodaglass.com\/?post_type=product&#038;p=22150"},"modified":"2026-03-20T15:31:19","modified_gmt":"2026-03-20T07:31:19","slug":"cylindrical-mason-glass-jars-with-lids-bulk","status":"publish","type":"product","link":"https:\/\/yebodaglass.com\/es\/producto\/cylindrical-mason-glass-jars-with-lids-bulk\/","title":{"rendered":"Tarros de cristal cil\u00edndricos Mason de 70 ml a 380 ml con tapa (venta al por mayor)"},"content":{"rendered":"<p>Se trata de tarros de cristal Mason con tapa, fabricados en vidrio transparente, de forma cil\u00edndrica y con una tapa de metal plateado pulido. Al ser personalizables, sus recipientes abiertos se pueden etiquetar f\u00e1cilmente y mostrar su contenido.<\/p>\n<h2>Caracter\u00edsticas del producto<\/h2>\n<ul>\n<li><strong>Forma cil\u00edndrica simple:<\/strong> Los cuerpos cil\u00edndricos con bases planas son rectos o anchos para proporcionar estabilidad y facilitar su apilamiento, adem\u00e1s de tener un aspecto muy minimalista.<\/li>\n<li><strong>Tapa met\u00e1lica plateada mate:<\/strong> Las tapas planas de metal plateado mate ofrecen un cierre herm\u00e9tico y una apariencia elegante y contempor\u00e1nea.<\/li>\n<li><strong>Cristal transparente de alta transparencia:<\/strong> El tipo de cristal transparente perfecto le permite ver f\u00e1cilmente lo que hay dentro, as\u00ed como llevar un control del inventario.<\/li>\n<\/ul>\n<h2>Especificaciones clave<\/h2>\n<table style=\"border-collapse: collapse; width: 80%; margin-left: auto; margin-right: auto;\" border=\"0\" width=\"360\" cellspacing=\"0\" cellpadding=\"0\">\n<tbody>\n<tr style=\"height: 13.50pt;\">\n<td style=\"height: 13.5pt; width: 54pt; text-align: center;\" width=\"72\" height=\"18\">Modelo<\/td>\n<td style=\"width: 54pt; text-align: center;\" width=\"72\">Capacidad (ml)<\/td>\n<td style=\"width: 54pt; text-align: center;\" width=\"72\">Forma<\/td>\n<td style=\"width: 54pt; text-align: center;\" width=\"72\">Tama\u00f1o (cm)<\/td>\n<td style=\"width: 54pt; text-align: center;\" width=\"72\">Opciones de color<\/td>\n<\/tr>\n<tr style=\"height: 13.50pt;\">\n<td style=\"height: 13.5pt; text-align: center;\" align=\"right\" height=\"18\">63007040<\/td>\n<td style=\"text-align: center;\" align=\"right\">70<\/td>\n<td class=\"et2\" style=\"text-align: center;\" rowspan=\"6\">Botella redonda recta<\/td>\n<td style=\"text-align: center;\">6.1&#215;4.5<\/td>\n<td class=\"et2\" style=\"text-align: center;\" rowspan=\"6\">Borrar (Personalizado)<\/td>\n<\/tr>\n<tr style=\"height: 13.50pt;\">\n<td style=\"height: 13.5pt; text-align: center;\" align=\"right\" height=\"18\">63015041<\/td>\n<td style=\"text-align: center;\" align=\"right\">150<\/td>\n<td style=\"text-align: center;\">6.1&#215;8.1<\/td>\n<\/tr>\n<tr style=\"height: 13.50pt;\">\n<td style=\"height: 13.5pt; text-align: center;\" align=\"right\" height=\"18\">63020042<\/td>\n<td style=\"text-align: center;\" align=\"right\">200<\/td>\n<td style=\"text-align: center;\">6.1&#215;10.0<\/td>\n<\/tr>\n<tr style=\"height: 13.50pt;\">\n<td style=\"height: 13.5pt; text-align: center;\" align=\"right\" height=\"18\">63024043<\/td>\n<td style=\"text-align: center;\" align=\"right\">240<\/td>\n<td style=\"text-align: center;\">6.1&#215;12.1<\/td>\n<\/tr>\n<tr style=\"height: 13.50pt;\">\n<td style=\"height: 13.5pt; text-align: center;\" align=\"right\" height=\"18\">63028044<\/td>\n<td style=\"text-align: center;\" align=\"right\">280<\/td>\n<td style=\"text-align: center;\">6.1&#215;13.7<\/td>\n<\/tr>\n<tr style=\"height: 13.50pt;\">\n<td style=\"height: 13.5pt; text-align: center;\" align=\"right\" height=\"18\">63038045<\/td>\n<td style=\"text-align: center;\" align=\"right\">380<\/td>\n<td style=\"text-align: center;\">6.1&#215;17.3<\/td>\n<\/tr>\n<\/tbody>\n<\/table>\n<h2>Caso de \u00e9xito: Un pedido personalizado de una cadena nacional de tiendas de alimentos saludables.<\/h2>\n<p>Una de las principales cadenas de tiendas de alimentos saludables eligi\u00f3 nuestros frascos de vidrio personalizados, con graduaciones grabadas con l\u00e1ser y tapas met\u00e1licas. Los resultados de esta personalizaci\u00f3n fueron notables: la cantidad de graduaciones en el \u00e1rea de vidrio transparente redujo en un 20 % la confusi\u00f3n y los derrames en la secci\u00f3n de alimentos a granel. El apilamiento y la uniformidad de los frascos aumentaron la densidad de almacenamiento en los estantes en un 15 %. Gracias a este \u00e9xito, realizaron un pedido adicional de 300 000 frascos para sus secciones de alimentos a granel en los supermercados del pa\u00eds.<\/p>\n<h2>Recomendaciones de personalizaci\u00f3n para frascos de vidrio Mason con tapa<\/h2>\n<ul>\n<li>Grabado\/impresi\u00f3n personalizada en vidrio: grabe su logotipo, patr\u00f3n o dise\u00f1o en el vidrio utilizando l\u00e1seres para crear una marca permanente de alta gama en sus frascos de conservas personalizados.<\/li>\n<li>Material y acabado de la tapa: Acabados y materiales: Disponemos de una variedad de acabados y materiales para tapas planas, incluyendo bamb\u00fa, pl\u00e1stico negro mate, cobre o metal oro rosa.<\/li>\n<li>Dise\u00f1o cuadrado\/hexagonal Los tarros Mason cuadrados o hexagonales est\u00e1n dise\u00f1ados con formas modernas que ahorran espacio, vienen con tapa y se pueden colocar en los estantes de la mejor manera.<\/li>\n<\/ul>","protected":false},"excerpt":{"rendered":"<p>Frascos Mason personalizados de primera calidad y frascos de vidrio Mason con tapa. Boca ancha para almacenar miel, salsas y especias al por mayor. Tama\u00f1os personalizados. Envases listos para usar.<\/p>","protected":false},"featured_media":25542,"template":"","meta":[],"product_brand":[],"product_cat":[125,124,122],"product_tag":[],"class_list":{"0":"post-22150","1":"product","2":"type-product","3":"status-publish","4":"has-post-thumbnail","6":"product_cat-mason-glass-jars","7":"product_cat-custom-glass-jars","8":"product_cat-custom-glass-packaging","10":"first","11":"instock","12":"shipping-taxable","13":"product-type-simple"},"jetpack_sharing_enabled":true,"_links":{"self":[{"href":"https:\/\/yebodaglass.com\/es\/wp-json\/wp\/v2\/product\/22150","targetHints":{"allow":["GET"]}}],"collection":[{"href":"https:\/\/yebodaglass.com\/es\/wp-json\/wp\/v2\/product"}],"about":[{"href":"https:\/\/yebodaglass.com\/es\/wp-json\/wp\/v2\/types\/product"}],"version-history":[{"count":5,"href":"https:\/\/yebodaglass.com\/es\/wp-json\/wp\/v2\/product\/22150\/revisions"}],"predecessor-version":[{"id":25543,"href":"https:\/\/yebodaglass.com\/es\/wp-json\/wp\/v2\/product\/22150\/revisions\/25543"}],"wp:featuredmedia":[{"embeddable":true,"href":"https:\/\/yebodaglass.com\/es\/wp-json\/wp\/v2\/media\/25542"}],"wp:attachment":[{"href":"https:\/\/yebodaglass.com\/es\/wp-json\/wp\/v2\/media?parent=22150"}],"wp:term":[{"taxonomy":"product_brand","embeddable":true,"href":"https:\/\/yebodaglass.com\/es\/wp-json\/wp\/v2\/product_brand?post=22150"},{"taxonomy":"product_cat","embeddable":true,"href":"https:\/\/yebodaglass.com\/es\/wp-json\/wp\/v2\/product_cat?post=22150"},{"taxonomy":"product_tag","embeddable":true,"href":"https:\/\/yebodaglass.com\/es\/wp-json\/wp\/v2\/product_tag?post=22150"}],"curies":[{"name":"wp","href":"https:\/\/api.w.org\/{rel}","templated":true}]}}