{"id":22112,"date":"2025-10-10T17:24:25","date_gmt":"2025-10-10T09:24:25","guid":{"rendered":"https:\/\/yebodaglass.com\/?post_type=product&#038;p=22112"},"modified":"2026-03-20T13:59:59","modified_gmt":"2026-03-20T05:59:59","slug":"clear-glass-mason-jars-with-diamond-pattern-bulk","status":"publish","type":"product","link":"https:\/\/yebodaglass.com\/es\/producto\/clear-glass-mason-jars-with-diamond-pattern-bulk\/","title":{"rendered":"Tarros de cristal transparente Mason de 120 ml a 620 ml con dise\u00f1o de rombos (venta al por mayor)"},"content":{"rendered":"<p>Estos tarros de cristal combinan un exquisito cristal con un patr\u00f3n de rombos con cristal transparente y liso, y cuentan con tapas de rosca met\u00e1licas plateadas tradicionales. Disponibles en diferentes tama\u00f1os, son decorativos y pr\u00e1cticos.<\/p>\n<h2>Caracter\u00edsticas del producto<\/h2>\n<ul>\n<li><strong>Textura acolchada en forma de diamante:<\/strong> El cristal presenta un patr\u00f3n de rombos en relieve que le confiere un atractivo visual, adem\u00e1s de mejorar el agarre y crear una hermosa refracci\u00f3n de la luz.<\/li>\n<li><strong>Dise\u00f1o cl\u00e1sico de boca ancha:<\/strong> Este dise\u00f1o tambi\u00e9n facilita el llenado, la extracci\u00f3n del contenido y la limpieza del frasco, lo que hace que el n\u00facleo del mismo sea bastante \u00fatil.<\/li>\n<li><strong>Diversas capacidades:<\/strong> Dispone de una variedad de tama\u00f1os, desde mini hasta grandes, para adaptarse a las diferentes necesidades, desde peque\u00f1as porciones y almacenamiento diario hasta organizaciones de gran capacidad.<\/li>\n<\/ul>\n<h2><strong data-spm-anchor-id=\"5176.28103460.0.i9.29ab2e316PlIRp\">Especificaciones clave<\/strong><\/h2>\n<table style=\"border-collapse: collapse; width: 80%; margin-left: auto; margin-right: auto;\" border=\"0\" width=\"288\" cellspacing=\"0\" cellpadding=\"0\">\n<tbody>\n<tr style=\"height: 13.50pt;\">\n<td style=\"height: 13.5pt; width: 54pt; text-align: center;\" width=\"72\" height=\"18\">Modelo<\/td>\n<td style=\"width: 54pt; text-align: center;\" width=\"72\">Capacidad (ml)<\/td>\n<td style=\"width: 54pt; text-align: center;\" width=\"72\">Tama\u00f1o (cm)<\/td>\n<td style=\"width: 54pt; text-align: center;\" width=\"72\">Estilo<\/td>\n<\/tr>\n<tr style=\"height: 13.50pt;\">\n<td style=\"height: 13.5pt; text-align: center;\" align=\"right\" height=\"18\">63012026<\/td>\n<td style=\"text-align: center;\" align=\"right\">120<\/td>\n<td style=\"text-align: center;\">6.4&#215;5.5&#215;6.9<\/td>\n<td class=\"et2\" style=\"text-align: center;\" rowspan=\"7\">Transparente, personalizado (con patr\u00f3n de diamantes)<\/td>\n<\/tr>\n<tr style=\"height: 13.50pt;\">\n<td style=\"height: 13.50pt; text-align: center;\" align=\"right\" height=\"18\">63020027<\/td>\n<td style=\"text-align: center;\" align=\"right\">200<\/td>\n<td style=\"text-align: center;\">6.5&#215;8.7&#215;6.9<\/td>\n<\/tr>\n<tr style=\"height: 13.50pt;\">\n<td style=\"height: 13.50pt; text-align: center;\" align=\"right\" height=\"18\">63027028<\/td>\n<td style=\"text-align: center;\" align=\"right\">270<\/td>\n<td style=\"text-align: center;\">7.5&#215;8.4&#215;8.5<\/td>\n<\/tr>\n<tr style=\"height: 13.50pt;\">\n<td style=\"height: 13.50pt; text-align: center;\" align=\"right\" height=\"18\">63050029<\/td>\n<td style=\"text-align: center;\" align=\"right\">430<\/td>\n<td style=\"text-align: center;\">7.3&#215;11.7&#215;8.5<\/td>\n<\/tr>\n<tr style=\"height: 13.50pt;\">\n<td style=\"height: 13.50pt; text-align: center;\" align=\"right\" height=\"18\">63025030<\/td>\n<td style=\"text-align: center;\" align=\"right\">250<\/td>\n<td style=\"text-align: center;\">6.3&#215;10.5&#215;6.9<\/td>\n<\/tr>\n<tr style=\"height: 13.50pt;\">\n<td style=\"height: 13.50pt; text-align: center;\" align=\"right\" height=\"18\">63035031<\/td>\n<td style=\"text-align: center;\" align=\"right\">350<\/td>\n<td style=\"text-align: center;\">6.6&#215;13.3&#215;6.9<\/td>\n<\/tr>\n<tr style=\"height: 13.50pt;\">\n<td style=\"height: 13.50pt; text-align: center;\" align=\"right\" height=\"18\">63062032<\/td>\n<td style=\"text-align: center;\" align=\"right\">620<\/td>\n<td style=\"text-align: center;\">7.7&#215;16.2&#215;8.5<\/td>\n<\/tr>\n<\/tbody>\n<\/table>\n<h2>Historia de \u00e9xito: Producto superventas de una empresa de cestas de regalo del Medio Oeste<\/h2>\n<p>Nuestro tarro de cristal con dise\u00f1o de rombos fue seleccionado por una empresa de cestas de regalo del Medio Oeste y se personaliz\u00f3 en un color \u00e1mbar claro. La textura del cristal le confiere al producto un aire artesanal y aumenta su precio en un 40 %. La robustez y el peso del cristal se traducen en una tasa de rotura durante el env\u00edo inferior a 0,3. El set de regalo tuvo tanto \u00e9xito que la empresa encarg\u00f3 otros 850 000 tarros de cristal para elaborar sus sets de regalo para las dos siguientes temporadas navide\u00f1as.<\/p>\n<h2>Alternativas de personalizaci\u00f3n en tarros de cristal Mason<\/h2>\n<ul>\n<li>Variaciones de dise\u00f1o: los dise\u00f1os en relieve vienen en diferentes variaciones, como dise\u00f1os de panal, acolchados u ondulados.<\/li>\n<li>Acabados de la tapa: Hay otros acabados disponibles para la tapa, como cobre, oro, negro o mate.<\/li>\n<li>Serigraf\u00eda: Permite imprimir l\u00edneas de escala, bordes decorativos o ilustraciones r\u00fasticas en el vidrio.<\/li>\n<\/ul>","protected":false},"excerpt":{"rendered":"<p>Tarros de cristal transparente con dise\u00f1os cl\u00e1sicos en relieve y tapas resistentes. Tarros de cristal pr\u00e1cticos para almacenar y envasar alimentos. Venta directa de f\u00e1brica.<\/p>","protected":false},"featured_media":25534,"template":"","meta":[],"product_brand":[],"product_cat":[125,124,122],"product_tag":[],"class_list":{"0":"post-22112","1":"product","2":"type-product","3":"status-publish","4":"has-post-thumbnail","6":"product_cat-mason-glass-jars","7":"product_cat-custom-glass-jars","8":"product_cat-custom-glass-packaging","10":"first","11":"instock","12":"shipping-taxable","13":"product-type-simple"},"jetpack_sharing_enabled":true,"_links":{"self":[{"href":"https:\/\/yebodaglass.com\/es\/wp-json\/wp\/v2\/product\/22112","targetHints":{"allow":["GET"]}}],"collection":[{"href":"https:\/\/yebodaglass.com\/es\/wp-json\/wp\/v2\/product"}],"about":[{"href":"https:\/\/yebodaglass.com\/es\/wp-json\/wp\/v2\/types\/product"}],"version-history":[{"count":5,"href":"https:\/\/yebodaglass.com\/es\/wp-json\/wp\/v2\/product\/22112\/revisions"}],"predecessor-version":[{"id":25536,"href":"https:\/\/yebodaglass.com\/es\/wp-json\/wp\/v2\/product\/22112\/revisions\/25536"}],"wp:featuredmedia":[{"embeddable":true,"href":"https:\/\/yebodaglass.com\/es\/wp-json\/wp\/v2\/media\/25534"}],"wp:attachment":[{"href":"https:\/\/yebodaglass.com\/es\/wp-json\/wp\/v2\/media?parent=22112"}],"wp:term":[{"taxonomy":"product_brand","embeddable":true,"href":"https:\/\/yebodaglass.com\/es\/wp-json\/wp\/v2\/product_brand?post=22112"},{"taxonomy":"product_cat","embeddable":true,"href":"https:\/\/yebodaglass.com\/es\/wp-json\/wp\/v2\/product_cat?post=22112"},{"taxonomy":"product_tag","embeddable":true,"href":"https:\/\/yebodaglass.com\/es\/wp-json\/wp\/v2\/product_tag?post=22112"}],"curies":[{"name":"wp","href":"https:\/\/api.w.org\/{rel}","templated":true}]}}