{"id":22104,"date":"2025-10-10T15:01:45","date_gmt":"2025-10-10T07:01:45","guid":{"rendered":"https:\/\/yebodaglass.com\/?post_type=product&#038;p=22104"},"modified":"2026-03-26T15:44:18","modified_gmt":"2026-03-26T07:44:18","slug":"wholesale-green-oil-olive-bottles-with-cylindrical-shape","status":"publish","type":"product","link":"https:\/\/yebodaglass.com\/es\/wholesale-green-oil-olive-bottles-with-cylindrical-shape\/","title":{"rendered":"Botellas cil\u00edndricas para aceite de oliva verde al por mayor \u2013 250 ml, 500 ml, 750 ml"},"content":{"rendered":"<p>Esta botella de aceite de oliva tiene forma cil\u00edndrica recta, delgada y sin radios. El cuerpo est\u00e1 fabricado en vidrio verde oliva intenso, que ofrece una buena protecci\u00f3n contra la luz. El cuello es roscado y tiene un tap\u00f3n de rosca, disponible en dorado o negro.<\/p>\n<h2>Caracter\u00edsticas del producto<\/h2>\n<ul>\n<li><strong>Unidad de Protecci\u00f3n UV:<\/strong> El cristal verde de las aceiteras es una protecci\u00f3n para el aceite de oliva que contiene, ya que evita la aparici\u00f3n de decoloraciones y enranciamiento debido a los rayos del sol, permitiendo as\u00ed que el aceite tenga una mayor vida \u00fatil.<\/li>\n<li><strong>Forma cil\u00edndrica delgada:<\/strong> La forma cil\u00edndrica delgada no solo ahorra espacio, sino que tambi\u00e9n es bastante f\u00e1cil de manipular y, como resultado, es m\u00e1s f\u00e1cil controlar el flujo del l\u00edquido cuando lo viertes.<\/li>\n<li><strong>Varios tama\u00f1os:<\/strong> Ofrecemos botellas de varios tama\u00f1os para satisfacer sus necesidades diarias de peque\u00f1a o gran escala.<\/li>\n<\/ul>\n<h2>Especificaciones clave<\/h2>\n<table style=\"border-collapse: collapse; margin-left: auto; margin-right: auto; width: 448.52pt;\" border=\"0\" width=\"598\" cellspacing=\"0\" cellpadding=\"0\">\n<tbody>\n<tr style=\"height: 13.50pt;\">\n<td style=\"height: 13.50pt; width: 92.25pt;\" width=\"123\" height=\"18\">Caracter\u00edstica<\/td>\n<td style=\"width: 356.25pt;\" width=\"475\">Especificaci\u00f3n<\/td>\n<\/tr>\n<tr style=\"height: 13.50pt;\">\n<td style=\"height: 13.50pt;\" height=\"18\">Dimensiones<\/td>\n<td>5,0 \u00d7 23,2 cm (250 ml), 6,1 \u00d7 28 cm (500 ml), 6,9 \u00d7 30,9 cm (750 ml)<\/td>\n<\/tr>\n<tr style=\"height: 13.50pt;\">\n<td style=\"height: 13.50pt;\" height=\"18\">Tama\u00f1o del cuello<\/td>\n<td>Rosca de tornillo de 19 x 30 mm<\/td>\n<\/tr>\n<tr style=\"height: 13.50pt;\">\n<td style=\"height: 13.50pt;\" height=\"18\">Material<\/td>\n<td>Vidrio verde con protecci\u00f3n UV<\/td>\n<\/tr>\n<tr style=\"height: 13.50pt;\">\n<td style=\"height: 13.50pt;\" height=\"18\">Forma<\/td>\n<td>Cil\u00edndrico alto (vidrio redondo)<\/td>\n<\/tr>\n<tr style=\"height: 13.50pt;\">\n<td style=\"height: 13.50pt;\" height=\"18\">Mejor para<\/td>\n<td>Aceite de oliva, aceite de cocina, aderezos.<\/td>\n<\/tr>\n<\/tbody>\n<\/table>\n<h2>Caso de \u00e9xito<\/h2>\n<p>Una empresa familiar espa\u00f1ola productora de aceite de oliva seleccion\u00f3 nuestra botella verde de 750 ml con tap\u00f3n dorado que lleva grabada con l\u00e1ser la fecha de cosecha y el c\u00f3digo de lote. El cuerpo de vidrio con protecci\u00f3n UV, junto con el c\u00f3digo de lote preciso, les permiti\u00f3 minimizar sus p\u00e9rdidas por caducidad en un 42 %, y el envase de alta calidad tambi\u00e9n les permiti\u00f3 aumentar sus ingresos por exportaci\u00f3n en un 20 %. El productor encarg\u00f3 200.000 botellas de su nueva serie de aceite de oliva de cosecha temprana, lo que result\u00f3 un \u00e9xito y gener\u00f3 nuevos pedidos.<\/p>\n<h2>Consejos para personalizar botellas de vidrio para aceite de oliva<\/h2>\n<ul>\n<li>Botella Esmerilada: Arena toda la superficie para un acabado suave y mate. Conserva el color verde, pero le da un acabado moderno y texturizado.<\/li>\n<li>Base texturizada: coloque anillos conc\u00e9ntricos o un dise\u00f1o de rayos de sol en el fondo de la botella creando un patr\u00f3n que se siente rico y texturizado y al mismo tiempo le da un aspecto \u00fanico.<\/li>\n<li>Hombro Biselado: Forma una curva inclinada desde el cuello hasta el cuerpo del recipiente. Esta sencilla caracter\u00edstica a\u00f1ade glamour y deja pasar la luz a la perfecci\u00f3n.<\/li>\n<li>Grabado l\u00e1ser: aproveche un l\u00e1ser de precisi\u00f3n y grabe el logotipo de su marca o cualquier imagen directamente en el vidrio.<\/li>\n<\/ul>","protected":false},"excerpt":{"rendered":"<p>Botellas de vidrio verde oscuro para aceite de oliva con tap\u00f3n de rosca, que protegen la calidad del aceite. Perfectas para aceite de oliva, aceite de cocina y aceites gourmet. Suministro directo de f\u00e1brica.<\/p>","protected":false},"featured_media":25642,"template":"","meta":[],"product_brand":[],"product_cat":[126,123,122],"product_tag":[],"class_list":{"0":"post-22104","1":"product","2":"type-product","3":"status-publish","4":"has-post-thumbnail","6":"product_cat-olive-oil-bottles","7":"product_cat-custom-glass-bottles","8":"product_cat-custom-glass-packaging","10":"first","11":"instock","12":"shipping-taxable","13":"product-type-simple"},"jetpack_sharing_enabled":true,"_links":{"self":[{"href":"https:\/\/yebodaglass.com\/es\/wp-json\/wp\/v2\/product\/22104","targetHints":{"allow":["GET"]}}],"collection":[{"href":"https:\/\/yebodaglass.com\/es\/wp-json\/wp\/v2\/product"}],"about":[{"href":"https:\/\/yebodaglass.com\/es\/wp-json\/wp\/v2\/types\/product"}],"version-history":[{"count":5,"href":"https:\/\/yebodaglass.com\/es\/wp-json\/wp\/v2\/product\/22104\/revisions"}],"predecessor-version":[{"id":25556,"href":"https:\/\/yebodaglass.com\/es\/wp-json\/wp\/v2\/product\/22104\/revisions\/25556"}],"wp:featuredmedia":[{"embeddable":true,"href":"https:\/\/yebodaglass.com\/es\/wp-json\/wp\/v2\/media\/25642"}],"wp:attachment":[{"href":"https:\/\/yebodaglass.com\/es\/wp-json\/wp\/v2\/media?parent=22104"}],"wp:term":[{"taxonomy":"product_brand","embeddable":true,"href":"https:\/\/yebodaglass.com\/es\/wp-json\/wp\/v2\/product_brand?post=22104"},{"taxonomy":"product_cat","embeddable":true,"href":"https:\/\/yebodaglass.com\/es\/wp-json\/wp\/v2\/product_cat?post=22104"},{"taxonomy":"product_tag","embeddable":true,"href":"https:\/\/yebodaglass.com\/es\/wp-json\/wp\/v2\/product_tag?post=22104"}],"curies":[{"name":"wp","href":"https:\/\/api.w.org\/{rel}","templated":true}]}}