{"id":22031,"date":"2025-10-09T11:57:24","date_gmt":"2025-10-09T03:57:24","guid":{"rendered":"https:\/\/yebodaglass.com\/?post_type=product&#038;p=22031"},"modified":"2025-10-09T14:54:29","modified_gmt":"2025-10-09T06:54:29","slug":"wholesale-unique-olive-oil-dispensers-with-glass-handle-100ml-250ml-500ml","status":"publish","type":"product","link":"https:\/\/yebodaglass.com\/es\/wholesale-unique-olive-oil-dispensers-with-glass-handle-100ml-250ml-500ml\/","title":{"rendered":"Dispensadores de aceite de oliva \u00fanicos al por mayor con asa de vidrio: 100 ml, 250 ml y 500 ml"},"content":{"rendered":"<div data-elementor-type=\"product-post\" data-elementor-id=\"22031\" class=\"elementor elementor-22031\" data-elementor-settings=\"{&quot;ha_cmc_init_switcher&quot;:&quot;no&quot;}\" data-elementor-post-type=\"product\">\n\t\t\t\t<div class=\"elementor-element elementor-element-7cc6e53 e-flex e-con-boxed e-con e-parent\" data-id=\"7cc6e53\" data-element_type=\"container\" data-e-type=\"container\" data-settings=\"{&quot;_ha_eqh_enable&quot;:false}\">\n\t\t\t\t\t<div class=\"e-con-inner\">\n\t\t\t\t<div class=\"elementor-element elementor-element-b9ffd68 elementor-widget elementor-widget-text-editor\" data-id=\"b9ffd68\" data-element_type=\"widget\" data-e-type=\"widget\" data-widget_type=\"text-editor.default\">\n\t\t\t\t<div class=\"elementor-widget-container\">\n\t\t\t\t\t\t\t\t\t<p>Estos dispensadores de aceite de vidrio presentan un cuerpo curvo \u00fanico y asas de vidrio de f\u00e1cil agarre, y est\u00e1n hechos de vidrio transparente. Su estilo y uso van de la mano, por lo que son el complemento perfecto para su cocina.<\/p><h2>Caracter\u00edsticas del producto<\/h2><ul><li><strong>Con asa:<\/strong> Un peque\u00f1o mango de vidrio para facilitar la liberaci\u00f3n y el vertido es lo que el mango hace en todo momento, por lo que el usuario se ahorra la molestia de revelar el aceite.<\/li><li><strong>Sin goteo:<\/strong> Gracias a su tap\u00f3n de rosca de precisi\u00f3n, estas botellas para aceites esenciales garantizan un flujo fluido en todo momento. Son justo lo que necesitas para usar f\u00e1cilmente tus frascos de especias o tu mesa.<\/li><li><strong>Vidrio transparente:<\/strong> Es el vidrio transparente que le permite ver el aceite restante en la botella, por lo que el rellenado se realiza sin ning\u00fan problema.<\/li><\/ul>\t\t\t\t\t\t\t\t<\/div>\n\t\t\t\t<\/div>\n\t\t\t\t<div class=\"elementor-element elementor-element-920ae84 elementor-widget elementor-widget-text-editor\" data-id=\"920ae84\" data-element_type=\"widget\" data-e-type=\"widget\" data-widget_type=\"text-editor.default\">\n\t\t\t\t<div class=\"elementor-widget-container\">\n\t\t\t\t\t\t\t\t\t<h2 style=\"text-align: center;\">Especificaciones clave:<\/h2><table class=\"aligncenter\" style=\"border-collapse: collapse; width: 470.27pt;\" border=\"0\" width=\"627\" cellspacing=\"0\" cellpadding=\"0\"><tbody><tr style=\"height: 13.50pt;\"><td style=\"height: 13.50pt; width: 86.25pt;\" width=\"115\" height=\"18\">Caracter\u00edstica<\/td><td style=\"width: 384.00pt;\" width=\"512\">Especificaci\u00f3n<\/td><\/tr><tr style=\"height: 13.50pt;\"><td style=\"height: 13.50pt;\" height=\"18\">Dimensiones<\/td><td>5,4 \u00d7 13,9 cm (100 ml), 7,1 \u00d7 17,3 cm (250 ml), 8,8 \u00d7 21,9 cm (500 ml)<\/td><\/tr><tr style=\"height: 13.50pt;\"><td style=\"height: 13.50pt;\" height=\"18\">Material<\/td><td>Vidrio transparente de alta claridad<\/td><\/tr><tr style=\"height: 13.50pt;\"><td style=\"height: 13.50pt;\" height=\"18\">Forma<\/td><td>C\u00f3nico redondo con mango integrado<\/td><\/tr><tr style=\"height: 13.50pt;\"><td style=\"height: 13.50pt;\" height=\"18\">Tipo de tapa<\/td><td>Tapa de rosca s\u00f3lida<\/td><\/tr><tr style=\"height: 13.50pt;\"><td style=\"height: 13.50pt;\" height=\"18\">Mejor para<\/td><td>Aceite de oliva, vinagre, aderezos, aceites gourmet<\/td><\/tr><\/tbody><\/table><h2>Historia real<\/h2><p>Un productor de peque\u00f1as cantidades de aceite de oliva prensado en fr\u00edo, que vend\u00eda principalmente en mercados agr\u00edcolas, pose\u00eda aceite de oliva de alta calidad, pero el envase parec\u00eda una simple botella de vidrio m\u00e1s en el estante. Optaron por este singular dispensador de aceite de oliva. El mismo aceite de oliva, en otra botella. Despu\u00e9s de varios meses, los clientes empezaron a mencionarlo como &#034;el del asa&#034;. Su aspecto era m\u00e1s elegante, era m\u00e1s c\u00f3modo de usar y al verterlo no se derramaba, as\u00ed que a la gente le gust\u00f3.<\/p><h2>Dispensadores de aceite de vidrio personalizados<\/h2><ul><li>Mango esmerilado: la parte del mango es la \u00fanica que est\u00e1 pulida con chorro de arena para brindar un agarre suave y antideslizante que contrasta agradablemente con la botella transparente.<\/li><li>Marcado Grabado: Se a\u00f1ade una peque\u00f1a marca cerca del cuello de la botella para indicar el nivel de llenado ideal. Tiene un aspecto profesional y una sensaci\u00f3n refinada.<\/li><li>Relieve inferior: Su logotipo o la historia de su marca se graban en relieve en la parte inferior de la botella. Los iconos se hacen visibles cuando la botella est\u00e1 casi vac\u00eda, para que su marca est\u00e9 a la vista de sus clientes.<\/li><\/ul>\t\t\t\t\t\t\t\t<\/div>\n\t\t\t\t<\/div>\n\t\t\t\t\t<\/div>\n\t\t\t\t<\/div>\n\t\t\t\t<\/div>","protected":false},"excerpt":{"rendered":"<p>Dispensadores de aceite de oliva de vidrio exclusivos con asa discreta, de dise\u00f1o elegante ideal para marcas de productos de cocina. Personalizables con muestras gratuitas y descuentos por volumen.<\/p>","protected":false},"featured_media":22060,"template":"","meta":[],"product_brand":[],"product_cat":[122,123,126],"product_tag":[],"class_list":{"0":"post-22031","1":"product","2":"type-product","3":"status-publish","4":"has-post-thumbnail","6":"product_cat-custom-glass-packaging","7":"product_cat-custom-glass-bottles","8":"product_cat-olive-oil-bottles","10":"first","11":"instock","12":"shipping-taxable","13":"product-type-simple"},"jetpack_sharing_enabled":true,"_links":{"self":[{"href":"https:\/\/yebodaglass.com\/es\/wp-json\/wp\/v2\/product\/22031","targetHints":{"allow":["GET"]}}],"collection":[{"href":"https:\/\/yebodaglass.com\/es\/wp-json\/wp\/v2\/product"}],"about":[{"href":"https:\/\/yebodaglass.com\/es\/wp-json\/wp\/v2\/types\/product"}],"version-history":[{"count":5,"href":"https:\/\/yebodaglass.com\/es\/wp-json\/wp\/v2\/product\/22031\/revisions"}],"predecessor-version":[{"id":22078,"href":"https:\/\/yebodaglass.com\/es\/wp-json\/wp\/v2\/product\/22031\/revisions\/22078"}],"wp:featuredmedia":[{"embeddable":true,"href":"https:\/\/yebodaglass.com\/es\/wp-json\/wp\/v2\/media\/22060"}],"wp:attachment":[{"href":"https:\/\/yebodaglass.com\/es\/wp-json\/wp\/v2\/media?parent=22031"}],"wp:term":[{"taxonomy":"product_brand","embeddable":true,"href":"https:\/\/yebodaglass.com\/es\/wp-json\/wp\/v2\/product_brand?post=22031"},{"taxonomy":"product_cat","embeddable":true,"href":"https:\/\/yebodaglass.com\/es\/wp-json\/wp\/v2\/product_cat?post=22031"},{"taxonomy":"product_tag","embeddable":true,"href":"https:\/\/yebodaglass.com\/es\/wp-json\/wp\/v2\/product_tag?post=22031"}],"curies":[{"name":"wp","href":"https:\/\/api.w.org\/{rel}","templated":true}]}}