{"id":22010,"date":"2025-10-10T09:07:57","date_gmt":"2025-10-10T01:07:57","guid":{"rendered":"https:\/\/yebodaglass.com\/?post_type=product&#038;p=22010"},"modified":"2026-03-18T17:48:37","modified_gmt":"2026-03-18T09:48:37","slug":"wide-mouth-mason-jars-and-lids-canning-jars","status":"publish","type":"product","link":"https:\/\/yebodaglass.com\/es\/producto\/wide-mouth-mason-jars-and-lids-canning-jars\/","title":{"rendered":"Tarros de conserva Mason de boca ancha con tapas \u2013 Tarros para conservas de 200 ml a 730 ml"},"content":{"rendered":"<p>Estos tarros de cristal de boca ancha con tapa presentan un dise\u00f1o cl\u00e1sico cil\u00edndrico, con un cuerpo liso y transparente y una boca ancha que facilita el llenado y la limpieza. Cada tarro incluye una tapa de aluminio macizo que sella herm\u00e9ticamente tanto productos secos como l\u00edquidos. Fabricados con tecnolog\u00eda de soplado a m\u00e1quina, son ideales para almacenamiento, envasado y exhibici\u00f3n. Aptos para encurtidos, salsas, jarabes, aperitivos, t\u00e9, cereales e incluso velas o usos decorativos, estos tarros de boca ancha satisfacen las necesidades de presentaci\u00f3n tanto para alimentos como para comercios.<\/p>\n<h2>Especificaciones clave<\/h2>\n<table style=\"border-collapse: collapse; width: 80%; margin-left: auto; margin-right: auto;\" border=\"0\" width=\"794\" cellspacing=\"0\" cellpadding=\"0\">\n<tbody>\n<tr style=\"height: 13.50pt;\">\n<td style=\"height: 13.50pt; width: 122.25pt;\" width=\"163\" height=\"18\">Nombre del producto<\/td>\n<td style=\"width: 473.25pt;\" width=\"631\">Tarro de cristal de boca ancha<\/td>\n<\/tr>\n<tr style=\"height: 13.50pt;\">\n<td style=\"height: 13.50pt;\" height=\"18\">Material<\/td>\n<td>Vidrio de cal sodada sin BPA + tapa de aluminio<\/td>\n<\/tr>\n<tr style=\"height: 13.50pt;\">\n<td style=\"height: 13.50pt;\" height=\"18\">Opciones de capacidad<\/td>\n<td>200 ml, 230 ml, 280 ml, 350 ml, 380 ml, 470 ml, 620 ml, 730 ml (variantes en onzas disponibles)<\/td>\n<\/tr>\n<tr style=\"height: 13.50pt;\">\n<td style=\"height: 13.50pt;\" height=\"18\">Forma<\/td>\n<td>Boca redonda y ancha<\/td>\n<\/tr>\n<tr style=\"height: 13.50pt;\">\n<td style=\"height: 13.50pt;\" height=\"18\">Tipos de tapas<\/td>\n<td>Tapas de tarro abatibles, est\u00e1ndar, con orificio para pajita y de tipo partido<\/td>\n<\/tr>\n<tr style=\"height: 13.50pt;\">\n<td style=\"height: 13.50pt;\" height=\"18\">Color<\/td>\n<td>Cristal transparente + tapas plateadas, doradas o negras<\/td>\n<\/tr>\n<tr style=\"height: 13.50pt;\">\n<td style=\"height: 13.50pt;\" height=\"18\">Proceso<\/td>\n<td>M\u00e1quina averiada<\/td>\n<\/tr>\n<tr style=\"height: 13.50pt;\">\n<td style=\"height: 13.50pt;\" height=\"18\">Solicitud<\/td>\n<td>Almacenamiento de alimentos, tarro de conservas, embalaje, uso decorativo<\/td>\n<\/tr>\n<tr style=\"height: 13.50pt;\">\n<td style=\"height: 13.50pt;\" height=\"18\">Capacidad de suministro<\/td>\n<td>Proveedor mayorista directo de f\u00e1brica<\/td>\n<\/tr>\n<tr style=\"height: 13.50pt;\">\n<td style=\"height: 13.50pt;\" height=\"18\">Opciones personalizadas<\/td>\n<td>Logotipo, tama\u00f1o, color, accesorios, acabado de la superficie<\/td>\n<\/tr>\n<tr style=\"height: 13.50pt;\">\n<td style=\"height: 13.50pt;\" height=\"18\">Entrega<\/td>\n<td>Stock estable + plazos de entrega flexibles<\/td>\n<\/tr>\n<\/tbody>\n<\/table>\n<h2>Caracter\u00edsticas principales<\/h2>\n<ol>\n<li><strong>Comodidad de boca ancha<\/strong>El dise\u00f1o de boca ancha del tarro de conservas facilita el llenado, la limpieza y el acceso tanto a s\u00f3lidos como a l\u00edquidos.<\/li>\n<li><strong>Sistema de tapa abatible segura<\/strong>La tapa de aluminio de alta resistencia garantiza un cierre herm\u00e9tico, por lo que puede utilizarse para enlatar, transportar y almacenar alimentos durante largos periodos de tiempo.<\/li>\n<li><strong>Soluci\u00f3n de embalaje flexible<\/strong>: Un frasco de vidrio t\u00edpico y est\u00e1ndar que puede utilizarse tanto con marcas de alimentos como con envases para la venta al por menor o con un proyecto multiusos.<\/li>\n<\/ol>\n<h2>Estudio de caso exitoso<\/h2>\n<p>El propietario de una marca de alimentos en Alemania, especializada en condimentos org\u00e1nicos, adquiri\u00f3 estos frascos de conserva de boca ancha directamente de nuestra f\u00e1brica.<\/p>\n<ul>\n<li>Tipo de negocio: Marca de alimentos org\u00e1nicos (venta minorista y en l\u00ednea)<\/li>\n<li>Volumen del pedido: El primer pedido a granel es de 50.000 unidades (de 350 ml y 470 ml).<\/li>\n<li>Requisitos adicionales: Tapa dorada, logotipo en relieve, superficie apta para etiquetas personalizadas.<\/li>\n<li>Aplicaci\u00f3n: Envases de salsa de pepinillos de alta calidad.<\/li>\n<li>Resultado: El producto en cuesti\u00f3n experiment\u00f3 un crecimiento del 30 por ciento en atractivo en los estantes y un aumento del 22 por ciento en las ventas en 6 meses.<\/li>\n<li>Reordenar: Lo mismo, pero con venta al por mayor trimestral y la frecuencia aumentada a otros 3 tama\u00f1os.<\/li>\n<\/ul>\n<h2>Recomendaciones de personalizaci\u00f3n para compradores B2B<\/h2>\n<ol>\n<li><strong>Optimizaci\u00f3n de la imagen de marca y del embalaje para la venta al por menor.<\/strong>Incorporar la serigraf\u00eda o el relieve para convertir el tarro de cristal en un envase de marca con calidad para la venta al por menor.<\/li>\n<li><strong>Selecci\u00f3n de tapas funcionales<\/strong>Seleccione entre una variedad de tapas para frascos (tapa est\u00e1ndar, con orificio para pajita, tapa dividida) seg\u00fan su uso, como bebidas, alimentos secos o recipientes para velas.<\/li>\n<li><strong>Estrategia de l\u00ednea de productos de varios tama\u00f1os<\/strong>Combinar varios tama\u00f1os en onzas para formar una \u00fanica gama de productos, como se aplica a jarabes y cereales, aperitivos y alimentos especiales, para aumentar el potencial de venta cruzada.<\/li>\n<\/ol>\n<p>Si busca un proveedor fiable de frascos de boca ancha al por mayor, este producto ofrece flexibilidad, consistencia y un s\u00f3lido soporte para la personalizaci\u00f3n directamente de un fabricante profesional.<\/p>","protected":false},"excerpt":{"rendered":"<p>Tarros de cristal de boca ancha y tapas al por mayor para conservas, almacenamiento, envasado y personalizaci\u00f3n de alimentos. Suministro directo de f\u00e1brica con opciones a granel.<\/p>","protected":false},"featured_media":25507,"template":"","meta":[],"product_brand":[],"product_cat":[125,124,122],"product_tag":[],"class_list":{"0":"post-22010","1":"product","2":"type-product","3":"status-publish","4":"has-post-thumbnail","6":"product_cat-mason-glass-jars","7":"product_cat-custom-glass-jars","8":"product_cat-custom-glass-packaging","10":"first","11":"instock","12":"shipping-taxable","13":"product-type-simple"},"jetpack_sharing_enabled":true,"_links":{"self":[{"href":"https:\/\/yebodaglass.com\/es\/wp-json\/wp\/v2\/product\/22010","targetHints":{"allow":["GET"]}}],"collection":[{"href":"https:\/\/yebodaglass.com\/es\/wp-json\/wp\/v2\/product"}],"about":[{"href":"https:\/\/yebodaglass.com\/es\/wp-json\/wp\/v2\/types\/product"}],"version-history":[{"count":5,"href":"https:\/\/yebodaglass.com\/es\/wp-json\/wp\/v2\/product\/22010\/revisions"}],"predecessor-version":[{"id":25510,"href":"https:\/\/yebodaglass.com\/es\/wp-json\/wp\/v2\/product\/22010\/revisions\/25510"}],"wp:featuredmedia":[{"embeddable":true,"href":"https:\/\/yebodaglass.com\/es\/wp-json\/wp\/v2\/media\/25507"}],"wp:attachment":[{"href":"https:\/\/yebodaglass.com\/es\/wp-json\/wp\/v2\/media?parent=22010"}],"wp:term":[{"taxonomy":"product_brand","embeddable":true,"href":"https:\/\/yebodaglass.com\/es\/wp-json\/wp\/v2\/product_brand?post=22010"},{"taxonomy":"product_cat","embeddable":true,"href":"https:\/\/yebodaglass.com\/es\/wp-json\/wp\/v2\/product_cat?post=22010"},{"taxonomy":"product_tag","embeddable":true,"href":"https:\/\/yebodaglass.com\/es\/wp-json\/wp\/v2\/product_tag?post=22010"}],"curies":[{"name":"wp","href":"https:\/\/api.w.org\/{rel}","templated":true}]}}