{"id":22002,"date":"2025-10-09T17:33:25","date_gmt":"2025-10-09T09:33:25","guid":{"rendered":"https:\/\/yebodaglass.com\/?post_type=product&#038;p=22002"},"modified":"2026-03-19T13:42:18","modified_gmt":"2026-03-19T05:42:18","slug":"empty-clear-mason-jar-with-lid-wholesale","status":"publish","type":"product","link":"https:\/\/yebodaglass.com\/es\/producto\/empty-clear-mason-jar-with-lid-wholesale\/","title":{"rendered":"Tarro de cristal transparente vac\u00edo con tapa de 70 ml a 280 ml (venta al por mayor)"},"content":{"rendered":"<p>Este tarro de cristal con tapa tiene una forma cil\u00edndrica cl\u00e1sica, est\u00e1 fabricado en vidrio transparente y cuenta con una abertura amplia que facilita su limpieza. Su tapa tiene rosca convencional para apilarlo f\u00e1cilmente. Viene en diferentes tama\u00f1os con tapas de rosca met\u00e1licas de colores y est\u00e1 disponible en negro, dorado, plateado y rojo.<\/p>\n<h2>Caracter\u00edsticas del producto<\/h2>\n<ul>\n<li><strong>Dise\u00f1o cil\u00edndrico cl\u00e1sico:<\/strong> El cilindro de vidrio es un cilindro sencillo de boca ancha, f\u00e1cil de limpiar, llenar y usar.<\/li>\n<li><strong>Tapas de colores intercambiables:<\/strong> Tienen tapones de rosca met\u00e1licos de color negro, dorado, plateado o rojo, de modo que la tapa queda bien sellada y, al mismo tiempo, ofrece una apariencia elegante.<\/li>\n<li><strong>Varios tama\u00f1os:<\/strong> De tama\u00f1o peque\u00f1o a mediano y grande, para satisfacer todas las necesidades, desde el almacenamiento de especias hasta el de grandes paquetes de alimentos.<\/li>\n<\/ul>\n<h2><strong data-spm-anchor-id=\"5176.28103460.0.i15.29ab2e31JfkVXT\">Especificaciones clave <\/strong><\/h2>\n<table style=\"border-collapse: collapse; width: 80%; margin-left: auto; margin-right: auto;\" border=\"0\" width=\"288\" cellspacing=\"0\" cellpadding=\"0\">\n<tbody>\n<tr style=\"height: 13.50pt;\">\n<td style=\"height: 13.5pt; width: 54pt; text-align: center;\" width=\"72\" height=\"18\">Product<\/td>\n<td style=\"width: 54pt; text-align: center;\" width=\"72\">Capacidad (ml)<\/td>\n<td style=\"width: 54pt; text-align: center;\" width=\"72\">Tama\u00f1o (cm)<\/td>\n<td style=\"width: 54pt; text-align: center;\" width=\"72\">Opciones de color<\/td>\n<\/tr>\n<tr style=\"height: 13.50pt;\">\n<td style=\"height: 13.5pt; text-align: center;\" align=\"right\" height=\"18\">63007014<\/td>\n<td style=\"text-align: center;\" align=\"right\">70<\/td>\n<td style=\"text-align: center;\">4.7&#215;4.5&#215;6.7<\/td>\n<td class=\"et2\" rowspan=\"6\">Borrar (Personalizado)<\/td>\n<\/tr>\n<tr style=\"height: 13.50pt;\">\n<td style=\"height: 13.5pt; text-align: center;\" align=\"right\" height=\"18\">63007015<\/td>\n<td style=\"text-align: center;\" align=\"right\">70<\/td>\n<td style=\"text-align: center;\">6.5&#215;4.5&#215;6.7<\/td>\n<\/tr>\n<tr style=\"height: 13.50pt;\">\n<td style=\"height: 13.5pt; text-align: center;\" align=\"right\" height=\"18\">63012016<\/td>\n<td style=\"text-align: center;\" align=\"right\">120<\/td>\n<td style=\"text-align: center;\">5.4&#215;6.15&#215;6.6<\/td>\n<\/tr>\n<tr style=\"height: 13.50pt;\">\n<td style=\"height: 13.5pt; text-align: center;\" align=\"right\" height=\"18\">63012517<\/td>\n<td style=\"text-align: center;\" align=\"right\">125<\/td>\n<td style=\"text-align: center;\">6.3&#215;5.6&#215;6.9<\/td>\n<\/tr>\n<tr style=\"height: 13.50pt;\">\n<td style=\"height: 13.5pt; text-align: center;\" align=\"right\" height=\"18\">63020018<\/td>\n<td style=\"text-align: center;\" align=\"right\">200<\/td>\n<td style=\"text-align: center;\">6.0&#215;8.6&#215;6.9<\/td>\n<\/tr>\n<tr style=\"height: 13.50pt;\">\n<td style=\"height: 13.5pt; text-align: center;\" align=\"right\" height=\"18\">63028019<\/td>\n<td style=\"text-align: center;\" align=\"right\">280<\/td>\n<td style=\"text-align: center;\">7.5&#215;8.4&#215;8.5<\/td>\n<\/tr>\n<\/tbody>\n<\/table>\n<h2>Historia de \u00e9xito<\/h2>\n<p>Una de las grandes empresas canadienses de alimentos artesanales eligi\u00f3 nuestro tarro de cristal con tapa y lo personaliz\u00f3 con un dise\u00f1o floral r\u00fastico serigrafiado. Estos tarros personalizados han tenido un gran \u00e9xito en el mercado: su elegante apariencia ha incrementado el precio de venta al p\u00fablico de sus mermeladas en un 25%, y, seg\u00fan afirma la empresa, su dise\u00f1o f\u00e1cilmente reconocible ha aumentado el reconocimiento de la marca en los puntos de venta en un tercio. Gracias a este \u00e9xito, tambi\u00e9n han encargado otros 250.000 tarros para su nueva l\u00ednea de jarabes para bebidas y han firmado un contrato con una cadena nacional de supermercados.<\/p>\n<h2>Sugerencias para personalizar los frascos Mason<\/h2>\n<ul>\n<li>Acabados y colores de los anillos para botellas: Ofrece una mayor variedad de colores y dise\u00f1os personalizados para los anillos en espiral de las botellas, con acabados mate y brillante.<\/li>\n<li>Personalizaci\u00f3n de tapones de botella: Se imprimen dise\u00f1os, logotipos o patrones personalizados en los tapones met\u00e1licos planos de las botellas.<\/li>\n<li>Graficadores en relieve: Grabe finas graduaciones en relieve (tazas, mililitros, onzas) en el lateral del tarro, y este resultar\u00e1 m\u00e1s \u00fatil que nunca.<\/li>\n<li>Tama\u00f1os personalizados: Existen tama\u00f1os personalizados para ciertos productos (por ejemplo, botellas altas y delgadas para almacenar miel).<\/li>\n<\/ul>","protected":false},"excerpt":{"rendered":"<p>Tarro de cristal de varios tama\u00f1os con tapa, fabricado en vidrio de alta calidad. Ideal para conservas, almacenamiento y embalaje. Venta directa de f\u00e1brica. Env\u00edo r\u00e1pido.<\/p>","protected":false},"featured_media":25516,"template":"","meta":[],"product_brand":[],"product_cat":[122,124,125],"product_tag":[],"class_list":{"0":"post-22002","1":"product","2":"type-product","3":"status-publish","4":"has-post-thumbnail","6":"product_cat-custom-glass-packaging","7":"product_cat-custom-glass-jars","8":"product_cat-mason-glass-jars","10":"first","11":"instock","12":"shipping-taxable","13":"product-type-simple"},"jetpack_sharing_enabled":true,"_links":{"self":[{"href":"https:\/\/yebodaglass.com\/es\/wp-json\/wp\/v2\/product\/22002","targetHints":{"allow":["GET"]}}],"collection":[{"href":"https:\/\/yebodaglass.com\/es\/wp-json\/wp\/v2\/product"}],"about":[{"href":"https:\/\/yebodaglass.com\/es\/wp-json\/wp\/v2\/types\/product"}],"version-history":[{"count":5,"href":"https:\/\/yebodaglass.com\/es\/wp-json\/wp\/v2\/product\/22002\/revisions"}],"predecessor-version":[{"id":25518,"href":"https:\/\/yebodaglass.com\/es\/wp-json\/wp\/v2\/product\/22002\/revisions\/25518"}],"wp:featuredmedia":[{"embeddable":true,"href":"https:\/\/yebodaglass.com\/es\/wp-json\/wp\/v2\/media\/25516"}],"wp:attachment":[{"href":"https:\/\/yebodaglass.com\/es\/wp-json\/wp\/v2\/media?parent=22002"}],"wp:term":[{"taxonomy":"product_brand","embeddable":true,"href":"https:\/\/yebodaglass.com\/es\/wp-json\/wp\/v2\/product_brand?post=22002"},{"taxonomy":"product_cat","embeddable":true,"href":"https:\/\/yebodaglass.com\/es\/wp-json\/wp\/v2\/product_cat?post=22002"},{"taxonomy":"product_tag","embeddable":true,"href":"https:\/\/yebodaglass.com\/es\/wp-json\/wp\/v2\/product_tag?post=22002"}],"curies":[{"name":"wp","href":"https:\/\/api.w.org\/{rel}","templated":true}]}}