{"id":21951,"date":"2025-10-08T18:01:24","date_gmt":"2025-10-08T10:01:24","guid":{"rendered":"https:\/\/yebodaglass.com\/?post_type=product&#038;p=21951"},"modified":"2026-03-20T15:03:01","modified_gmt":"2026-03-20T07:03:01","slug":"empty-glass-mason-jar-storage-containers-bulk","status":"publish","type":"product","link":"https:\/\/yebodaglass.com\/es\/producto\/empty-glass-mason-jar-storage-containers-bulk\/","title":{"rendered":"Tarros de cristal vac\u00edos tipo Mason de 150 ml a 1100 ml (venta al por mayor)"},"content":{"rendered":"<p>Estos tarros de cristal tipo Mason est\u00e1n hechos de vidrio transparente, con una forma redondeada inusual y un centro ligeramente elevado que se estrecha hacia el cuello y la base. Tienen un cuello con rosca est\u00e1ndar y una tapa de rosca met\u00e1lica de color dorado.<\/p>\n<h2>Caracter\u00edsticas del producto<\/h2>\n<ul>\n<li><strong>Vidrio transparente:<\/strong> El vidrio es totalmente transparente, lo que permite ver f\u00e1cilmente el contenido y hace que el producto resulte m\u00e1s atractivo para las industrias alimentaria y artesanal.<\/li>\n<li><strong>Gorra dorada uniforme:<\/strong> La tapa de rosca dorada correspondiente est\u00e1 hecha de metal, proporciona un ajuste perfecto y aporta un toque cohesivo y de alta gama a ambos estilos.<\/li>\n<li><strong>Varios tama\u00f1os:<\/strong> Est\u00e1 disponible en varios tama\u00f1os, desde mini hasta enorme, dependiendo de si se necesita almacenar muestras o grandes cantidades.<\/li>\n<\/ul>\n<h2><strong data-spm-anchor-id=\"5176.28103460.0.i8.29ab2e31Xe3rbZ\">Especificaciones clave<\/strong><\/h2>\n<table style=\"border-collapse: collapse; width: 80%; margin-left: auto; margin-right: auto;\" border=\"0\" width=\"363\" cellspacing=\"0\" cellpadding=\"0\">\n<tbody>\n<tr style=\"height: 13.50pt;\">\n<td class=\"et2\" style=\"height: 13.5pt; width: 56.25pt; text-align: center;\" width=\"75\" height=\"18\">Product<\/td>\n<td class=\"et2\" style=\"width: 54pt; text-align: center;\" width=\"72\">Capacidad (ml)<\/td>\n<td class=\"et2\" style=\"width: 54pt; text-align: center;\" width=\"72\">Tama\u00f1o (cm)<\/td>\n<td class=\"et2\" style=\"width: 54pt; text-align: center;\" width=\"72\">Opciones de color<\/td>\n<\/tr>\n<tr style=\"height: 13.50pt;\">\n<td class=\"et2\" style=\"height: 13.5pt; text-align: center;\" height=\"18\">63015008<\/td>\n<td class=\"et2\" style=\"text-align: center;\">150<\/td>\n<td class=\"et2\" style=\"text-align: center;\">6.1&#215;6.1&#215;8.2<\/td>\n<td class=\"et2\" style=\"text-align: center;\" rowspan=\"6\">Transparente o personalizado (textura tallada)<\/td>\n<\/tr>\n<tr style=\"height: 13.50pt;\">\n<td class=\"et2\" style=\"height: 13.5pt; text-align: center;\" height=\"18\">63030009<\/td>\n<td class=\"et2\" style=\"text-align: center;\">300<\/td>\n<td class=\"et2\" style=\"text-align: center;\">8.1&#215;8.1&#215;8.9<\/td>\n<\/tr>\n<tr style=\"height: 13.50pt;\">\n<td class=\"et2\" style=\"height: 13.5pt; text-align: center;\" height=\"18\">63038010<\/td>\n<td class=\"et2\" style=\"text-align: center;\">380<\/td>\n<td class=\"et2\" style=\"text-align: center;\">9,0 \u00d7 9,0 x 9,6<\/td>\n<\/tr>\n<tr style=\"height: 13.50pt;\">\n<td class=\"et2\" style=\"height: 13.5pt; text-align: center;\" height=\"18\">63050011<\/td>\n<td class=\"et2\" style=\"text-align: center;\">500<\/td>\n<td class=\"et2\" style=\"text-align: center;\">8.2&#215;8.2&#215;13.0<\/td>\n<\/tr>\n<tr style=\"height: 13.50pt;\">\n<td class=\"et2\" style=\"height: 13.5pt; text-align: center;\" height=\"18\">63103012<\/td>\n<td class=\"et2\" style=\"text-align: center;\">1030<\/td>\n<td class=\"et2\" style=\"text-align: center;\">9.9&#215;9.9&#215;16.7<\/td>\n<\/tr>\n<tr style=\"height: 13.50pt;\">\n<td class=\"et2\" style=\"height: 13.5pt; text-align: center;\" height=\"18\">63110013<\/td>\n<td class=\"et2\" style=\"text-align: center;\">1100<\/td>\n<td class=\"et2\" style=\"text-align: center;\">9.7&#215;9.7&#215;17.5<\/td>\n<\/tr>\n<\/tbody>\n<\/table>\n<h2>Historia de \u00e9xito<\/h2>\n<p>Uno de los productores de miel de Utah eligi\u00f3 nuestro tarro de cristal tipo Mason y lo personaliz\u00f3 en color \u00e1mbar claro con un dise\u00f1o de panal serigrafiado. El aspecto tradicional del tarro realz\u00f3 la imagen de su marca como producto con tradici\u00f3n, lo que se tradujo en un crecimiento del 60 % en las ventas online. Adem\u00e1s, el dise\u00f1o de panal serigrafiado en el tarro increment\u00f3 sus menciones en redes sociales en un 300 %. Debido al extraordinario \u00e9xito obtenido al vender miel a una de las cadenas nacionales de alimentos org\u00e1nicos, el fabricante realiz\u00f3 un pedido adicional de 720\u00a0000 tarros de miel.<\/p>\n<h2>Personalizaci\u00f3n de contenedores de almacenamiento tipo tarro Mason<\/h2>\n<ul>\n<li>Relieve: Se pueden a\u00f1adir patrones texturizados (por ejemplo, espigas de trigo, abejas) a los hombros de los frascos.<\/li>\n<li>Marcas de volumen en relieve: A\u00f1ada marcas de volumen discretas en relieve (onzas, tazas, mililitros) en el lateral del frasco o botella para hacerlo m\u00e1s vers\u00e1til.<\/li>\n<li>Dise\u00f1o de tarros cuadrados: Dise\u00f1amos tarros Mason cuadrados que ahorran espacio, para maximizar su colocaci\u00f3n en estantes y su uso como contenedores de env\u00edo.<\/li>\n<\/ul>","protected":false},"excerpt":{"rendered":"<p>Tarros de cristal de alta calidad con cuerpo de vidrio resistente y tapas met\u00e1licas. Perfectos para almacenar alimentos, bebidas y para empacar. Env\u00edo r\u00e1pido disponible.<\/p>","protected":false},"featured_media":25538,"template":"","meta":[],"product_brand":[],"product_cat":[125,124,122],"product_tag":[],"class_list":{"0":"post-21951","1":"product","2":"type-product","3":"status-publish","4":"has-post-thumbnail","6":"product_cat-mason-glass-jars","7":"product_cat-custom-glass-jars","8":"product_cat-custom-glass-packaging","10":"first","11":"instock","12":"shipping-taxable","13":"product-type-simple"},"jetpack_sharing_enabled":true,"_links":{"self":[{"href":"https:\/\/yebodaglass.com\/es\/wp-json\/wp\/v2\/product\/21951","targetHints":{"allow":["GET"]}}],"collection":[{"href":"https:\/\/yebodaglass.com\/es\/wp-json\/wp\/v2\/product"}],"about":[{"href":"https:\/\/yebodaglass.com\/es\/wp-json\/wp\/v2\/types\/product"}],"version-history":[{"count":5,"href":"https:\/\/yebodaglass.com\/es\/wp-json\/wp\/v2\/product\/21951\/revisions"}],"predecessor-version":[{"id":25540,"href":"https:\/\/yebodaglass.com\/es\/wp-json\/wp\/v2\/product\/21951\/revisions\/25540"}],"wp:featuredmedia":[{"embeddable":true,"href":"https:\/\/yebodaglass.com\/es\/wp-json\/wp\/v2\/media\/25538"}],"wp:attachment":[{"href":"https:\/\/yebodaglass.com\/es\/wp-json\/wp\/v2\/media?parent=21951"}],"wp:term":[{"taxonomy":"product_brand","embeddable":true,"href":"https:\/\/yebodaglass.com\/es\/wp-json\/wp\/v2\/product_brand?post=21951"},{"taxonomy":"product_cat","embeddable":true,"href":"https:\/\/yebodaglass.com\/es\/wp-json\/wp\/v2\/product_cat?post=21951"},{"taxonomy":"product_tag","embeddable":true,"href":"https:\/\/yebodaglass.com\/es\/wp-json\/wp\/v2\/product_tag?post=21951"}],"curies":[{"name":"wp","href":"https:\/\/api.w.org\/{rel}","templated":true}]}}