{"id":21914,"date":"2025-10-08T18:02:42","date_gmt":"2025-10-08T10:02:42","guid":{"rendered":"https:\/\/yebodaglass.com\/?post_type=product&#038;p=21914"},"modified":"2026-03-20T16:27:24","modified_gmt":"2026-03-20T08:27:24","slug":"clear-mason-glass-jars-with-lids-bulk","status":"publish","type":"product","link":"https:\/\/yebodaglass.com\/es\/producto\/clear-mason-glass-jars-with-lids-bulk\/","title":{"rendered":"Tarros de cristal Mason transparentes de 150 ml a 1000 ml con tapa (venta al por mayor)"},"content":{"rendered":"<p>Estos tarros de cristal Mason tienen un dise\u00f1o original de forma cuadrada redondeada, est\u00e1n hechos de cristal transparente y cuentan con una elegante tapa de rosca de acero plateado. Su boca ancha incorpora una tapa de rosca est\u00e1ndar y un sello met\u00e1lico plano y mate de color plateado.<\/p>\n<h2>Caracter\u00edsticas del producto<\/h2>\n<ul>\n<li><strong>Forma cl\u00e1sica vintage:<\/strong> Su forma cil\u00edndrica recta con esquinas cuadradas es id\u00e9ntica a la cl\u00e1sica forma de alba\u00f1il y ofrece una combinaci\u00f3n de belleza vintage, facilidad de agarre, facilidad de uso y facilidad de reconocimiento.<\/li>\n<li><strong>Dise\u00f1o de capacidad m\u00faltiple:<\/strong> Disponible en tama\u00f1os mini, est\u00e1ndar y alto para adaptarse a diversas necesidades de porciones peque\u00f1as, almacenamiento diario y almacenamiento de gran capacidad.<\/li>\n<li><strong>Varias variantes de tapa met\u00e1lica:<\/strong> Dispone de tapa plana o tapa ventilada, ambas en color plata, lo que le confiere un excelente sellado y flexibilidad para adaptarse a numerosas necesidades de conservaci\u00f3n y uso.<\/li>\n<\/ul>\n<h2><strong data-spm-anchor-id=\"5176.28103460.0.i14.29ab2e31M0MCxV\">Especificaciones clave<\/strong><\/h2>\n<table style=\"border-collapse: collapse; width: 80%; margin-left: auto; margin-right: auto;\" border=\"0\" width=\"360\" cellspacing=\"0\" cellpadding=\"0\">\n<tbody>\n<tr style=\"height: 13.50pt;\">\n<td style=\"height: 13.5pt; width: 54pt; text-align: center;\" width=\"72\" height=\"18\">Product<\/td>\n<td style=\"width: 54pt; text-align: center;\" width=\"72\">Capacidad (ml)<\/td>\n<td style=\"width: 54pt; text-align: center;\" width=\"72\">Tama\u00f1o (cm)<\/td>\n<td style=\"width: 54pt; text-align: center;\" width=\"72\">Opciones de color<\/td>\n<\/tr>\n<tr style=\"height: 13.50pt;\">\n<td style=\"height: 13.5pt; text-align: center;\" align=\"right\" height=\"18\">63015001<\/td>\n<td style=\"text-align: center;\" align=\"right\">150<\/td>\n<td style=\"text-align: center;\">7.8&#215;7.8&#215;5.1<\/td>\n<td class=\"et2\" style=\"text-align: center;\" rowspan=\"7\">Borrar (Personalizado)<\/td>\n<\/tr>\n<tr style=\"height: 13.50pt;\">\n<td style=\"height: 13.5pt; text-align: center;\" align=\"right\" height=\"18\">63025002<\/td>\n<td style=\"text-align: center;\" align=\"right\">250<\/td>\n<td style=\"text-align: center;\">7.8&#215;7.8&#215;8.0<\/td>\n<\/tr>\n<tr style=\"height: 13.50pt;\">\n<td style=\"height: 13.5pt; text-align: center;\" align=\"right\" height=\"18\">63038003<\/td>\n<td style=\"text-align: center;\" align=\"right\">380<\/td>\n<td style=\"text-align: center;\">7.5&#215;7.5&#215;12.0<\/td>\n<\/tr>\n<tr style=\"height: 13.50pt;\">\n<td style=\"height: 13.5pt; text-align: center;\" align=\"right\" height=\"18\">63050004<\/td>\n<td style=\"text-align: center;\" align=\"right\">500<\/td>\n<td style=\"text-align: center;\">8.2&#215;8.2&#215;12.7<\/td>\n<\/tr>\n<tr style=\"height: 13.50pt;\">\n<td style=\"height: 13.5pt; text-align: center;\" align=\"right\" height=\"18\">63075005<\/td>\n<td style=\"text-align: center;\" align=\"right\">750<\/td>\n<td style=\"text-align: center;\">8.6&#215;8.6&#215;16.3<\/td>\n<\/tr>\n<tr style=\"height: 13.50pt;\">\n<td style=\"height: 13.5pt; text-align: center;\" align=\"right\" height=\"18\">63085006<\/td>\n<td style=\"text-align: center;\" align=\"right\">850<\/td>\n<td style=\"text-align: center;\">\u2014<\/td>\n<\/tr>\n<tr style=\"height: 13.50pt;\">\n<td style=\"height: 13.5pt; text-align: center;\" align=\"right\" height=\"18\">63100007<\/td>\n<td style=\"text-align: center;\" align=\"right\">1000<\/td>\n<td style=\"text-align: center;\">9.7&#215;9.7&#215;17.5<\/td>\n<\/tr>\n<\/tbody>\n<\/table>\n<h2>Historia de \u00e9xito<\/h2>\n<p>Una tostadora de caf\u00e9 de Portland eligi\u00f3 nuestros tarros de cristal de varios tama\u00f1os y tarros personalizados con dise\u00f1os de granos de caf\u00e9. Los tarros de cristal transparente permitieron una presentaci\u00f3n perfecta de los granos de caf\u00e9, lo que se tradujo en un aumento del 35 % en las ventas y un incremento del 62 % en las compras repetidas. El establecimiento qued\u00f3 tan satisfecho con el empaque que realiz\u00f3 un nuevo pedido de 250\u00a0000 tarros de cristal para su nueva l\u00ednea de especias infusionadas y bebidas de t\u00e9.<\/p>\n<h2>Alternativas de personalizaci\u00f3n de frascos de vidrio Mason<\/h2>\n<ul>\n<li>Dise\u00f1o de tarros cuadrados: Dise\u00f1amos tarros de cristal Mason cuadrados que optimizan el espacio para mejorar la eficiencia de la exhibici\u00f3n en estantes, tanto en tiendas como en despensas dom\u00e9sticas.<\/li>\n<li>Relieve: Grabe o estampe iniciales o dise\u00f1os decorativos en los hombros del frasco.<\/li>\n<li>Material de la tapa: Se pueden utilizar tapas de metal en lugar de tapas de pl\u00e1stico, tapas de corcho o tapas de bamb\u00fa.<\/li>\n<\/ul>","protected":false},"excerpt":{"rendered":"<p>Frascos de vidrio Mason para almacenamiento, con boca ancha y tapas resistentes. Perfectos para empacar y organizar. Descuentos al por mayor y servicio directo de f\u00e1brica.<\/p>","protected":false},"featured_media":25546,"template":"","meta":[],"product_brand":[],"product_cat":[125,124,122],"product_tag":[],"class_list":{"0":"post-21914","1":"product","2":"type-product","3":"status-publish","4":"has-post-thumbnail","6":"product_cat-mason-glass-jars","7":"product_cat-custom-glass-jars","8":"product_cat-custom-glass-packaging","10":"first","11":"instock","12":"shipping-taxable","13":"product-type-simple"},"jetpack_sharing_enabled":true,"_links":{"self":[{"href":"https:\/\/yebodaglass.com\/es\/wp-json\/wp\/v2\/product\/21914","targetHints":{"allow":["GET"]}}],"collection":[{"href":"https:\/\/yebodaglass.com\/es\/wp-json\/wp\/v2\/product"}],"about":[{"href":"https:\/\/yebodaglass.com\/es\/wp-json\/wp\/v2\/types\/product"}],"version-history":[{"count":5,"href":"https:\/\/yebodaglass.com\/es\/wp-json\/wp\/v2\/product\/21914\/revisions"}],"predecessor-version":[{"id":25545,"href":"https:\/\/yebodaglass.com\/es\/wp-json\/wp\/v2\/product\/21914\/revisions\/25545"}],"wp:featuredmedia":[{"embeddable":true,"href":"https:\/\/yebodaglass.com\/es\/wp-json\/wp\/v2\/media\/25546"}],"wp:attachment":[{"href":"https:\/\/yebodaglass.com\/es\/wp-json\/wp\/v2\/media?parent=21914"}],"wp:term":[{"taxonomy":"product_brand","embeddable":true,"href":"https:\/\/yebodaglass.com\/es\/wp-json\/wp\/v2\/product_brand?post=21914"},{"taxonomy":"product_cat","embeddable":true,"href":"https:\/\/yebodaglass.com\/es\/wp-json\/wp\/v2\/product_cat?post=21914"},{"taxonomy":"product_tag","embeddable":true,"href":"https:\/\/yebodaglass.com\/es\/wp-json\/wp\/v2\/product_tag?post=21914"}],"curies":[{"name":"wp","href":"https:\/\/api.w.org\/{rel}","templated":true}]}}