{"id":21833,"date":"2025-09-29T11:46:29","date_gmt":"2025-09-29T03:46:29","guid":{"rendered":"https:\/\/yebodaglass.com\/?post_type=product&#038;p=21833"},"modified":"2025-10-09T18:01:44","modified_gmt":"2025-10-09T10:01:44","slug":"custom-olive-oil-bottles-high-quality-glass-oil-bottles-for-wholesale","status":"publish","type":"product","link":"https:\/\/yebodaglass.com\/es\/custom-olive-oil-bottles-high-quality-glass-oil-bottles-for-wholesale\/","title":{"rendered":"Botellas de aceite de oliva de vidrio transparente personalizadas de 60 a 1000 ml: botellas cuadradas con tapa de rosca"},"content":{"rendered":"<div data-elementor-type=\"product-post\" data-elementor-id=\"21833\" class=\"elementor elementor-21833\" data-elementor-settings=\"{&quot;ha_cmc_init_switcher&quot;:&quot;no&quot;}\" data-elementor-post-type=\"product\">\n\t\t\t\t<div class=\"elementor-element elementor-element-7cc6e53 e-flex e-con-boxed e-con e-parent\" data-id=\"7cc6e53\" data-element_type=\"container\" data-e-type=\"container\" data-settings=\"{&quot;_ha_eqh_enable&quot;:false}\">\n\t\t\t\t\t<div class=\"e-con-inner\">\n\t\t\t\t<div class=\"elementor-element elementor-element-b9ffd68 elementor-widget elementor-widget-text-editor\" data-id=\"b9ffd68\" data-element_type=\"widget\" data-e-type=\"widget\" data-widget_type=\"text-editor.default\">\n\t\t\t\t<div class=\"elementor-widget-container\">\n\t\t\t\t\t\t\t\t\t<p>Como importante fabricante y proveedor de envases de vidrio de primera calidad, comprendemos la necesidad de botellas de aceite de oliva personalizadas de alta calidad que realcen su marca. Con versatilidad para pedidos al por mayor y al por mayor, nuestra clase est\u00e1 dise\u00f1ada para mostrar botellas de vidrio transparente para aceite de oliva y demostrar la pureza de su aceite. Ya sea que necesite una botella dispensadora de aceite est\u00e1ndar o una soluci\u00f3n completamente personalizada, nuestras botellas de vidrio est\u00e1n disponibles en una variedad de tama\u00f1os para adaptarse a cada uso.<\/p><h2>Caracter\u00edsticas del producto<\/h2><ul><li><strong>Dise\u00f1o moderno cuadrado<\/strong>El tama\u00f1o contempor\u00e1neo de las clases mejora el atractivo en los estantes y ahorra espacio, lo que las hace ideales para el comercio minorista.<\/li><li><strong>Vidrio transparente de grado alimenticio<\/strong>:Hecho de vidrio para botellas de aceite de alta calidad, esto permite a los clientes ver el rico color, la creencia de construcci\u00f3n y el deseo de su aceite de oliva.<\/li><li><strong>Cuello de rosca seguro<\/strong>:Compatible con varias opciones de tapa, incluidas las de metal o pl\u00e1stico, garantiza un recipiente de aceite de oliva a prueba de fugas para una f\u00e1cil inserci\u00f3n.<\/li><li><strong>M\u00faltiples opciones de capacidad<\/strong>Para tama\u00f1os grandes de 1000 ml para uso a granel desde botellas peque\u00f1as de 60 ml para muestras, ofrecemos flexibilidad para satisfacer diversos requisitos.<\/li><\/ul>\t\t\t\t\t\t\t\t<\/div>\n\t\t\t\t<\/div>\n\t\t\t\t<div class=\"elementor-element elementor-element-920ae84 elementor-widget elementor-widget-text-editor\" data-id=\"920ae84\" data-element_type=\"widget\" data-e-type=\"widget\" data-widget_type=\"text-editor.default\">\n\t\t\t\t<div class=\"elementor-widget-container\">\n\t\t\t\t\t\t\t\t\t<h2>Especificaciones clave:<\/h2><table border=\"0\" width=\"100%\" cellspacing=\"0\" cellpadding=\"0\"><tbody><tr><td class=\"et2\" style=\"text-align: center;\" colspan=\"4\" width=\"100%\" height=\"18\"><strong>Botella de aceite de oliva cuadrada de vidrio transparente con cuello de rosca<\/strong><\/td><\/tr><tr><td class=\"et2\" style=\"text-align: left;\" height=\"24\"><strong>Modelo<\/strong><\/td><td class=\"et2\" style=\"text-align: left;\"><strong>Capacidad\/ml<\/strong><\/td><td class=\"et2\" style=\"text-align: left;\"><strong>tama\u00f1o\/cm<\/strong><\/td><td class=\"et2\" style=\"text-align: left;\"><strong>di\u00e1metros interior\/exterior\/mm<\/strong><\/td><\/tr><tr><td class=\"et2\" style=\"text-align: center;\" height=\"24\">11006001<\/td><td class=\"et2\">60<\/td><td class=\"et2\">3.5*3.5*12.4<\/td><td class=\"et2\">9.5*18<\/td><\/tr><tr><td class=\"et2\" style=\"text-align: center;\" height=\"18\">11010002<\/td><td class=\"et2\">100<\/td><td class=\"et2\">4.1*4.1*14.0<\/td><td class=\"et2\">13.5*24<\/td><\/tr><tr><td class=\"et2\" style=\"text-align: center;\" height=\"18\">11010003<\/td><td class=\"et2\">100<\/td><td class=\"et2\">4.3*4.3*14.0<\/td><td class=\"et2\">13.5*24<\/td><\/tr><tr><td class=\"et2\" style=\"text-align: center;\" height=\"20\">11015004<\/td><td class=\"et2\">150<\/td><td class=\"et2\">4.9*4.9*15.6<\/td><td class=\"et2\">19*30<\/td><\/tr><tr><td class=\"et2\" style=\"text-align: center;\" height=\"20\">11025005<\/td><td class=\"et2\">250<\/td><td class=\"et2\">4.7*4.7*21.0<\/td><td class=\"et2\">19*30<\/td><\/tr><tr><td class=\"et2\" style=\"text-align: center;\" height=\"20\">11050006<\/td><td class=\"et2\">500<\/td><td class=\"et2\">5.8*5.8*26.4<\/td><td class=\"et2\">19*30<\/td><\/tr><tr><td class=\"et2\" style=\"text-align: center;\" height=\"20\">11075007<\/td><td class=\"et2\">750<\/td><td class=\"et2\">6.5*6.5*30.2<\/td><td class=\"et2\">19*30<\/td><\/tr><tr><td class=\"et2\" style=\"text-align: center;\" height=\"20\">11100008<\/td><td class=\"et2\">1000<\/td><td class=\"et2\">7.4*7.4*30<\/td><td class=\"et2\">19*30<\/td><\/tr><\/tbody><\/table><p>Opciones de accesorios: Cada botella incluye un cuello de rosca compatible con varios tipos de tapas (met\u00e1licas o pl\u00e1sticas), sellos internos, picos vertedores (para aceiteras) y pel\u00edculas exteriores. Las opciones de personalizaci\u00f3n incluyen variaciones de color para las tapas o el etiquetado.<\/p><h2>Estudio de caso:<\/h2><p>Uno de nuestros clientes, una marca premium de aceite, vio un aumento del 30% en sus ventas online tras cambiar a nuestras botellas de aceite de oliva personalizadas. Solicitaron grandes cantidades de la botella cuadrada de vidrio de 500 ml para aceite de oliva, con tapa personalizada y pico vertedor. El envase de vidrio transparente contribuy\u00f3 a realzar la calidad de su producto, y nuestro fiable servicio de env\u00edo garantiz\u00f3 una entrega puntual para su campa\u00f1a navide\u00f1a.<\/p><h2>Consejos para la personalizaci\u00f3n<\/h2><p>Para las marcas que buscan destacar, recomendamos personalizar el color de la tapa para que combine con su imagen corporativa o a\u00f1adir un dispensador de aceite espec\u00edfico para un vertido controlado. Los pedidos al por mayor incluyen descuentos para mayoristas, y ofrecemos un programa de muestras gratuito para probar la botella de vidrio para aceite con tapa antes de realizar su pedido. Nuestros servicios personalizados incluyen la impresi\u00f3n de logotipos y ajustes de tama\u00f1o; simplemente cont\u00e1ctenos con sus necesidades.<\/p><p><strong>Informaci\u00f3n de pedidos<\/strong>Haga su pedido hoy mismo para un env\u00edo y entrega r\u00e1pidos. Estas botellas de vidrio para aceite de oliva est\u00e1n disponibles en acabado transparente, perfectas para cualquier aplicaci\u00f3n.<\/p>\t\t\t\t\t\t\t\t<\/div>\n\t\t\t\t<\/div>\n\t\t\t\t\t<\/div>\n\t\t\t\t<\/div>\n\t\t\t\t<\/div>","protected":false},"excerpt":{"rendered":"<p>Descubra botellas de aceite de oliva personalizadas de primera calidad y botellas de vidrio con tapas para su marca. Precios al por mayor, pedidos al por mayor y muestras gratuitas disponibles.<\/p>","protected":false},"featured_media":21837,"template":"","meta":[],"product_brand":[],"product_cat":[122,123],"product_tag":[],"class_list":{"0":"post-21833","1":"product","2":"type-product","3":"status-publish","4":"has-post-thumbnail","6":"product_cat-custom-glass-packaging","7":"product_cat-custom-glass-bottles","9":"first","10":"instock","11":"shipping-taxable","12":"product-type-simple"},"jetpack_sharing_enabled":true,"_links":{"self":[{"href":"https:\/\/yebodaglass.com\/es\/wp-json\/wp\/v2\/product\/21833","targetHints":{"allow":["GET"]}}],"collection":[{"href":"https:\/\/yebodaglass.com\/es\/wp-json\/wp\/v2\/product"}],"about":[{"href":"https:\/\/yebodaglass.com\/es\/wp-json\/wp\/v2\/types\/product"}],"version-history":[{"count":5,"href":"https:\/\/yebodaglass.com\/es\/wp-json\/wp\/v2\/product\/21833\/revisions"}],"predecessor-version":[{"id":21848,"href":"https:\/\/yebodaglass.com\/es\/wp-json\/wp\/v2\/product\/21833\/revisions\/21848"}],"wp:featuredmedia":[{"embeddable":true,"href":"https:\/\/yebodaglass.com\/es\/wp-json\/wp\/v2\/media\/21837"}],"wp:attachment":[{"href":"https:\/\/yebodaglass.com\/es\/wp-json\/wp\/v2\/media?parent=21833"}],"wp:term":[{"taxonomy":"product_brand","embeddable":true,"href":"https:\/\/yebodaglass.com\/es\/wp-json\/wp\/v2\/product_brand?post=21833"},{"taxonomy":"product_cat","embeddable":true,"href":"https:\/\/yebodaglass.com\/es\/wp-json\/wp\/v2\/product_cat?post=21833"},{"taxonomy":"product_tag","embeddable":true,"href":"https:\/\/yebodaglass.com\/es\/wp-json\/wp\/v2\/product_tag?post=21833"}],"curies":[{"name":"wp","href":"https:\/\/api.w.org\/{rel}","templated":true}]}}