{"id":17341,"date":"2025-07-18T12:13:20","date_gmt":"2025-07-18T04:13:20","guid":{"rendered":"https:\/\/yebodaglass.com\/?post_type=product&#038;p=17341"},"modified":"2026-03-25T13:47:20","modified_gmt":"2026-03-25T05:47:20","slug":"wholesale-32-oz-clear-glass-swing-top-bottles","status":"publish","type":"product","link":"https:\/\/yebodaglass.com\/es\/wholesale-32-oz-clear-glass-swing-top-bottles\/","title":{"rendered":"Botellas de vidrio transparente con tapa abatible de 32 oz al por mayor"},"content":{"rendered":"<p>Nuestra gama de botellas de vidrio transparente de 947 ml con tapa abatible incluye una robusta tapa de rosca que crea un sello herm\u00e9tico a prueba de fugas. Estas botellas de vidrio mantendr\u00e1n su contenido fresco y en buen estado. Si es un aficionado o un productor profesional, nuestras botellas de vidrio con tapa de rosca son una soluci\u00f3n elegante y pr\u00e1ctica para almacenar y presentar una amplia gama de l\u00edquidos.<\/p>\n<h2>Destacados<\/h2>\n<ul>\n<li style=\"text-align: left;\"><strong>Cierre de rosca:<\/strong> El tap\u00f3n de goma queda firmemente sujeto mediante una malla met\u00e1lica para formar un cierre duradero y reutilizable.<\/li>\n<li style=\"text-align: left;\"><strong>Vidrio de alta claridad:<\/strong> A trav\u00e9s del cuerpo de vidrio se puede apreciar claramente el color y la cantidad de carbonataci\u00f3n de la bebida.<\/li>\n<li style=\"text-align: left;\"><strong>Accesorios met\u00e1licos de larga duraci\u00f3n:<\/strong> El tap\u00f3n de cer\u00e1mica\/pl\u00e1stico y la malla de alambre met\u00e1lico son resistentes y pueden utilizarse repetidamente durante mucho tiempo.<\/li>\n<\/ul>\n<h2 style=\"text-align: left;\">Especificaciones clave<\/h2>\n<table class=\"aligncenter\" style=\"border-collapse: collapse; width: 565.52pt;\" border=\"0\" width=\"754\" cellspacing=\"0\" cellpadding=\"0\">\n<tbody>\n<tr style=\"height: 13.50pt;\">\n<td style=\"height: 13.50pt; width: 121.50pt;\" width=\"162\" height=\"18\">Especificaci\u00f3n<\/td>\n<td style=\"width: 444.00pt;\" width=\"592\">Detalles<\/td>\n<\/tr>\n<tr style=\"height: 13.50pt;\">\n<td style=\"height: 13.50pt;\" height=\"18\">Capacidad<\/td>\n<td>32 onzas\/1000 ml<\/td>\n<\/tr>\n<tr style=\"height: 13.50pt;\">\n<td style=\"height: 13.50pt;\" height=\"18\">Tama\u00f1o del embalaje<\/td>\n<td>7,3 pulgadas \u00d7 7,3 pulgadas \u00d7 12,4 pulgadas (largo \u00d7 ancho \u00d7 alto)\/4 piezas por caja<\/td>\n<\/tr>\n<tr style=\"height: 13.50pt;\">\n<td style=\"height: 13.50pt;\" height=\"18\">Material<\/td>\n<td>vidrio sin plomo<\/td>\n<\/tr>\n<tr style=\"height: 13.50pt;\">\n<td style=\"height: 13.50pt;\" height=\"18\">Tipo de tapa<\/td>\n<td>Tapa abatible con tap\u00f3n blanco, junta de goma roja y abrazadera de alambre met\u00e1lico<\/td>\n<\/tr>\n<tr style=\"height: 13.50pt;\">\n<td style=\"height: 13.50pt;\" height=\"18\">Usos recomendados<\/td>\n<td>Ideal para almacenar bebidas caseras, aceites, vinagres, salsas y art\u00edculos de artesan\u00eda.<\/td>\n<\/tr>\n<\/tbody>\n<\/table>\n<h2>Historia de \u00e9xito<\/h2>\n<p>Nuestra botella de vidrio de 946 ml con tapa abatible, etiquetas Art D\u00e9co personalizadas y juntas de goma de color verde, fue elegida por una empresa de refrescos artesanales del Medio Oeste. La carbonataci\u00f3n se sella completamente gracias al cierre herm\u00e9tico, con una integridad del 99,8%. El sello est\u00e1 hecho de un vidrio verde especial, lo que le cuesta a la embotelladora un d\u00f3lar adicional por botella. La empresa tuvo un \u00e9xito rotundo y, posteriormente, encarg\u00f3 150\u00a0000 botellas de su nueva l\u00ednea de cocteleras artesanales y vinagre para beber.<\/p>\n<h2>Botellas de vidrio con tap\u00f3n abatible hechas a medida<\/h2>\n<ul>\n<li>Materiales de los clips y los cables: Los componentes met\u00e1licos est\u00e1n disponibles en acero galvanizado, negro, cobre o lat\u00f3n.<\/li>\n<li>Colores de tapones y juntas para botellas: Tapones para botellas (de cer\u00e1mica o pl\u00e1stico) y juntas de cualquier marca y color.<\/li>\n<li>Gama de tama\u00f1os: Habr\u00e1 4 tama\u00f1os de botellas: 8 oz, 16 oz, 25 oz y 32 oz.<\/li>\n<\/ul>","protected":false},"excerpt":{"rendered":"<p>Botellas de vidrio con tap\u00f3n abatible, cierre herm\u00e9tico y dise\u00f1o resistente. Perfectas para bebidas con gas y zumos. Muestras gratuitas disponibles para comprobar la calidad.<\/p>","protected":false},"featured_media":17359,"template":"","meta":[],"product_brand":[],"product_cat":[81,80,20],"product_tag":[],"class_list":{"0":"post-17341","1":"product","2":"type-product","3":"status-publish","4":"has-post-thumbnail","6":"product_cat-flip-top-bottles","7":"product_cat-glass-bottles","8":"product_cat-glass-containers","10":"first","11":"instock","12":"shipping-taxable","13":"product-type-grouped"},"jetpack_sharing_enabled":true,"_links":{"self":[{"href":"https:\/\/yebodaglass.com\/es\/wp-json\/wp\/v2\/product\/17341","targetHints":{"allow":["GET"]}}],"collection":[{"href":"https:\/\/yebodaglass.com\/es\/wp-json\/wp\/v2\/product"}],"about":[{"href":"https:\/\/yebodaglass.com\/es\/wp-json\/wp\/v2\/types\/product"}],"version-history":[{"count":5,"href":"https:\/\/yebodaglass.com\/es\/wp-json\/wp\/v2\/product\/17341\/revisions"}],"predecessor-version":[{"id":25600,"href":"https:\/\/yebodaglass.com\/es\/wp-json\/wp\/v2\/product\/17341\/revisions\/25600"}],"wp:featuredmedia":[{"embeddable":true,"href":"https:\/\/yebodaglass.com\/es\/wp-json\/wp\/v2\/media\/17359"}],"wp:attachment":[{"href":"https:\/\/yebodaglass.com\/es\/wp-json\/wp\/v2\/media?parent=17341"}],"wp:term":[{"taxonomy":"product_brand","embeddable":true,"href":"https:\/\/yebodaglass.com\/es\/wp-json\/wp\/v2\/product_brand?post=17341"},{"taxonomy":"product_cat","embeddable":true,"href":"https:\/\/yebodaglass.com\/es\/wp-json\/wp\/v2\/product_cat?post=17341"},{"taxonomy":"product_tag","embeddable":true,"href":"https:\/\/yebodaglass.com\/es\/wp-json\/wp\/v2\/product_tag?post=17341"}],"curies":[{"name":"wp","href":"https:\/\/api.w.org\/{rel}","templated":true}]}}