{"id":17170,"date":"2025-07-15T15:21:45","date_gmt":"2025-07-15T07:21:45","guid":{"rendered":"https:\/\/yebodaglass.com\/?post_type=product&#038;p=17170"},"modified":"2026-03-05T13:19:39","modified_gmt":"2026-03-05T05:19:39","slug":"yeboda-32oz-amber-glass-swing-top-beer-bottles-wholesale","status":"publish","type":"product","link":"https:\/\/yebodaglass.com\/es\/producto\/yeboda-32oz-amber-glass-swing-top-beer-bottles-wholesale\/","title":{"rendered":"Botellas de cerveza con tapa abatible de vidrio \u00e1mbar de 32 oz de YEBODA al por mayor"},"content":{"rendered":"<p>Esta botella de vidrio \u00e1mbar tiene una forma alta y tradicional con hombros redondeados y un cuerpo cil\u00edndrico largo, con capacidad para 1000 ml (32 oz) de l\u00edquido. Las botellas de cerveza con tapa abatible cuentan con una tapa abatible resistente, hecha de alambre de acero inoxidable, una junta firme de goma\/silicona y un tap\u00f3n de cer\u00e1mica que se ajusta a presi\u00f3n para formar una cubierta resistente. La botella est\u00e1 hecha de vidrio \u00e1mbar, lo que previene la oxidaci\u00f3n de la bebida gracias a su protecci\u00f3n contra la luz ultravioleta y la mantiene fresca. Estas botellas de cerveza con tapa abatible son populares en la elaboraci\u00f3n de cerveza casera, kombucha, refrescos, bebidas especiales, vinagre y vino, as\u00ed como en el envasado de bebidas especiales. Su dise\u00f1o reutilizable permite abrir y cerrar varias veces sin perder bebidas carbonatadas, lo que las hace pr\u00e1cticas tanto en entornos comerciales como dom\u00e9sticos.<\/p>\n<h2>Especificaciones clave<\/h2>\n<table style=\"border-collapse: collapse; width: 80%; margin-left: auto; margin-right: auto;\" border=\"0\" width=\"80%\" cellspacing=\"0\" cellpadding=\"0\">\n<tbody>\n<tr style=\"height: 13.50pt;\">\n<td style=\"height: 13.50pt; width: 144.75pt;\" width=\"193\" height=\"18\"><strong>Especificaci\u00f3n<\/strong><\/td>\n<td style=\"width: 546.75pt;\" width=\"729\"><strong>Detalles<\/strong><\/td>\n<\/tr>\n<tr style=\"height: 13.50pt;\">\n<td style=\"height: 13.50pt;\" height=\"18\">Capacidad<\/td>\n<td>32 onzas\/1000 ml<\/td>\n<\/tr>\n<tr style=\"height: 13.50pt;\">\n<td style=\"height: 13.50pt;\" height=\"18\">Tama\u00f1o del embalaje<\/td>\n<td>7,3 \u00d7 7,3 \u00d7 12 pulgadas<\/td>\n<\/tr>\n<tr style=\"height: 13.50pt;\">\n<td style=\"height: 13.50pt;\" height=\"18\">Material<\/td>\n<td>Vidrio s\u00f3dico-c\u00e1lcico sin plomo, tapa abatible de acero inoxidable, junta de silicona<\/td>\n<\/tr>\n<tr style=\"height: 13.50pt;\">\n<td style=\"height: 13.50pt;\" height=\"18\">Embalaje<\/td>\n<td>4 botellas por paquete<\/td>\n<\/tr>\n<tr style=\"height: 13.50pt;\">\n<td style=\"height: 13.50pt;\" height=\"18\">Color<\/td>\n<td>\u00c1mbar (protecci\u00f3n UV)<\/td>\n<\/tr>\n<tr style=\"height: 13.50pt;\">\n<td style=\"height: 13.50pt;\" height=\"18\">Cierre<\/td>\n<td>Tapa abatible mec\u00e1nica\/tapa oscilante con junta de sellado<\/td>\n<\/tr>\n<tr style=\"height: 13.50pt;\">\n<td style=\"height: 13.50pt;\" height=\"18\">Reutilizaci\u00f3n<\/td>\n<td>Totalmente reutilizable<\/td>\n<\/tr>\n<tr style=\"height: 13.50pt;\">\n<td style=\"height: 13.50pt;\" height=\"18\">Fabricante<\/td>\n<td>Fabricante y proveedor de botellas de vidrio OEM<\/td>\n<\/tr>\n<tr style=\"height: 13.50pt;\">\n<td style=\"height: 13.50pt;\" height=\"18\">Personalizaci\u00f3n<\/td>\n<td>Opciones de logotipo, embalaje y cierre personalizado<\/td>\n<\/tr>\n<\/tbody>\n<\/table>\n<h2>Caracter\u00edsticas principales del producto<\/h2>\n<ul>\n<li><strong>Sello de carbonataci\u00f3n fuerte<\/strong>:El sistema de tapa f\u00e1cil de acero inoxidable incluye una junta de arandela de goma de ajuste herm\u00e9tico para proporcionar un sello herm\u00e9tico que ayuda a preservar la carbonataci\u00f3n de la bebida.<\/li>\n<li><strong>Vidrio \u00e1mbar con protecci\u00f3n UV<\/strong>Las botellas hechas de vidrio \u00e1mbar filtran los rayos UV a diferencia del vidrio transparente o los envases transparentes de 1 oz, y preservan la estabilidad del sabor de la cerveza, el kombucha y los refrescos.<\/li>\n<li><strong>Conveniencia de tapa abatible reutilizable<\/strong>:El dise\u00f1o de las botellas est\u00e1 hecho para ser muy conveniente, ya que hace que sea f\u00e1cil abrirlas y cerrarlas sin quitar la tapa, convirti\u00e9ndose as\u00ed en una botella con tapa reutilizable y duradera que se puede usar en un ciclo de preparaci\u00f3n prolongado.<\/li>\n<\/ul>\n<h2>Caso de \u00e9xito del cliente<\/h2>\n<p>Uno de los propietarios de una marca de bebidas artesanales en Alemania, que utilizaba botellas tradicionales de estilo grolsch, contrat\u00f3 a nuestra empresa de botellas de vidrio para la compra de 10.000 unidades de botellas de vidrio con tapa abatible de 1000 ml (32 oz). El cliente necesitaba un envase a medida, cajas de cart\u00f3n con la marca y juntas de silicona mejoradas para garantizar una mayor resistencia a la carbonataci\u00f3n en su l\u00ednea de kombucha de lotes peque\u00f1os. Debido al mercado, el producto se vendi\u00f3 en tiendas especializadas de bebidas y a trav\u00e9s de tiendas online. El envase \u00e1mbar con tapa abatible convirti\u00f3 la bebida en una bebida artesanal de lujo en tan solo seis meses. La marca observ\u00f3 un aumento del 35 % en los pedidos recurrentes y el cliente hab\u00eda pedido una segunda venta al por mayor de 35.000 botellas de cerveza con tapa abatible y un paquete de accesorios para cepillos de limpieza.<\/p>\n<h2>Recomendaciones de individualizaci\u00f3n para compradores B2B<\/h2>\n<ol>\n<li><strong>Marca y decoraci\u00f3n de botellas<\/strong>Se puede realizar la impresi\u00f3n, el relieve o el etiquetado de un logotipo personalizado en la parte superior del cuerpo de la botella de vidrio para mejorar la identidad de marca del envase de kombucha, refresco o cerveza artesanal.<\/li>\n<li><strong>Opciones de cierre y junta<\/strong>:Mejore las necesidades de bebidas del material de junta de tap\u00f3n, caucho o silicona, como cerveza con alta carbonataci\u00f3n o bebidas que tienen carbonataci\u00f3n fermentada.<\/li>\n<li><strong>Soluciones de embalaje para minoristas<\/strong>Dise\u00f1ar envases de marca (cajas de 4 o 6 unidades) para su uso en el mercado minorista. Esta es una estrategia habitual en la producci\u00f3n de botellas Grolsch, la producci\u00f3n de vino y la distribuci\u00f3n de bebidas artesanales.<\/li>\n<\/ol>","protected":false},"excerpt":{"rendered":"<p>Botellas de cerveza de 32 oz con tapa abatible, fabricadas al por mayor con vidrio \u00e1mbar con protecci\u00f3n UV y sello herm\u00e9tico. Ideales para marcas de cerveza, kombucha y refrescos. Fabricante OEM.<\/p>","protected":false},"featured_media":17180,"template":"","meta":[],"product_brand":[],"product_cat":[81,80,20],"product_tag":[],"class_list":{"0":"post-17170","1":"product","2":"type-product","3":"status-publish","4":"has-post-thumbnail","6":"product_cat-flip-top-bottles","7":"product_cat-glass-bottles","8":"product_cat-glass-containers","10":"first","11":"instock","12":"shipping-taxable","13":"product-type-grouped"},"jetpack_sharing_enabled":true,"_links":{"self":[{"href":"https:\/\/yebodaglass.com\/es\/wp-json\/wp\/v2\/product\/17170","targetHints":{"allow":["GET"]}}],"collection":[{"href":"https:\/\/yebodaglass.com\/es\/wp-json\/wp\/v2\/product"}],"about":[{"href":"https:\/\/yebodaglass.com\/es\/wp-json\/wp\/v2\/types\/product"}],"version-history":[{"count":6,"href":"https:\/\/yebodaglass.com\/es\/wp-json\/wp\/v2\/product\/17170\/revisions"}],"predecessor-version":[{"id":25272,"href":"https:\/\/yebodaglass.com\/es\/wp-json\/wp\/v2\/product\/17170\/revisions\/25272"}],"wp:featuredmedia":[{"embeddable":true,"href":"https:\/\/yebodaglass.com\/es\/wp-json\/wp\/v2\/media\/17180"}],"wp:attachment":[{"href":"https:\/\/yebodaglass.com\/es\/wp-json\/wp\/v2\/media?parent=17170"}],"wp:term":[{"taxonomy":"product_brand","embeddable":true,"href":"https:\/\/yebodaglass.com\/es\/wp-json\/wp\/v2\/product_brand?post=17170"},{"taxonomy":"product_cat","embeddable":true,"href":"https:\/\/yebodaglass.com\/es\/wp-json\/wp\/v2\/product_cat?post=17170"},{"taxonomy":"product_tag","embeddable":true,"href":"https:\/\/yebodaglass.com\/es\/wp-json\/wp\/v2\/product_tag?post=17170"}],"curies":[{"name":"wp","href":"https:\/\/api.w.org\/{rel}","templated":true}]}}