{"id":17123,"date":"2025-07-15T13:31:40","date_gmt":"2025-07-15T05:31:40","guid":{"rendered":"https:\/\/yebodaglass.com\/?post_type=product&#038;p=17123"},"modified":"2026-03-12T10:54:35","modified_gmt":"2026-03-12T02:54:35","slug":"vintage-milk-bottles-custom-32-oz-clear-glass-bottles","status":"publish","type":"product","link":"https:\/\/yebodaglass.com\/es\/producto\/vintage-milk-bottles-custom-32-oz-clear-glass-bottles\/","title":{"rendered":"Botellas de leche vintage: botellas de vidrio transparente personalizadas de 1000 ml"},"content":{"rendered":"<p>This 930 ml (32 oz\/quart\/2 pint) clear glass milk bottle features a classic straight-shoulder silhouette inspired by vintage milk bottles, providing a timeless look for modern dairy and beverage packaging. Made from transparent and lead-free soda-lime clear glass, this is a reusable glass milk bottle that can be used with milk, juice, yogurt drinks, and plant-based beverages other than liquid beverages. The tamper-evident security ring screw cap used in the bottle top provides the proper bottle top safe bottling and transportation, thus it can be used by dairy farms, beverage brands, wholesalers, and even the suppliers of the own labels who seek the durable and recycling glass bottle top packaging.<\/p>\n<h2>Especificaciones clave<\/h2>\n<table style=\"border-collapse: collapse; width: 80%; margin-left: auto; margin-right: auto;\" border=\"0\" width=\"80%\" cellspacing=\"0\" cellpadding=\"0\">\n<tbody>\n<tr style=\"height: 13.50pt;\">\n<td style=\"height: 13.50pt; width: 144.75pt;\" width=\"193\" height=\"18\">Nombre del producto<\/td>\n<td style=\"width: 373.50pt;\" width=\"498\">\u00a0Botella de leche de vidrio transparente de 32 oz<\/td>\n<\/tr>\n<tr style=\"height: 13.50pt;\">\n<td style=\"height: 13.50pt;\" height=\"18\">Capacidad<\/td>\n<td>32 oz \/ 930ml \/ 1 quart \/ 2 pints<\/td>\n<\/tr>\n<tr style=\"height: 13.50pt;\">\n<td style=\"height: 13.50pt;\" height=\"18\">Cierre<\/td>\n<td>Vidrio transparente s\u00f3dico-c\u00e1lcico sin plomo<\/td>\n<\/tr>\n<tr style=\"height: 13.50pt;\">\n<td style=\"height: 13.50pt;\" height=\"18\">Especificaciones de embalaje<\/td>\n<td>Tap\u00f3n de rosca + anillo de seguridad<\/td>\n<\/tr>\n<tr style=\"height: 13.50pt;\">\n<td style=\"height: 13.50pt;\" height=\"18\">Color de la tapa<\/td>\n<td>Tapa de pl\u00e1stico blanca o negra<\/td>\n<\/tr>\n<tr style=\"height: 13.50pt;\">\n<td style=\"height: 13.50pt;\" height=\"18\">Embalaje<\/td>\n<td>\u00a04 botellas con tapa por caja<\/td>\n<\/tr>\n<tr style=\"height: 13.50pt;\">\n<td style=\"height: 13.50pt;\" height=\"18\">Caracter\u00edstica<\/td>\n<td>Libre de BPA, reciclable, reutilizable.<\/td>\n<\/tr>\n<tr style=\"height: 13.50pt;\">\n<td style=\"height: 13.50pt;\" height=\"18\">Especificaciones de embalaje<\/td>\n<td>Tap\u00f3n de rosca + anillo de seguridad<\/td>\n<\/tr>\n<tr style=\"height: 13.50pt;\">\n<td style=\"height: 13.50pt;\" height=\"18\">Solicitud<\/td>\n<td>Leche, jugos, bebidas l\u00e1cteas, embotellado a granel.<\/td>\n<\/tr>\n<\/tbody>\n<\/table>\n<figure id=\"attachment_25284\" aria-describedby=\"caption-attachment-25284\" style=\"width: 500px\" class=\"wp-caption aligncenter\"><img fetchpriority=\"high\" decoding=\"async\" class=\"wp-image-25284\" src=\"https:\/\/yebodaglass.com\/wp-content\/uploads\/2025\/07\/vintage-milk-bottles-details.webp\" alt=\"Botellas de leche antiguas - detalles\" width=\"500\" height=\"500\" srcset=\"https:\/\/yebodaglass.com\/wp-content\/uploads\/2025\/07\/vintage-milk-bottles-details.webp 1620w, https:\/\/yebodaglass.com\/wp-content\/uploads\/2025\/07\/vintage-milk-bottles-details-768x768.webp 768w, https:\/\/yebodaglass.com\/wp-content\/uploads\/2025\/07\/vintage-milk-bottles-details-1536x1536.webp 1536w, https:\/\/yebodaglass.com\/wp-content\/uploads\/2025\/07\/vintage-milk-bottles-details-12x12.webp 12w, https:\/\/yebodaglass.com\/wp-content\/uploads\/2025\/07\/vintage-milk-bottles-details-700x700.webp 700w, https:\/\/yebodaglass.com\/wp-content\/uploads\/2025\/07\/vintage-milk-bottles-details-100x100.webp 100w\" sizes=\"(max-width: 500px) 100vw, 500px\" \/><figcaption id=\"caption-attachment-25284\" class=\"wp-caption-text\">Botellas de leche antiguas: detalles<\/figcaption><\/figure>\n<h2>Caracter\u00edsticas del producto<\/h2>\n<h3>Aspecto r\u00fastico vintage y un alto rendimiento.<\/h3>\n<p>Esta es una botella de leche de vidrio transparente, que est\u00e1 inspirada en los recipientes de vidrio para leche tradicionales al incorporar un dise\u00f1o nost\u00e1lgico y est\u00e1ndares de empaque modernos y confiables.<\/p>\n<h3>Seguridad a prueba de manipulaciones<\/h3>\n<p>El tap\u00f3n de rosca que incorpora anillo de seguridad aporta una ventaja a\u00f1adida en el embotellado y distribuci\u00f3n donde se garantiza la frescura y seguridad del producto.<\/p>\n<h3>Embalaje reciclable y ecol\u00f3gico<\/h3>\n<p>Compuesta por vasos transparentes reciclables y una tapa de pl\u00e1stico sin BPA, esta botella de leche de vidrio reutilizable ayudar\u00e1 a promover otras marcas conscientes del medio ambiente que se concentran en la reutilizaci\u00f3n y el abastecimiento sostenible.<\/p>\n<h2>Estudio de caso exitoso<\/h2>\n<p>Una de las marcas de bebidas l\u00e1cteas de Australia firm\u00f3 un acuerdo de suministro y fabricaci\u00f3n a largo plazo con nosotros como proveedor de botellas de vidrio. El cliente tiene una granja lechera en la regi\u00f3n y vende leche fresca y jugos a cadenas de supermercados org\u00e1nicos.<\/p>\n<ul>\n<li><strong>Primera Orden<\/strong>:20.000 unidades (pedido al por mayor)<\/li>\n<li><strong>Personalizaci\u00f3n<\/strong>:Impresi\u00f3n de logotipo personal, nombre de marca en relieve en tapa negra y etiquetado con c\u00f3digo de barras.<\/li>\n<li><strong>Solicitud<\/strong>:Embotellado de leche premium y jugo prensado en fr\u00edo.<\/li>\n<li><strong>Resultado<\/strong>:Tras la sustituci\u00f3n de los envases de pl\u00e1stico por tarros de leche de vidrio reutilizables, la marca aument\u00f3 su atractivo en las estanter\u00edas en un 28 por ciento y los clientes comprendieron mejor la calidad de la leche m\u00e1s fresca.<\/li>\n<li><strong>Reordenar<\/strong>:M\u00e1s de 30.000 botellas de pedidos repetidos trimestrales debido a que el rendimiento minorista es bueno.<\/li>\n<\/ul>\n<p>La botella, que era del tipo jarra reutilizable, tambi\u00e9n ayud\u00f3 a posicionar al cliente como una fuente de productos l\u00e1cteos premium y hubo m\u00e1s conocimiento de la marca y una mayor reutilizaci\u00f3n de las botellas.<\/p>\n<h2>Recomendaciones de personalizaci\u00f3n para compradores B2B<\/h2>\n<p>A los propietarios de marcas, distribuidores y proveedores de bebidas a granel, sugerimos:<\/p>\n<ul>\n<li><strong>Impresi\u00f3n o relieve de logotipos personalizados<\/strong>:Mejore la marca mediante la serigraf\u00eda o el grabado de logotipos en el cuerpo de la botella o frasco de vidrio.<\/li>\n<li><strong>Tapas y tapones de botellas de marca privada<\/strong>:Proporcione tapas de botellas personalizadas, ya sean blancas o negras, que tengan un anillo de seguridad a prueba de manipulaciones, o dise\u00f1e tapas de marca para diferenciar el empaque.<\/li>\n<li><strong>Embalaje a granel listo para la venta minorista<\/strong>:Reemplazar los actuales envases de cart\u00f3n por envases de marca listos para la venta minorista que se utilizar\u00e1n en los canales de venta al por mayor y distribuci\u00f3n.<\/li>\n<\/ul>\n<p>Como fabricante maduro de envases de vidrio y mayorista, ayudamos a las empresas de productos l\u00e1cteos y bebidas con un volumen de producci\u00f3n estable y personalizaci\u00f3n.<\/p>","protected":false},"excerpt":{"rendered":"<p>Botellas de leche vintage de 940 ml (32 oz) de vidrio transparente con tap\u00f3n de seguridad. Botella de leche reutilizable, sin BPA, para envasado al por mayor de l\u00e1cteos y bebidas.<\/p>","protected":false},"featured_media":25283,"template":"","meta":[],"product_brand":[],"product_cat":[82,80,20],"product_tag":[],"class_list":{"0":"post-17123","1":"product","2":"type-product","3":"status-publish","4":"has-post-thumbnail","6":"product_cat-milk-bottles","7":"product_cat-glass-bottles","8":"product_cat-glass-containers","10":"first","11":"instock","12":"shipping-taxable","13":"product-type-grouped"},"jetpack_sharing_enabled":true,"_links":{"self":[{"href":"https:\/\/yebodaglass.com\/es\/wp-json\/wp\/v2\/product\/17123","targetHints":{"allow":["GET"]}}],"collection":[{"href":"https:\/\/yebodaglass.com\/es\/wp-json\/wp\/v2\/product"}],"about":[{"href":"https:\/\/yebodaglass.com\/es\/wp-json\/wp\/v2\/types\/product"}],"version-history":[{"count":5,"href":"https:\/\/yebodaglass.com\/es\/wp-json\/wp\/v2\/product\/17123\/revisions"}],"predecessor-version":[{"id":25385,"href":"https:\/\/yebodaglass.com\/es\/wp-json\/wp\/v2\/product\/17123\/revisions\/25385"}],"wp:featuredmedia":[{"embeddable":true,"href":"https:\/\/yebodaglass.com\/es\/wp-json\/wp\/v2\/media\/25283"}],"wp:attachment":[{"href":"https:\/\/yebodaglass.com\/es\/wp-json\/wp\/v2\/media?parent=17123"}],"wp:term":[{"taxonomy":"product_brand","embeddable":true,"href":"https:\/\/yebodaglass.com\/es\/wp-json\/wp\/v2\/product_brand?post=17123"},{"taxonomy":"product_cat","embeddable":true,"href":"https:\/\/yebodaglass.com\/es\/wp-json\/wp\/v2\/product_cat?post=17123"},{"taxonomy":"product_tag","embeddable":true,"href":"https:\/\/yebodaglass.com\/es\/wp-json\/wp\/v2\/product_tag?post=17123"}],"curies":[{"name":"wp","href":"https:\/\/api.w.org\/{rel}","templated":true}]}}