{"id":17101,"date":"2025-07-15T11:16:30","date_gmt":"2025-07-15T03:16:30","guid":{"rendered":"https:\/\/yebodaglass.com\/?post_type=product&#038;p=17101"},"modified":"2026-03-10T13:16:58","modified_gmt":"2026-03-10T05:16:58","slug":"square-swing-top-airtight-storage-jars-with-glass-lid","status":"publish","type":"product","link":"https:\/\/yebodaglass.com\/es\/producto\/square-swing-top-airtight-storage-jars-with-glass-lid\/","title":{"rendered":"Frascos herm\u00e9ticos cuadrados con tapa abatible y tapa de vidrio de 500 a 1500 ml"},"content":{"rendered":"<p>Esta serie de frascos herm\u00e9ticos cuenta con un cuerpo cuadrado de vidrio que ahorra espacio y una tapa redonda de vidrio, dise\u00f1ados para el almacenamiento y la organizaci\u00f3n en la cocina moderna. Fabricados con vidrio transparente de primera calidad, estos frascos permiten una f\u00e1cil visibilidad del contenido, manteniendo una apariencia elegante, ideal para estanter\u00edas de tiendas y cocinas de cristal. El sistema de cierre herm\u00e9tico con clip de alambre, tapas de abrazadera de acero inoxidable y junta de silicona crea un sellado herm\u00e9tico confiable, ideal para almacenar alimentos, productos secos, pasta, cereales, galletas, salsas o encurtidos.<\/p>\n<p>En comparaci\u00f3n con los recipientes de pl\u00e1stico, estos frascos herm\u00e9ticos de vidrio ofrecen una soluci\u00f3n m\u00e1s duradera y reutilizable para almacenar alimentos en vidrio, tanto en cocinas dom\u00e9sticas como comerciales. Gracias a su abertura de boca ancha, el frasco tambi\u00e9n funciona bien como frasco para conservas, tarro para galletas o recipiente de vidrio para almacenar.<\/p>\n<h2>Especificaciones clave<\/h2>\n<table style=\"border-collapse: collapse; width: 80%; margin-left: auto; margin-right: auto;\" border=\"0\" width=\"80%\" cellspacing=\"0\" cellpadding=\"0\">\n<tbody>\n<tr style=\"height: 13.50pt;\">\n<td style=\"height: 13.50pt; width: 123.00pt;\" width=\"164\" height=\"18\">Especificaci\u00f3n<\/td>\n<td style=\"width: 543.00pt;\" width=\"724\">Detalles<\/td>\n<\/tr>\n<tr style=\"height: 13.50pt;\">\n<td style=\"height: 13.50pt;\" height=\"18\">Tipo de producto<\/td>\n<td>Frascos de almacenamiento herm\u00e9ticos con tapa abatible<\/td>\n<\/tr>\n<tr style=\"height: 13.50pt;\">\n<td style=\"height: 13.50pt;\" height=\"18\">Material<\/td>\n<td>Vidrio transparente sodoc\u00e1lcico sin plomo + clip oscilante de acero inoxidable + junta de silicona<\/td>\n<\/tr>\n<tr style=\"height: 13.50pt;\">\n<td style=\"height: 13.50pt;\" height=\"18\">Tipo de tapa<\/td>\n<td>Tapa de vidrio con cierre de clip de alambre de sellado (tapas de abrazadera)<\/td>\n<\/tr>\n<tr style=\"height: 13.50pt;\">\n<td style=\"height: 13.50pt;\" height=\"18\">Forma<\/td>\n<td>Tarro de cristal cuadrado con tapa redonda.<\/td>\n<\/tr>\n<tr style=\"height: 13.50pt;\">\n<td style=\"height: 13.50pt;\" height=\"18\">Di\u00e1metro de la boca<\/td>\n<td>Boca de 95 mm de ancho<\/td>\n<\/tr>\n<tr style=\"height: 54.00pt;\">\n<td style=\"height: 54.00pt;\" height=\"72\">Opciones de capacidad<\/td>\n<td class=\"et2\" style=\"width: 543.00pt;\" width=\"724\">16 oz \/ 500 ml (6 paquetes)<br \/>\n24 oz \/ 750 ml (4 paquetes)<br \/>\n32 oz \/ 1000 ml (3 paquetes)<br \/>\n48 oz \/ 1500 ml (2 paquetes)<\/td>\n<\/tr>\n<tr style=\"height: 13.50pt;\">\n<td style=\"height: 13.50pt;\" height=\"18\">Sistema de sellado<\/td>\n<td>Tapas herm\u00e9ticas con junta de silicona<\/td>\n<\/tr>\n<tr style=\"height: 13.50pt;\">\n<td style=\"height: 13.50pt;\" height=\"18\">Solicitud<\/td>\n<td>Contenedores para almacenar alimentos, frascos para conservas, frascos para almacenar alimentos secos y salsas.<\/td>\n<\/tr>\n<tr style=\"height: 13.50pt;\">\n<td style=\"height: 13.50pt;\" height=\"18\">Embalaje<\/td>\n<td>Disponible para empaque a granel, al por mayor y en frascos.<\/td>\n<\/tr>\n<tr style=\"height: 13.50pt;\">\n<td style=\"height: 13.50pt;\" height=\"18\">Se non accetti uno o pi\u00f9 dei presenti Termini, non accedere o utilizzare questo Sito Web o i Servizi.<\/td>\n<td>Suministro directo del fabricante con entrega r\u00e1pida y soporte de abastecimiento personalizado.<\/td>\n<\/tr>\n<\/tbody>\n<\/table>\n<h2>Caracter\u00edsticas principales<\/h2>\n<h3>Sello herm\u00e9tico para una frescura duradera<\/h3>\n<p>Los frascos de vidrio con tapa herm\u00e9tica utilizan una junta de silicona y un clip superior de acero inoxidable para crear un entorno de almacenamiento de alimentos herm\u00e9tico que preserva la frescura y evita la exposici\u00f3n a la humedad o al aire.<\/p>\n<h3>Dise\u00f1o cuadrado que ahorra espacio<\/h3>\n<p>Por un lado, un cuerpo cuadrado permite un empaque m\u00e1s compacto y soluciones de almacenamiento m\u00e1s eficientes en estantes de despensa y envases minoristas, a diferencia de los frascos de almacenamiento de vidrio redondos.<\/p>\n<h3>Boca ancha para f\u00e1cil llenado y limpieza<\/h3>\n<p>La abertura de boca ancha (95 mm) hace que estos recipientes de vidrio para almacenar alimentos sean f\u00e1ciles de llenar, sacar y limpiar, ideales para salsas, pastas, cereales y bocadillos.<\/p>\n<h2>Caso B2B exitoso<\/h2>\n<p>Una marca alemana de alimentos especializados que produce salsas org\u00e1nicas para pasta buscaba frascos herm\u00e9ticos para su l\u00ednea premium. La empresa opera como fabricante y distribuidor de alimentos de tama\u00f1o mediano, abasteciendo a supermercados y plataformas de alimentaci\u00f3n en l\u00ednea.<\/p>\n<p>Pidieron frascos de vidrio con tapa abatible de 32 oz y 48 oz a granel y solicitaron varias opciones personalizadas, que incluyen:<\/p>\n<ul>\n<li>Impresi\u00f3n del logotipo de marca privada en el envase de vidrio.<\/li>\n<li>Recubrimiento de color personalizado en el clip de alambre de fijaci\u00f3n<\/li>\n<li>Embalaje de conjunto de contenedores de almacenamiento de alimentos listos para la venta minorista<\/li>\n<\/ul>\n<p>El posicionamiento premium de la marca y la visibilidad del producto en los estantes mejoraron tras el lanzamiento gracias a los frascos de vidrio con tapa. Su l\u00ednea de salsas registr\u00f3 un aumento del 35 % en las ventas en seis meses, y su cliente realiz\u00f3 dos pedidos al por mayor posteriores, con una producci\u00f3n cada vez mayor de frascos que incluyen verduras encurtidas y pasta, que se vende principalmente seca.<\/p>\n<h2>Sugerencias de personalizaci\u00f3n para aplicaciones B2B<\/h2>\n<ol>\n<li><strong>Marca privada<\/strong>:Agregue impresi\u00f3n de logotipos, relieve o etiquetado para crear frascos de vidrio personalizados con tapa para propietarios de marcas que venden alimentos envasados \u200b\u200bo recipientes de almacenamiento de vidrio para despensa.<\/li>\n<li><strong>Conjuntos de embalajes para venta minorista<\/strong>:Desarrolle un conjunto de contenedores de almacenamiento de alimentos o un conjunto de frascos de embalaje para marcas de comercio electr\u00f3nico que venden los mejores contenedores de almacenamiento de alimentos para la organizaci\u00f3n de la cocina.<\/li>\n<li><strong>Personalizaci\u00f3n funcional de la tapa<\/strong>:Ajuste el color de la junta, las tapas de las abrazaderas o los acabados de los clips de metal para diferenciar sus frascos de vidrio con tapas de vidrio en los mercados minoristas y de alimentos especializados.<\/li>\n<\/ol>","protected":false},"excerpt":{"rendered":"<p>Bulk airtight storage jars from a reliable manufacturer. Durable swing top glass jars with airtight lids for food storage, wholesale sourcing, and custom branding.<\/p>","protected":false},"featured_media":25330,"template":"","meta":[],"product_brand":[],"product_cat":[87,134,124,122,20,83],"product_tag":[],"class_list":{"0":"post-17101","1":"product","2":"type-product","3":"status-publish","4":"has-post-thumbnail","6":"product_cat-food-storage-jars","7":"product_cat-airtight-jars","8":"product_cat-custom-glass-jars","9":"product_cat-custom-glass-packaging","10":"product_cat-glass-containers","11":"product_cat-glass-jars","13":"first","14":"instock","15":"shipping-taxable","16":"product-type-grouped"},"jetpack_sharing_enabled":true,"_links":{"self":[{"href":"https:\/\/yebodaglass.com\/es\/wp-json\/wp\/v2\/product\/17101","targetHints":{"allow":["GET"]}}],"collection":[{"href":"https:\/\/yebodaglass.com\/es\/wp-json\/wp\/v2\/product"}],"about":[{"href":"https:\/\/yebodaglass.com\/es\/wp-json\/wp\/v2\/types\/product"}],"version-history":[{"count":5,"href":"https:\/\/yebodaglass.com\/es\/wp-json\/wp\/v2\/product\/17101\/revisions"}],"predecessor-version":[{"id":25321,"href":"https:\/\/yebodaglass.com\/es\/wp-json\/wp\/v2\/product\/17101\/revisions\/25321"}],"wp:featuredmedia":[{"embeddable":true,"href":"https:\/\/yebodaglass.com\/es\/wp-json\/wp\/v2\/media\/25330"}],"wp:attachment":[{"href":"https:\/\/yebodaglass.com\/es\/wp-json\/wp\/v2\/media?parent=17101"}],"wp:term":[{"taxonomy":"product_brand","embeddable":true,"href":"https:\/\/yebodaglass.com\/es\/wp-json\/wp\/v2\/product_brand?post=17101"},{"taxonomy":"product_cat","embeddable":true,"href":"https:\/\/yebodaglass.com\/es\/wp-json\/wp\/v2\/product_cat?post=17101"},{"taxonomy":"product_tag","embeddable":true,"href":"https:\/\/yebodaglass.com\/es\/wp-json\/wp\/v2\/product_tag?post=17101"}],"curies":[{"name":"wp","href":"https:\/\/api.w.org\/{rel}","templated":true}]}}