{"id":16945,"date":"2025-07-14T16:03:51","date_gmt":"2025-07-14T08:03:51","guid":{"rendered":"https:\/\/yebodaglass.com\/?post_type=product&#038;p=16945"},"modified":"2026-04-10T14:03:54","modified_gmt":"2026-04-10T06:03:54","slug":"wholesale-8-oz-wide-mouth-mason-jar-with-diamond-pattern","status":"publish","type":"product","link":"https:\/\/yebodaglass.com\/es\/wholesale-8-oz-wide-mouth-mason-jar-with-diamond-pattern\/","title":{"rendered":"Tarro Mason de boca ancha de 8 oz al por mayor con patr\u00f3n de diamante"},"content":{"rendered":"<p>El tarro de cristal de boca ancha de 237 ml (8 oz) presenta un dise\u00f1o cil\u00edndrico tradicional con motivos en forma de diamante. Est\u00e1 fabricado con vidrio ultratransparente apto para alimentos e incluye una tapa de rosca met\u00e1lica plateada que garantiza un cierre herm\u00e9tico.<\/p>\n<h2>Caracter\u00edsticas<\/h2>\n<ul>\n<li><strong>Forma cl\u00e1sica de tarro Mason de boca ancha:<\/strong> Un cilindro de vidrio de paredes rectas con un dise\u00f1o de rosca de boca ancha est\u00e1ndar garantiza la compatibilidad con tapas universales para facilitar el llenado.<\/li>\n<li><strong>Dise\u00f1o acolchado de rombos:<\/strong> El cristal presenta profundos patrones de diamante que crean un dise\u00f1o atractivo que proporciona a los usuarios un mejor control y manejo.<\/li>\n<li><strong>Dise\u00f1o de botella grueso y resistente:<\/strong> Las gruesas paredes de la botella crean una estructura s\u00f3lida, mientras que la textura en relieve permite a los usuarios mantener un mejor control.<\/li>\n<\/ul>\n<h2>Especificaciones clave<\/h2>\n<table style=\"border-collapse: collapse; width: 80%; margin-left: auto; margin-right: auto;\" border=\"0\" width=\"615\" cellspacing=\"0\" cellpadding=\"0\">\n<tbody>\n<tr style=\"height: 13.50pt;\">\n<td style=\"height: 13.5pt; width: 162.75pt; text-align: center;\" width=\"217\" height=\"18\">Especificaci\u00f3n<\/td>\n<td style=\"width: 298.5pt; text-align: center;\" width=\"398\">Detalle<\/td>\n<\/tr>\n<tr style=\"height: 13.50pt;\">\n<td style=\"height: 13.5pt; text-align: center;\" height=\"18\">Capacidad<\/td>\n<td style=\"text-align: center;\">8 oz\/250 ml<\/td>\n<\/tr>\n<tr style=\"height: 13.50pt;\">\n<td style=\"height: 13.5pt; text-align: center;\" height=\"18\">Dimensiones del embalaje<\/td>\n<td style=\"text-align: center;\">12,4 x 9,4 x 4,7 pulgadas<\/td>\n<\/tr>\n<tr style=\"height: 13.50pt;\">\n<td style=\"height: 13.5pt; text-align: center;\" height=\"18\">Material<\/td>\n<td style=\"text-align: center;\">Vidrio sin plomo<\/td>\n<\/tr>\n<tr style=\"height: 13.50pt;\">\n<td style=\"height: 13.5pt; text-align: center;\" height=\"18\">Tipo de tapa<\/td>\n<td style=\"text-align: center;\">Tapa met\u00e1lica de rosca<\/td>\n<\/tr>\n<tr style=\"height: 13.50pt;\">\n<td style=\"height: 13.5pt; text-align: center;\" height=\"18\">Especificaciones de embalaje<\/td>\n<td style=\"text-align: center;\">12 frascos por caja<\/td>\n<\/tr>\n<tr style=\"height: 13.50pt;\">\n<td style=\"height: 13.5pt; text-align: center;\" height=\"18\">Forma<\/td>\n<td style=\"text-align: center;\">Cil\u00edndrico<\/td>\n<\/tr>\n<tr style=\"height: 13.50pt;\">\n<td style=\"height: 13.5pt; text-align: center;\" height=\"18\">Dise\u00f1o exterior<\/td>\n<td style=\"text-align: center;\">Patr\u00f3n de rombos acolchados grabado en la superficie<\/td>\n<\/tr>\n<tr style=\"height: 13.50pt;\">\n<td style=\"height: 13.5pt; text-align: center;\" height=\"18\">Transparencia<\/td>\n<td style=\"text-align: center;\">Cristal transparente que permite la visibilidad interior<\/td>\n<\/tr>\n<\/tbody>\n<\/table>\n<h2>Caso de \u00e9xito: Un pedido personalizado de una marca de mermeladas de primera calidad.<\/h2>\n<p>La empresa de mermeladas de Georgia seleccion\u00f3 nuestros tarros de cristal de boca ancha de 237 ml (8 oz), que personalizaron con tapas met\u00e1licas doradas y un acabado esmerilado. Los tarros personalizados dieron excelentes resultados, ya que el dise\u00f1o de rombos y el acabado esmerilado aumentaron la visibilidad en los estantes en un 30 % y las compras repetidas de los clientes en un 65 %. Posteriormente, encargaron m\u00e1s de 450 000 tarros de cristal para su nueva l\u00ednea de productos.<\/p>\n<h2>Sugerencias de personalizaci\u00f3n para tarros Mason de boca ancha<\/h2>\n<ul>\n<li>Variaciones de dise\u00f1o: Cree diferentes dise\u00f1os en relieve que incluyan texturas de panal, florales, geom\u00e9tricas y personalizadas.<\/li>\n<li>Anillos de tapa a juego: El producto ofrece varias opciones de anillos de metal recubiertos, que incluyen cobre, oro rosa y negro, para que combinen tanto con los frascos de vidrio como con las etiquetas.<\/li>\n<li>Graduaci\u00f3n integrada: El frasco de vidrio incluye graduaciones en relieve que muestran onzas y mililitros para los usuarios que necesitan medidas al cocinar, hornear y hacer manualidades.<\/li>\n<\/ul>","protected":false},"excerpt":{"rendered":"<p>Tarro de cristal de boca ancha con textura de diamante en relieve y tapa met\u00e1lica. Tarros de cristal de boca ancha de 237 ml (8 oz) ideales para regalos, almacenamiento y decoraci\u00f3n. Se admiten logotipos personalizados.<\/p>","protected":false},"featured_media":16959,"template":"","meta":[],"product_brand":[],"product_cat":[84,83,20],"product_tag":[],"class_list":{"0":"post-16945","1":"product","2":"type-product","3":"status-publish","4":"has-post-thumbnail","6":"product_cat-mason-jars","7":"product_cat-glass-jars","8":"product_cat-glass-containers","10":"first","11":"instock","12":"shipping-taxable","13":"product-type-grouped"},"jetpack_sharing_enabled":true,"_links":{"self":[{"href":"https:\/\/yebodaglass.com\/es\/wp-json\/wp\/v2\/product\/16945","targetHints":{"allow":["GET"]}}],"collection":[{"href":"https:\/\/yebodaglass.com\/es\/wp-json\/wp\/v2\/product"}],"about":[{"href":"https:\/\/yebodaglass.com\/es\/wp-json\/wp\/v2\/types\/product"}],"version-history":[{"count":5,"href":"https:\/\/yebodaglass.com\/es\/wp-json\/wp\/v2\/product\/16945\/revisions"}],"predecessor-version":[{"id":25736,"href":"https:\/\/yebodaglass.com\/es\/wp-json\/wp\/v2\/product\/16945\/revisions\/25736"}],"wp:featuredmedia":[{"embeddable":true,"href":"https:\/\/yebodaglass.com\/es\/wp-json\/wp\/v2\/media\/16959"}],"wp:attachment":[{"href":"https:\/\/yebodaglass.com\/es\/wp-json\/wp\/v2\/media?parent=16945"}],"wp:term":[{"taxonomy":"product_brand","embeddable":true,"href":"https:\/\/yebodaglass.com\/es\/wp-json\/wp\/v2\/product_brand?post=16945"},{"taxonomy":"product_cat","embeddable":true,"href":"https:\/\/yebodaglass.com\/es\/wp-json\/wp\/v2\/product_cat?post=16945"},{"taxonomy":"product_tag","embeddable":true,"href":"https:\/\/yebodaglass.com\/es\/wp-json\/wp\/v2\/product_tag?post=16945"}],"curies":[{"name":"wp","href":"https:\/\/api.w.org\/{rel}","templated":true}]}}