{"id":16923,"date":"2025-07-14T15:27:16","date_gmt":"2025-07-14T07:27:16","guid":{"rendered":"https:\/\/yebodaglass.com\/?post_type=product&#038;p=16923"},"modified":"2026-03-11T14:34:14","modified_gmt":"2026-03-11T06:34:14","slug":"wide-mouth-mason-jars-with-diamond-pattern-glass","status":"publish","type":"product","link":"https:\/\/yebodaglass.com\/es\/producto\/wide-mouth-mason-jars-with-diamond-pattern-glass\/","title":{"rendered":"Frascos Mason de boca ancha con patr\u00f3n de diamantes de vidrio de 120 ml a 620 ml"},"content":{"rendered":"<h2>Frascos de vidrio de boca ancha con dise\u00f1o de diamante<\/h2>\n<p>Con una elegante textura de corte de diamante que proyecta reflejos de luz decorativos en su superficie, estos frascos de vidrio de boca ancha presentan la forma tradicional de un frasco redondo de vidrio. Cada frasco no solo est\u00e1 hecho de vidrio libre de BPA, sino que tambi\u00e9n incluye una tapa roscada de aluminio que garantiza un sellado herm\u00e9tico para el almacenamiento y envasado de alimentos.<\/p>\n<p>El dise\u00f1o de boca ancha de los tarros de conserva facilita el llenado, el vertido y la limpieza en comparaci\u00f3n con los tarros de conserva de boca normal. Esta caracter\u00edstica es ideal para una amplia gama de productos, como bebidas, mermeladas de frutas, encurtidos, salsas, jarabes, postres, cereales y especias. Adem\u00e1s, son ideales para portavelas o para envasar proyectos de bricolaje. Como fabricante y proveedor de f\u00e1brica, ofrecemos soluciones a granel, al por mayor y personalizadas para marcas y distribuidores que buscan envases cl\u00e1sicos de tarros de conserva.<\/p>\n<h2>Especificaciones clave<\/h2>\n<table style=\"border-collapse: collapse; width: 80%; margin-left: auto; margin-right: auto;\" border=\"0\" width=\"80%\" cellspacing=\"0\" cellpadding=\"0\">\n<tbody>\n<tr style=\"height: 13.50pt;\">\n<td style=\"height: 13.50pt; width: 113.25pt;\" width=\"151\" height=\"18\"><strong>Categor\u00eda de producto<\/strong><\/td>\n<td style=\"width: 431.25pt;\" width=\"575\"><strong>Frascos de vidrio de boca ancha<\/strong><\/td>\n<\/tr>\n<tr style=\"height: 27.00pt;\">\n<td style=\"height: 27.00pt;\" height=\"36\">Opciones de capacidad<\/td>\n<td class=\"et2\" style=\"width: 431.25pt;\" width=\"575\">120 ml, 200 ml, 250 ml, 350 ml (boca de 59 mm\/69 mm)<br \/>\n270 ml, 430 ml, 620 ml (boca de 74 mm\/85 mm)<\/td>\n<\/tr>\n<tr style=\"height: 13.50pt;\">\n<td style=\"height: 13.50pt;\" height=\"18\">Material<\/td>\n<td>Vidrio s\u00f3dico-c\u00e1lcico sin BPA<\/td>\n<\/tr>\n<tr style=\"height: 13.50pt;\">\n<td style=\"height: 13.50pt;\" height=\"18\">Forma<\/td>\n<td>Tarro de cristal cl\u00e1sico redondo<\/td>\n<\/tr>\n<tr style=\"height: 13.50pt;\">\n<td style=\"height: 13.50pt;\" height=\"18\">Acabado de la superficie<\/td>\n<td>Patr\u00f3n con textura de diamante, f\u00e1cil de etiquetar<\/td>\n<\/tr>\n<tr style=\"height: 13.50pt;\">\n<td style=\"height: 13.50pt;\" height=\"18\">Tipo de tapa<\/td>\n<td>Tapas de aluminio para tarros con rosca<\/td>\n<\/tr>\n<tr style=\"height: 13.50pt;\">\n<td style=\"height: 13.50pt;\" height=\"18\">3 opciones de tapa<\/td>\n<td>Tapa de aluminio est\u00e1ndar con revestimiento de sellado \/ tapa de aluminio dividida con anillo de silicona \/ tapa de aluminio con orificio para pajita<\/td>\n<\/tr>\n<tr style=\"height: 13.50pt;\">\n<td style=\"height: 13.50pt;\" height=\"18\">Colores de tapa<\/td>\n<td>Oro, Plata, Negro<\/td>\n<\/tr>\n<tr style=\"height: 13.50pt;\">\n<td style=\"height: 13.50pt;\" height=\"18\">Color del vidrio<\/td>\n<td>Vidrio transparente o colores personalizados.<\/td>\n<\/tr>\n<tr style=\"height: 13.50pt;\">\n<td style=\"height: 13.50pt;\" height=\"18\">Embalaje<\/td>\n<td>12 piezas por caja<\/td>\n<\/tr>\n<tr style=\"height: 13.50pt;\">\n<td style=\"height: 13.50pt;\" height=\"18\">Solicitud<\/td>\n<td>Bebida, fruta, mermelada, encurtido, salsa, jarabe, postre, cereales, especias.<\/td>\n<\/tr>\n<tr style=\"height: 13.50pt;\">\n<td style=\"height: 13.50pt;\" height=\"18\">Suministrar<\/td>\n<td>Venta al por mayor, a granel, OEM\/ODM personalizado<\/td>\n<\/tr>\n<tr style=\"height: 13.50pt;\">\n<td style=\"height: 13.50pt;\" height=\"18\">Entrega<\/td>\n<td>Stock estable y entrega global desde f\u00e1brica.<\/td>\n<\/tr>\n<\/tbody>\n<\/table>\n<h2>Caracter\u00edsticas principales<\/h2>\n<h3>Boca ancha para f\u00e1cil llenado<\/h3>\n<p>La abertura de boca ancha del frasco de vidrio permite llenarlo f\u00e1cilmente con frutas, capas de postre y granos, y simplifica la limpieza en comparaci\u00f3n con los frascos de vidrio de boca normal.<\/p>\n<h3>Textura decorativa de diamante<\/h3>\n<p>El patr\u00f3n geom\u00e9trico mejora el agarre al tiempo que convierte el frasco de vidrio en un art\u00edculo de embalaje decorativo adecuado para marcas de bebidas o postres de primera calidad.<\/p>\n<h3>Tapa de sellado confiable<\/h3>\n<p>La tapa de aluminio con revestimiento de sellado proporciona un cierre confiable para aplicaciones en frascos de conservas y almacenamiento de alimentos comerciales.<\/p>\n<h2>Caso de \u00e9xito de un cliente<\/h2>\n<p>El propietario de una marca de bebidas de Canad\u00e1 adquiri\u00f3 estos frascos de vidrio de boca ancha para una l\u00ednea de postres de frutas listos para beber. El cliente adquiri\u00f3 30,000 frascos al por mayor para su primer pedido a trav\u00e9s de nuestra f\u00e1brica.<\/p>\n<p>Solicitaron tapas doradas personalizadas para frascos, etiquetas de marca y un color de vidrio personalizado para diferenciar sus envases en tiendas minoristas. Los frascos se usaron para postres de yogur con frutas en capas y bebidas con jarabe de temporada.<\/p>\n<p>Tras el lanzamiento del producto, el envase se convirti\u00f3 r\u00e1pidamente en uno de sus productos m\u00e1s vendidos gracias a su aspecto decorativo tipo tarro de cristal y su pr\u00e1ctico dise\u00f1o de boca ancha. En seis meses, el cliente realiz\u00f3 dos pedidos al por mayor repetidos, alcanzando un total de m\u00e1s de 90.000 unidades.<\/p>\n<h2>Sugerencias de personalizaci\u00f3n para compradores B2B<\/h2>\n<ol>\n<li><strong>Soluciones de tapas personalizadas<\/strong>:Las marcas pueden desarrollar tapas de frascos personalizadas, como tapas con orificio para pajita para bebidas, tapas selladas con silicona para almacenamiento o tapas divididas para el uso tradicional en frascos de conservas.<\/li>\n<li><strong>Marcas privadas y acabados decorativos<\/strong>:Si vende bebidas o postres, entonces puede pensar en darle a su empaque en frasco de vidrio una identidad \u00fanica a trav\u00e9s de etiquetas personalizadas, relieve o recubrimiento de color del vidrio.<\/li>\n<li><strong>Proyectos de embalaje multiusos<\/strong>:Las marcas de alimentos, empresas de regalos y marcas de velas pueden adaptar este frasco de vidrio para encurtidos, salsas, alm\u00edbares, postres o envases de velas como parte del lanzamiento de proyectos de temporada.<\/li>\n<\/ol>","protected":false},"excerpt":{"rendered":"<p data-start=\"35\" data-end=\"218\">Frascos de vidrio de boca ancha al por mayor con textura de diamante y tapa de aluminio. Frasco de vidrio resistente para bebidas, mermeladas, postres y envases a granel.<\/p>","protected":false},"featured_media":25369,"template":"","meta":[],"product_brand":[],"product_cat":[125,124,20,83,84],"product_tag":[],"class_list":{"0":"post-16923","1":"product","2":"type-product","3":"status-publish","4":"has-post-thumbnail","6":"product_cat-mason-glass-jars","7":"product_cat-custom-glass-jars","8":"product_cat-glass-containers","9":"product_cat-glass-jars","10":"product_cat-mason-jars","12":"first","13":"instock","14":"shipping-taxable","15":"product-type-grouped"},"jetpack_sharing_enabled":true,"_links":{"self":[{"href":"https:\/\/yebodaglass.com\/es\/wp-json\/wp\/v2\/product\/16923","targetHints":{"allow":["GET"]}}],"collection":[{"href":"https:\/\/yebodaglass.com\/es\/wp-json\/wp\/v2\/product"}],"about":[{"href":"https:\/\/yebodaglass.com\/es\/wp-json\/wp\/v2\/types\/product"}],"version-history":[{"count":5,"href":"https:\/\/yebodaglass.com\/es\/wp-json\/wp\/v2\/product\/16923\/revisions"}],"predecessor-version":[{"id":25370,"href":"https:\/\/yebodaglass.com\/es\/wp-json\/wp\/v2\/product\/16923\/revisions\/25370"}],"wp:featuredmedia":[{"embeddable":true,"href":"https:\/\/yebodaglass.com\/es\/wp-json\/wp\/v2\/media\/25369"}],"wp:attachment":[{"href":"https:\/\/yebodaglass.com\/es\/wp-json\/wp\/v2\/media?parent=16923"}],"wp:term":[{"taxonomy":"product_brand","embeddable":true,"href":"https:\/\/yebodaglass.com\/es\/wp-json\/wp\/v2\/product_brand?post=16923"},{"taxonomy":"product_cat","embeddable":true,"href":"https:\/\/yebodaglass.com\/es\/wp-json\/wp\/v2\/product_cat?post=16923"},{"taxonomy":"product_tag","embeddable":true,"href":"https:\/\/yebodaglass.com\/es\/wp-json\/wp\/v2\/product_tag?post=16923"}],"curies":[{"name":"wp","href":"https:\/\/api.w.org\/{rel}","templated":true}]}}