{"id":16894,"date":"2025-07-14T13:11:18","date_gmt":"2025-07-14T05:11:18","guid":{"rendered":"https:\/\/yebodaglass.com\/?post_type=product&#038;p=16894"},"modified":"2026-03-25T14:14:13","modified_gmt":"2026-03-25T06:14:13","slug":"wholesale-16-oz-32-oz-clear-swing-top-glass-bottles","status":"publish","type":"product","link":"https:\/\/yebodaglass.com\/es\/producto\/wholesale-16-oz-32-oz-clear-swing-top-glass-bottles\/","title":{"rendered":"Botellas de vidrio transparente con tapa abatible de 16 oz y 32 oz al por mayor"},"content":{"rendered":"<p>Estas botellas redondas de vidrio con tap\u00f3n abatible est\u00e1n hechas de vidrio cristalino. Su caracter\u00edstica principal es el cierre de alambre met\u00e1lico articulado que sujeta el tap\u00f3n cer\u00e1mico de goma con franjas rojas y blancas. El dise\u00f1o proporciona un cierre herm\u00e9tico y eficaz, adem\u00e1s de ser f\u00e1cil de abrir y cerrar.<\/p>\n<h2>Destacados<\/h2>\n<ul>\n<li><strong>Sellado de la tapa de rosca:<\/strong> El bot\u00f3n met\u00e1lico cierra el tap\u00f3n de goma, creando un cierre herm\u00e9tico y reutilizable.<\/li>\n<li><strong>Dise\u00f1o cil\u00edndrico claro:<\/strong> La botella de vidrio, con sus lados rectos, es robusta, f\u00e1cil de lavar y transparente.<\/li>\n<li><strong>Accesorios met\u00e1licos:<\/strong> La bisagra met\u00e1lica de alta resistencia y el tope cer\u00e1mico recubierto de goma garantizan la larga vida \u00fatil del accesorio.<\/li>\n<\/ul>\n<h2 style=\"text-align: left;\">Especificaciones clave<\/h2>\n<table class=\"aligncenter\" style=\"border-collapse: collapse; width: 303.77pt;\" border=\"0\" width=\"405\" cellspacing=\"0\" cellpadding=\"0\">\n<tbody>\n<tr style=\"height: 13.50pt;\">\n<td style=\"height: 13.50pt; width: 99.75pt;\" width=\"133\" height=\"18\">Par\u00e1metro<\/td>\n<td style=\"width: 204.00pt;\" width=\"272\">Descripci\u00f3n<\/td>\n<\/tr>\n<tr style=\"height: 13.50pt;\">\n<td style=\"height: 13.50pt;\" height=\"18\">Capacidad<\/td>\n<td>16 oz (500 ml)\/32 oz (1000 ml)<\/td>\n<\/tr>\n<tr style=\"height: 13.50pt;\">\n<td style=\"height: 13.50pt;\" height=\"18\">Tama\u00f1o del embalaje<\/td>\n<td>9,3 x 6,3 x 10,6 pulgadas\/7,3 x 7,3 x 12,4 pulgadas<\/td>\n<\/tr>\n<tr style=\"height: 13.50pt;\">\n<td style=\"height: 13.50pt;\" height=\"18\">Cantidad de embalaje<\/td>\n<td>6 piezas por caja; 4 piezas por caja<\/td>\n<\/tr>\n<tr style=\"height: 13.50pt;\">\n<td style=\"height: 13.50pt;\" height=\"18\">Material<\/td>\n<td>Vidrio 100% reciclable y sin plomo<\/td>\n<\/tr>\n<tr style=\"height: 13.50pt;\">\n<td style=\"height: 13.50pt;\" height=\"18\">Tipo de tapa<\/td>\n<td>Tapa abatible con sello de goma<\/td>\n<\/tr>\n<\/tbody>\n<\/table>\n<h2>Historia de \u00e9xito: El crecimiento de un productor de jarabe de arce de Nueva Inglaterra<\/h2>\n<p>Un productor de jarabe de arce de Nueva Inglaterra eligi\u00f3 una de nuestras botellas de 1 litro con tap\u00f3n abatible y especific\u00f3 un dise\u00f1o para serigrafiar sobre madera de abedul, adem\u00e1s de un sello de goma marr\u00f3n. El sello triplic\u00f3 la vida \u00fatil del jarabe de arce y, gracias a la transparencia del vidrio, los clientes pudieron apreciar f\u00e1cilmente la claridad del producto, lo que se tradujo en un aumento del 20 % en las ventas. La empresa qued\u00f3 tan satisfecha con el producto que realiz\u00f3 un nuevo pedido de 100 000 botellas de su nueva l\u00ednea de jarabes aromatizados y estuches de regalo.<\/p>\n<h2>Personalizaci\u00f3n de botellas de vidrio con tap\u00f3n abatible<\/h2>\n<ul>\n<li>Materiales de la abrazadera y el cable: Pueden estar hechos de acero galvanizado, con revestimiento negro, cobre o lat\u00f3n antiguo.<\/li>\n<li>Colores del anillo de tope y del anillo de sellado: Color del anillo de sellado y material del tope personalizable (cer\u00e1mica, pl\u00e1stico).<\/li>\n<li>V\u00e1lvula de vac\u00edo de fermentaci\u00f3n integrada: Fabricada con un tap\u00f3n especial que incorpora una v\u00e1lvula personalizada a base de agua o de tipo v\u00e1lvula para facilitar su uso en fermentaciones caseras.<\/li>\n<\/ul>","protected":false},"excerpt":{"rendered":"<p data-start=\"40\" data-end=\"220\">Botellas de vidrio transparente con tap\u00f3n abatible y cierre seguro para un almacenamiento a prueba de fugas. Perfectas para bebidas y l\u00edquidos. Venta directa de f\u00e1brica con descuentos por volumen.<\/p>","protected":false},"featured_media":16911,"template":"","meta":[],"product_brand":[],"product_cat":[81,80,20],"product_tag":[],"class_list":{"0":"post-16894","1":"product","2":"type-product","3":"status-publish","4":"has-post-thumbnail","6":"product_cat-flip-top-bottles","7":"product_cat-glass-bottles","8":"product_cat-glass-containers","10":"first","11":"instock","12":"shipping-taxable","13":"product-type-grouped"},"jetpack_sharing_enabled":true,"_links":{"self":[{"href":"https:\/\/yebodaglass.com\/es\/wp-json\/wp\/v2\/product\/16894","targetHints":{"allow":["GET"]}}],"collection":[{"href":"https:\/\/yebodaglass.com\/es\/wp-json\/wp\/v2\/product"}],"about":[{"href":"https:\/\/yebodaglass.com\/es\/wp-json\/wp\/v2\/types\/product"}],"version-history":[{"count":5,"href":"https:\/\/yebodaglass.com\/es\/wp-json\/wp\/v2\/product\/16894\/revisions"}],"predecessor-version":[{"id":25602,"href":"https:\/\/yebodaglass.com\/es\/wp-json\/wp\/v2\/product\/16894\/revisions\/25602"}],"wp:featuredmedia":[{"embeddable":true,"href":"https:\/\/yebodaglass.com\/es\/wp-json\/wp\/v2\/media\/16911"}],"wp:attachment":[{"href":"https:\/\/yebodaglass.com\/es\/wp-json\/wp\/v2\/media?parent=16894"}],"wp:term":[{"taxonomy":"product_brand","embeddable":true,"href":"https:\/\/yebodaglass.com\/es\/wp-json\/wp\/v2\/product_brand?post=16894"},{"taxonomy":"product_cat","embeddable":true,"href":"https:\/\/yebodaglass.com\/es\/wp-json\/wp\/v2\/product_cat?post=16894"},{"taxonomy":"product_tag","embeddable":true,"href":"https:\/\/yebodaglass.com\/es\/wp-json\/wp\/v2\/product_tag?post=16894"}],"curies":[{"name":"wp","href":"https:\/\/api.w.org\/{rel}","templated":true}]}}