{"id":16779,"date":"2025-07-11T10:01:34","date_gmt":"2025-07-11T02:01:34","guid":{"rendered":"https:\/\/yebodaglass.com\/?post_type=product&#038;p=16779"},"modified":"2026-03-26T13:21:31","modified_gmt":"2026-03-26T05:21:31","slug":"amber-glass-swing-top-glass-beer-bottles-bulk","status":"publish","type":"product","link":"https:\/\/yebodaglass.com\/es\/producto\/amber-glass-swing-top-glass-beer-bottles-bulk\/","title":{"rendered":"Botellas de cerveza de vidrio \u00e1mbar de 16 oz con tapa abatible, a granel"},"content":{"rendered":"<p>Estas botellas de cerveza de vidrio con tap\u00f3n abatible son compactas, pr\u00e1cticas y a la vez cl\u00e1sicas. Su forma minimalista, cil\u00edndrica y de fondo plano est\u00e1 hecha de vidrio transparente de alta calidad, que permite apreciar perfectamente la bebida, ya sea agua o jarabe casero.<\/p>\n<h2>Destacados<\/h2>\n<ul>\n<li><strong>Cierre herm\u00e9tico con tapa abatible:<\/strong> El anillo de presi\u00f3n met\u00e1lico y el tap\u00f3n de sellado proporcionan un cierre seguro y reutilizable, perfecto cuando la bebida est\u00e1 carbonatada o para conservar el contenido del envase.<\/li>\n<li><strong>Dise\u00f1o cil\u00edndrico compacto:<\/strong> La peque\u00f1a botella cil\u00edndrica de vidrio es compacta, f\u00e1cil de lavar y de transportar.<\/li>\n<li><strong>Cristal transparente de alta visibilidad:<\/strong> La botella transparente te permitir\u00e1 observar f\u00e1cilmente lo que hay dentro y controlar el nivel.<\/li>\n<\/ul>\n<h2 style=\"text-align: left;\">Especificaciones clave<\/h2>\n<table class=\"aligncenter\" style=\"border-collapse: collapse; width: 369.02pt;\" border=\"0\" width=\"492\" cellspacing=\"0\" cellpadding=\"0\">\n<tbody>\n<tr style=\"height: 13.50pt;\">\n<td style=\"height: 13.50pt; width: 162.75pt;\" width=\"217\" height=\"18\">Especificaci\u00f3n<\/td>\n<td style=\"width: 206.25pt;\" width=\"275\">Detalles<\/td>\n<\/tr>\n<tr style=\"height: 13.50pt;\">\n<td style=\"height: 13.50pt;\" height=\"18\">Capacidad<\/td>\n<td>16 oz\/500 ml<\/td>\n<\/tr>\n<tr style=\"height: 13.50pt;\">\n<td style=\"height: 13.50pt;\" height=\"18\">Dimensiones del embalaje<\/td>\n<td>9,3 x 6,3 x 10,6 pulgadas<\/td>\n<\/tr>\n<tr style=\"height: 13.50pt;\">\n<td style=\"height: 13.50pt;\" height=\"18\">Material<\/td>\n<td>vidrio sin plomo<\/td>\n<\/tr>\n<tr style=\"height: 13.50pt;\">\n<td style=\"height: 13.50pt;\" height=\"18\">Cantidad de embalaje<\/td>\n<td>6 botellas por caja<\/td>\n<\/tr>\n<tr style=\"height: 13.50pt;\">\n<td style=\"height: 13.50pt;\" height=\"18\">Color\/Apariencia<\/td>\n<td>\u00c1mbar con una forma elegante y esbelta.<\/td>\n<\/tr>\n<\/tbody>\n<\/table>\n<h2>Historia de \u00e9xito<\/h2>\n<p>Nuestras botellas de cerveza de vidrio con tap\u00f3n abatible de 250 ml fueron elegidas por un tostador de caf\u00e9 dan\u00e9s especializado, quien las grab\u00f3 con l\u00e1ser con el dise\u00f1o de una planta de caf\u00e9. Su caf\u00e9 espresso fr\u00edo est\u00e1 dise\u00f1ado para usarse en esta botella personalizada: el cierre herm\u00e9tico tiene la ventaja de extender la vida \u00fatil del producto en vitrinas refrigeradas en un 40 %. El vidrio transparente refleja el color del concentrado, lo que, seg\u00fan afirman, increment\u00f3 las compras impulsivas en un 25 %. Aprovechando este \u00e9xito, encargaron 480 000 botellas m\u00e1s para lanzar una nueva gama de jarabes de caf\u00e9 y t\u00e9s listos para consumir.<\/p>\n<h2>Personalizaci\u00f3n de botellas con tap\u00f3n abatible<\/h2>\n<ul>\n<li>Opciones de color para ganchos y topes: Ofrecemos una gama de acabados met\u00e1licos para los ganchos (cobre, lat\u00f3n, negro mate) y tambi\u00e9n una gama de colores para los topes, para que puedas crear el aspecto adecuado seg\u00fan tu marca.<\/li>\n<li>Dise\u00f1o cuadrado: Dise\u00f1amos botellas cuadradas con tapa de rosca de estilo contempor\u00e1neo que ahorran espacio, lo que aumenta la estabilidad de los estantes y les da a los art\u00edculos una apariencia distintiva.<\/li>\n<li>Graduaciones integradas: Incorporan graduaciones impresas permanentes para usarse cuando se requiere una medici\u00f3n m\u00e1s precisa del concentrado o ingrediente (por ejemplo, caf\u00e9, c\u00f3cteles).<\/li>\n<\/ul>","protected":false},"excerpt":{"rendered":"<p data-start=\"70\" data-end=\"242\">Botellas de cerveza de vidrio \u00e1mbar con tap\u00f3n abatible, dise\u00f1adas para proteger de la luz y conservar la frescura. Cierre herm\u00e9tico para una carbonataci\u00f3n \u00f3ptima. Suministro directo de f\u00e1brica para garantizar precios competitivos.<\/p>","protected":false},"featured_media":17392,"template":"","meta":[],"product_brand":[],"product_cat":[81,80,20],"product_tag":[],"class_list":{"0":"post-16779","1":"product","2":"type-product","3":"status-publish","4":"has-post-thumbnail","6":"product_cat-flip-top-bottles","7":"product_cat-glass-bottles","8":"product_cat-glass-containers","10":"first","11":"instock","12":"shipping-taxable","13":"product-type-grouped"},"jetpack_sharing_enabled":true,"_links":{"self":[{"href":"https:\/\/yebodaglass.com\/es\/wp-json\/wp\/v2\/product\/16779","targetHints":{"allow":["GET"]}}],"collection":[{"href":"https:\/\/yebodaglass.com\/es\/wp-json\/wp\/v2\/product"}],"about":[{"href":"https:\/\/yebodaglass.com\/es\/wp-json\/wp\/v2\/types\/product"}],"version-history":[{"count":5,"href":"https:\/\/yebodaglass.com\/es\/wp-json\/wp\/v2\/product\/16779\/revisions"}],"predecessor-version":[{"id":25622,"href":"https:\/\/yebodaglass.com\/es\/wp-json\/wp\/v2\/product\/16779\/revisions\/25622"}],"wp:featuredmedia":[{"embeddable":true,"href":"https:\/\/yebodaglass.com\/es\/wp-json\/wp\/v2\/media\/17392"}],"wp:attachment":[{"href":"https:\/\/yebodaglass.com\/es\/wp-json\/wp\/v2\/media?parent=16779"}],"wp:term":[{"taxonomy":"product_brand","embeddable":true,"href":"https:\/\/yebodaglass.com\/es\/wp-json\/wp\/v2\/product_brand?post=16779"},{"taxonomy":"product_cat","embeddable":true,"href":"https:\/\/yebodaglass.com\/es\/wp-json\/wp\/v2\/product_cat?post=16779"},{"taxonomy":"product_tag","embeddable":true,"href":"https:\/\/yebodaglass.com\/es\/wp-json\/wp\/v2\/product_tag?post=16779"}],"curies":[{"name":"wp","href":"https:\/\/api.w.org\/{rel}","templated":true}]}}