{"id":16755,"date":"2025-07-10T17:05:59","date_gmt":"2025-07-10T09:05:59","guid":{"rendered":"https:\/\/yebodaglass.com\/?post_type=product&#038;p=16755"},"modified":"2026-04-09T15:56:47","modified_gmt":"2026-04-09T07:56:47","slug":"wholesale-12-oz-premium-clear-flip-top-bottles-for-kombucha","status":"publish","type":"product","link":"https:\/\/yebodaglass.com\/es\/wholesale-12-oz-premium-clear-flip-top-bottles-for-kombucha\/","title":{"rendered":"Botellas transparentes de 12 oz con tapa abatible al por mayor para kombucha"},"content":{"rendered":"<p>Las botellas con tapa abatible para kombucha combinan la forma tradicional de l\u00e1grima con una estructura c\u00f3nica moderna. Est\u00e1n fabricadas con vidrio ultratransparente apto para uso alimentario y cuentan con una tapa de rosca de acero inoxidable con anillo de sellado de silicona roja para garantizar un cierre herm\u00e9tico y evitar fugas.<\/p>\n<h2>Destacados<\/h2>\n<ul>\n<li><strong>Cintura c\u00f3nica con forma de l\u00e1grima:<\/strong> Su forma de l\u00e1grima con cintura c\u00f3nica es elegante y facilita el agarre y el vertido.<\/li>\n<li><strong>Dise\u00f1o de sellado a presi\u00f3n:<\/strong> Dise\u00f1o de cierre a presi\u00f3n con tap\u00f3n de sellado de silicona: se ha a\u00f1adido un tap\u00f3n de sellado de silicona a un dise\u00f1o met\u00e1lico de cierre a presi\u00f3n para facilitar la apertura y el cierre, as\u00ed como para garantizar un alto rendimiento de sellado.<\/li>\n<li><strong>Vidrio de alta transparencia apto para uso alimentario:<\/strong> Esta botella est\u00e1 fabricada con vidrio apto para uso alimentario y de alta transparencia; es transparente, limpia, segura, inodora y resistente a la corrosi\u00f3n tanto por \u00e1cidos como por \u00e1lcalis.<\/li>\n<\/ul>\n<h2 style=\"text-align: left;\">Especificaciones clave<\/h2>\n<table class=\"aligncenter\" style=\"border-collapse: collapse; width: 529.52pt;\" border=\"0\" width=\"706\" cellspacing=\"0\" cellpadding=\"0\">\n<tbody>\n<tr style=\"height: 13.50pt;\">\n<td style=\"height: 13.50pt; width: 117.75pt;\" width=\"157\" height=\"18\">Especificaci\u00f3n<\/td>\n<td style=\"width: 411.75pt;\" width=\"549\">Detalles<\/td>\n<\/tr>\n<tr style=\"height: 13.50pt;\">\n<td style=\"height: 13.50pt;\" height=\"18\">Capacidad<\/td>\n<td>12 onzas\/350 ml<\/td>\n<\/tr>\n<tr style=\"height: 13.50pt;\">\n<td style=\"height: 13.50pt;\" height=\"18\">Dimensiones del embalaje<\/td>\n<td>9,4 x 8,6 x 6,1 pulgadas<\/td>\n<\/tr>\n<tr style=\"height: 13.50pt;\">\n<td style=\"height: 13.50pt;\" height=\"18\">Material<\/td>\n<td>vidrio sin plomo<\/td>\n<\/tr>\n<tr style=\"height: 13.50pt;\">\n<td style=\"height: 13.50pt;\" height=\"18\">Cantidad de embalaje<\/td>\n<td>6 botellas por caja<\/td>\n<\/tr>\n<tr style=\"height: 13.50pt;\">\n<td style=\"height: 13.50pt;\" height=\"18\">Apariencia<\/td>\n<td>Cuerpo de botella transparente, esbelto y curvado.<\/td>\n<\/tr>\n<tr style=\"height: 13.50pt;\">\n<td style=\"height: 13.50pt;\" height=\"18\">Mecanismo de sellado<\/td>\n<td style=\"text-align: left;\">Tap\u00f3n de vidrio transparente con bisagra y anillo de sellado rojo en la base.<\/td>\n<\/tr>\n<\/tbody>\n<\/table>\n<h2>Caso de \u00e9xito: Pedido personalizado de una marca canadiense de vinagre artesanal.<\/h2>\n<p>Una empresa de vinagre artesanal de la Columbia Brit\u00e1nica seleccion\u00f3 nuestra botella de agua de vidrio de 500 ml con tapa abatible y asa personalizada de alambre de lat\u00f3n. La botella personalizada result\u00f3 ser un gran \u00e9xito: su cierre herm\u00e9tico superior redujo la p\u00e9rdida por evaporaci\u00f3n en un 20 % durante el largo proceso de a\u00f1ejamiento. El elegante dise\u00f1o de la botella increment\u00f3 el precio en un 50 %. Su \u00e9xito inicial les llev\u00f3 a solicitar 650 000 botellas adicionales, necesarias para lanzar su l\u00ednea de vinagres para beber con infusi\u00f3n de hierbas.<\/p>\n<h2>Las botellas con tapa abatible para kombucha se personalizan<\/h2>\n<ul>\n<li>Funda protectora de silicona: Ofrece una funda protectora de silicona inerte, extra\u00edble y opcional, que es antideslizante, proporciona un mejor agarre a la botella y a\u00edsla, adem\u00e1s de ofrecer protecci\u00f3n contra golpes.<\/li>\n<li>Gancho y pestillo: Est\u00e1 disponible en acero galvanizado, negro, cobre o lat\u00f3n.<\/li>\n<li>Cuello de botella y color del anillo de sellado: Tap\u00f3n y color del anillo de sellado personalizados, y son el color de la marca.<\/li>\n<\/ul>","protected":false},"excerpt":{"rendered":"<p>Botellas de kombucha de alta calidad con tapa abatible y cierre met\u00e1lico resistente. Ideales para la elaboraci\u00f3n casera y el envasado. Descuentos al por mayor y venta directa de f\u00e1brica.<\/p>","protected":false},"featured_media":17254,"template":"","meta":[],"product_brand":[],"product_cat":[81,80,20],"product_tag":[],"class_list":{"0":"post-16755","1":"product","2":"type-product","3":"status-publish","4":"has-post-thumbnail","6":"product_cat-flip-top-bottles","7":"product_cat-glass-bottles","8":"product_cat-glass-containers","10":"first","11":"instock","12":"shipping-taxable","13":"product-type-grouped"},"jetpack_sharing_enabled":true,"_links":{"self":[{"href":"https:\/\/yebodaglass.com\/es\/wp-json\/wp\/v2\/product\/16755","targetHints":{"allow":["GET"]}}],"collection":[{"href":"https:\/\/yebodaglass.com\/es\/wp-json\/wp\/v2\/product"}],"about":[{"href":"https:\/\/yebodaglass.com\/es\/wp-json\/wp\/v2\/types\/product"}],"version-history":[{"count":5,"href":"https:\/\/yebodaglass.com\/es\/wp-json\/wp\/v2\/product\/16755\/revisions"}],"predecessor-version":[{"id":25702,"href":"https:\/\/yebodaglass.com\/es\/wp-json\/wp\/v2\/product\/16755\/revisions\/25702"}],"wp:featuredmedia":[{"embeddable":true,"href":"https:\/\/yebodaglass.com\/es\/wp-json\/wp\/v2\/media\/17254"}],"wp:attachment":[{"href":"https:\/\/yebodaglass.com\/es\/wp-json\/wp\/v2\/media?parent=16755"}],"wp:term":[{"taxonomy":"product_brand","embeddable":true,"href":"https:\/\/yebodaglass.com\/es\/wp-json\/wp\/v2\/product_brand?post=16755"},{"taxonomy":"product_cat","embeddable":true,"href":"https:\/\/yebodaglass.com\/es\/wp-json\/wp\/v2\/product_cat?post=16755"},{"taxonomy":"product_tag","embeddable":true,"href":"https:\/\/yebodaglass.com\/es\/wp-json\/wp\/v2\/product_tag?post=16755"}],"curies":[{"name":"wp","href":"https:\/\/api.w.org\/{rel}","templated":true}]}}