{"id":16710,"date":"2025-07-10T16:27:07","date_gmt":"2025-07-10T08:27:07","guid":{"rendered":"https:\/\/yebodaglass.com\/?post_type=product&#038;p=16710"},"modified":"2026-03-25T16:22:33","modified_gmt":"2026-03-25T08:22:33","slug":"wholesale-12-oz-amber-flip-top-beer-bottles","status":"publish","type":"product","link":"https:\/\/yebodaglass.com\/es\/wholesale-12-oz-amber-flip-top-beer-bottles\/","title":{"rendered":"Botellas de cerveza \u00e1mbar de 12 oz con tapa abatible al por mayor"},"content":{"rendered":"<p>Estas botellas de cerveza con tap\u00f3n abatible tienen un cuerpo cil\u00edndrico de color \u00e1mbar y paredes rectas, fabricado en vidrio que bloquea eficazmente los da\u00f1inos rayos UV, evitando as\u00ed que la cerveza adquiera un sabor desagradable. El tap\u00f3n se ajusta a un anillo de alambre con bisagra y un cierre de rosca que proporciona un sellado herm\u00e9tico, ideal para cervezas en fermentaci\u00f3n secundaria dentro de la botella.<\/p>\n<h2>Destacados<\/h2>\n<ul>\n<li><strong>Cristal \u00e1mbar con protecci\u00f3n UV:<\/strong> El vidrio \u00e1mbar oscuro es eficaz para bloquear la luz solar y evitar que la cerveza se vea expuesta a la luz, manteniendo as\u00ed su sabor original.<\/li>\n<li><strong>Junta de rosca herm\u00e9tica:<\/strong> La tapa con anillo de alambre y el tap\u00f3n con junta forman un cierre herm\u00e9tico, fiable y reutilizable que garantiza la carbonataci\u00f3n y la frescura de la cerveza.<\/li>\n<li><strong>Construcci\u00f3n duradera y reutilizable:<\/strong> El vidrio grueso y los herrajes resistentes est\u00e1n dise\u00f1ados para soportar la limpieza comercial y el uso repetido.<\/li>\n<\/ul>\n<h2 style=\"text-align: left;\">Especificaciones clave<\/h2>\n<table class=\"aligncenter\" style=\"border-collapse: collapse; width: 497.27pt;\" border=\"0\" width=\"663\" cellspacing=\"0\" cellpadding=\"0\">\n<tbody>\n<tr style=\"height: 13.50pt;\">\n<td style=\"height: 13.50pt; width: 144.00pt;\" width=\"192\" height=\"18\">Especificaci\u00f3n<\/td>\n<td style=\"width: 353.25pt;\" width=\"471\">Detalles<\/td>\n<\/tr>\n<tr style=\"height: 13.50pt;\">\n<td style=\"height: 13.50pt;\" height=\"18\">Capacidad<\/td>\n<td>12 oz\/330 ml<\/td>\n<\/tr>\n<tr style=\"height: 13.50pt;\">\n<td style=\"height: 13.50pt;\" height=\"18\">Dimensiones del embalaje<\/td>\n<td>7,7 * 7,7 * 9,3 pulgadas<\/td>\n<\/tr>\n<tr style=\"height: 13.50pt;\">\n<td style=\"height: 13.50pt;\" height=\"18\">Material de vidrio<\/td>\n<td>vidrio sin plomo<\/td>\n<\/tr>\n<tr style=\"height: 13.50pt;\">\n<td style=\"height: 13.50pt;\" height=\"18\">Cantidad de embalaje<\/td>\n<td>9 botellas por caja<\/td>\n<\/tr>\n<tr style=\"height: 13.50pt;\">\n<td style=\"height: 13.50pt;\" height=\"18\">Color<\/td>\n<td>\u00c1mbar<\/td>\n<\/tr>\n<tr style=\"height: 13.50pt;\">\n<td style=\"height: 13.50pt;\" height=\"18\">Forma de botella<\/td>\n<td>cuerpo cil\u00edndrico liso<\/td>\n<\/tr>\n<tr style=\"height: 13.50pt;\">\n<td style=\"height: 13.50pt;\" height=\"18\">Acabado de la superficie<\/td>\n<td>Suave y brillante<\/td>\n<\/tr>\n<tr style=\"height: 13.50pt;\">\n<td style=\"height: 13.50pt;\" height=\"18\">Tapa de botella<\/td>\n<td>Tapa abatible negra<\/td>\n<\/tr>\n<tr style=\"height: 13.50pt;\">\n<td style=\"height: 13.50pt;\" height=\"18\">tap\u00f3n de botella<\/td>\n<td>Tap\u00f3n de cer\u00e1mica blanca<\/td>\n<\/tr>\n<tr style=\"height: 13.50pt;\">\n<td style=\"height: 13.50pt;\" height=\"18\">Mecanismo de fijaci\u00f3n<\/td>\n<td>Asegurado con una abrazadera de alambre met\u00e1lico<\/td>\n<\/tr>\n<\/tbody>\n<\/table>\n<h2>Historia de \u00e9xito<\/h2>\n<p>Una cervecer\u00eda artesanal de Michigan eligi\u00f3 nuestras botellas de cerveza \u00e1mbar de 500 ml con tap\u00f3n abatible y las personaliz\u00f3 con un estampado cer\u00e1mico de conos de l\u00fapulo y asas de metal chapadas en cobre. La personalizaci\u00f3n de las botellas ofrece importantes ventajas: los tapones reutilizables ahorran costes y residuos, estimados en 0,05 $ por botella; adem\u00e1s, su resistencia en lavadoras industriales garantiza una tasa de rotura inferior al 2 % por lavado. Gracias a este \u00e9xito, encargaron m\u00e1s de 450\u00a0000 botellas para lanzar una nueva l\u00ednea de cerveza \u00e1cida envejecida en barril y establecieron una colaboraci\u00f3n con una cadena de restaurantes de alta gama.<\/p>\n<h2>Personalizaci\u00f3n de botellas de cerveza con tapa abatible<\/h2>\n<ul>\n<li>Serigraf\u00eda cer\u00e1mica personalizada: Se pueden imprimir etiquetas, logotipos o dise\u00f1os permanentes y cocidos directamente sobre botellas de vidrio \u00e1mbar para brindar una apariencia tradicional y de alta calidad a las botellas de cerveza.<\/li>\n<li>Opciones de asa y color del corcho: Las asas est\u00e1n disponibles en diferentes acabados (negro, lat\u00f3n, zinc), y el color del corcho se puede personalizar seg\u00fan la marca de la cervecer\u00eda.<\/li>\n<li>Grabado de capacidad\/logotipo: Grabe en relieve un peque\u00f1o logotipo de la cervecer\u00eda o la indicaci\u00f3n de capacidad (por ejemplo, 500 ml) en la botella de vidrio, lo que har\u00e1 que la imagen de la marca parezca de alta gama de forma permanente.<\/li>\n<\/ul>","protected":false},"excerpt":{"rendered":"<p data-start=\"26\" data-end=\"202\">Botellas de cerveza \u00e1mbar de 355 ml (12 oz) con tapa abatible, venta al por mayor. Duraderas, reutilizables y con protecci\u00f3n UV: perfectas para la elaboraci\u00f3n casera de cerveza, cerveza artesanal o cervecer\u00edas comerciales. Muestras gratis.<\/p>","protected":false},"featured_media":17395,"template":"","meta":[],"product_brand":[],"product_cat":[81,80,20],"product_tag":[],"class_list":{"0":"post-16710","1":"product","2":"type-product","3":"status-publish","4":"has-post-thumbnail","6":"product_cat-flip-top-bottles","7":"product_cat-glass-bottles","8":"product_cat-glass-containers","10":"first","11":"instock","12":"shipping-taxable","13":"product-type-grouped"},"jetpack_sharing_enabled":true,"_links":{"self":[{"href":"https:\/\/yebodaglass.com\/es\/wp-json\/wp\/v2\/product\/16710","targetHints":{"allow":["GET"]}}],"collection":[{"href":"https:\/\/yebodaglass.com\/es\/wp-json\/wp\/v2\/product"}],"about":[{"href":"https:\/\/yebodaglass.com\/es\/wp-json\/wp\/v2\/types\/product"}],"version-history":[{"count":5,"href":"https:\/\/yebodaglass.com\/es\/wp-json\/wp\/v2\/product\/16710\/revisions"}],"predecessor-version":[{"id":25607,"href":"https:\/\/yebodaglass.com\/es\/wp-json\/wp\/v2\/product\/16710\/revisions\/25607"}],"wp:featuredmedia":[{"embeddable":true,"href":"https:\/\/yebodaglass.com\/es\/wp-json\/wp\/v2\/media\/17395"}],"wp:attachment":[{"href":"https:\/\/yebodaglass.com\/es\/wp-json\/wp\/v2\/media?parent=16710"}],"wp:term":[{"taxonomy":"product_brand","embeddable":true,"href":"https:\/\/yebodaglass.com\/es\/wp-json\/wp\/v2\/product_brand?post=16710"},{"taxonomy":"product_cat","embeddable":true,"href":"https:\/\/yebodaglass.com\/es\/wp-json\/wp\/v2\/product_cat?post=16710"},{"taxonomy":"product_tag","embeddable":true,"href":"https:\/\/yebodaglass.com\/es\/wp-json\/wp\/v2\/product_tag?post=16710"}],"curies":[{"name":"wp","href":"https:\/\/api.w.org\/{rel}","templated":true}]}}