{"id":16648,"date":"2025-07-10T14:39:34","date_gmt":"2025-07-10T06:39:34","guid":{"rendered":"https:\/\/yebodaglass.com\/?post_type=product&#038;p=16648"},"modified":"2026-04-13T15:10:20","modified_gmt":"2026-04-13T07:10:20","slug":"clear-milk-storage-bottles-with-lids-wholesale","status":"publish","type":"product","link":"https:\/\/yebodaglass.com\/es\/clear-milk-storage-bottles-with-lids-wholesale\/","title":{"rendered":"Botellas transparentes para almacenar leche de 310 ml (11 oz) con tapa (venta al por mayor)"},"content":{"rendered":"<p>El dise\u00f1o tradicional de la botella de leche de vidrio presenta un cuello m\u00e1s estrecho que el cuerpo. El vidrio transparente apto para uso alimentario permite apreciar todos los colores de los zumos y la leche frescos, as\u00ed como de las bebidas caseras.<\/p>\n<h2>Destacados<\/h2>\n<ul>\n<li><strong>Forma c\u00f3nica cl\u00e1sica retro:<\/strong> La botella de leche de estilo retro presenta un dise\u00f1o redondeado y c\u00f3nico que resulta f\u00e1cilmente reconocible y es ideal para envasar y exhibir diferentes tipos de bebidas.<\/li>\n<li><strong>Dise\u00f1o de tapa de sellado blanca:<\/strong> El tap\u00f3n blanco proporciona un cierre eficaz que mantiene las bebidas frescas, ya que crea una barrera herm\u00e9tica.<\/li>\n<li><strong>Dise\u00f1o de boca ancha y f\u00e1cil llenado:<\/strong> El producto cuenta con una boca ancha que facilita su llenado y limpieza, ya que puede utilizarse en hogares, restaurantes y entornos comerciales.<\/li>\n<\/ul>\n<h2 style=\"text-align: left;\">Especificaciones clave<\/h2>\n<table class=\"aligncenter\" style=\"border-collapse: collapse; width: 346.52pt;\" border=\"0\" width=\"462\" cellspacing=\"0\" cellpadding=\"0\">\n<tbody>\n<tr style=\"height: 13.50pt;\">\n<td style=\"height: 13.50pt; width: 152.25pt;\" width=\"203\" height=\"18\">Especificaci\u00f3n<\/td>\n<td style=\"width: 194.25pt;\" width=\"259\">Detalles<\/td>\n<\/tr>\n<tr style=\"height: 13.50pt;\">\n<td style=\"height: 13.50pt;\" height=\"18\">Capacidad<\/td>\n<td>11 oz\/310 ml<\/td>\n<\/tr>\n<tr style=\"height: 13.50pt;\">\n<td style=\"height: 13.50pt;\" height=\"18\">Calibre<\/td>\n<td>1,9 pulgadas<\/td>\n<\/tr>\n<tr style=\"height: 13.50pt;\">\n<td style=\"height: 13.50pt;\" height=\"18\">Di\u00e1metro del cuerpo de la botella<\/td>\n<td>2,5 pulgadas<\/td>\n<\/tr>\n<tr style=\"height: 13.50pt;\">\n<td style=\"height: 13.50pt;\" height=\"18\">Altura de la botella<\/td>\n<td>6 pulgadas<\/td>\n<\/tr>\n<tr style=\"height: 13.50pt;\">\n<td style=\"height: 13.50pt;\" height=\"18\">Material<\/td>\n<td>vidrio sin plomo<\/td>\n<\/tr>\n<tr style=\"height: 13.50pt;\">\n<td style=\"height: 13.50pt;\" height=\"18\">Especificaciones de embalaje<\/td>\n<td>9\/12 piezas por caja<\/td>\n<\/tr>\n<\/tbody>\n<\/table>\n<h2>Historia de \u00e9xito: Un pedido personalizado de una planta l\u00e1ctea del Medio Oeste.<\/h2>\n<p>Una planta l\u00e1ctea de Wisconsin, una empresa familiar, seleccion\u00f3 nuestro dise\u00f1o de botella de leche y le a\u00f1adi\u00f3 un dise\u00f1o personalizado con el logotipo de la granja en relieve y vidrio marr\u00f3n. La botella de leche de vidrio personalizada tuvo un gran \u00e9xito porque su dise\u00f1o evocaba nostalgia y conectaba con su clientela local. El dise\u00f1o de la botella de vidrio marr\u00f3n prolong\u00f3 la vida \u00fatil de la leche con nata en un 20 %, lo que se tradujo en un aumento del 40 % en las suscripciones de entrega a domicilio. Tras el primer pedido, la empresa aument\u00f3 su pedido a 380 000 botellas para lanzar sus nuevos productos l\u00e1cteos saborizados.<\/p>\n<h2>Sugerencias para personalizar botellas de leche de vidrio<\/h2>\n<ul>\n<li>La empresa ofrece m\u00faltiples opciones de color para las tapas, con sellos estampados en oro y tapones de cart\u00f3n tradicionales que crean una aut\u00e9ntica apariencia vintage.<\/li>\n<li>El dise\u00f1o de botella cuadrada crea una soluci\u00f3n moderna que ahorra espacio, utilizando la forma tradicional de una botella de leche cuadrada.<\/li>\n<li>La empresa ofrece asas de cart\u00f3n personalizadas, as\u00ed como fundas de silicona que mejoran el aislamiento y el agarre.<\/li>\n<\/ul>","protected":false},"excerpt":{"rendered":"<p>Botellas de leche de primera calidad con vidrio resistente y tapa segura. Perfectas para uso dom\u00e9stico o comercial. Se admiten opciones de personalizaci\u00f3n de marca. Muestras gratuitas.<\/p>","protected":false},"featured_media":17269,"template":"","meta":[],"product_brand":[],"product_cat":[82,80,20],"product_tag":[],"class_list":{"0":"post-16648","1":"product","2":"type-product","3":"status-publish","4":"has-post-thumbnail","6":"product_cat-milk-bottles","7":"product_cat-glass-bottles","8":"product_cat-glass-containers","10":"first","11":"instock","12":"shipping-taxable","13":"product-type-grouped"},"jetpack_sharing_enabled":true,"_links":{"self":[{"href":"https:\/\/yebodaglass.com\/es\/wp-json\/wp\/v2\/product\/16648","targetHints":{"allow":["GET"]}}],"collection":[{"href":"https:\/\/yebodaglass.com\/es\/wp-json\/wp\/v2\/product"}],"about":[{"href":"https:\/\/yebodaglass.com\/es\/wp-json\/wp\/v2\/types\/product"}],"version-history":[{"count":5,"href":"https:\/\/yebodaglass.com\/es\/wp-json\/wp\/v2\/product\/16648\/revisions"}],"predecessor-version":[{"id":25764,"href":"https:\/\/yebodaglass.com\/es\/wp-json\/wp\/v2\/product\/16648\/revisions\/25764"}],"wp:featuredmedia":[{"embeddable":true,"href":"https:\/\/yebodaglass.com\/es\/wp-json\/wp\/v2\/media\/17269"}],"wp:attachment":[{"href":"https:\/\/yebodaglass.com\/es\/wp-json\/wp\/v2\/media?parent=16648"}],"wp:term":[{"taxonomy":"product_brand","embeddable":true,"href":"https:\/\/yebodaglass.com\/es\/wp-json\/wp\/v2\/product_brand?post=16648"},{"taxonomy":"product_cat","embeddable":true,"href":"https:\/\/yebodaglass.com\/es\/wp-json\/wp\/v2\/product_cat?post=16648"},{"taxonomy":"product_tag","embeddable":true,"href":"https:\/\/yebodaglass.com\/es\/wp-json\/wp\/v2\/product_tag?post=16648"}],"curies":[{"name":"wp","href":"https:\/\/api.w.org\/{rel}","templated":true}]}}