{"id":16452,"date":"2025-07-09T13:18:01","date_gmt":"2025-07-09T05:18:01","guid":{"rendered":"https:\/\/yebodaglass.com\/?post_type=product&#038;p=16452"},"modified":"2026-03-10T17:54:06","modified_gmt":"2026-03-10T09:54:06","slug":"custom-glass-jar-with-wooden-lid-and-spoon-for-spice-storage","status":"publish","type":"product","link":"https:\/\/yebodaglass.com\/es\/producto\/custom-glass-jar-with-wooden-lid-and-spoon-for-spice-storage\/","title":{"rendered":"Tarro de cristal personalizado con tapa de madera y cuchara para guardar especias, 250 ml"},"content":{"rendered":"<p>Este frasco de vidrio redondo con tapa de madera est\u00e1 construido de vidrio transparente, libre de plomo, soda y cal, que, adem\u00e1s de hacer que el recipiente se vea atractivo en los estantes o mostradores, tambi\u00e9n permite que se vea el contenido despu\u00e9s de que se haya llenado, por ejemplo, az\u00facar, pimienta, mezclas de especias o aceite, condimentos a base de etc. Cada frasco de vidrio viene con una tapa de corcho natural grueso, una peque\u00f1a cuchara de madera y el peque\u00f1o soporte de la cuchara est\u00e1 fijado inteligentemente al costado del frasco en el dise\u00f1o.<\/p>\n<p>Su estructura bien pensada hace que estos recipientes para almacenar especias sean pr\u00e1cticos para el uso diario en la cocina, la reposter\u00eda y el condimento. Tambi\u00e9n pueden usarse como set de regalo, colecci\u00f3n de especias o como una de las soluciones decorativas de envases de vidrio para marcas de alimentos premium.<\/p>\n<h2>Especificaciones clave<\/h2>\n<table style=\"border-collapse: collapse; width: 80%; margin-left: auto; margin-right: auto;\" border=\"0\" width=\"80%\" cellspacing=\"0\" cellpadding=\"0\">\n<tbody>\n<tr style=\"height: 13.50pt;\">\n<td style=\"height: 13.50pt; width: 110.25pt;\" width=\"147\" height=\"18\">Tipo de producto<\/td>\n<td style=\"width: 455.25pt;\" width=\"607\">Tarro de cristal con tapa de madera y cuchara.<\/td>\n<\/tr>\n<tr style=\"height: 13.50pt;\">\n<td style=\"height: 13.50pt;\" height=\"18\">Material<\/td>\n<td>Vidrio s\u00f3dico-c\u00e1lcico sin plomo + cuchara de madera natural + tap\u00f3n de corcho grueso<\/td>\n<\/tr>\n<tr style=\"height: 13.50pt;\">\n<td style=\"height: 13.50pt;\" height=\"18\">Capacidad<\/td>\n<td>250 ml \/ 10 onzas<\/td>\n<\/tr>\n<tr style=\"height: 13.50pt;\">\n<td style=\"height: 13.50pt;\" height=\"18\">Forma<\/td>\n<td>Tarro de cristal redondo<\/td>\n<\/tr>\n<tr style=\"height: 13.50pt;\">\n<td style=\"height: 13.50pt;\" height=\"18\">Accesorios<\/td>\n<td>Tapa de corcho, cuchara de madera, etiqueta (opci\u00f3n personalizada disponible)<\/td>\n<\/tr>\n<tr style=\"height: 13.50pt;\">\n<td style=\"height: 13.50pt;\" height=\"18\">Embalaje<\/td>\n<td>12 frascos por juego\/caja<\/td>\n<\/tr>\n<tr style=\"height: 13.50pt;\">\n<td style=\"height: 13.50pt;\" height=\"18\">Solicitud<\/td>\n<td>Contenedores de especias, tarro de az\u00facar, recipientes para almacenar condimentos, tarro de condimentos<\/td>\n<\/tr>\n<tr style=\"height: 13.50pt;\">\n<td style=\"height: 13.50pt;\" height=\"18\">Modo de suministro<\/td>\n<td>Envases de vidrio a granel, al por mayor y personalizados del fabricante.<\/td>\n<\/tr>\n<tr style=\"height: 13.50pt;\">\n<td style=\"height: 13.50pt;\" height=\"18\">Log\u00edstica<\/td>\n<td>Embalaje listo para exportaci\u00f3n para env\u00edos seguros y entrega global.<\/td>\n<\/tr>\n<\/tbody>\n<\/table>\n<h2>Caracter\u00edsticas principales<\/h2>\n<h3>Dise\u00f1o de cuchara de madera integrada<\/h3>\n<p>Cada frasco de vidrio para especias incluye una cuchara de madera natural que se apoya en el soporte lateral del frasco, lo que hace que sea c\u00f3modo recoger especias, az\u00facar o pimienta durante la cocci\u00f3n.<\/p>\n<h3>Sello de tapa de corcho natural<\/h3>\n<p>La tapa de corcho grueso funciona como un revestimiento de tapa natural, lo que ayuda a proteger los ingredientes de los alimentos secos y al mismo tiempo mantiene un dise\u00f1o simple y ecol\u00f3gico.<\/p>\n<h3>Exhibidor de vidrio transparente de primera calidad<\/h3>\n<p>La botella de vidrio redonda transparente hace que el color y la textura de las especias se destaquen bien, siendo as\u00ed una elecci\u00f3n perfecta para colecciones de frascos de vidrio minoristas, cocinas gourmet o juegos de regalo de marca.<\/p>\n<h2>Caso B2B exitoso<\/h2>\n<p>Una marca canadiense de condimentos gourmet especializados buscaba frascos de vidrio \u00fanicos para especias para envasar sus mezclas premium de hierbas y condimentos. La empresa opera como marca propia de alimentos y minorista en l\u00ednea, dirigida a los amantes de la alta cocina.<\/p>\n<p>Realizaron un pedido inicial al por mayor de 12\u00a0000 frascos de vidrio, y seleccionaron este frasco de vidrio de 250 ml con tapa de madera como formato de embalaje principal. El cliente solicit\u00f3 varias opciones personalizadas, entre ellas:<\/p>\n<ul>\n<li>Etiquetas impresas con su identidad de marca<\/li>\n<li>Conjunto de embalaje de cat\u00e1logo personalizado para exhibici\u00f3n minorista<\/li>\n<li>Grabado de cuchara de madera de marca<\/li>\n<\/ul>\n<p>Tras el lanzamiento de la l\u00ednea de productos, los envases de especias de vidrio, visualmente distintivos, mejoraron significativamente su atractivo en los estantes y las tasas de conversi\u00f3n en l\u00ednea. En ocho meses, las ventas de la l\u00ednea de condimentos aumentaron un 40 %, y el cliente repiti\u00f3 el pedido de 20\u00a0000 frascos, ampliando el envase a aceites aromatizados y mezclas de pimienta gourmet.<\/p>\n<h2>Sugerencias de personalizaci\u00f3n para aplicaciones B2B<\/h2>\n<ol>\n<li><strong>Marca privada<\/strong>:Agregue etiquetas personalizadas, impresi\u00f3n de logotipos o cucharas de madera grabadas para crear frascos de especias de vidrio distintivos para marcas de alimentos.<\/li>\n<li><strong>Embalaje de set de regalo para minoristas<\/strong>:Desarrollar sets de m\u00faltiples frascos para colecciones de especias o envases de regalo para la cocina dirigidos al comercio electr\u00f3nico y tiendas gourmet.<\/li>\n<li><strong>Opciones de accesorios funcionales<\/strong>:Ofrezca diferentes tapas, revestimientos o tapas agitadoras para transformar el frasco en varios recipientes para especias, como sal, pimienta, hierbas o condimentos en polvo.<\/li>\n<\/ol>","protected":false},"excerpt":{"rendered":"<p>Frasco de vidrio resistente de 250 ml con tapa de madera y cuchara. Contenedores premium para almacenar especias, ideales para venta al por mayor, compras a granel y marcas personalizadas.<\/p>","protected":false},"featured_media":25335,"template":"","meta":[],"product_brand":[],"product_cat":[83,124,122,87,20,128],"product_tag":[],"class_list":{"0":"post-16452","1":"product","2":"type-product","3":"status-publish","4":"has-post-thumbnail","6":"product_cat-glass-jars","7":"product_cat-custom-glass-jars","8":"product_cat-custom-glass-packaging","9":"product_cat-food-storage-jars","10":"product_cat-glass-containers","11":"product_cat-spice-jars","13":"first","14":"instock","15":"shipping-taxable","16":"product-type-grouped"},"jetpack_sharing_enabled":true,"_links":{"self":[{"href":"https:\/\/yebodaglass.com\/es\/wp-json\/wp\/v2\/product\/16452","targetHints":{"allow":["GET"]}}],"collection":[{"href":"https:\/\/yebodaglass.com\/es\/wp-json\/wp\/v2\/product"}],"about":[{"href":"https:\/\/yebodaglass.com\/es\/wp-json\/wp\/v2\/types\/product"}],"version-history":[{"count":5,"href":"https:\/\/yebodaglass.com\/es\/wp-json\/wp\/v2\/product\/16452\/revisions"}],"predecessor-version":[{"id":25339,"href":"https:\/\/yebodaglass.com\/es\/wp-json\/wp\/v2\/product\/16452\/revisions\/25339"}],"wp:featuredmedia":[{"embeddable":true,"href":"https:\/\/yebodaglass.com\/es\/wp-json\/wp\/v2\/media\/25335"}],"wp:attachment":[{"href":"https:\/\/yebodaglass.com\/es\/wp-json\/wp\/v2\/media?parent=16452"}],"wp:term":[{"taxonomy":"product_brand","embeddable":true,"href":"https:\/\/yebodaglass.com\/es\/wp-json\/wp\/v2\/product_brand?post=16452"},{"taxonomy":"product_cat","embeddable":true,"href":"https:\/\/yebodaglass.com\/es\/wp-json\/wp\/v2\/product_cat?post=16452"},{"taxonomy":"product_tag","embeddable":true,"href":"https:\/\/yebodaglass.com\/es\/wp-json\/wp\/v2\/product_tag?post=16452"}],"curies":[{"name":"wp","href":"https:\/\/api.w.org\/{rel}","templated":true}]}}