{"id":16378,"date":"2025-07-08T15:41:11","date_gmt":"2025-07-08T07:41:11","guid":{"rendered":"https:\/\/yebodaglass.com\/?post_type=product&#038;p=16378"},"modified":"2025-09-10T17:13:33","modified_gmt":"2025-09-10T09:13:33","slug":"clear-small-square-5-oz-flip-top-glass-bottles-in-bulk","status":"publish","type":"product","link":"https:\/\/yebodaglass.com\/es\/clear-small-square-5-oz-flip-top-glass-bottles-in-bulk\/","title":{"rendered":"Botellas de vidrio transparentes peque\u00f1as cuadradas de 5 oz con tapa abatible a granel"},"content":{"rendered":"<div data-elementor-type=\"wp-post\" data-elementor-id=\"16378\" class=\"elementor elementor-16378\" data-elementor-settings=\"{&quot;ha_cmc_init_switcher&quot;:&quot;no&quot;}\" data-elementor-post-type=\"product\">\n\t\t\t\t<div class=\"elementor-element elementor-element-bb0d695 e-flex e-con-boxed e-con e-parent\" data-id=\"bb0d695\" data-element_type=\"container\" data-e-type=\"container\" data-settings=\"{&quot;_ha_eqh_enable&quot;:false}\">\n\t\t\t\t\t<div class=\"e-con-inner\">\n\t\t\t\t<div class=\"elementor-element elementor-element-732f179 elementor-widget elementor-widget-text-editor\" data-id=\"732f179\" data-element_type=\"widget\" data-e-type=\"widget\" data-widget_type=\"text-editor.default\">\n\t\t\t\t<div class=\"elementor-widget-container\">\n\t\t\t\t\t\t\t\t\t<p>Nuestras peque\u00f1as botellas cuadradas de vidrio transparente con tapa abatible de 147 ml ofrecen funcionalidad y elegancia. Su cierre herm\u00e9tico conserva la frescura, mientras que su elegante dise\u00f1o cuadrado le da un aspecto moderno. Ideales para almacenar vinagre, aceite, bebidas o cualquier l\u00edquido dom\u00e9stico, estas botellas son perfectas para cocinas individuales o negocios.<\/p>\t\t\t\t\t\t\t\t<\/div>\n\t\t\t\t<\/div>\n\t\t\t\t<div class=\"elementor-element elementor-element-54c8d6c elementor-widget elementor-widget-heading\" data-id=\"54c8d6c\" data-element_type=\"widget\" data-e-type=\"widget\" data-widget_type=\"heading.default\">\n\t\t\t\t<div class=\"elementor-widget-container\">\n\t\t\t\t\t<h2 class=\"elementor-heading-title elementor-size-default\">Especificaciones clave<\/h2>\t\t\t\t<\/div>\n\t\t\t\t<\/div>\n\t\t\t\t<div class=\"elementor-element elementor-element-14509d8 elementor-widget elementor-widget-text-editor\" data-id=\"14509d8\" data-element_type=\"widget\" data-e-type=\"widget\" data-widget_type=\"text-editor.default\">\n\t\t\t\t<div class=\"elementor-widget-container\">\n\t\t\t\t\t\t\t\t\t<table style=\"border-collapse: collapse; margin-left: auto; margin-right: auto; width: 80%;\" border=\"0\" width=\"383\" cellspacing=\"0\" cellpadding=\"0\"><tbody><tr style=\"height: 13.50pt;\"><td style=\"height: 13.50pt; width: 114.00pt;\" width=\"152\" height=\"18\">Par\u00e1metro<\/td><td style=\"width: 173.25pt;\" width=\"231\">Descripci\u00f3n<\/td><\/tr><tr style=\"height: 13.50pt;\"><td style=\"height: 13.50pt;\" height=\"18\">Capacidad<\/td><td>5 onzas (150 ml)<\/td><\/tr><tr style=\"height: 13.50pt;\"><td style=\"height: 13.50pt;\" height=\"18\">Tama\u00f1o del embalaje<\/td><td>7,7 x 6,9 x 6,7 pulgadas<\/td><\/tr><tr style=\"height: 13.50pt;\"><td style=\"height: 13.50pt;\" height=\"18\">Cantidad de embalaje<\/td><td>9 unidades por caja<\/td><\/tr><tr style=\"height: 13.50pt;\"><td style=\"height: 13.50pt;\" height=\"18\">Material<\/td><td>Vidrio 100% reciclable y sin plomo<\/td><\/tr><tr style=\"height: 13.50pt;\"><td style=\"height: 13.50pt;\" height=\"18\">Tipo de tapa<\/td><td>Tapa abatible con sello de goma<\/td><\/tr><\/tbody><\/table>\t\t\t\t\t\t\t\t<\/div>\n\t\t\t\t<\/div>\n\t\t\t\t\t<\/div>\n\t\t\t\t<\/div>\n\t\t<div class=\"elementor-element elementor-element-55e31eb e-flex e-con-boxed e-con e-parent\" data-id=\"55e31eb\" data-element_type=\"container\" data-e-type=\"container\" data-settings=\"{&quot;_ha_eqh_enable&quot;:false}\">\n\t\t\t\t\t<div class=\"e-con-inner\">\n\t\t\t\t<div class=\"elementor-element elementor-element-fc0900e elementor-widget elementor-widget-heading\" data-id=\"fc0900e\" data-element_type=\"widget\" data-e-type=\"widget\" data-widget_type=\"heading.default\">\n\t\t\t\t<div class=\"elementor-widget-container\">\n\t\t\t\t\t<h2 class=\"elementor-heading-title elementor-size-default\">Destacados<\/h2>\t\t\t\t<\/div>\n\t\t\t\t<\/div>\n\t\t\t\t\t<\/div>\n\t\t\t\t<\/div>\n\t\t<div class=\"elementor-element elementor-element-723cd80 e-flex e-con-boxed e-con e-parent\" data-id=\"723cd80\" data-element_type=\"container\" data-e-type=\"container\" data-settings=\"{&quot;_ha_eqh_enable&quot;:false}\">\n\t\t\t\t\t<div class=\"e-con-inner\">\n\t\t<div class=\"elementor-element elementor-element-bf4cb81 e-con-full e-flex e-con e-child\" data-id=\"bf4cb81\" data-element_type=\"container\" data-e-type=\"container\" data-settings=\"{&quot;_ha_eqh_enable&quot;:false}\">\n\t\t\t\t<div class=\"elementor-element elementor-element-202a3f6 elementor-widget elementor-widget-image\" data-id=\"202a3f6\" data-element_type=\"widget\" data-e-type=\"widget\" data-widget_type=\"image.default\">\n\t\t\t\t<div class=\"elementor-widget-container\">\n\t\t\t\t\t\t\t\t\t\t\t\t\t\t\t<img decoding=\"async\" src=\"https:\/\/yebodaglass.com\/wp-content\/uploads\/elementor\/thumbs\/bottles-with-flip-top-1-2-r8fw9dre28o6jc8f37woh11rr5c1xfgvits7gs37a8.webp\" title=\"Botellas de vidrio transparentes peque\u00f1as cuadradas de 5 oz con tapa abatible a granel\" alt=\"Botellas de vidrio transparentes peque\u00f1as cuadradas de 5 oz con tapa abatible a granel\" loading=\"lazy\" \/>\t\t\t\t\t\t\t\t\t\t\t\t\t\t\t<\/div>\n\t\t\t\t<\/div>\n\t\t\t\t<div class=\"elementor-element elementor-element-fc1fd2d elementor-widget elementor-widget-text-editor\" data-id=\"fc1fd2d\" data-element_type=\"widget\" data-e-type=\"widget\" data-widget_type=\"text-editor.default\">\n\t\t\t\t<div class=\"elementor-widget-container\">\n\t\t\t\t\t\t\t\t\t<p>F\u00e1cil de limpiar: La boca de la botella de vidrio con tapa abatible es redonda y lisa, sin esquinas muertas, y las piezas de apertura y cierre no ocultan la suciedad. Limpiarla es muy f\u00e1cil. Se limpia enjuag\u00e1ndola bajo el grifo y sec\u00e1ndola. Su mantenimiento es muy sencillo.<\/p>\t\t\t\t\t\t\t\t<\/div>\n\t\t\t\t<\/div>\n\t\t\t\t<\/div>\n\t\t<div class=\"elementor-element elementor-element-73418b7 e-con-full e-flex e-con e-child\" data-id=\"73418b7\" data-element_type=\"container\" data-e-type=\"container\" data-settings=\"{&quot;_ha_eqh_enable&quot;:false}\">\n\t\t\t\t<div class=\"elementor-element elementor-element-490e976 elementor-widget elementor-widget-image\" data-id=\"490e976\" data-element_type=\"widget\" data-e-type=\"widget\" data-widget_type=\"image.default\">\n\t\t\t\t<div class=\"elementor-widget-container\">\n\t\t\t\t\t\t\t\t\t\t\t\t\t\t\t<img decoding=\"async\" src=\"https:\/\/yebodaglass.com\/wp-content\/uploads\/elementor\/thumbs\/flip-top-glass-bottle-1-1-r8g4k6oem9pl8u7eadn73mktwokktlp39rkvjd1tb4.webp\" title=\"Botellas de vidrio transparentes peque\u00f1as cuadradas de 5 oz con tapa abatible a granel\" alt=\"Botellas de vidrio transparentes peque\u00f1as cuadradas de 5 oz con tapa abatible a granel\" loading=\"lazy\" \/>\t\t\t\t\t\t\t\t\t\t\t\t\t\t\t<\/div>\n\t\t\t\t<\/div>\n\t\t\t\t<div class=\"elementor-element elementor-element-28d6163 elementor-widget elementor-widget-text-editor\" data-id=\"28d6163\" data-element_type=\"widget\" data-e-type=\"widget\" data-widget_type=\"text-editor.default\">\n\t\t\t\t<div class=\"elementor-widget-container\">\n\t\t\t\t\t\t\t\t\t<p>Materiales de alta calidad: El cuerpo del hervidor est\u00e1 hecho de vidrio de borosilicato grueso, ideal para bebidas fr\u00edas y calientes. Es especialmente resistente y duradero. Lo he usado durante m\u00e1s de seis meses y sigue como nuevo. \u00a1Me encanta su durabilidad!<\/p>\t\t\t\t\t\t\t\t<\/div>\n\t\t\t\t<\/div>\n\t\t\t\t<\/div>\n\t\t\t\t\t<\/div>\n\t\t\t\t<\/div>\n\t\t<div class=\"elementor-element elementor-element-523cc7f e-flex e-con-boxed e-con e-parent\" data-id=\"523cc7f\" data-element_type=\"container\" data-e-type=\"container\" data-settings=\"{&quot;_ha_eqh_enable&quot;:false}\">\n\t\t\t\t\t<div class=\"e-con-inner\">\n\t\t<div class=\"elementor-element elementor-element-744006f e-con-full e-flex e-con e-child\" data-id=\"744006f\" data-element_type=\"container\" data-e-type=\"container\" data-settings=\"{&quot;_ha_eqh_enable&quot;:false}\">\n\t\t\t\t<div class=\"elementor-element elementor-element-9ce8179 elementor-widget elementor-widget-image\" data-id=\"9ce8179\" data-element_type=\"widget\" data-e-type=\"widget\" data-widget_type=\"image.default\">\n\t\t\t\t<div class=\"elementor-widget-container\">\n\t\t\t\t\t\t\t\t\t\t\t\t\t\t\t<img decoding=\"async\" src=\"https:\/\/yebodaglass.com\/wp-content\/uploads\/elementor\/thumbs\/70-r8fzxd9jprcms6ildrrs380ulwshreg0o3joeie3kw.webp\" title=\"Botellas de vidrio transparentes peque\u00f1as cuadradas de 5 oz con tapa abatible a granel\" alt=\"Botellas de vidrio transparentes peque\u00f1as cuadradas de 5 oz con tapa abatible a granel\" loading=\"lazy\" \/>\t\t\t\t\t\t\t\t\t\t\t\t\t\t\t<\/div>\n\t\t\t\t<\/div>\n\t\t\t\t<div class=\"elementor-element elementor-element-78c6605 elementor-widget elementor-widget-text-editor\" data-id=\"78c6605\" data-element_type=\"widget\" data-e-type=\"widget\" data-widget_type=\"text-editor.default\">\n\t\t\t\t<div class=\"elementor-widget-container\">\n\t\t\t\t\t\t\t\t\t<p>Excelente cierre: \u00a1Esta botella con tapa abatible tiene un cierre herm\u00e9tico! Incluso si la agitas boca abajo, no gotea. No importa qu\u00e9 l\u00edquido le pongas, no tienes que preocuparte por derrames. \u00a1Es muy c\u00f3moda de usar!<\/p>\t\t\t\t\t\t\t\t<\/div>\n\t\t\t\t<\/div>\n\t\t\t\t<\/div>\n\t\t<div class=\"elementor-element elementor-element-8519877 e-con-full e-flex e-con e-child\" data-id=\"8519877\" data-element_type=\"container\" data-e-type=\"container\" data-settings=\"{&quot;_ha_eqh_enable&quot;:false}\">\n\t\t\t\t<div class=\"elementor-element elementor-element-7d08a07 elementor-widget elementor-widget-image\" data-id=\"7d08a07\" data-element_type=\"widget\" data-e-type=\"widget\" data-widget_type=\"image.default\">\n\t\t\t\t<div class=\"elementor-widget-container\">\n\t\t\t\t\t\t\t\t\t\t\t\t\t\t\t<img decoding=\"async\" src=\"https:\/\/yebodaglass.com\/wp-content\/uploads\/elementor\/thumbs\/72-r8fzxf583ff7fefv2sl187jrsoj86snhccund2bb8g.webp\" title=\"Botellas de vidrio transparentes peque\u00f1as cuadradas de 5 oz con tapa abatible a granel\" alt=\"Botellas de vidrio transparentes peque\u00f1as cuadradas de 5 oz con tapa abatible a granel\" loading=\"lazy\" \/>\t\t\t\t\t\t\t\t\t\t\t\t\t\t\t<\/div>\n\t\t\t\t<\/div>\n\t\t\t\t<div class=\"elementor-element elementor-element-dca6cea elementor-widget elementor-widget-text-editor\" data-id=\"dca6cea\" data-element_type=\"widget\" data-e-type=\"widget\" data-widget_type=\"text-editor.default\">\n\t\t\t\t<div class=\"elementor-widget-container\">\n\t\t\t\t\t\t\t\t\t<p>Accesorios: 9 etiquetas adicionales para pizarra blanca, un rotulador de tiza l\u00edquida y 1 embudo de silicona plegable para que el embalaje seguro garantice que sus botellas de vidrio lleguen en perfectas condiciones.<\/p>\t\t\t\t\t\t\t\t<\/div>\n\t\t\t\t<\/div>\n\t\t\t\t<\/div>\n\t\t\t\t\t<\/div>\n\t\t\t\t<\/div>\n\t\t<div class=\"elementor-element elementor-element-88b472e e-con-full e-flex e-con e-parent\" data-id=\"88b472e\" data-element_type=\"container\" data-e-type=\"container\" data-settings=\"{&quot;_ha_eqh_enable&quot;:false}\">\n\t\t\t\t<div class=\"elementor-element elementor-element-3582c55 elementor-widget elementor-widget-text-editor\" data-id=\"3582c55\" data-element_type=\"widget\" data-e-type=\"widget\" data-widget_type=\"text-editor.default\">\n\t\t\t\t<div class=\"elementor-widget-container\">\n\t\t\t\t\t\t\t\t\t<p>\u00a0 \u00a0 \u00a0 \u00a0 \u00a0 \u00a0 \u00a0 \u00a0 \u00a0 \u00a0 \u00a0 \u00a0 <img fetchpriority=\"high\" decoding=\"async\" class=\"alignnone wp-image-16229\" src=\"https:\/\/yebodaglass.com\/wp-content\/uploads\/2025\/07\/d1ad5ea8ed4fd82e283a3a35878dd5c.png\" alt=\"\" width=\"240\" height=\"240\" srcset=\"https:\/\/yebodaglass.com\/wp-content\/uploads\/2025\/07\/d1ad5ea8ed4fd82e283a3a35878dd5c.png 220w, https:\/\/yebodaglass.com\/wp-content\/uploads\/2025\/07\/d1ad5ea8ed4fd82e283a3a35878dd5c-100x100.png 100w, https:\/\/yebodaglass.com\/wp-content\/uploads\/2025\/07\/d1ad5ea8ed4fd82e283a3a35878dd5c-150x150.png 150w, https:\/\/yebodaglass.com\/wp-content\/uploads\/2025\/07\/d1ad5ea8ed4fd82e283a3a35878dd5c-12x12.png 12w\" sizes=\"(max-width: 240px) 100vw, 240px\" \/>\u00a0 \u00a0 \u00a0 \u00a0 \u00a0<img decoding=\"async\" class=\"alignnone wp-image-16228\" src=\"https:\/\/yebodaglass.com\/wp-content\/uploads\/2025\/07\/4679f61166f64c6045dbc74c130db9a.png\" alt=\"\" width=\"240\" height=\"240\" srcset=\"https:\/\/yebodaglass.com\/wp-content\/uploads\/2025\/07\/4679f61166f64c6045dbc74c130db9a.png 220w, https:\/\/yebodaglass.com\/wp-content\/uploads\/2025\/07\/4679f61166f64c6045dbc74c130db9a-100x100.png 100w, https:\/\/yebodaglass.com\/wp-content\/uploads\/2025\/07\/4679f61166f64c6045dbc74c130db9a-150x150.png 150w, https:\/\/yebodaglass.com\/wp-content\/uploads\/2025\/07\/4679f61166f64c6045dbc74c130db9a-12x12.png 12w\" sizes=\"(max-width: 240px) 100vw, 240px\" \/>\u00a0 \u00a0 \u00a0 \u00a0 \u00a0 <img decoding=\"async\" class=\"alignnone wp-image-16230\" src=\"https:\/\/yebodaglass.com\/wp-content\/uploads\/2025\/07\/e59283ab6cb2ed3c93ba4f8a33db2ff.png\" alt=\"\" width=\"240\" height=\"240\" srcset=\"https:\/\/yebodaglass.com\/wp-content\/uploads\/2025\/07\/e59283ab6cb2ed3c93ba4f8a33db2ff.png 220w, https:\/\/yebodaglass.com\/wp-content\/uploads\/2025\/07\/e59283ab6cb2ed3c93ba4f8a33db2ff-100x100.png 100w, https:\/\/yebodaglass.com\/wp-content\/uploads\/2025\/07\/e59283ab6cb2ed3c93ba4f8a33db2ff-150x150.png 150w, https:\/\/yebodaglass.com\/wp-content\/uploads\/2025\/07\/e59283ab6cb2ed3c93ba4f8a33db2ff-12x12.png 12w\" sizes=\"(max-width: 240px) 100vw, 240px\" \/>\u00a0 \u00a0 \u00a0 <img loading=\"lazy\" decoding=\"async\" class=\"alignnone wp-image-16227\" src=\"https:\/\/yebodaglass.com\/wp-content\/uploads\/2025\/07\/8b499cc8b9c63806f1b8b3d5aa03275.png\" alt=\"\" width=\"240\" height=\"240\" srcset=\"https:\/\/yebodaglass.com\/wp-content\/uploads\/2025\/07\/8b499cc8b9c63806f1b8b3d5aa03275.png 220w, https:\/\/yebodaglass.com\/wp-content\/uploads\/2025\/07\/8b499cc8b9c63806f1b8b3d5aa03275-100x100.png 100w, https:\/\/yebodaglass.com\/wp-content\/uploads\/2025\/07\/8b499cc8b9c63806f1b8b3d5aa03275-150x150.png 150w, https:\/\/yebodaglass.com\/wp-content\/uploads\/2025\/07\/8b499cc8b9c63806f1b8b3d5aa03275-12x12.png 12w\" sizes=\"(max-width: 240px) 100vw, 240px\" \/><\/p>\t\t\t\t\t\t\t\t<\/div>\n\t\t\t\t<\/div>\n\t\t\t\t<\/div>\n\t\t<div class=\"elementor-element elementor-element-792eb8c e-flex e-con-boxed e-con e-parent\" data-id=\"792eb8c\" data-element_type=\"container\" data-e-type=\"container\" data-settings=\"{&quot;_ha_eqh_enable&quot;:false}\">\n\t\t\t\t\t<div class=\"e-con-inner\">\n\t\t\t\t<div class=\"elementor-element elementor-element-ceb50a8 elementor-widget elementor-widget-image\" data-id=\"ceb50a8\" data-element_type=\"widget\" data-e-type=\"widget\" data-widget_type=\"image.default\">\n\t\t\t\t<div class=\"elementor-widget-container\">\n\t\t\t\t\t\t\t\t\t\t\t\t\t\t\t<img decoding=\"async\" src=\"https:\/\/yebodaglass.com\/wp-content\/uploads\/elementor\/thumbs\/flip-top-glass-bottles-2-r8e0rx6jsox8qb5sfklaelf6ftu44jofu43yfg9vhc.webp\" title=\"\u00bfBuscas botellas de alta calidad con tapa abatible para tus creaciones caseras? Esta botella de 113 ml con tapa abatible est\u00e1 hecha de vidrio transparente y resistente y cuenta con un cierre seguro con junta de goma y abrazadera de alambre. Su cuello estrecho y dise\u00f1o de hombros redondeados facilitan y agilizan el vertido, mientras que el cuerpo transparente te permite ver claramente el contenido. Perfecta para guardar bebidas caseras, aceites de cocina, vino, vinagre, salsas y mucho m\u00e1s.\" alt=\"\u00bfBuscas botellas de alta calidad con tapa abatible para tus creaciones caseras? Esta botella de 113 ml con tapa abatible est\u00e1 hecha de vidrio transparente y resistente y cuenta con un cierre seguro con junta de goma y abrazadera de alambre. Su cuello estrecho y dise\u00f1o de hombros redondeados facilitan y agilizan el vertido, mientras que el cuerpo transparente te permite ver claramente el contenido. Perfecta para guardar bebidas caseras, aceites de cocina, vino, vinagre, salsas y mucho m\u00e1s.\" loading=\"lazy\" \/>\t\t\t\t\t\t\t\t\t\t\t\t\t\t\t<\/div>\n\t\t\t\t<\/div>\n\t\t\t\t<div class=\"elementor-element elementor-element-b2907c6 elementor-widget elementor-widget-text-editor\" data-id=\"b2907c6\" data-element_type=\"widget\" data-e-type=\"widget\" data-widget_type=\"text-editor.default\">\n\t\t\t\t<div class=\"elementor-widget-container\">\n\t\t\t\t\t\t\t\t\t<h2>Usos personales:<\/h2><p>Ideal para salsas caseras, aderezos para ensaladas, aceites infusionados, jugos o para regalar bebidas artesanales. Compacto, f\u00e1cil de verter y mantiene los l\u00edquidos frescos.<\/p><h2>Usos comerciales:<\/h2><p>Restaurantes, marcas de bebidas o tiendas de mascotas requieren envases perfectos, elegantes y reutilizables. Los productos mejoran su presentaci\u00f3n y garantizan un almacenamiento y transporte seguros.<\/p>\t\t\t\t\t\t\t\t<\/div>\n\t\t\t\t<\/div>\n\t\t\t\t\t<\/div>\n\t\t\t\t<\/div>\n\t\t\t\t<\/div>","protected":false},"excerpt":{"rendered":"<p>Botellas cuadradas de vidrio transparente con tapa abatible de 147 g. Resistentes, herm\u00e9ticas y elegantes, ideales para guardar vinagre, aceites, bebidas o creaciones caseras.<\/p>","protected":false},"featured_media":17301,"template":"","meta":[],"product_brand":[],"product_cat":[80,81,20],"product_tag":[],"class_list":{"0":"post-16378","1":"product","2":"type-product","3":"status-publish","4":"has-post-thumbnail","6":"product_cat-glass-bottles","7":"product_cat-flip-top-bottles","8":"product_cat-glass-containers","10":"first","11":"instock","12":"shipping-taxable","13":"product-type-grouped"},"jetpack_sharing_enabled":true,"_links":{"self":[{"href":"https:\/\/yebodaglass.com\/es\/wp-json\/wp\/v2\/product\/16378","targetHints":{"allow":["GET"]}}],"collection":[{"href":"https:\/\/yebodaglass.com\/es\/wp-json\/wp\/v2\/product"}],"about":[{"href":"https:\/\/yebodaglass.com\/es\/wp-json\/wp\/v2\/types\/product"}],"version-history":[{"count":5,"href":"https:\/\/yebodaglass.com\/es\/wp-json\/wp\/v2\/product\/16378\/revisions"}],"predecessor-version":[{"id":20498,"href":"https:\/\/yebodaglass.com\/es\/wp-json\/wp\/v2\/product\/16378\/revisions\/20498"}],"wp:featuredmedia":[{"embeddable":true,"href":"https:\/\/yebodaglass.com\/es\/wp-json\/wp\/v2\/media\/17301"}],"wp:attachment":[{"href":"https:\/\/yebodaglass.com\/es\/wp-json\/wp\/v2\/media?parent=16378"}],"wp:term":[{"taxonomy":"product_brand","embeddable":true,"href":"https:\/\/yebodaglass.com\/es\/wp-json\/wp\/v2\/product_brand?post=16378"},{"taxonomy":"product_cat","embeddable":true,"href":"https:\/\/yebodaglass.com\/es\/wp-json\/wp\/v2\/product_cat?post=16378"},{"taxonomy":"product_tag","embeddable":true,"href":"https:\/\/yebodaglass.com\/es\/wp-json\/wp\/v2\/product_tag?post=16378"}],"curies":[{"name":"wp","href":"https:\/\/api.w.org\/{rel}","templated":true}]}}