{"id":16344,"date":"2025-07-08T15:01:59","date_gmt":"2025-07-08T07:01:59","guid":{"rendered":"https:\/\/yebodaglass.com\/?post_type=product&#038;p=16344"},"modified":"2026-03-26T11:46:23","modified_gmt":"2026-03-26T03:46:23","slug":"clear-round-small-glass-flip-top-bottles-for-beverage-bulk","status":"publish","type":"product","link":"https:\/\/yebodaglass.com\/es\/producto\/clear-round-small-glass-flip-top-bottles-for-beverage-bulk\/","title":{"rendered":"Botellas peque\u00f1as redondas de vidrio transparente de 4 oz con tapa abatible para bebidas a granel."},"content":{"rendered":"<p>Estas botellas de vidrio con tapa abatible son compactas, pr\u00e1cticas y a la vez cl\u00e1sicas. Su forma minimalista, cil\u00edndrica y de fondo plano est\u00e1 hecha de vidrio transparente de alta calidad, que permite apreciar perfectamente el contenido, ya sea agua o jarabe casero.<\/p>\n<h2>Destacados<\/h2>\n<ul>\n<li><strong>Cierre herm\u00e9tico con tapa abatible:<\/strong> El anillo de presi\u00f3n met\u00e1lico y el tap\u00f3n de sellado proporcionan un cierre seguro y reutilizable, perfecto cuando la bebida est\u00e1 carbonatada o para conservar el contenido del envase.<\/li>\n<li><strong>Dise\u00f1o cil\u00edndrico compacto:<\/strong> La peque\u00f1a botella cil\u00edndrica de vidrio es compacta, f\u00e1cil de lavar y de transportar.<\/li>\n<li><strong>Cristal transparente de alta visibilidad:<\/strong> La botella transparente te permitir\u00e1 observar f\u00e1cilmente lo que hay dentro y controlar el nivel.<\/li>\n<\/ul>\n<h2 style=\"text-align: left;\">Especificaciones clave<\/h2>\n<table class=\"aligncenter\" style=\"border-collapse: collapse; width: 661.52pt;\" border=\"0\" width=\"882\" cellspacing=\"0\" cellpadding=\"0\">\n<tbody>\n<tr style=\"height: 13.50pt;\">\n<td style=\"height: 13.50pt; width: 206.25pt;\" width=\"275\" height=\"18\">Elemento de especificaci\u00f3n<\/td>\n<td style=\"width: 455.25pt;\" width=\"607\">Detalles<\/td>\n<\/tr>\n<tr style=\"height: 13.50pt;\">\n<td style=\"height: 13.50pt;\" height=\"18\">Capacidad<\/td>\n<td>4 oz (120 ml)<\/td>\n<\/tr>\n<tr style=\"height: 13.50pt;\">\n<td style=\"height: 13.50pt;\" height=\"18\">Dimensiones del paquete<\/td>\n<td>8,9 x 6,9 x 6,7 pulgadas<\/td>\n<\/tr>\n<tr style=\"height: 13.50pt;\">\n<td style=\"height: 13.50pt;\" height=\"18\">Material<\/td>\n<td>Vidrio de alta calidad<\/td>\n<\/tr>\n<tr style=\"height: 13.50pt;\">\n<td style=\"height: 13.50pt;\" height=\"18\">Especificaciones de embalaje por caja<\/td>\n<td>12 piezas por caja<\/td>\n<\/tr>\n<tr style=\"height: 13.50pt;\">\n<td style=\"height: 13.50pt;\" height=\"18\">Caracter\u00edstica de la botella<\/td>\n<td>Cuerpo transparente, tapa tipo abrazadera met\u00e1lica (parte superior blanca con parte de sellado roja)<\/td>\n<\/tr>\n<\/tbody>\n<\/table>\n<h2>Caso de \u00e9xito: Un pedido personalizado de una marca europea de caf\u00e9 de especialidad.<\/h2>\n<p>Un tostador de caf\u00e9 dan\u00e9s de especialidad eligi\u00f3 nuestras botellas de vidrio de 250 ml con tapa abatible, que luego las grab\u00f3 con l\u00e1ser con el dise\u00f1o de una planta de caf\u00e9. Su caf\u00e9 espresso fr\u00edo est\u00e1 dise\u00f1ado para usarse en esta botella personalizada: el cierre herm\u00e9tico tiene la ventaja de extender la vida \u00fatil del producto en vitrinas refrigeradas en un 40 %. El vidrio transparente refleja el color del concentrado, lo que, seg\u00fan afirman, aument\u00f3 las compras impulsivas en un 25 %. Aprovechando este \u00e9xito, encargaron 480 000 botellas m\u00e1s para lanzar una nueva gama de jarabes de caf\u00e9 y t\u00e9s listos para beber.<\/p>\n<h2>Personalizaci\u00f3n de botellas con tap\u00f3n abatible<\/h2>\n<ul>\n<li>Opciones de color para ganchos y topes: Ofrecemos una gama de acabados met\u00e1licos para los ganchos (cobre, lat\u00f3n, negro mate) y tambi\u00e9n una gama de colores para los topes, para que puedas crear el aspecto adecuado seg\u00fan tu marca.<\/li>\n<li>Dise\u00f1o cuadrado: Dise\u00f1amos botellas cuadradas con tapa de rosca de estilo contempor\u00e1neo que ahorran espacio, lo que aumenta la estabilidad de los estantes y les da a los art\u00edculos una apariencia distintiva.<\/li>\n<li>Graduaciones integradas: Incorporan graduaciones impresas permanentes para usarse cuando se requiere una medici\u00f3n m\u00e1s precisa del concentrado o ingrediente (por ejemplo, caf\u00e9, c\u00f3cteles).<\/li>\n<\/ul>","protected":false},"excerpt":{"rendered":"<p>Frascos peque\u00f1os de vidrio con tapa abatible, cierre met\u00e1lico resistente y cierre herm\u00e9tico. La tapa abatible mantiene el contenido fresco. Disponibles en stock con servicio de entrega r\u00e1pida a nivel mundial.<\/p>","protected":false},"featured_media":17307,"template":"","meta":[],"product_brand":[],"product_cat":[81,80,20],"product_tag":[],"class_list":{"0":"post-16344","1":"product","2":"type-product","3":"status-publish","4":"has-post-thumbnail","6":"product_cat-flip-top-bottles","7":"product_cat-glass-bottles","8":"product_cat-glass-containers","10":"first","11":"instock","12":"shipping-taxable","13":"product-type-grouped"},"jetpack_sharing_enabled":true,"_links":{"self":[{"href":"https:\/\/yebodaglass.com\/es\/wp-json\/wp\/v2\/product\/16344","targetHints":{"allow":["GET"]}}],"collection":[{"href":"https:\/\/yebodaglass.com\/es\/wp-json\/wp\/v2\/product"}],"about":[{"href":"https:\/\/yebodaglass.com\/es\/wp-json\/wp\/v2\/types\/product"}],"version-history":[{"count":5,"href":"https:\/\/yebodaglass.com\/es\/wp-json\/wp\/v2\/product\/16344\/revisions"}],"predecessor-version":[{"id":25619,"href":"https:\/\/yebodaglass.com\/es\/wp-json\/wp\/v2\/product\/16344\/revisions\/25619"}],"wp:featuredmedia":[{"embeddable":true,"href":"https:\/\/yebodaglass.com\/es\/wp-json\/wp\/v2\/media\/17307"}],"wp:attachment":[{"href":"https:\/\/yebodaglass.com\/es\/wp-json\/wp\/v2\/media?parent=16344"}],"wp:term":[{"taxonomy":"product_brand","embeddable":true,"href":"https:\/\/yebodaglass.com\/es\/wp-json\/wp\/v2\/product_brand?post=16344"},{"taxonomy":"product_cat","embeddable":true,"href":"https:\/\/yebodaglass.com\/es\/wp-json\/wp\/v2\/product_cat?post=16344"},{"taxonomy":"product_tag","embeddable":true,"href":"https:\/\/yebodaglass.com\/es\/wp-json\/wp\/v2\/product_tag?post=16344"}],"curies":[{"name":"wp","href":"https:\/\/api.w.org\/{rel}","templated":true}]}}