{"id":3,"date":"2025-06-25T09:56:57","date_gmt":"2025-06-25T09:56:57","guid":{"rendered":"https:\/\/yebodaglass.com\/?page_id=3"},"modified":"2025-08-29T17:16:29","modified_gmt":"2025-08-29T09:16:29","slug":"privacy-policy","status":"publish","type":"page","link":"https:\/\/yebodaglass.com\/es\/privacy-policy\/","title":{"rendered":"pol\u00edtica de privacidad"},"content":{"rendered":"<div data-elementor-type=\"wp-page\" data-elementor-id=\"3\" class=\"elementor elementor-3\" data-elementor-settings=\"{&quot;ha_cmc_init_switcher&quot;:&quot;no&quot;}\" data-elementor-post-type=\"page\">\n\t\t\t\t<div class=\"elementor-element elementor-element-d02b64f e-flex e-con-boxed e-con e-parent\" data-id=\"d02b64f\" data-element_type=\"container\" data-e-type=\"container\" data-settings=\"{&quot;_ha_eqh_enable&quot;:false}\">\n\t\t\t\t\t<div class=\"e-con-inner\">\n\t\t<div class=\"elementor-element elementor-element-576ebfc e-con-full e-flex e-con e-child\" data-id=\"576ebfc\" data-element_type=\"container\" data-e-type=\"container\" data-settings=\"{&quot;_ha_eqh_enable&quot;:false}\">\n\t\t\t\t<div class=\"elementor-element elementor-element-7ee6d88 elementor-widget elementor-widget-breadcrumbs\" data-id=\"7ee6d88\" data-element_type=\"widget\" data-e-type=\"widget\" data-widget_type=\"breadcrumbs.default\">\n\t\t\t\t<div class=\"elementor-widget-container\">\n\t\t\t\t\t<nav aria-label=\"breadcrumbs\" class=\"rank-math-breadcrumb\"><p><span class=\"last\">hogar<\/span><\/p><\/nav>\t\t\t\t<\/div>\n\t\t\t\t<\/div>\n\t\t\t\t<\/div>\n\t\t\t\t\t<\/div>\n\t\t\t\t<\/div>\n\t\t<div class=\"elementor-element elementor-element-41def54 e-flex e-con-boxed e-con e-parent\" data-id=\"41def54\" data-element_type=\"container\" data-e-type=\"container\" data-settings=\"{&quot;_ha_eqh_enable&quot;:false}\">\n\t\t\t\t\t<div class=\"e-con-inner\">\n\t\t\t\t<div class=\"elementor-element elementor-element-4e340a9 elementor-widget elementor-widget-heading\" data-id=\"4e340a9\" data-element_type=\"widget\" data-e-type=\"widget\" data-widget_type=\"heading.default\">\n\t\t\t\t<div class=\"elementor-widget-container\">\n\t\t\t\t\t<h1 class=\"elementor-heading-title elementor-size-default\">pol\u00edtica de privacidad<\/h1>\t\t\t\t<\/div>\n\t\t\t\t<\/div>\n\t\t\t\t<div class=\"elementor-element elementor-element-2c09140 elementor-widget elementor-widget-text-editor\" data-id=\"2c09140\" data-element_type=\"widget\" data-e-type=\"widget\" data-widget_type=\"text-editor.default\">\n\t\t\t\t<div class=\"elementor-widget-container\">\n\t\t\t\t\t\t\t\t\t<h2>\u00bfQu\u00e9 informaci\u00f3n recopilamos?<\/h2><p>Recopilamos informaci\u00f3n cuando se registra en el sitio, realiza un pedido, participa en un concurso o sorteo, responde a una encuesta o comunicaci\u00f3n (como un correo electr\u00f3nico) o utiliza alguna otra funci\u00f3n del sitio. Al realizar un pedido o registrarse, podemos solicitarle su nombre, direcci\u00f3n de correo electr\u00f3nico, direcci\u00f3n postal, n\u00famero de tel\u00e9fono, informaci\u00f3n de tarjeta de cr\u00e9dito u otra informaci\u00f3n. Sin embargo, puede visitar nuestro sitio de forma an\u00f3nima. Tambi\u00e9n recopilamos informaci\u00f3n sobre los destinatarios de regalos para poder completar la compra. Esta informaci\u00f3n no se utiliza con fines de marketing. Al igual que muchos sitios web, utilizamos cookies para mejorar su experiencia y recopilar informaci\u00f3n sobre los visitantes y sus visitas. Consulte la secci\u00f3n &#034;\u00bfUtilizamos cookies?&#034; a continuaci\u00f3n para obtener m\u00e1s informaci\u00f3n sobre las cookies y c\u00f3mo las utilizamos.<\/p><h2>\u00bfC\u00f3mo utilizamos su informaci\u00f3n?<\/h2><p>Podemos utilizar la informaci\u00f3n que recopilamos cuando se registra, compra productos, participa en un concurso o promoci\u00f3n, responde a una encuesta o comunicaci\u00f3n de marketing, navega por el sitio web o utiliza otras funciones del sitio, para: personalizar su experiencia en el sitio y ofrecerle el tipo de contenido y productos que m\u00e1s le interesen; brindarle un mejor servicio al responder a sus solicitudes de atenci\u00f3n al cliente; procesar sus transacciones r\u00e1pidamente; y administrar concursos, promociones, encuestas u otras funciones del sitio. Si se ha suscrito a nuestro bolet\u00edn informativo por correo electr\u00f3nico, le enviaremos correos electr\u00f3nicos peri\u00f3dicamente. Si ya no desea recibir correos electr\u00f3nicos promocionales, consulte la secci\u00f3n \u00abRevocar su consentimiento\u00bb a continuaci\u00f3n. Si no se ha suscrito al bolet\u00edn informativo, no recibir\u00e1 estos correos electr\u00f3nicos. Los visitantes que se registren o participen en otras funciones del sitio, como programas de marketing y contenido exclusivo para miembros, podr\u00e1n elegir si desean formar parte de nuestra lista de correo electr\u00f3nico y recibir comunicaciones por correo electr\u00f3nico.<\/p><h2>\u00bfC\u00f3mo protegemos la informaci\u00f3n de los visitantes?<\/h2><p>Implementamos diversas medidas de seguridad para proteger su informaci\u00f3n personal. Su informaci\u00f3n personal se encuentra protegida por redes seguras y solo un n\u00famero limitado de personas con permisos especiales puede acceder a ella, y est\u00e1n obligadas a mantener la confidencialidad de la informaci\u00f3n. Al realizar pedidos o acceder a su informaci\u00f3n personal, le ofrecemos el uso de un servidor seguro. Toda la informaci\u00f3n confidencial\/de cr\u00e9dito que usted proporciona se transmite mediante tecnolog\u00eda Secure Socket Layer (SSL) y luego se cifra en nuestras bases de datos para que solo se pueda acceder a ella seg\u00fan lo indicado anteriormente.<\/p><h2>\u00bfUtilizamos cookies?<\/h2><p>S\u00ed. Las cookies son peque\u00f1os archivos que un sitio web o su proveedor de servicios transfiere al disco duro de su ordenador a trav\u00e9s de su navegador (si usted lo permite). Esto permite que los sistemas del sitio web o del proveedor de servicios reconozcan su navegador y capturen y recuerden cierta informaci\u00f3n. Por ejemplo, utilizamos cookies para recordar y procesar los art\u00edculos de su carrito de la compra. Tambi\u00e9n las utilizamos para comprender sus preferencias en funci\u00f3n de su actividad anterior o actual en el sitio, lo que nos permite ofrecerle servicios mejorados. Asimismo, utilizamos cookies para recopilar datos agregados sobre el tr\u00e1fico y la interacci\u00f3n en el sitio, de modo que podamos ofrecerle mejores experiencias y herramientas en el futuro. Podemos contratar a proveedores de servicios externos para que nos ayuden a comprender mejor a los visitantes de nuestro sitio. Estos proveedores de servicios no est\u00e1n autorizados a utilizar la informaci\u00f3n recopilada en nuestro nombre, salvo para ayudarnos a gestionar y mejorar nuestro negocio. Puede configurar su ordenador para que le avise cada vez que se env\u00ede una cookie o puede desactivar todas las cookies. Esto se hace a trav\u00e9s de la configuraci\u00f3n de su navegador (como Google Chrome, Microsoft Edge o Safari). Cada navegador es un poco diferente, as\u00ed que consulta el men\u00fa de &#034;Ayuda&#034; de tu navegador para saber c\u00f3mo modificar las cookies correctamente. Si desactivas las cookies, no tendr\u00e1s acceso a muchas funciones que mejoran tu experiencia en el sitio y algunos de nuestros servicios no funcionar\u00e1n correctamente. Sin embargo, a\u00fan puedes realizar pedidos por tel\u00e9fono contactando con atenci\u00f3n al cliente.<\/p><h2>\u00bfDivulgamos la informaci\u00f3n que recopilamos a terceros?<\/h2><p>No vendemos, intercambiamos ni transferimos su informaci\u00f3n personal a terceros sin previo aviso, salvo en los casos que se describen a continuaci\u00f3n. El t\u00e9rmino \u00abterceros\u00bb no incluye a nuestra empresa. Tampoco incluye a nuestros socios de alojamiento web ni a otras partes que nos ayudan a operar nuestro sitio web, gestionar nuestro negocio o prestarle servicios, siempre que dichas partes se comprometan a mantener la confidencialidad de esta informaci\u00f3n. Tambi\u00e9n podemos divulgar su informaci\u00f3n cuando consideremos que es apropiado para cumplir con la ley, hacer cumplir las pol\u00edticas de nuestro sitio o proteger nuestros derechos, propiedad o seguridad, o los de terceros. Sin embargo, la informaci\u00f3n de visitantes que no permita su identificaci\u00f3n personal puede proporcionarse a terceros para fines de marketing, publicidad u otros usos. \u00bfC\u00f3mo puede darse de baja, eliminar o modificar la informaci\u00f3n que nos ha proporcionado? Para modificar sus suscripciones por correo electr\u00f3nico, actualice sus preferencias en la secci\u00f3n \u00abMi cuenta\u00bb. Tenga en cuenta que, debido a la programaci\u00f3n de env\u00edos de correo electr\u00f3nico, es posible que reciba correos electr\u00f3nicos que ya est\u00e9n en proceso de env\u00edo. Para eliminar toda la informaci\u00f3n de su cuenta en l\u00ednea de nuestra base de datos, inicie sesi\u00f3n en la secci\u00f3n &#034;Mi cuenta&#034; de nuestro sitio web y elimine sus direcciones de env\u00edo, direcciones de facturaci\u00f3n e informaci\u00f3n de pago. Tenga en cuenta que podemos conservar informaci\u00f3n sobre transacciones de venta individuales para gestionar dichas transacciones y para fines de registro. Con el fin de ofrecerle un mayor valor, podemos incluir enlaces a sitios web de terceros en nuestro sitio. Estos sitios enlazados tienen pol\u00edticas de privacidad independientes. Por lo tanto, no nos hacemos responsables del contenido ni de las actividades de estos sitios. No obstante, buscamos proteger la integridad de nuestro sitio y agradecemos cualquier comentario sobre estos enlaces (incluido si alg\u00fan enlace no funciona). Si decidimos modificar nuestra pol\u00edtica de privacidad, publicaremos los cambios en esta p\u00e1gina. Los cambios en la pol\u00edtica se aplicar\u00e1n \u00fanicamente a la informaci\u00f3n recopilada despu\u00e9s de la fecha de la modificaci\u00f3n.<\/p><h2>Preguntas y comentarios<\/h2><p>Agradecemos sus preguntas, comentarios e inquietudes sobre privacidad. Env\u00edenos sus comentarios sobre privacidad o cualquier otro tema. Pol\u00edtica en l\u00ednea \u00fanicamente. Esta pol\u00edtica de privacidad en l\u00ednea se aplica \u00fanicamente a la informaci\u00f3n recopilada a trav\u00e9s de nuestro sitio web y no a la informaci\u00f3n recopilada fuera de l\u00ednea.<\/p><h2>Su consentimiento<\/h2><p>Al realizar una compra a trav\u00e9s de nuestro sitio web o enviar una consulta con informaci\u00f3n personal o comercial para obtener un presupuesto, efectuar un pago por cualquier medio o coordinar una entrega, usted consiente que recopilemos, almacenemos y utilicemos dicha informaci\u00f3n para su beneficio y\/o para mejorar nuestros servicios y productos. Al hacerlo, tambi\u00e9n consiente que divulguemos que es cliente de Yeboda y que utilicemos el nombre, el logotipo y el empaque de su empresa para promocionar nuestros productos y servicios, salvo que se indique lo contrario.<\/p><h2>Con su consentimiento<\/h2><p>En cualquier momento, puede revocar su consentimiento para que Yeboda recopile, utilice o divulgue su informaci\u00f3n, poni\u00e9ndose en contacto con nosotros. Yeboda se reserva el derecho de conservar la informaci\u00f3n recopilada previamente para procesar pedidos o resolver disputas o investigaciones. Al visitar nuestro sitio web, recibimos autom\u00e1ticamente la direcci\u00f3n IP de su dispositivo, su regi\u00f3n geogr\u00e1fica aproximada y otra informaci\u00f3n b\u00e1sica sobre su navegador y sistema operativo para ofrecerle una mejor experiencia personalizada.<\/p>\t\t\t\t\t\t\t\t<\/div>\n\t\t\t\t<\/div>\n\t\t\t\t\t<\/div>\n\t\t\t\t<\/div>\n\t\t<div class=\"elementor-element elementor-element-ea91219 e-flex e-con-boxed e-con e-parent\" data-id=\"ea91219\" data-element_type=\"container\" data-e-type=\"container\" data-settings=\"{&quot;_ha_eqh_enable&quot;:false}\">\n\t\t\t\t\t<div class=\"e-con-inner\">\n\t\t\t\t<div class=\"elementor-element elementor-element-7e7f6e4 elementor-widget elementor-widget-heading\" data-id=\"7e7f6e4\" data-element_type=\"widget\" data-e-type=\"widget\" data-widget_type=\"heading.default\">\n\t\t\t\t<div class=\"elementor-widget-container\">\n\t\t\t\t\t<p class=\"elementor-heading-title elementor-size-default\">Comienza con tu envase de vidrio<br> viaje con Yeboda<\/p>\t\t\t\t<\/div>\n\t\t\t\t<\/div>\n\t\t\t\t<div class=\"elementor-element elementor-element-1ca6b54 elementor-widget elementor-widget-heading\" data-id=\"1ca6b54\" data-element_type=\"widget\" data-e-type=\"widget\" data-widget_type=\"heading.default\">\n\t\t\t\t<div class=\"elementor-widget-container\">\n\t\t\t\t\t<p class=\"elementor-heading-title elementor-size-default\">\nPonte en contacto con nuestro especialista de producto ahora.<\/p>\t\t\t\t<\/div>\n\t\t\t\t<\/div>\n\t\t\t\t<div class=\"elementor-element elementor-element-a48bb7c elementor-align-center elementor-widget elementor-widget-button\" data-id=\"a48bb7c\" data-element_type=\"widget\" data-e-type=\"widget\" data-widget_type=\"button.default\">\n\t\t\t\t<div class=\"elementor-widget-container\">\n\t\t\t\t\t\t\t\t\t<div class=\"elementor-button-wrapper\">\n\t\t\t\t\t<a class=\"elementor-button elementor-button-link elementor-size-sm\" href=\"https:\/\/yebodaglass.com\/es\/contact\/\">\n\t\t\t\t\t\t<span class=\"elementor-button-content-wrapper\">\n\t\t\t\t\t\t\t\t\t<span class=\"elementor-button-text\">Comienza<\/span>\n\t\t\t\t\t<\/span>\n\t\t\t\t\t<\/a>\n\t\t\t\t<\/div>\n\t\t\t\t\t\t\t\t<\/div>\n\t\t\t\t<\/div>\n\t\t\t\t\t<\/div>\n\t\t\t\t<\/div>\n\t\t\t\t<\/div>","protected":false},"excerpt":{"rendered":"<p>Inicio Pol\u00edtica de privacidad \u00bfQu\u00e9 informaci\u00f3n recogemos? Recopilamos informaci\u00f3n sobre usted cuando se registra en el sitio, realiza un pedido, participa en un concurso o sorteo, responde a una encuesta o comunicaci\u00f3n como el correo electr\u00f3nico, o participa en otra funci\u00f3n del sitio. Al realizar un pedido o registrarse, es posible que le pidamos su nombre, direcci\u00f3n de correo electr\u00f3nico, [...]<\/p>","protected":false},"author":1,"featured_media":0,"parent":0,"menu_order":0,"comment_status":"closed","ping_status":"closed","template":"elementor_header_footer","meta":{"footnotes":""},"class_list":["post-3","page","type-page","status-publish","hentry"],"blocksy_meta":[],"jetpack_sharing_enabled":true,"_links":{"self":[{"href":"https:\/\/yebodaglass.com\/es\/wp-json\/wp\/v2\/pages\/3","targetHints":{"allow":["GET"]}}],"collection":[{"href":"https:\/\/yebodaglass.com\/es\/wp-json\/wp\/v2\/pages"}],"about":[{"href":"https:\/\/yebodaglass.com\/es\/wp-json\/wp\/v2\/types\/page"}],"author":[{"embeddable":true,"href":"https:\/\/yebodaglass.com\/es\/wp-json\/wp\/v2\/users\/1"}],"replies":[{"embeddable":true,"href":"https:\/\/yebodaglass.com\/es\/wp-json\/wp\/v2\/comments?post=3"}],"version-history":[{"count":6,"href":"https:\/\/yebodaglass.com\/es\/wp-json\/wp\/v2\/pages\/3\/revisions"}],"predecessor-version":[{"id":20202,"href":"https:\/\/yebodaglass.com\/es\/wp-json\/wp\/v2\/pages\/3\/revisions\/20202"}],"wp:attachment":[{"href":"https:\/\/yebodaglass.com\/es\/wp-json\/wp\/v2\/media?parent=3"}],"curies":[{"name":"wp","href":"https:\/\/api.w.org\/{rel}","templated":true}]}}