{"id":24603,"date":"2025-12-25T09:22:12","date_gmt":"2025-12-25T01:22:12","guid":{"rendered":"https:\/\/yebodaglass.com\/?post_type=product&#038;p=24603"},"modified":"2025-12-25T10:26:37","modified_gmt":"2025-12-25T02:26:37","slug":"unique-glass-jars-with-bamboo-lids-bulk","status":"publish","type":"product","link":"https:\/\/yebodaglass.com\/de\/unique-glass-jars-with-bamboo-lids-bulk\/","title":{"rendered":"500 ml, 750 ml, 1100 ml Einzigartige Glasbeh\u00e4lter mit Bambusdeckeln (Gro\u00dfpackung)"},"content":{"rendered":"<p data-start=\"66\" data-end=\"288\">Diese einzigartigen Glasgef\u00e4\u00dfe sind weich, rundlich geformt, haben einen schlanken Hals und einen vollen, abgerundeten Korpus. Der Korpus jedes Gef\u00e4\u00dfes besteht aus vollkommen klarem Glas, das elegant geschwungen ist, und wird von einem glatten, leichten Bambusdeckel abgerundet, was es von anderen unterscheidet.<\/p>\n<h2>Produkteigenschaften<\/h2>\n<ul>\n<li><strong>Abgerundete und volle Form:<\/strong> Der schlanke Hals und die volumin\u00f6se K\u00f6rperform erm\u00f6glichen ein maximales Speichervolumen und sorgen f\u00fcr eine glatte und geschmeidige Optik.<\/li>\n<li><strong>Vollst\u00e4ndig transparenter K\u00f6rper:<\/strong> Das eine Gef\u00e4\u00df besteht aus Borosilikatglas, wodurch man den Inhalt des Glases sehen kann, ohne den Deckel zu \u00f6ffnen, sodass man leicht erkennen kann, was sich darin befindet.<\/li>\n<li><strong>Einfacher Bambusdeckel:<\/strong> Der beige, flache Deckel aus Bambus ist leicht und passt zum Stil des Glasgef\u00e4\u00dfes; das Material verleiht ihm eine frische und saubere Note.<\/li>\n<\/ul>\n<h2 style=\"text-align: left;\">Wichtigste Spezifikationen<\/h2>\n<table class=\"aligncenter\" style=\"border-collapse: collapse; width: 364.52pt;\" border=\"0\" width=\"486\" cellspacing=\"0\" cellpadding=\"0\">\n<tbody>\n<tr style=\"height: 13.50pt;\">\n<td style=\"height: 13.50pt; width: 105.00pt;\" width=\"140\" height=\"18\">Spezifikation<\/td>\n<td style=\"width: 259.50pt;\" width=\"346\">Details<\/td>\n<\/tr>\n<tr style=\"height: 13.50pt;\">\n<td style=\"height: 13.50pt;\" height=\"18\">Ma\u00dfe<\/td>\n<td>500 ml: 10 \u00d7 10,5 cm \/ 750 ml: 10,5 \u00d7 12 cm \/ 1100 ml: 11,5 \u00d7 16 cm<\/td>\n<\/tr>\n<tr style=\"height: 13.50pt;\">\n<td style=\"height: 13.50pt;\" height=\"18\">Material<\/td>\n<td>Hochwertiges Borosilikatglas, Bambus<\/td>\n<\/tr>\n<tr style=\"height: 13.50pt;\">\n<td style=\"height: 13.50pt;\" height=\"18\">Deckeltyp<\/td>\n<td>Bambus-Flachdeckel<\/td>\n<\/tr>\n<tr style=\"height: 13.50pt;\">\n<td style=\"height: 13.50pt;\" height=\"18\">Materialeigenschaften<\/td>\n<td>Thermisch und chemikalienbest\u00e4ndig, hohe Transparenz<\/td>\n<\/tr>\n<tr style=\"height: 13.50pt;\">\n<td style=\"height: 13.50pt;\" height=\"18\">Ideal f\u00fcr<\/td>\n<td>Einzigartige Glasgef\u00e4\u00dfe, Glasgef\u00e4\u00dfe mit Deckel<\/td>\n<\/tr>\n<\/tbody>\n<\/table>\n<h2>Erfolgsgeschichte: Die charakteristische Produktlinie eines Luxus-Supermarkts<\/h2>\n<p>Der gehobene Supermarkt nutzte unser unverwechselbares 750-ml-Glas mit Deckel f\u00fcr sein M\u00fcsli und seine Cerealienmischungen. Das Ergebnis? Das stilvolle Design entwickelte sich schnell zum Markenzeichen, die Produktlinie wurde als \u201eCurved Jars\u201c bekannt und f\u00fchrte zu einem Anstieg der Direktverk\u00e4ufe um 50 %. Dar\u00fcber hinaus bewirkte das attraktive Design der Gl\u00e4ser einen Anstieg der nutzergenerierten Inhalte in den sozialen Medien um 200 %. Der Supermarkt bestellte nach der \u00e4u\u00dferst positiven Erfahrung weitere 80.000 Gl\u00e4ser, um die Produktlinie landesweit einzuf\u00fchren.<\/p>\n<h2>Empfehlungen zur individuellen Gestaltung von einzigartigen Glasgef\u00e4\u00dfen<\/h2>\n<ul>\n<li>Glasfarben: Neben transparentem Glas gibt es auch Glas in sanften Farben wie Bernstein, Kobaltblau oder Gr\u00fcn.<\/li>\n<li>Laser\u00e4tzung: Permanente Logos oder Muster werden dauerhaft direkt auf die Oberfl\u00e4che des Glases ge\u00e4tzt.<\/li>\n<li>Siebdruck: Bedrucken Sie das Glas mit Ihrem farbenfrohen Logo, der Gr\u00f6\u00dfe oder dekorativen Streifen. Hierf\u00fcr verwenden wir maschinenwaschbare, langlebige und robuste Keramikpigmente.<\/li>\n<li>Permanente erhabene Graduierungen: Um die Praktikabilit\u00e4t zu erh\u00f6hen, werden permanente erhabene Graduierungen (ml\/oz) in das Glas eingegossen.<\/li>\n<\/ul>","protected":false},"excerpt":{"rendered":"<p dir=\"auto\">Versch\u00f6nern Sie Ihre Einrichtung mit einzigartigen Glasgef\u00e4\u00dfen. Unser Glasgef\u00e4\u00df mit Deckel besteht aus hochwertigem Borosilikatglas und hat eine nat\u00fcrliche Bambusoberfl\u00e4che. Sofort lieferbar.<\/p>","protected":false},"featured_media":24604,"template":"","meta":[],"product_brand":[],"product_cat":[122,124,137],"product_tag":[],"class_list":{"0":"post-24603","1":"product","2":"type-product","3":"status-publish","4":"has-post-thumbnail","6":"product_cat-custom-glass-packaging","7":"product_cat-custom-glass-jars","8":"product_cat-glass-jars-with-lids","10":"first","11":"instock","12":"shipping-taxable","13":"product-type-simple"},"jetpack_sharing_enabled":true,"_links":{"self":[{"href":"https:\/\/yebodaglass.com\/de\/wp-json\/wp\/v2\/product\/24603","targetHints":{"allow":["GET"]}}],"collection":[{"href":"https:\/\/yebodaglass.com\/de\/wp-json\/wp\/v2\/product"}],"about":[{"href":"https:\/\/yebodaglass.com\/de\/wp-json\/wp\/v2\/types\/product"}],"version-history":[{"count":4,"href":"https:\/\/yebodaglass.com\/de\/wp-json\/wp\/v2\/product\/24603\/revisions"}],"predecessor-version":[{"id":24612,"href":"https:\/\/yebodaglass.com\/de\/wp-json\/wp\/v2\/product\/24603\/revisions\/24612"}],"wp:featuredmedia":[{"embeddable":true,"href":"https:\/\/yebodaglass.com\/de\/wp-json\/wp\/v2\/media\/24604"}],"wp:attachment":[{"href":"https:\/\/yebodaglass.com\/de\/wp-json\/wp\/v2\/media?parent=24603"}],"wp:term":[{"taxonomy":"product_brand","embeddable":true,"href":"https:\/\/yebodaglass.com\/de\/wp-json\/wp\/v2\/product_brand?post=24603"},{"taxonomy":"product_cat","embeddable":true,"href":"https:\/\/yebodaglass.com\/de\/wp-json\/wp\/v2\/product_cat?post=24603"},{"taxonomy":"product_tag","embeddable":true,"href":"https:\/\/yebodaglass.com\/de\/wp-json\/wp\/v2\/product_tag?post=24603"}],"curies":[{"name":"wp","href":"https:\/\/api.w.org\/{rel}","templated":true}]}}