{"id":24588,"date":"2025-12-24T14:14:57","date_gmt":"2025-12-24T06:14:57","guid":{"rendered":"https:\/\/yebodaglass.com\/?post_type=product&#038;p=24588"},"modified":"2025-12-25T10:18:26","modified_gmt":"2025-12-25T02:18:26","slug":"borosilicate-glass-jars-with-lids-and-spoons-bulk","status":"publish","type":"product","link":"https:\/\/yebodaglass.com\/de\/borosilicate-glass-jars-with-lids-and-spoons-bulk\/","title":{"rendered":"300 ml, 350 ml, 450 ml Borosilikatglas-Einmachgl\u00e4ser mit Deckel und L\u00f6ffeln (Gro\u00dfpackung)"},"content":{"rendered":"<p data-start=\"66\" data-end=\"288\">Dieses Glasgef\u00e4\u00df mit Deckel und L\u00f6ffel besteht vollst\u00e4ndig aus Borosilikatglas. Das zylindrische Gef\u00e4\u00df wird mit einem hellbeigen Bambusdeckel und einem L\u00f6ffel geliefert und ist einfach zu handhaben.<\/p>\n<h2>Produkteigenschaften<\/h2>\n<ul>\n<li><strong>Kombinierte Deckel- und L\u00f6ffelstruktur:<\/strong> Es wird sich um einen Bambusl\u00f6ffel handeln, der in der Mitte des Deckels befestigt ist. Diese Konstruktion verhindert, dass die Utensilien verloren gehen, und vereinfacht den Vorgang.<\/li>\n<li><strong>Borosilikatglas:<\/strong> Borosilikatglas zeichnet sich durch eine hohe Temperaturbest\u00e4ndigkeit (-20 \u00b0C bis -150 \u00b0C) und Bruchsicherheit aus und kann wiederverwendet werden.<\/li>\n<li><strong>Hervorragend luftdichter Bambusdeckel:<\/strong> Das Glasgef\u00e4\u00df hat einen hellbeigen Bambusdeckel mit integriertem Dichtungsring und eignet sich daher gut zur Aufbewahrung von trockenen Produkten.<\/li>\n<\/ul>\n<h2 style=\"text-align: left;\">Wichtigste Spezifikationen<\/h2>\n<table class=\"aligncenter\" style=\"border-collapse: collapse; width: 528.02pt;\" border=\"0\" width=\"704\" cellspacing=\"0\" cellpadding=\"0\">\n<tbody>\n<tr style=\"height: 13.50pt;\">\n<td style=\"height: 13.50pt; width: 135.00pt;\" width=\"180\" height=\"18\">Attribut<\/td>\n<td style=\"width: 393.00pt;\" width=\"524\">Details<\/td>\n<\/tr>\n<tr style=\"height: 13.50pt;\">\n<td style=\"height: 13.50pt;\" height=\"18\">Ma\u00dfe<\/td>\n<td>300 ml: 6,5 \u00d7 10 cm; 350 ml: 6,5 \u00d7 12 cm; 450 ml: 6,5 \u00d7 15 cm<\/td>\n<\/tr>\n<tr style=\"height: 13.50pt;\">\n<td style=\"height: 13.50pt;\" height=\"18\">Material<\/td>\n<td>Hochwertiges Borosilikatglas, Bambus<\/td>\n<\/tr>\n<tr style=\"height: 13.50pt;\">\n<td style=\"height: 13.50pt;\" height=\"18\">Glasform<\/td>\n<td>Gerade zylindrische Form, glatte Innenwand, flacher runder Boden<\/td>\n<\/tr>\n<tr style=\"height: 13.50pt;\">\n<td style=\"height: 13.50pt;\" height=\"18\">Deckeltyp<\/td>\n<td>Flacher Deckel aus hellbeigem Bambus<\/td>\n<\/tr>\n<tr style=\"height: 13.50pt;\">\n<td style=\"height: 13.50pt;\" height=\"18\">Eigenschaften von Borosilikat-Materialien<\/td>\n<td>Hohe Transparenz, ausgezeichnete Temperaturbest\u00e4ndigkeit<\/td>\n<\/tr>\n<tr style=\"height: 13.50pt;\">\n<td style=\"height: 13.50pt;\" height=\"18\">Ideal f\u00fcr<\/td>\n<td>Einmachgl\u00e4ser mit Deckel und L\u00f6ffel, Einmachgl\u00e4ser mit Deckel<\/td>\n<\/tr>\n<\/tbody>\n<\/table>\n<h2>Erfolgsgeschichte: Schnelles Wachstum des Vertriebsnetzes<\/h2>\n<p>Einer der regionalen Lieferanten von K\u00fcchenartikeln und Lebensmitteln bestellte zun\u00e4chst 4.000 Gl\u00e4ser mit Deckel und L\u00f6ffeln. Die Resonanz des Marktes war \u00fcberw\u00e4ltigend. Erstens verl\u00e4ngerte das hochwertige Borosilikatglas die Haltbarkeit der Lebensmittel um 43 Prozent; zweitens reduzierte die hervorragende Luftdichtigkeit die Bruchrate um 39 Prozent. Aufgrund dieser positiven Ergebnisse bestellte der H\u00e4ndler eine weitere Lieferung von 320.000 Gl\u00e4sern mit Deckel.<\/p>\n<h2>Glasbeh\u00e4lter mit Deckel \u2013 Vorschl\u00e4ge zur individuellen Gestaltung<\/h2>\n<ul>\n<li>Markeneigener L\u00f6ffelgriff: Lassen Sie Ihr Firmenlogo per Lasergravur auf den Bambusl\u00f6ffelgriff aufbringen.<\/li>\n<li>Strukturierter Boden: Auf dem Boden des Glases ist ein feines Gittermuster eingraviert, das f\u00fcr einen besseren Halt auf der glatten K\u00fcchenarbeitsplatte sorgt.<\/li>\n<li>Optionen f\u00fcr L\u00f6ffelgr\u00f6\u00dfen: L\u00f6ffel in verschiedenen Gr\u00f6\u00dfen (z. B. 300-ml-Minil\u00f6ffel) sind als optionales Zubeh\u00f6r erh\u00e4ltlich.<\/li>\n<li>Fleckenabweisende Beschichtung: Diese lebensmittelechte, transparente Beschichtung an der Innenwand des Glases verhindert das Verf\u00e4rben durch Gew\u00fcrze oder dunkle Lebensmittel.<\/li>\n<li>Mattierter Etikettenbereich: Dies ist ein rechteckiger, mattierter Bereich, in dem das Produkt etikettiert wird.<\/li>\n<\/ul>","protected":false},"excerpt":{"rendered":"<p dir=\"auto\">Bulk glass jar with lid and spoon offering glass jars with lid in transparent borosilicate, minimalist bamboo elements, gradient sizes. Bulk order discounts.<\/p>","protected":false},"featured_media":24596,"template":"","meta":[],"product_brand":[],"product_cat":[122,124,137],"product_tag":[],"class_list":{"0":"post-24588","1":"product","2":"type-product","3":"status-publish","4":"has-post-thumbnail","6":"product_cat-custom-glass-packaging","7":"product_cat-custom-glass-jars","8":"product_cat-glass-jars-with-lids","10":"first","11":"instock","12":"shipping-taxable","13":"product-type-simple"},"jetpack_sharing_enabled":true,"_links":{"self":[{"href":"https:\/\/yebodaglass.com\/de\/wp-json\/wp\/v2\/product\/24588","targetHints":{"allow":["GET"]}}],"collection":[{"href":"https:\/\/yebodaglass.com\/de\/wp-json\/wp\/v2\/product"}],"about":[{"href":"https:\/\/yebodaglass.com\/de\/wp-json\/wp\/v2\/types\/product"}],"version-history":[{"count":4,"href":"https:\/\/yebodaglass.com\/de\/wp-json\/wp\/v2\/product\/24588\/revisions"}],"predecessor-version":[{"id":24610,"href":"https:\/\/yebodaglass.com\/de\/wp-json\/wp\/v2\/product\/24588\/revisions\/24610"}],"wp:featuredmedia":[{"embeddable":true,"href":"https:\/\/yebodaglass.com\/de\/wp-json\/wp\/v2\/media\/24596"}],"wp:attachment":[{"href":"https:\/\/yebodaglass.com\/de\/wp-json\/wp\/v2\/media?parent=24588"}],"wp:term":[{"taxonomy":"product_brand","embeddable":true,"href":"https:\/\/yebodaglass.com\/de\/wp-json\/wp\/v2\/product_brand?post=24588"},{"taxonomy":"product_cat","embeddable":true,"href":"https:\/\/yebodaglass.com\/de\/wp-json\/wp\/v2\/product_cat?post=24588"},{"taxonomy":"product_tag","embeddable":true,"href":"https:\/\/yebodaglass.com\/de\/wp-json\/wp\/v2\/product_tag?post=24588"}],"curies":[{"name":"wp","href":"https:\/\/api.w.org\/{rel}","templated":true}]}}