{"id":24586,"date":"2025-12-24T14:26:16","date_gmt":"2025-12-24T06:26:16","guid":{"rendered":"https:\/\/yebodaglass.com\/?post_type=product&#038;p=24586"},"modified":"2026-03-12T15:46:01","modified_gmt":"2026-03-12T07:46:01","slug":"custom-food-storage-glass-jars-for-packaging-bulk","status":"publish","type":"product","link":"https:\/\/yebodaglass.com\/de\/custom-food-storage-glass-jars-for-packaging-bulk\/","title":{"rendered":"175 ml \u2013 500 ml individuell gestaltbare Vorratsgl\u00e4ser f\u00fcr die Verpackung von Gro\u00dfpackungen"},"content":{"rendered":"<p>Diese Vorratsgl\u00e4ser aus Glas haben eine glatte, zylindrische Form und bestehen aus transparentem, kristallklarem Glas, sodass der Inhalt gut sichtbar ist. Die Deckel sind aus Naturholz gefertigt und mit einem Silikondichtungsring versehen, der die Lebensmittel frisch h\u00e4lt.<\/p>\n<h2>Produkteigenschaften<\/h2>\n<ul>\n<li><strong>Hohe Temperaturbest\u00e4ndigkeit: <\/strong>Hochwertiges Borosilikatglas ist temperaturbest\u00e4ndig und eignet sich daher zur Aufbewahrung von warmen und kalten Speisen. Au\u00dferdem ist es bruchfester, wodurch das Glas vielseitiger einsetzbar ist.<\/li>\n<li><strong>Hervorragender Silikondeckel:<\/strong> Die Dichtigkeit des Deckels wird durch den Holzdeckel mit integriertem Silikonring gew\u00e4hrleistet; er h\u00e4lt die Frische und verhindert ein Auslaufen.<\/li>\n<li><strong>Verschiedene Gr\u00f6\u00dfen:<\/strong> Es ist in verschiedenen Gr\u00f6\u00dfen wie Mini, Klein und Gro\u00df erh\u00e4ltlich, die all Ihren Anforderungen an die Aufbewahrung von Trockenwaren gerecht werden.<\/li>\n<\/ul>\n<h2>Wichtigste Spezifikationen<\/h2>\n<table style=\"border-collapse: collapse; width: 80%; margin-left: auto; margin-right: auto;\" border=\"0\" width=\"360\" cellspacing=\"0\" cellpadding=\"0\">\n<tbody>\n<tr style=\"height: 13.50pt;\">\n<td style=\"height: 13.5pt; width: 54pt; text-align: center;\" width=\"72\" height=\"18\">Fassungsverm\u00f6gen (ml)<\/td>\n<td style=\"width: 54pt; text-align: center;\" width=\"72\">Gr\u00f6\u00dfe (cm)<\/td>\n<td style=\"width: 54pt; text-align: center;\" width=\"72\">Munddurchmesser<\/td>\n<td style=\"width: 54pt; text-align: center;\" width=\"72\">Material<\/td>\n<td style=\"width: 54pt; text-align: center;\" width=\"72\">Farbe<\/td>\n<\/tr>\n<tr style=\"height: 13.50pt;\">\n<td style=\"height: 13.5pt; text-align: center;\" align=\"right\" height=\"18\">175<\/td>\n<td style=\"text-align: center;\">6,5 x 10,0<\/td>\n<td class=\"et2\" style=\"text-align: center;\" rowspan=\"5\">65 mm<\/td>\n<td class=\"et2\" style=\"text-align: center;\" rowspan=\"5\">Borosilikat<\/td>\n<td class=\"et2\" style=\"text-align: center;\" rowspan=\"5\">Klar oder benutzerdefiniert<\/td>\n<\/tr>\n<tr style=\"height: 13.50pt;\">\n<td style=\"height: 13.5pt; text-align: center;\" align=\"right\" height=\"18\">250<\/td>\n<td style=\"text-align: center;\">6,5 x 10,0<\/td>\n<\/tr>\n<tr style=\"height: 13.50pt;\">\n<td style=\"height: 13.5pt; text-align: center;\" align=\"right\" height=\"18\">300<\/td>\n<td style=\"text-align: center;\">6,5 x 12,0<\/td>\n<\/tr>\n<tr style=\"height: 13.50pt;\">\n<td style=\"height: 13.5pt; text-align: center;\" align=\"right\" height=\"18\">380<\/td>\n<td style=\"text-align: center;\">6,5 x 15,0<\/td>\n<\/tr>\n<tr style=\"height: 13.50pt;\">\n<td style=\"height: 13.5pt; text-align: center;\" align=\"right\" height=\"18\">500<\/td>\n<td style=\"text-align: center;\">6,5 x 20,0<\/td>\n<\/tr>\n<\/tbody>\n<\/table>\n<h2>Erfolgsgeschichte<\/h2>\n<p>Eine der gr\u00f6\u00dften kanadischen Reformhausketten beschloss, unsere Vorratsgl\u00e4ser individuell mit markeneigenen, geschnitzten Holzdeckeln und bernsteinfarbenen Gl\u00e4sern auszustatten. Diese Anpassung erwies sich als \u00e4u\u00dferst vorteilhaft: Die bernsteinfarbenen Gl\u00e4ser reduzierten den Verderb lichtempfindlicher Kr\u00e4uter und Tees um ein Viertel, die gut lesbaren Gr\u00f6\u00dfenetiketten und der luftdichte Verschluss verringerten den Produktverderb im Gesch\u00e4ft um 18 Prozent. Aufgrund dieser positiven Ergebnisse bestellte die Kette weitere 200.000 Vorratsgl\u00e4ser f\u00fcr ihre \u00fcber 500 Filialen.<\/p>\n<h2>Empfehlungen zur individuellen Gestaltung von K\u00fcchenvorratsgl\u00e4sern<\/h2>\n<ul>\n<li>Individuelle Gestaltung des Holzdeckels: Das Logo Ihres Produkts kann per Laserschnitt, Branding oder Stempel auf den Holzdeckel aufgebracht werden.<\/li>\n<li>Lichtundurchl\u00e4ssiges Glas: Es ist in bernsteinfarbenen oder gr\u00fcnen Glasbeh\u00e4ltern erh\u00e4ltlich, um lichtempfindliche Produkte wie Gew\u00fcrze, Kaffee oder einige Vitamine aufzubewahren.<\/li>\n<li>Beschriftungsfl\u00e4che f\u00fcr Tafelfarbe: Die Beschriftung kann mithilfe der integrierten Fl\u00e4che f\u00fcr Tafelfarbe oder Tafelaufklebern leicht ge\u00e4ndert werden.<\/li>\n<\/ul>","protected":false},"excerpt":{"rendered":"<p>Hochwertige Vorratsgl\u00e4ser mit Deckeln aus Naturholz und Silikondichtung. Vielseitige Vorratsgl\u00e4ser f\u00fcr die moderne K\u00fcchenorganisation. Sofort lieferbar.<\/p>","protected":false},"featured_media":24592,"template":"","meta":[],"product_brand":[],"product_cat":[122,124,137],"product_tag":[],"class_list":{"0":"post-24586","1":"product","2":"type-product","3":"status-publish","4":"has-post-thumbnail","6":"product_cat-custom-glass-packaging","7":"product_cat-custom-glass-jars","8":"product_cat-glass-jars-with-lids","10":"first","11":"instock","12":"shipping-taxable","13":"product-type-simple"},"jetpack_sharing_enabled":true,"_links":{"self":[{"href":"https:\/\/yebodaglass.com\/de\/wp-json\/wp\/v2\/product\/24586","targetHints":{"allow":["GET"]}}],"collection":[{"href":"https:\/\/yebodaglass.com\/de\/wp-json\/wp\/v2\/product"}],"about":[{"href":"https:\/\/yebodaglass.com\/de\/wp-json\/wp\/v2\/types\/product"}],"version-history":[{"count":3,"href":"https:\/\/yebodaglass.com\/de\/wp-json\/wp\/v2\/product\/24586\/revisions"}],"predecessor-version":[{"id":25413,"href":"https:\/\/yebodaglass.com\/de\/wp-json\/wp\/v2\/product\/24586\/revisions\/25413"}],"wp:featuredmedia":[{"embeddable":true,"href":"https:\/\/yebodaglass.com\/de\/wp-json\/wp\/v2\/media\/24592"}],"wp:attachment":[{"href":"https:\/\/yebodaglass.com\/de\/wp-json\/wp\/v2\/media?parent=24586"}],"wp:term":[{"taxonomy":"product_brand","embeddable":true,"href":"https:\/\/yebodaglass.com\/de\/wp-json\/wp\/v2\/product_brand?post=24586"},{"taxonomy":"product_cat","embeddable":true,"href":"https:\/\/yebodaglass.com\/de\/wp-json\/wp\/v2\/product_cat?post=24586"},{"taxonomy":"product_tag","embeddable":true,"href":"https:\/\/yebodaglass.com\/de\/wp-json\/wp\/v2\/product_tag?post=24586"}],"curies":[{"name":"wp","href":"https:\/\/api.w.org\/{rel}","templated":true}]}}